{"id":1014,"date":"2019-04-01T07:38:23","date_gmt":"2019-04-01T13:38:23","guid":{"rendered":"http:\/\/infotrade.economia.gob.sv\/ca\/?page_id=1014"},"modified":"2026-04-09T09:26:01","modified_gmt":"2026-04-09T15:26:01","slug":"presentaciones-y-estudios-integracion-profunda","status":"publish","type":"page","link":"https:\/\/infotrade.economia.gob.sv\/ca\/integracion-profunda\/presentaciones-y-estudios-integracion-profunda\/","title":{"rendered":"Estudios"},"content":{"rendered":"<div class=\"table-responsive\">\n<table class=\"table table-bordered table-striped table-hover\">\n<tbody>\n<tr>\n<td width=\"293\"><strong>Documento<\/strong><\/td>\n<td width=\"66\"><\/td>\n<\/tr>\n<tr>\n<td width=\"614\">\n<ul>\n<li>Avances de la Uni\u00f3n Aduanera en el Tri\u00e1ngulo Norte. Principales desaf\u00edos para El Salvador<\/li>\n<\/ul>\n<\/td>\n<td><a href=\"\/ca\/wp-content\/uploads\/sites\/7\/2019\/04\/EVENTO-UA-Y-CEPAL-MARZO-2019-vf.pdf\" target=\"_blank\" rel=\"noopener noreferrer\">descargar<\/a><\/td>\n<\/tr>\n<tr>\n<td width=\"614\">\n<ul>\n<li>Evaluaci\u00f3n de los efectos de la profundizaci\u00f3n de la Uni\u00f3n Aduanera entre los pa\u00edses del Tri\u00e1ngulo del Norte<\/li>\n<\/ul>\n<\/td>\n<td><a href=\"\/ca\/wp-content\/uploads\/sites\/7\/2019\/04\/1.-1-CEPAL-Resultados-Estudio-Triangulo-del-Norte-CdG-El-Salvador-29-03-2019.pdf\" target=\"_blank\" rel=\"noopener noreferrer\">descargar<\/a><\/td>\n<\/tr>\n<tr>\n<td width=\"614\">\n<ul>\n<li>Importancia de las Cadenas de Valor para potenciar el proceso de Uni\u00f3n Aduanera<\/li>\n<\/ul>\n<\/td>\n<td><a href=\"\/ca\/wp-content\/uploads\/sites\/7\/2019\/04\/1-2-CEPAL-Integracion-Regional-y-CdV-en-el-TN-29-03-2019.pdf\" target=\"_blank\" rel=\"noopener noreferrer\">descargar<\/a><\/td>\n<\/tr>\n<tr>\n<td width=\"614\">\n<ul>\n<li>Estudio CEPAL: La Uni\u00f3n aduanera centroamericana: probables impactos econ\u00f3micos y sociales<\/li>\n<\/ul>\n<\/td>\n<td><a href=\"\/ca\/wp-content\/uploads\/sites\/7\/2019\/04\/la_union_aduanera_centroamericana_probables_impactos_economicos_y_sociales_1.pdf\" target=\"_blank\" rel=\"noopener noreferrer\">descargar<\/a><\/td>\n<\/tr>\n<tr>\n<td width=\"614\"><\/td>\n<td><\/td>\n<\/tr>\n<\/tbody>\n<\/table>\n<\/div>\n","protected":false},"excerpt":{"rendered":"<p>Documento Avances de la Uni\u00f3n Aduanera en el Tri\u00e1ngulo Norte. Principales desaf\u00edos para El Salvador descargar Evaluaci\u00f3n de los efectos de la profundizaci\u00f3n de la Uni\u00f3n Aduanera entre los pa\u00edses del Tri\u00e1ngulo del Norte descargar Importancia de las Cadenas de Valor para potenciar el proceso de Uni\u00f3n Aduanera descargar Estudio CEPAL: La Uni\u00f3n aduanera centroamericana: [&hellip;]<\/p>\n","protected":false},"author":20,"featured_media":0,"parent":14,"menu_order":0,"comment_status":"closed","ping_status":"closed","template":"page-treaty","meta":{"footnotes":""},"class_list":["post-1014","page","type-page","status-publish","hentry"],"_links":{"self":[{"href":"https:\/\/infotrade.economia.gob.sv\/ca\/wp-json\/wp\/v2\/pages\/1014","targetHints":{"allow":["GET"]}}],"collection":[{"href":"https:\/\/infotrade.economia.gob.sv\/ca\/wp-json\/wp\/v2\/pages"}],"about":[{"href":"https:\/\/infotrade.economia.gob.sv\/ca\/wp-json\/wp\/v2\/types\/page"}],"author":[{"embeddable":true,"href":"https:\/\/infotrade.economia.gob.sv\/ca\/wp-json\/wp\/v2\/users\/20"}],"replies":[{"embeddable":true,"href":"https:\/\/infotrade.economia.gob.sv\/ca\/wp-json\/wp\/v2\/comments?post=1014"}],"version-history":[{"count":4,"href":"https:\/\/infotrade.economia.gob.sv\/ca\/wp-json\/wp\/v2\/pages\/1014\/revisions"}],"predecessor-version":[{"id":1493,"href":"https:\/\/infotrade.economia.gob.sv\/ca\/wp-json\/wp\/v2\/pages\/1014\/revisions\/1493"}],"up":[{"embeddable":true,"href":"https:\/\/infotrade.economia.gob.sv\/ca\/wp-json\/wp\/v2\/pages\/14"}],"wp:attachment":[{"href":"https:\/\/infotrade.economia.gob.sv\/ca\/wp-json\/wp\/v2\/media?parent=1014"}],"curies":[{"name":"wp","href":"https:\/\/api.w.org\/{rel}","templated":true}]}}