{"id":1337,"date":"2021-11-29T11:27:18","date_gmt":"2021-11-29T17:27:18","guid":{"rendered":"http:\/\/infotrade.economia.gob.sv\/ca\/?page_id=1337"},"modified":"2021-11-29T11:43:12","modified_gmt":"2021-11-29T17:43:12","slug":"implementacion-del-certificado-de-reexportacion-costa-rica","status":"publish","type":"page","link":"https:\/\/infotrade.economia.gob.sv\/ca\/resoluciones-documentos-interes\/documentos-de-interes\/implementacion-del-certificado-de-reexportacion\/implementacion-del-certificado-de-reexportacion-costa-rica\/","title":{"rendered":"Implementaci\u00f3n del Certificado de Reexportaci\u00f3n: Costa Rica"},"content":{"rendered":"<div class=\"table-responsive\">\n<table class=\"table table-bordered table-striped table-hover\">\n<tbody>\n<tr>\n<td><a href=\"http:\/\/infotrade.economia.gob.sv\/ca\/wp-content\/uploads\/sites\/7\/2021\/11\/DGCE-COR-CAE-0296-2021-COMEX-00553-21-S_Costa-Rica.pdf\" rel=\"noopener\" target=\"_blank\">Notificaci\u00f3n de Puntos de contacto certificados de exportaci\u00f3n de Costa Rica<\/a><\/td>\n<\/tr>\n<tr>\n<td><a href=\"http:\/\/infotrade.economia.gob.sv\/ca\/wp-content\/uploads\/sites\/7\/2021\/11\/Firmas-autorizadas-Paso-Canoas_Costa-Rica.pdf\" rel=\"noopener\" target=\"_blank\">Notificaci\u00f3n de firmas autorizadas de Aduana Paso Canoas<\/a><\/td>\n<\/tr>\n<tr>\n<td><a href=\"http:\/\/infotrade.economia.gob.sv\/ca\/wp-content\/uploads\/sites\/7\/2021\/11\/Firmas-autorizadas-Penas-Blancas_Costa-Rica.pdf\" rel=\"noopener\" target=\"_blank\">Notificaci\u00f3n de firmas autorizadas de Aduana Pe\u00f1as Blancas<\/a><\/td>\n<\/tr>\n<tr>\n<td><a href=\"http:\/\/infotrade.economia.gob.sv\/ca\/wp-content\/uploads\/sites\/7\/2021\/11\/Firmas-autorizadas-Anexion_Costa-Rica.pdf\" rel=\"noopener\" target=\"_blank\">Notificaci\u00f3n de firmas autorizadas de Aduana La Anexi\u00f3n<\/a><\/td>\n<\/tr>\n<tr>\n<td><a href=\"http:\/\/infotrade.economia.gob.sv\/ca\/wp-content\/uploads\/sites\/7\/2021\/11\/Firmas-autorizadas-Caldera_Costa-Rica.pdf\" rel=\"noopener\" target=\"_blank\">Notificaci\u00f3n de firmas autorizadas de Aduana Caldera<\/a><\/td>\n<\/tr>\n<tr>\n<td><a href=\"http:\/\/infotrade.economia.gob.sv\/ca\/wp-content\/uploads\/sites\/7\/2021\/11\/Firmas-autorizadas-Central_Costa-Rica.pdf\" rel=\"noopener\" target=\"_blank\">Notificaci\u00f3n de firmas autorizadas de Aduana Central<\/a><\/td>\n<\/tr>\n<tr>\n<td><a href=\"http:\/\/infotrade.economia.gob.sv\/ca\/wp-content\/uploads\/sites\/7\/2021\/11\/Firmas-autorizadas-Limon_Costa-Rica.pdf\" rel=\"noopener\" target=\"_blank\">Notificaci\u00f3n de firmas autorizadas de Aduana Lim\u00f3n<\/a><\/td>\n<\/tr>\n<tr>\n<td><a href=\"http:\/\/infotrade.economia.gob.sv\/ca\/wp-content\/uploads\/sites\/7\/2021\/11\/Firmas-autorizadas-Santamaria_Costa-Rica.pdf\" rel=\"noopener\" target=\"_blank\">Notificaci\u00f3n de firmas autorizadas de Aduana Santamar\u00eda<\/a><\/td>\n<\/tr>\n<\/tbody>\n<\/table>\n<\/div>\n","protected":false},"excerpt":{"rendered":"<p>Notificaci\u00f3n de Puntos de contacto certificados de exportaci\u00f3n de Costa Rica Notificaci\u00f3n de firmas autorizadas de Aduana Paso Canoas Notificaci\u00f3n de firmas autorizadas de Aduana Pe\u00f1as Blancas Notificaci\u00f3n de firmas autorizadas de Aduana La Anexi\u00f3n Notificaci\u00f3n de firmas autorizadas de Aduana Caldera Notificaci\u00f3n de firmas autorizadas de Aduana Central Notificaci\u00f3n de firmas autorizadas de Aduana [&hellip;]<\/p>\n","protected":false},"author":20,"featured_media":0,"parent":1313,"menu_order":0,"comment_status":"closed","ping_status":"closed","template":"page-treaty","meta":{"footnotes":""},"class_list":["post-1337","page","type-page","status-publish","hentry"],"_links":{"self":[{"href":"https:\/\/infotrade.economia.gob.sv\/ca\/wp-json\/wp\/v2\/pages\/1337","targetHints":{"allow":["GET"]}}],"collection":[{"href":"https:\/\/infotrade.economia.gob.sv\/ca\/wp-json\/wp\/v2\/pages"}],"about":[{"href":"https:\/\/infotrade.economia.gob.sv\/ca\/wp-json\/wp\/v2\/types\/page"}],"author":[{"embeddable":true,"href":"https:\/\/infotrade.economia.gob.sv\/ca\/wp-json\/wp\/v2\/users\/20"}],"replies":[{"embeddable":true,"href":"https:\/\/infotrade.economia.gob.sv\/ca\/wp-json\/wp\/v2\/comments?post=1337"}],"version-history":[{"count":4,"href":"https:\/\/infotrade.economia.gob.sv\/ca\/wp-json\/wp\/v2\/pages\/1337\/revisions"}],"predecessor-version":[{"id":1349,"href":"https:\/\/infotrade.economia.gob.sv\/ca\/wp-json\/wp\/v2\/pages\/1337\/revisions\/1349"}],"up":[{"embeddable":true,"href":"https:\/\/infotrade.economia.gob.sv\/ca\/wp-json\/wp\/v2\/pages\/1313"}],"wp:attachment":[{"href":"https:\/\/infotrade.economia.gob.sv\/ca\/wp-json\/wp\/v2\/media?parent=1337"}],"curies":[{"name":"wp","href":"https:\/\/api.w.org\/{rel}","templated":true}]}}