{"id":187,"date":"2017-11-09T22:40:44","date_gmt":"2017-11-10T04:40:44","guid":{"rendered":"http:\/\/comext.minec.gob.sv\/ca\/?page_id=187"},"modified":"2018-02-02T14:45:13","modified_gmt":"2018-02-02T20:45:13","slug":"instrumentos-juridicos","status":"publish","type":"page","link":"https:\/\/infotrade.economia.gob.sv\/ca\/integracion-profunda\/instrumentos-juridicos\/","title":{"rendered":"Instrumentos Jur\u00eddicos"},"content":{"rendered":"<div class=\"table-responsive\">\n<table class=\"table table-bordered table-striped table-hover\">\n<tbody>\n<tr>\n<td width=\"293\"><strong>Documento<\/strong><\/td>\n<td width=\"66\"><\/td>\n<\/tr>\n<tr>\n<td width=\"614\">\n<ul>\n<li>Convenio de Compatibilizaci\u00f3n de los Tributos Internos aplicables al Comercio entre los Estados Parte de la Uni\u00f3n Aduanera Centroamericana<\/li>\n<\/ul>\n<\/td>\n<td><a href=\"\/ca\/wp-content\/uploads\/sites\/7\/2018\/02\/Convenio-de-Compatibilizaci\u00f3n-de-los-Tributos-Internos.pdf\" target=\"_blank\" rel=\"noopener\">descargar<\/a><\/td>\n<\/tr>\n<tr>\n<td width=\"614\">\n<ul>\n<li>Protocolo Habilitante para el Proceso de Integraci\u00f3n Profunda hacia el Libre Tr\u00e1nsito de Mercanc\u00edas y de Personas Naturales entre las Rep\u00fablicas de Guatemala y Honduras<\/li>\n<\/ul>\n<\/td>\n<td><a href=\"http:\/\/infotrade.economia.gob.sv\/wp-content\/uploads\/Protocolo-Habilitante.pdf\" target=\"_blank\" rel=\"noopener\">descargar<\/a><\/td>\n<\/tr>\n<tr>\n<td width=\"614\">\n<ul>\n<li>Anexo del Protocolo Habilitante | Marco General de los Trabajos para el Establecimiento de la Uni\u00f3n Aduanera entre Guatemala y Honduras<\/li>\n<\/ul>\n<\/td>\n<td><a href=\"http:\/\/infotrade.economia.gob.sv\/wp-content\/uploads\/Marco-General-suscrito-por-los-presidentes-HN-GT-26-febrero-2015.pdf\" target=\"_blank\" rel=\"noopener\">descargar<\/a><\/td>\n<\/tr>\n<tr>\n<td width=\"614\">\n<ul>\n<li>Declaraci\u00f3n de Presidentes de El Salvador, Guatemala y Honduras<\/li>\n<\/ul>\n<\/td>\n<td><a href=\"\/ca\/wp-content\/uploads\/sites\/7\/2018\/02\/DECLARACI\u00d3N-PRESIDENTES-HONDURAS-GUATEMALA-EL-SALVADOR-20oct17.pdf\" target=\"_blank\" rel=\"noopener\">descargar<\/a><\/td>\n<\/tr>\n<tr>\n<td width=\"614\"><\/td>\n<td><\/td>\n<\/tr>\n<\/tbody>\n<\/table>\n<\/div>\n","protected":false},"excerpt":{"rendered":"<p>Documento Convenio de Compatibilizaci\u00f3n de los Tributos Internos aplicables al Comercio entre los Estados Parte de la Uni\u00f3n Aduanera Centroamericana descargar Protocolo Habilitante para el Proceso de Integraci\u00f3n Profunda hacia el Libre Tr\u00e1nsito de Mercanc\u00edas y de Personas Naturales entre las Rep\u00fablicas de Guatemala y Honduras descargar Anexo del Protocolo Habilitante | Marco General de [&hellip;]<\/p>\n","protected":false},"author":14,"featured_media":0,"parent":14,"menu_order":0,"comment_status":"closed","ping_status":"closed","template":"page-treaty","meta":{"footnotes":""},"class_list":["post-187","page","type-page","status-publish","hentry"],"_links":{"self":[{"href":"https:\/\/infotrade.economia.gob.sv\/ca\/wp-json\/wp\/v2\/pages\/187","targetHints":{"allow":["GET"]}}],"collection":[{"href":"https:\/\/infotrade.economia.gob.sv\/ca\/wp-json\/wp\/v2\/pages"}],"about":[{"href":"https:\/\/infotrade.economia.gob.sv\/ca\/wp-json\/wp\/v2\/types\/page"}],"author":[{"embeddable":true,"href":"https:\/\/infotrade.economia.gob.sv\/ca\/wp-json\/wp\/v2\/users\/14"}],"replies":[{"embeddable":true,"href":"https:\/\/infotrade.economia.gob.sv\/ca\/wp-json\/wp\/v2\/comments?post=187"}],"version-history":[{"count":12,"href":"https:\/\/infotrade.economia.gob.sv\/ca\/wp-json\/wp\/v2\/pages\/187\/revisions"}],"predecessor-version":[{"id":1021,"href":"https:\/\/infotrade.economia.gob.sv\/ca\/wp-json\/wp\/v2\/pages\/187\/revisions\/1021"}],"up":[{"embeddable":true,"href":"https:\/\/infotrade.economia.gob.sv\/ca\/wp-json\/wp\/v2\/pages\/14"}],"wp:attachment":[{"href":"https:\/\/infotrade.economia.gob.sv\/ca\/wp-json\/wp\/v2\/media?parent=187"}],"curies":[{"name":"wp","href":"https:\/\/api.w.org\/{rel}","templated":true}]}}