{"id":20,"date":"2015-03-23T09:27:45","date_gmt":"2015-03-23T15:27:45","guid":{"rendered":"http:\/\/www.minec.gob.sv\/comercioexterior\/chile\/?page_id=20"},"modified":"2026-03-19T15:18:20","modified_gmt":"2026-03-19T21:18:20","slug":"videos-tutoriales","status":"publish","type":"page","link":"https:\/\/infotrade.economia.gob.sv\/ca\/material-didactico\/videos-tutoriales\/","title":{"rendered":"Videos Tutoriales"},"content":{"rendered":"<div id=\"pl-20\"  class=\"panel-layout\" ><div id=\"pg-20-0\"  class=\"panel-grid panel-no-style\" ><div id=\"pgc-20-0-0\"  class=\"panel-grid-cell panel-grid-cell-empty\" ><\/div><div id=\"pgc-20-0-1\"  class=\"panel-grid-cell panel-grid-cell-mobile-last\" ><div id=\"panel-20-0-1-0\" class=\"so-panel widget widget_sow-editor panel-first-child panel-last-child\" data-index=\"0\" ><div class=\"so-widget-sow-editor so-widget-sow-editor-base\">\n<div class=\"siteorigin-widget-tinymce textwidget\">\n\t<ul class=\"list-unstyled list-videos\">\n<li style=\"list-style-type: none\">\n<ul class=\"list-unstyled list-videos\">\n<li><a href=\"https:\/\/youtu.be\/w08UfNsjv74?list=PLcW0F-MHQjonckApNTV2BHsf-_9ZYknF8\" target=\"_blank\" rel=\"noopener\">Procedimiento para elaborar o aprobar reglamentos t\u00e9cnicos Centroamericanos o RTCAS<\/a><\/li>\n<li><a href=\"https:\/\/youtu.be\/b_CsfxSBXFI?list=PLcW0F-MHQjonckApNTV2BHsf-_9ZYknF8\" target=\"_blank\" rel=\"noopener\">Modificaciones al Sistema Arancelario Centroamericano - UACA<\/a><\/li>\n<li><a href=\"https:\/\/youtu.be\/iDWLtR88_YE?list=PLcW0F-MHQjonckApNTV2BHsf-_9ZYknF8\" target=\"_blank\" rel=\"noopener\">Revisi\u00f3n, an\u00e1lisis y soluci\u00f3n de barreras no arancelarias en el comercio Centroamericano - UACA<\/a><\/li>\n<li><a href=\"https:\/\/youtu.be\/5YfwFHpUpJo?list=PLcW0F-MHQjonckApNTV2BHsf-_9ZYknF8\" target=\"_blank\" rel=\"noopener\">Elementos fundamentales de la Integraci\u00f3n Econ\u00f3mica Centroamericana - UACA<\/a><\/li>\n<\/ul>\n<\/li>\n<\/ul>\n<p>&nbsp;<\/p>\n<\/div>\n<\/div><\/div><\/div><div id=\"pgc-20-0-2\"  class=\"panel-grid-cell panel-grid-cell-empty\" ><\/div><\/div><\/div>","protected":false},"excerpt":{"rendered":"<p>Procedimiento para elaborar o aprobar reglamentos t\u00e9cnicos Centroamericanos o RTCAS Modificaciones al Sistema Arancelario Centroamericano &#8211; UACA Revisi\u00f3n, an\u00e1lisis y soluci\u00f3n de barreras no arancelarias en el comercio Centroamericano &#8211; UACA Elementos fundamentales de la Integraci\u00f3n Econ\u00f3mica Centroamericana &#8211; UACA &nbsp;<\/p>\n","protected":false},"author":7,"featured_media":0,"parent":18,"menu_order":0,"comment_status":"closed","ping_status":"closed","template":"page-treaty","meta":{"footnotes":""},"class_list":["post-20","page","type-page","status-publish","hentry"],"_links":{"self":[{"href":"https:\/\/infotrade.economia.gob.sv\/ca\/wp-json\/wp\/v2\/pages\/20","targetHints":{"allow":["GET"]}}],"collection":[{"href":"https:\/\/infotrade.economia.gob.sv\/ca\/wp-json\/wp\/v2\/pages"}],"about":[{"href":"https:\/\/infotrade.economia.gob.sv\/ca\/wp-json\/wp\/v2\/types\/page"}],"author":[{"embeddable":true,"href":"https:\/\/infotrade.economia.gob.sv\/ca\/wp-json\/wp\/v2\/users\/7"}],"replies":[{"embeddable":true,"href":"https:\/\/infotrade.economia.gob.sv\/ca\/wp-json\/wp\/v2\/comments?post=20"}],"version-history":[{"count":4,"href":"https:\/\/infotrade.economia.gob.sv\/ca\/wp-json\/wp\/v2\/pages\/20\/revisions"}],"predecessor-version":[{"id":1450,"href":"https:\/\/infotrade.economia.gob.sv\/ca\/wp-json\/wp\/v2\/pages\/20\/revisions\/1450"}],"up":[{"embeddable":true,"href":"https:\/\/infotrade.economia.gob.sv\/ca\/wp-json\/wp\/v2\/pages\/18"}],"wp:attachment":[{"href":"https:\/\/infotrade.economia.gob.sv\/ca\/wp-json\/wp\/v2\/media?parent=20"}],"curies":[{"name":"wp","href":"https:\/\/api.w.org\/{rel}","templated":true}]}}