{"id":23,"date":"2015-03-23T09:28:03","date_gmt":"2015-03-23T15:28:03","guid":{"rendered":"http:\/\/www.minec.gob.sv\/comercioexterior\/chile\/?page_id=23"},"modified":"2026-04-09T09:33:37","modified_gmt":"2026-04-09T15:33:37","slug":"planes-de-trabajo","status":"publish","type":"page","link":"https:\/\/infotrade.economia.gob.sv\/ca\/planes-de-trabajo\/","title":{"rendered":"Plan de Trabajo"},"content":{"rendered":"<p>Es el plan de trabajo de cada Presidencia Pro T\u00e9mpore que guiar\u00e1 el trabajo de los diferentes Grupos T\u00e9cnicos y Foros de la Uni\u00f3n Aduanera Centroamericana.<\/p>\n<h3><strong><a href=\"https:\/\/infotrade.economia.gob.sv\/wp-content\/uploads\/plan-de-accion-comieco-presidencia-pro-tempore-costa-rica-i-semestre-y-panama-ii-semestre-2025.pdf\" target=\"_blank\" rel=\"noopener noreferrer\">Plan de trabajo COMIECO 2025<\/a><\/strong><\/h3>\n\n\n<p><\/p>\n","protected":false},"excerpt":{"rendered":"<p>Es el plan de trabajo de cada Presidencia Pro T\u00e9mpore que guiar\u00e1 el trabajo de los diferentes Grupos T\u00e9cnicos y Foros de la Uni\u00f3n Aduanera Centroamericana. Plan de trabajo COMIECO 2025<\/p>\n","protected":false},"author":7,"featured_media":0,"parent":0,"menu_order":0,"comment_status":"closed","ping_status":"closed","template":"page-treaty","meta":{"footnotes":""},"class_list":["post-23","page","type-page","status-publish","hentry"],"_links":{"self":[{"href":"https:\/\/infotrade.economia.gob.sv\/ca\/wp-json\/wp\/v2\/pages\/23","targetHints":{"allow":["GET"]}}],"collection":[{"href":"https:\/\/infotrade.economia.gob.sv\/ca\/wp-json\/wp\/v2\/pages"}],"about":[{"href":"https:\/\/infotrade.economia.gob.sv\/ca\/wp-json\/wp\/v2\/types\/page"}],"author":[{"embeddable":true,"href":"https:\/\/infotrade.economia.gob.sv\/ca\/wp-json\/wp\/v2\/users\/7"}],"replies":[{"embeddable":true,"href":"https:\/\/infotrade.economia.gob.sv\/ca\/wp-json\/wp\/v2\/comments?post=23"}],"version-history":[{"count":14,"href":"https:\/\/infotrade.economia.gob.sv\/ca\/wp-json\/wp\/v2\/pages\/23\/revisions"}],"predecessor-version":[{"id":1494,"href":"https:\/\/infotrade.economia.gob.sv\/ca\/wp-json\/wp\/v2\/pages\/23\/revisions\/1494"}],"wp:attachment":[{"href":"https:\/\/infotrade.economia.gob.sv\/ca\/wp-json\/wp\/v2\/media?parent=23"}],"curies":[{"name":"wp","href":"https:\/\/api.w.org\/{rel}","templated":true}]}}