{"id":352,"date":"2019-02-21T11:19:27","date_gmt":"2019-02-21T17:19:27","guid":{"rendered":"http:\/\/infotrade.economia.gob.sv\/ca\/?page_id=352"},"modified":"2019-02-22T14:39:50","modified_gmt":"2019-02-22T20:39:50","slug":"aduanera","status":"publish","type":"page","link":"https:\/\/infotrade.economia.gob.sv\/ca\/integracion-profunda\/resoluciones-y-acuerdos\/resoluciones\/aduanera\/","title":{"rendered":"Aduanera y Tributaria"},"content":{"rendered":"\n<table id=\"tablepress-2\" class=\"tablepress tablepress-id-2\">\n<thead>\n<tr class=\"row-1 odd\">\n\t<th class=\"column-1\">Aduanera y Tributaria<\/th>\n<\/tr>\n<\/thead>\n<tbody class=\"row-hover\">\n<tr class=\"row-2 even\">\n\t<td class=\"column-1\"><a href=\"http:\/\/infotrade.economia.gob.sv\/ca\/wp-content\/uploads\/sites\/7\/2020\/11\/IM-78-2020.pdf\" rel=\"noopener noreferrer\" target=\"_blank\"><strong>Resoluci\u00f3n No. 78-2020<\/strong> | Modifica el numeral 1 de la Resoluci\u00f3n 44-2018 en la que establece la obligatoriedad a partir del 1 de octubre de 2020 el uso de etiquetas de radio frecuencia (RFID) o su equivalente, para todos los medios de transporte de carga terrestre con matr\u00edculas de los Estados Partes<\/a><\/td>\n<\/tr>\n<tr class=\"row-3 odd\">\n\t<td class=\"column-1\"><a href=\"http:\/\/infotrade.economia.gob.sv\/ca\/wp-content\/uploads\/sites\/7\/2020\/11\/IM-77-2020.pdf\" rel=\"noopener noreferrer\" target=\"_blank\"><strong>Resoluci\u00f3n No. 77-2020<\/strong> | Modifica el numeral 6 de la Resoluci\u00f3n 59-2019 sobre la obligatoriedad de la transmisi\u00f3n electr\u00f3nica de la declaraci\u00f3n de mercanc\u00edas de forma anticipada, a partir del 1 de octubre de 2020<\/a><\/td>\n<\/tr>\n<tr class=\"row-4 even\">\n\t<td class=\"column-1\"><a href=\"\/\/infotrade.economia.gob.sv\/ca\/wp-content\/uploads\/sites\/7\/2020\/11\/IM-76-2020.pdf\" rel=\"noopener noreferrer\" target=\"_blank\"><strong>Resoluci\u00f3n No. 76-2020 <\/strong>| Modifica el numeral 1 de la Resoluci\u00f3n 48-2018 sobre la aprobaci\u00f3n del procedimiento para amparar con la Factura y Declaraci\u00f3n \u00danica Centroamericana las transferencias y adquisiciones de mercancias no exceptuadas de la libre circulaci\u00f3n<\/a><\/td>\n<\/tr>\n<tr class=\"row-5 odd\">\n\t<td class=\"column-1\"><strong>Resoluci\u00f3n No. 75-2020<\/strong>  | <a href=\"http:\/\/infotrade.economia.gob.sv\/ca\/wp-content\/uploads\/sites\/7\/2020\/11\/IM-75-2020.pdf\" rel=\"noopener noreferrer\" target=\"_blank\">Modifica el numeral 3 de la Resoluci\u00f3n 17-2017 sobre el inicio de las operaciones de libre movilidad comunitaria en las aduanas perifericas a partir del 1 de octubre de 2020 para Honduras y Guatemala y se deroga totalmente la Resoluci\u00f3n 71-2019<\/a><\/td>\n<\/tr>\n<tr class=\"row-6 even\">\n\t<td class=\"column-1\"><\/td>\n<\/tr>\n<tr class=\"row-7 odd\">\n\t<td class=\"column-1\"><\/td>\n<\/tr>\n<tr class=\"row-8 even\">\n\t<td class=\"column-1\"><a href=\"http:\/\/infotrade.economia.gob.sv\/ca\/wp-content\/uploads\/sites\/7\/2020\/11\/IM-UA-72-2019.pdf\" rel=\"noopener noreferrer\" target=\"_blank\"><strong>Resoluci\u00f3n No. 72-2019<\/strong> | Se deroga el numeral 1 de la parte resolutiva de la Resoluci\u00f3n 44-2018, estableciendo como plazo el 1 de julio de 2020 el uso obligatorio el uso de etiquetas de Radio Frecuencia (RFID) o su equivalente, para todos los medios de transporte de carga terrestre con matr\u00edcula de los Estados Partes, que crucen los Puestos Fronterizos Integrados. Se instruye a los grupos t\u00e9cnicos de aduanas, tributos internos, migraci\u00f3n y SIECA presenten en un plazo de 90 d\u00edas un plan de trabajo integral para implementar dicha medida. Se deroga en su totalidad la Resoluci\u00f3n 66-2019<\/a><\/td>\n<\/tr>\n<tr class=\"row-9 odd\">\n\t<td class=\"column-1\"><a href=\"http:\/\/infotrade.economia.gob.sv\/ca\/wp-content\/uploads\/sites\/7\/2020\/11\/IM-UA-71-2019.pdf\" rel=\"noopener noreferrer\" target=\"_blank\"><strong>Resoluci\u00f3n No. 71-2019<\/strong> | Modifica el numeral 3 de la parte resolutiva de la Resoluci\u00f3n  17-2017 sobre las operaciones de libre movilidad comunitaria, reguladas en el Reglamento de Funcionamiento de la Integraci\u00f3n Profunda entrar\u00e1 en vigor el 1 de julio de 2020. Se deroga el numeral 1 de la parte resolutiva de la Resoluci\u00f3n 33-2017<\/a><\/td>\n<\/tr>\n<tr class=\"row-10 even\">\n\t<td class=\"column-1\"><a href=\"http:\/\/infotrade.economia.gob.sv\/ca\/wp-content\/uploads\/sites\/7\/2020\/11\/IM-UA-70-2019.pdf\" rel=\"noopener noreferrer\" target=\"_blank\"><strong>Resoluci\u00f3n No. 70-2019<\/strong> | Modifica el numeral 6 de la parte normativa de la Resoluci\u00f3n 59-2019 sobre la obligatoriedad de la transmisi\u00f3n electr\u00f3nica de la declaraci\u00f3n de mercanc\u00edas de forma anticipada. Se deroga la totalidad de la Resoluci\u00f3n 67-2019 que dictaba ampliaci\u00f3n de plazo de vigencia sobre esta materia.<\/a><\/td>\n<\/tr>\n<tr class=\"row-11 odd\">\n\t<td class=\"column-1\"><a href=\"http:\/\/infotrade.economia.gob.sv\/ca\/wp-content\/uploads\/sites\/7\/2020\/11\/IM-UA-69-2019.pdf\" rel=\"noopener noreferrer\" target=\"_blank\"><strong>Resoluci\u00f3n No. 69-2019<\/strong> | Modifica el numeral 1 de la Resoluci\u00f3n 42-2018 que aprueba el procedimiento para amparar la Declaraci\u00f3n y Factura Unica Centroamericana las transferencias y adquisiciones de mercancias no exceptuadas de la libre circulaci\u00f3n. Se crea una Comisi\u00f3n T\u00e9cnica de Seguimiento.  Deroga en su totalidad la Resoluci\u00f3n 54-2019.<\/a><\/td>\n<\/tr>\n<tr class=\"row-12 even\">\n\t<td class=\"column-1\"><a href=\"\/ca\/wp-content\/uploads\/sites\/7\/2019\/07\/RES-IM-UA-68-2019.pdf\" rel=\"noopener noreferrer\" target=\"_blank\"><strong>Resoluci\u00f3n No. 68-2019<\/strong> | Designa Puestos Fronterizos Integrados de El Salvador<\/a><\/td>\n<\/tr>\n<tr class=\"row-13 odd\">\n\t<td class=\"column-1\"><a href=\"\/ca\/wp-content\/uploads\/sites\/7\/2019\/07\/RES-IM-UA-67-2019.pdf\" rel=\"noopener noreferrer\" target=\"_blank\"><strong>Resoluci\u00f3n No. 67-2019<\/strong> | Amplia plazo de vigencia de la Resoluci\u00f3n IM-UA No. 59-2019, al 1 de octubre de 2019<\/a><\/td>\n<\/tr>\n<tr class=\"row-14 even\">\n\t<td class=\"column-1\"><a href=\"\/ca\/wp-content\/uploads\/sites\/7\/2019\/07\/RES-IM-UA-66-2019.pdf\" rel=\"noopener noreferrer\" target=\"_blank\"><strong>Resoluci\u00f3n No. 66-2019<\/strong> | Amplia plazo de vigencia de la Resoluci\u00f3n IM-UA No. 44-2018, al 1 de enero de 2020<\/a><\/td>\n<\/tr>\n<tr class=\"row-15 odd\">\n\t<td class=\"column-1\"><a href=\"\/ca\/wp-content\/uploads\/sites\/7\/2019\/05\/RIM-63-2019.pdf\" rel=\"noopener noreferrer\" target=\"_blank\"><strong>Resoluci\u00f3n No. 63-2019<\/strong> | Aprueba la adopci\u00f3n por El Salvador, de la Resoluci\u00f3n IM-UA No. 18-2017, del 16-jun-2017 \"Designaci\u00f3n de las aduanas perif\u00e9ricas\"<\/a><\/td>\n<\/tr>\n<tr class=\"row-16 even\">\n\t<td class=\"column-1\"><a href=\"\/ca\/wp-content\/uploads\/sites\/7\/2019\/05\/RIM-62-2019.pdf\" rel=\"noopener noreferrer\" target=\"_blank\"><strong>Resoluci\u00f3n No. 62-2019<\/strong> | Modificar por sustituci\u00f3n total Procedimientos Intercambio Informaci\u00f3n de Registros Aeron\u00e1uticos<\/a><\/td>\n<\/tr>\n<tr class=\"row-17 odd\">\n\t<td class=\"column-1\"><a href=\"\/ca\/wp-content\/uploads\/sites\/7\/2019\/05\/Anexo-1-RIM-62-2019.pdf\" rel=\"noopener noreferrer\" target=\"_blank\">Anexo I Resoluci\u00f3n No. 62-2019<\/a><\/td>\n<\/tr>\n<tr class=\"row-18 even\">\n\t<td class=\"column-1\"><a href=\"\/ca\/wp-content\/uploads\/sites\/7\/2019\/05\/Anexo-II-RIM-62-2019.pdf\" rel=\"noopener noreferrer\" target=\"_blank\">Anexo II Resoluci\u00f3n No. 62-2019<\/a><\/td>\n<\/tr>\n<tr class=\"row-19 odd\">\n\t<td class=\"column-1\"><a href=\"\/ca\/wp-content\/uploads\/sites\/7\/2019\/05\/RIM-61-2019.pdf\" rel=\"noopener noreferrer\" target=\"_blank\"> <strong>Resoluci\u00f3n No. 61-2019<\/strong> | Modifica por sustituci\u00f3n total Reglamento Desarrollo Operaciones A\u00e9reas y Aeroportuarias<\/a><\/td>\n<\/tr>\n<tr class=\"row-20 even\">\n\t<td class=\"column-1\"><a href=\"\/ca\/wp-content\/uploads\/sites\/7\/2019\/05\/ANEXO-de-la-RIM-61-2019.pdf\" rel=\"noopener noreferrer\" target=\"_blank\">Anexo Resoluci\u00f3n No. 61-2019<\/a><\/td>\n<\/tr>\n<tr class=\"row-21 odd\">\n\t<td class=\"column-1\"><a href=\"\/ca\/wp-content\/uploads\/sites\/7\/2019\/04\/RES-IM-UA-59-2019.pdf\" rel=\"noopener noreferrer\" target=\"_blank\"><strong>Resoluci\u00f3n No. 59-2019 <\/strong>| Establece obligatoriedad transmisi\u00f3n electr\u00f3nica declaraci\u00f3n mercanc\u00edas de forma anticipada<\/a><\/td>\n<\/tr>\n<tr class=\"row-22 even\">\n\t<td class=\"column-1\"><a href=\"\/ca\/wp-content\/uploads\/sites\/7\/2019\/04\/RES-IM-UA-58-2019.pdf\" rel=\"noopener noreferrer\" target=\"_blank\"><strong>Resoluci\u00f3n No. 58-2019<\/strong> | Designa aduanas perif\u00e9ricas de El Salvador, Puerto Acajutla y Aeropuerto Internacional San Oscar Arnulfo Romero<\/a><\/td>\n<\/tr>\n<tr class=\"row-23 odd\">\n\t<td class=\"column-1\"><a href=\"\/ca\/wp-content\/uploads\/sites\/7\/2019\/04\/RES-IM-UA-57-2019.pdf\" rel=\"noopener noreferrer\" target=\"_blank\"><strong>Resoluci\u00f3n No. 57-2019<\/strong> | Modificaci\u00f3n por sustituci\u00f3n total Procedimientos Intercambio informaci\u00f3n transporte a\u00e9reo y pasajeros nacionales<\/a><\/td>\n<\/tr>\n<tr class=\"row-24 even\">\n\t<td class=\"column-1\"><a href=\"\/ca\/wp-content\/uploads\/sites\/7\/2019\/04\/ANEXO-I-RES-57-2019.pdf\" rel=\"noopener noreferrer\" target=\"_blank\">Anexo I de la Resoluci\u00f3n No. 57-2019 | Procedimiento para el Intercambio de Informaci\u00f3n entre los Registros Aeron\u00e1uticos Nacionales de la Rep\u00fablica de El Salvador, de la Rep\u00fablica de Guatemala y de la Rep\u00fablica de Honduras<\/a><\/td>\n<\/tr>\n<tr class=\"row-25 odd\">\n\t<td class=\"column-1\"><a href=\"\/ca\/wp-content\/uploads\/sites\/7\/2019\/04\/ANEXO-II-RES-57-2019.pdf\" rel=\"noopener noreferrer\" target=\"_blank\">Anexo II de la Resoluci\u00f3n No. 57-2019 | Procedimiento para la Recepci\u00f3n y Despacho de Pasajeros Nacionales en los Aeropuertos de los Estados Parte<\/a><\/td>\n<\/tr>\n<tr class=\"row-26 even\">\n\t<td class=\"column-1\"><a href=\"\/ca\/wp-content\/uploads\/sites\/7\/2019\/04\/RES-IM-UA-56-2019.pdf\" rel=\"noopener noreferrer\" target=\"_blank\"><strong>Resoluci\u00f3n No. 56-2019<\/strong> | Modifica por sustituci\u00f3n total Reglamento Desarrollo de Operaciones A\u00e9reas y Aeroportuarias<\/a><\/td>\n<\/tr>\n<tr class=\"row-27 odd\">\n\t<td class=\"column-1\"><a href=\"\/ca\/wp-content\/uploads\/sites\/7\/2019\/04\/ANEXO-RES-IM-56-2019.pdf\" rel=\"noopener noreferrer\" target=\"_blank\">Anexo de la Resoluci\u00f3n No. 56-2019<\/a> <\/td>\n<\/tr>\n<tr class=\"row-28 even\">\n\t<td class=\"column-1\"><a href=\"\/ca\/wp-content\/uploads\/sites\/7\/2019\/04\/RES-IM-UA-55-2019.pdf\" rel=\"noopener noreferrer\" target=\"_blank\"><strong>Resoluci\u00f3n No. 55-2019<\/strong> | Aprueba adopci\u00f3n por El Salvador de Resoluciones <strong>No. 08-2016; 13-2017<\/strong>; 40-2018 y 41-2018<\/a><\/td>\n<\/tr>\n<tr class=\"row-29 odd\">\n\t<td class=\"column-1\"><a href=\"\/ca\/wp-content\/uploads\/sites\/7\/2019\/04\/RES-IM-UA-54-2019.pdf\" rel=\"noopener noreferrer\" target=\"_blank\"><strong>Resoluci\u00f3n No. 54-2019<\/strong>  | Ampl\u00eda plazo vigencia procedimiento FYDUCA reg\u00edmenes especiales<\/a><\/td>\n<\/tr>\n<tr class=\"row-30 even\">\n\t<td class=\"column-1\"><a href=\"\/ca\/wp-content\/uploads\/sites\/7\/2019\/04\/FE-ERRATA-A-RES-54-2019.pdf\" rel=\"noopener noreferrer\" target=\"_blank\">Fe de Errata a la Resoluci\u00f3n Instancia Ministerial-UA No. 54-2019<\/a><\/td>\n<\/tr>\n<tr class=\"row-31 odd\">\n\t<td class=\"column-1\"><a href=\"\/ca\/wp-content\/uploads\/sites\/7\/2019\/02\/RES-IM-UA-53-2019.pdf\" rel=\"noopener noreferrer\" target=\"_blank\"><strong>Resoluci\u00f3n No. 53-2019<\/strong> | Aprueba adopci\u00f3n por parte de El Salvador de las Resoluciones las No 43-2018 -No 44-2018<\/a> <\/td>\n<\/tr>\n<tr class=\"row-32 even\">\n\t<td class=\"column-1\"><a href=\"\/ca\/wp-content\/uploads\/sites\/7\/2019\/02\/RESOLUCION-MINISTERIAL-UA-No.51-2018.pdf\" rel=\"noopener noreferrer\" target=\"_blank\"><strong>Resoluci\u00f3n No. 51-2018<\/strong> | Amplia plazo de la Resoluci\u00f3n No.42-2018, hasta 1 de abril de 2019<\/a><\/td>\n<\/tr>\n<tr class=\"row-33 odd\">\n\t<td class=\"column-1\"><a href=\"\/ca\/wp-content\/uploads\/sites\/7\/2019\/02\/fe_de_erratas_res._ins._ministerial_ua_51_2018.pdf\" rel=\"noopener noreferrer\" target=\"_blank\">Fe de Errata a la Resoluci\u00f3n 51-2018<\/a><\/td>\n<\/tr>\n<tr class=\"row-34 even\">\n\t<td class=\"column-1\"><a href=\"\/ca\/wp-content\/uploads\/sites\/7\/2019\/02\/RES-IM-GT-HN-44-2018.pdf\" rel=\"noopener noreferrer\" target=\"_blank\"><strong>Resoluci\u00f3n No. 44-2018<\/strong> | A partir 01-07-19, ser\u00e1 obligatorio etiqueta RFID o equivalente para toda carga terrestre<\/a><\/td>\n<\/tr>\n<tr class=\"row-35 odd\">\n\t<td class=\"column-1\"><a href=\"\/ca\/wp-content\/uploads\/sites\/7\/2019\/02\/RES-IM-GT-HN-43-2018.pdf\" rel=\"noopener noreferrer\" target=\"_blank\"><strong>Resoluci\u00f3n No. 43-2018<\/strong> | Autoriza a la SIECA percibir USD$1.00, por cada FYDUCA transmitida a trav\u00e9s de la PIC<\/a><\/td>\n<\/tr>\n<tr class=\"row-36 even\">\n\t<td class=\"column-1\"><a href=\"\/ca\/wp-content\/uploads\/sites\/7\/2019\/02\/RES-IM-GT-HN-42-2018.pdf\" rel=\"noopener noreferrer\" target=\"_blank\"><strong>Resoluci\u00f3n No. 42-2018<\/strong> | Aprueba procedimiento para amparar con FYDUCA mercanc\u00edas de reg\u00edmenes especiales<\/a><\/td>\n<\/tr>\n<tr class=\"row-37 odd\">\n\t<td class=\"column-1\"><a href=\"\/ca\/wp-content\/uploads\/sites\/7\/2019\/02\/ANEXO-RES-IM-GT-HN-42-2018.pdf\" rel=\"noopener noreferrer\" target=\"_blank\">Anexo de la Resoluci\u00f3n 42-2018<\/a><\/td>\n<\/tr>\n<tr class=\"row-38 even\">\n\t<td class=\"column-1\"><a href=\"\/ca\/wp-content\/uploads\/sites\/7\/2019\/02\/RES-IM-UA-No-35-2018.pdf\" rel=\"noopener noreferrer\" target=\"_blank\"><strong>Resoluci\u00f3n No. 35-2018<\/strong> | Habilitar en puestos fronterizos con El Salvador la verificaci\u00f3n electr\u00f3nica de la FYDUCA<\/a><\/td>\n<\/tr>\n<tr class=\"row-39 odd\">\n\t<td class=\"column-1\"><a href=\"\/ca\/wp-content\/uploads\/sites\/7\/2019\/02\/RES-IM-GT-HN-30-2017.pdf\" rel=\"noopener noreferrer\" target=\"_blank\"><strong>Resoluci\u00f3n No. 30-2017<\/strong> | Aprueba Reglamento del Coordinador de los Puestos Fronterizos Integrados<\/a><\/td>\n<\/tr>\n<tr class=\"row-40 even\">\n\t<td class=\"column-1\"><a href=\"\/ca\/wp-content\/uploads\/sites\/7\/2019\/02\/RES-29-2017-GUA-HON.pdf\" rel=\"noopener noreferrer\" target=\"_blank\"><strong>Resoluci\u00f3n No. 29-2017<\/strong> | Aprueba Reglamento de Alojamiento en M\u00f3dulos Habitacionales de El Corinto<\/a><\/td>\n<\/tr>\n<tr class=\"row-41 odd\">\n\t<td class=\"column-1\"><a href=\"\/ca\/wp-content\/uploads\/sites\/7\/2019\/02\/RES-26-2017-GUA-HON.pdf\" rel=\"noopener noreferrer\" target=\"_blank\"><strong>Resoluci\u00f3n No. 26-2017<\/strong> | Deroga disposiciones transitorias del paso fronterizo El Corinto<\/a><\/td>\n<\/tr>\n<tr class=\"row-42 even\">\n\t<td class=\"column-1\"><a href=\"\/ca\/wp-content\/uploads\/sites\/7\/2019\/02\/RES-22-2017-GUA-HON.pdf\" rel=\"noopener noreferrer\" target=\"_blank\"><strong>Resoluci\u00f3n No. 22-2017<\/strong> | Aprueba directriz para el c\u00e1lculo del valor de transporte y seguro en la FYDUCA<\/a><\/td>\n<\/tr>\n<tr class=\"row-43 odd\">\n\t<td class=\"column-1\"><a href=\"\/ca\/wp-content\/uploads\/sites\/7\/2019\/02\/RES-18-2017-GUA-HON.pdf\" rel=\"noopener noreferrer\" target=\"_blank\"><strong>Resoluci\u00f3n No. 18-2017<\/strong> | Designaci\u00f3n de Aduanas Perif\u00e9ricas de la Uni\u00f3n Aduanera<\/a><\/td>\n<\/tr>\n<tr class=\"row-44 even\">\n\t<td class=\"column-1\"><a href=\"\/ca\/wp-content\/uploads\/sites\/7\/2019\/02\/RES-UA-16-2017-GUA-HOND-CON-1-ANEXO.pdf\" rel=\"noopener noreferrer\" target=\"_blank\"><strong>Resoluci\u00f3n No. 16-2017<\/strong> | Aprueba funcionamiento y procedimiento de control de puesto fronterizo integrado El Corinto<\/a><\/td>\n<\/tr>\n<tr class=\"row-45 odd\">\n\t<td class=\"column-1\"><a href=\"\/ca\/wp-content\/uploads\/sites\/7\/2019\/02\/RES-UA-14-2017-GUA-HON.pdf\" rel=\"noopener noreferrer\" target=\"_blank\"><strong>Resoluci\u00f3n No. 14-2017<\/strong> | Amplia la aplicaci\u00f3n de condiciones sanitarias y fitosanitarias de env\u00edos MSF a puertos y aeropuertos<\/a><\/td>\n<\/tr>\n<tr class=\"row-46 even\">\n\t<td class=\"column-1\"><a href=\"\/ca\/wp-content\/uploads\/sites\/7\/2019\/02\/RES-UA-13-2017-GUA-HON-CON-2-ANEXOS.pdf\" rel=\"noopener noreferrer\" target=\"_blank\"><strong>Resoluci\u00f3n No. 13-2017<\/strong> | Aprueba Procedimiento para el Intercambio de Informaci\u00f3n de Registros Aeron\u00e1uticos<\/a><\/td>\n<\/tr>\n<tr class=\"row-47 odd\">\n\t<td class=\"column-1\"><a href=\"\/ca\/wp-content\/uploads\/sites\/7\/2019\/02\/RES-UA-GUA-HON-12-2017.pdf\" rel=\"noopener noreferrer\" target=\"_blank\"><strong>Resoluci\u00f3n No. 12-2017<\/strong> | Aprueba listado de mercanc\u00edas que pueden comercializarse en paso fronterizo El Corinto<\/a><\/td>\n<\/tr>\n<tr class=\"row-48 even\">\n\t<td class=\"column-1\"><a href=\"\/ca\/wp-content\/uploads\/sites\/7\/2019\/02\/RES-UA-GUA-HON-11-2017.pdf\" rel=\"noopener noreferrer\" target=\"_blank\"><strong>Resoluci\u00f3n No. 11-2017<\/strong> | Aprueba formato de la Factura y Declaraci\u00f3n \u00danica Centroamericana FYDUCA<\/a><\/td>\n<\/tr>\n<tr class=\"row-49 odd\">\n\t<td class=\"column-1\"><a href=\"\/ca\/wp-content\/uploads\/sites\/7\/2019\/02\/FE-ERR-A-RES-11-2017.pdf\" rel=\"noopener noreferrer\" target=\"_blank\">Fe de errata a la Resoluci\u00f3n 11-2017<\/a><\/td>\n<\/tr>\n<tr class=\"row-50 even\">\n\t<td class=\"column-1\"><a href=\"\/ca\/wp-content\/uploads\/sites\/7\/2019\/02\/RES-UA-08-2016-GUA-HON-REGLAM-DES-OPERAC-A\u00c9REAS.pdf\" rel=\"noopener noreferrer\" target=\"_blank\"><strong>Resoluci\u00f3n No. 08-2016<\/strong> | Aprueba Reglamento para el Desarrollo de Operaciones A\u00e9reas y Aeroportuarias<\/a><\/td>\n<\/tr>\n<tr class=\"row-51 odd\">\n\t<td class=\"column-1\"><a href=\"\/ca\/wp-content\/uploads\/sites\/7\/2019\/02\/Res-06-2016-Puestos-Integrados.pdf\" rel=\"noopener noreferrer\" target=\"_blank\"><strong>Resoluci\u00f3n No. 06-2016<\/strong> | Designaci\u00f3n de Corinto, el Florido y Agua Caliente como Puestos Fronterizos Integrados<\/a><\/td>\n<\/tr>\n<tr class=\"row-52 even\">\n\t<td class=\"column-1\"><a href=\"\/ca\/wp-content\/uploads\/sites\/7\/2019\/02\/Res-05-2016-Inc-Corinto.pdf\" rel=\"noopener noreferrer\" target=\"_blank\"><strong>Resoluci\u00f3n No. 05-2016<\/strong> | Incorporaci\u00f3n de Entre R\u00edos y Corinto como puestos fronterizos<\/a><\/td>\n<\/tr>\n<\/tbody>\n<\/table>\n<!-- #tablepress-2 from cache -->\n","protected":false},"excerpt":{"rendered":"","protected":false},"author":20,"featured_media":0,"parent":299,"menu_order":0,"comment_status":"closed","ping_status":"closed","template":"page-treaty","meta":{"footnotes":""},"class_list":["post-352","page","type-page","status-publish","hentry"],"_links":{"self":[{"href":"https:\/\/infotrade.economia.gob.sv\/ca\/wp-json\/wp\/v2\/pages\/352","targetHints":{"allow":["GET"]}}],"collection":[{"href":"https:\/\/infotrade.economia.gob.sv\/ca\/wp-json\/wp\/v2\/pages"}],"about":[{"href":"https:\/\/infotrade.economia.gob.sv\/ca\/wp-json\/wp\/v2\/types\/page"}],"author":[{"embeddable":true,"href":"https:\/\/infotrade.economia.gob.sv\/ca\/wp-json\/wp\/v2\/users\/20"}],"replies":[{"embeddable":true,"href":"https:\/\/infotrade.economia.gob.sv\/ca\/wp-json\/wp\/v2\/comments?post=352"}],"version-history":[{"count":3,"href":"https:\/\/infotrade.economia.gob.sv\/ca\/wp-json\/wp\/v2\/pages\/352\/revisions"}],"predecessor-version":[{"id":532,"href":"https:\/\/infotrade.economia.gob.sv\/ca\/wp-json\/wp\/v2\/pages\/352\/revisions\/532"}],"up":[{"embeddable":true,"href":"https:\/\/infotrade.economia.gob.sv\/ca\/wp-json\/wp\/v2\/pages\/299"}],"wp:attachment":[{"href":"https:\/\/infotrade.economia.gob.sv\/ca\/wp-json\/wp\/v2\/media?parent=352"}],"curies":[{"name":"wp","href":"https:\/\/api.w.org\/{rel}","templated":true}]}}