{"id":394,"date":"2019-02-21T13:42:32","date_gmt":"2019-02-21T19:42:32","guid":{"rendered":"http:\/\/infotrade.economia.gob.sv\/ca\/?page_id=394"},"modified":"2019-02-21T15:06:34","modified_gmt":"2019-02-21T21:06:34","slug":"medidas-sanitarias-y-fitosanitarias","status":"publish","type":"page","link":"https:\/\/infotrade.economia.gob.sv\/ca\/integracion-profunda\/resoluciones-y-acuerdos\/resoluciones\/medidas-sanitarias-y-fitosanitarias\/","title":{"rendered":"Medidas Sanitarias y Fitosanitarias"},"content":{"rendered":"\n<table id=\"tablepress-3\" class=\"tablepress tablepress-id-3\">\n<thead>\n<tr class=\"row-1 odd\">\n\t<th class=\"column-1\">Medidas Sanitarias y Fitosanitarias<\/th>\n<\/tr>\n<\/thead>\n<tbody class=\"row-hover\">\n<tr class=\"row-2 even\">\n\t<td class=\"column-1\"><a href=\"\/ca\/wp-content\/uploads\/sites\/7\/2022\/08\/RIM-96-2021-Se-sustituye-Anexos-RIM-07-2017-Listas-de-envios-MSF-y-mercancias-MSF-que-se-reconocen-misma-condicion-sanitaria-o-fitosanitaria-e-identificaron-con-las-categorias-A-y-B.pdf\"><strong>Resoluci\u00f3n No. 96-2021<\/strong> | Se sustituye Anexos RIM-07-2017 Listas de env\u00edos MSF y mercanc\u00edas MSF que se reconocen misma condici\u00f3n sanitaria o fitosanitaria e identificaron con las categor\u00edas A y B<\/a><\/td>\n<\/tr>\n<tr class=\"row-3 odd\">\n\t<td class=\"column-1\"><a href=\"\/ca\/wp-content\/uploads\/sites\/7\/2022\/08\/Anexo-1-RIM-96-2021-Envios-con-misma-condicion-fitosantiarias-en-7a-Enmienda.pdf\" rel=\"noopener\" target=\"_blank\"><strong>Anexo 1 de Resoluci\u00f3n No. 96-2021<\/strong> | Lista de env\u00edos MSF con un mismo estatus fitosanitarios entre Honduras y Guatemala<\/a><\/td>\n<\/tr>\n<tr class=\"row-4 even\">\n\t<td class=\"column-1\"><a href=\"\/ca\/wp-content\/uploads\/sites\/7\/2022\/08\/Anexo-2-RIM-96-2021-Mercancias-MSF-con-misma-condicion-santiarias-en-7a-Enmienda.pdf\" rel=\"noopener\" target=\"_blank\"><strong>Anexo 2 de Resoluci\u00f3n No. 96-2021<\/strong> | Listado de mercanc\u00eda MSF con un mismo estatus sanitario entre Honduras y Guatemala <\/a><\/td>\n<\/tr>\n<tr class=\"row-5 odd\">\n\t<td class=\"column-1\"><a href=\"\/ca\/wp-content\/uploads\/sites\/7\/2022\/08\/RIM-93-2021.pdf\" rel=\"noopener\" target=\"_blank\"><strong>Resoluci\u00f3n No. 93-2021<\/strong> | Gesti\u00f3n de la emisi\u00f3n de los certificados sanitarios y fitosanitarios de exportaci\u00f3n, de env\u00edos y mercanc\u00edas exceptuadas de libre circulaci\u00f3n, por parte de los agentes econ\u00f3micos de las Partes<\/a><\/td>\n<\/tr>\n<tr class=\"row-6 even\">\n\t<td class=\"column-1\"><a href=\"\/ca\/wp-content\/uploads\/sites\/7\/2019\/05\/RIM-65-2019.pdf\" rel=\"noopener\" target=\"_blank\"><strong>Resoluci\u00f3n No. 65-2019<\/strong> | Modifica por sustituci\u00f3n total Anexo II Res IM-UA No. 38-2018: Hallazgos en Inspecciones<\/a><\/td>\n<\/tr>\n<tr class=\"row-7 odd\">\n\t<td class=\"column-1\"><a href=\"\/ca\/wp-content\/uploads\/sites\/7\/2019\/05\/Anexo-RIM-65.2019.pdf\" rel=\"noopener\" target=\"_blank\">Anexo Resoluci\u00f3n No. 65-2019 <\/a><\/td>\n<\/tr>\n<tr class=\"row-8 even\">\n\t<td class=\"column-1\"><a href=\"\/ca\/wp-content\/uploads\/sites\/7\/2019\/05\/RIM-64-2019.pdf\" rel=\"noopener\" target=\"_blank\"><strong>Resoluci\u00f3n No. 64-2019<\/strong> | Aprueba adici\u00f3n a los listados de mercanc\u00edas de condici\u00f3n diferenciada MSF<\/a><\/td>\n<\/tr>\n<tr class=\"row-9 odd\">\n\t<td class=\"column-1\"><a href=\"\/ca\/wp-content\/uploads\/sites\/7\/2019\/05\/Anexo-64-2019.pdf\" rel=\"noopener\" target=\"_blank\">Anexo Resoluci\u00f3n No. 64-2019<\/a><\/td>\n<\/tr>\n<tr class=\"row-10 even\">\n\t<td class=\"column-1\"><a href=\"\/ca\/wp-content\/uploads\/sites\/7\/2019\/04\/RES-IM-UA-60-2019.pdf\" rel=\"noopener\" target=\"_blank\"><strong>Resoluci\u00f3n No. 60-2019<\/strong> | Aprueba RT 65.06.01:18 Bioseguridad de Organismos Vivos para Uso Agropecuario<\/a><\/td>\n<\/tr>\n<tr class=\"row-11 odd\">\n\t<td class=\"column-1\"><a href=\"\/ca\/wp-content\/uploads\/sites\/7\/2019\/04\/ANEXO-RES-60-2019.pdf\" rel=\"noopener\" target=\"_blank\">Anexo de la Resoluci\u00f3n No. 60-2019<\/a><\/td>\n<\/tr>\n<tr class=\"row-12 even\">\n\t<td class=\"column-1\"><a href=\"\/ca\/wp-content\/uploads\/sites\/7\/2019\/04\/RES-IM-UA-55-2019.pdf\" rel=\"noopener\" target=\"_blank\"><strong>Resoluci\u00f3n No. 55-2019<\/strong> | Aprueba adopci\u00f3n por El Salvador de <strong>Resoluciones No<\/strong>. 08-2016; 13-2017; <strong>40-2018 y 41-2018<\/strong><\/a><\/td>\n<\/tr>\n<tr class=\"row-13 odd\">\n\t<td class=\"column-1\"><a href=\"\/ca\/wp-content\/uploads\/sites\/7\/2019\/02\/RES-41-2018-GT-HN.pdf\" rel=\"noopener\" target=\"_blank\"><strong>Resoluci\u00f3n No. 41-2018<\/strong> | Indicaciones para excluir requisito de la notificaci\u00f3n MSF a env\u00edos MSF y Mercanc\u00edas MSF<\/a><\/td>\n<\/tr>\n<tr class=\"row-14 even\">\n\t<td class=\"column-1\"><a href=\"\/ca\/wp-content\/uploads\/sites\/7\/2019\/02\/ANEXO-1-41-2018-GT-HN.pdf\" rel=\"noopener\" target=\"_blank\">Anexo I Resol. 41| Lista de env\u00edos MSF que no requieren de la notificaci\u00f3n MSF para el comercio entre los Estados Parte<\/a><\/td>\n<\/tr>\n<tr class=\"row-15 odd\">\n\t<td class=\"column-1\"><a href=\"\/ca\/wp-content\/uploads\/sites\/7\/2019\/02\/ANEXO-2-41-2018-GT-HN.pdf\" rel=\"noopener\" target=\"_blank\">Anexo II Resol. 41| Listado de mercanc\u00edas MSF que no requieren de la notificaci\u00f3n MSF para el comercio entre los Estados Parte<\/a><\/td>\n<\/tr>\n<tr class=\"row-16 even\">\n\t<td class=\"column-1\"><a href=\"\/ca\/wp-content\/uploads\/sites\/7\/2019\/02\/RES-40-2018-GT-HN.pdf\" rel=\"noopener\" target=\"_blank\"><strong>Resoluci\u00f3n No. 40-2018<\/strong> | Requisitos para env\u00edos MSF y Mercanc\u00edas MSF sujetos a libre circulaci\u00f3n<\/a><\/td>\n<\/tr>\n<tr class=\"row-17 odd\">\n\t<td class=\"column-1\"><a href=\"\/ca\/wp-content\/uploads\/sites\/7\/2019\/02\/RES-39-3018-GT-HN.pdf\" rel=\"noopener\" target=\"_blank\"><strong>Resoluci\u00f3n No. 39-2018<\/strong> | Aprueba diez procedimientos para el an\u00e1lisis, categorizaci\u00f3n de riesgos y de requisitos<\/a><\/td>\n<\/tr>\n<tr class=\"row-18 even\">\n\t<td class=\"column-1\"><a href=\"\/ca\/wp-content\/uploads\/sites\/7\/2019\/02\/ANEXO-I-39-2018-GT-HN.pdf\" rel=\"noopener\" target=\"_blank\">Anexo I Resol. 39| Procedimiento para la categorizaci\u00f3n del riesgo y homologaci\u00f3n de requisitos fitosanitarios para productos de origen vegetal entre los Estados Parte<\/a><\/td>\n<\/tr>\n<tr class=\"row-19 odd\">\n\t<td class=\"column-1\"><a href=\"\/ca\/wp-content\/uploads\/sites\/7\/2019\/02\/ANEXO-II-39-2018-GT-HN.pdf\" rel=\"noopener\" target=\"_blank\">Anexo II Resol. 39| Procedimiento para la categorizaci\u00f3n del riesgo y homologaci\u00f3n de requisitos fitosanitarios para productos de origen vegetal originarios y procedentes de pa\u00edses terceros<\/a><\/td>\n<\/tr>\n<tr class=\"row-20 even\">\n\t<td class=\"column-1\"><a href=\"\/ca\/wp-content\/uploads\/sites\/7\/2019\/02\/ANEXO-III-39-2018-GT-HN.pdf\" rel=\"noopener\" target=\"_blank\">Anexo III Resol. 39 | Procedimiento para la modificaci\u00f3n o eliminaci\u00f3n de requisitos fitosanitarios ya establecidos para productos de origen vegetal originarios y procedentes de los Estados Parte<\/a><\/td>\n<\/tr>\n<tr class=\"row-21 odd\">\n\t<td class=\"column-1\"><a href=\"\/ca\/wp-content\/uploads\/sites\/7\/2019\/02\/ANEXO-IV-39-2018-GT-HN.pdf\" rel=\"noopener\" target=\"_blank\">Anexo IV Resol. 39 | Procedimiento para la modificaci\u00f3n o eliminaci\u00f3n de requisitos fitosanitarios ya establecidos para productos de origen vegetal originarios y procedentes de pa\u00edses terceros<\/a><\/td>\n<\/tr>\n<tr class=\"row-22 even\">\n\t<td class=\"column-1\"><a href=\"\/ca\/wp-content\/uploads\/sites\/7\/2019\/02\/ANEXO-V-39-2018-GT-HN.pdf\" rel=\"noopener\" target=\"_blank\">Anexo V Resol. 39| Procedimiento de intercambio y validaci\u00f3n de los estudios de an\u00e1lisis de riesgo de plagas, entre los Estados Parte<\/a><\/td>\n<\/tr>\n<tr class=\"row-23 odd\">\n\t<td class=\"column-1\"><a href=\"\/ca\/wp-content\/uploads\/sites\/7\/2019\/02\/ANEXO-VI-39-2018-GT-HN.pdf\" rel=\"noopener\" target=\"_blank\">Anexo VI Resol. 39 | Procedimiento para la categorizaci\u00f3n del riesgo de la inclusi\u00f3n o exclusi\u00f3n de plagas al listado de plagas reglamentarias y hom\u00f3logas de ambos Estados Parte<\/a><\/td>\n<\/tr>\n<tr class=\"row-24 even\">\n\t<td class=\"column-1\"><a href=\"\/ca\/wp-content\/uploads\/sites\/7\/2019\/02\/ANEXO-VII-39-2018-GT-HN.pdf\" rel=\"noopener\" target=\"_blank\">Anexo VII Resol. 39 | Plantilla para la categorizaci\u00f3n de plagas<\/a><\/td>\n<\/tr>\n<tr class=\"row-25 odd\">\n\t<td class=\"column-1\"><a href=\"\/ca\/wp-content\/uploads\/sites\/7\/2019\/02\/ANEXO-VIII-39-2018-GT-HN.pdf\" rel=\"noopener\" target=\"_blank\">Anexo VIII Resol. 39 | Plantilla para ficha t\u00e9cnica de plagas<\/a><\/td>\n<\/tr>\n<tr class=\"row-26 even\">\n\t<td class=\"column-1\"><a href=\"\/ca\/wp-content\/uploads\/sites\/7\/2019\/02\/ANEXO-IX-39-2018-GT-HN.pdf\" rel=\"noopener\" target=\"_blank\">Anexo IX Resol. 39 | Procedimiento de autorizaci\u00f3n a terceros para la presentaci\u00f3n de estudios de evaluaci\u00f3n de riesgos<\/a><\/td>\n<\/tr>\n<tr class=\"row-27 odd\">\n\t<td class=\"column-1\"><a href=\"\/ca\/wp-content\/uploads\/sites\/7\/2019\/02\/ANEXO-X-39-2018-GT-HN.pdf\" rel=\"noopener\" target=\"_blank\">Anexo X Resol. 39 | Procedimiento para la recepci\u00f3n, verificaci\u00f3n y validaci\u00f3n de estudios de evaluaci\u00f3n de riesgo presentados por parte de terceros a los Estados Parte<\/a><\/td>\n<\/tr>\n<tr class=\"row-28 even\">\n\t<td class=\"column-1\"><a href=\"\/ca\/wp-content\/uploads\/sites\/7\/2019\/02\/RES-38-2018-GT-HN.pdf\" rel=\"noopener\" target=\"_blank\"><strong>Resoluci\u00f3n No. 38-2018<\/strong> | Aprueba causales retenci\u00f3n, rechazo importaciones en env\u00edos MSF y hallazgos en inspecciones<\/a><\/td>\n<\/tr>\n<tr class=\"row-29 odd\">\n\t<td class=\"column-1\"><a href=\"\/ca\/wp-content\/uploads\/sites\/7\/2019\/02\/ANEXO-I-RES-38-2018-GT-HN.pdf\" rel=\"noopener\" target=\"_blank\">Anexo I | Resoluci\u00f3n Instancia Ministerial-UA No. 38-2018<\/a><\/td>\n<\/tr>\n<tr class=\"row-30 even\">\n\t<td class=\"column-1\"><a href=\"\/ca\/wp-content\/uploads\/sites\/7\/2019\/02\/ANEXO-II-RES-38-2018-GT-HN.pdf\" rel=\"noopener\" target=\"_blank\">Anexo II | Resoluci\u00f3n Instancia Ministerial-UA No. 38-2018<\/a><\/td>\n<\/tr>\n<tr class=\"row-31 odd\">\n\t<td class=\"column-1\"><a href=\"\/ca\/wp-content\/uploads\/sites\/7\/2019\/02\/RES-28-2017-GUA-HON.pdf\" rel=\"noopener\" target=\"_blank\"><strong>Resoluci\u00f3n No. 28-2017<\/strong> (IM Intersectorial) | Aprueba aplicaci\u00f3n y procedimiento para MSF<\/a><\/td>\n<\/tr>\n<tr class=\"row-32 even\">\n\t<td class=\"column-1\"><a href=\"\/ca\/wp-content\/uploads\/sites\/7\/2019\/02\/ANEXO-RES-28-2017-Procedimiento-Inspeccion-Envios-Mercancias.pdf\" rel=\"noopener\" target=\"_blank\">Anexo Resol. 28 | Procedimiento de Inspecci\u00f3n de Env\u00edos y Mercanc\u00edas en los Puestos de Control Cuarentenario<\/a><\/td>\n<\/tr>\n<tr class=\"row-33 odd\">\n\t<td class=\"column-1\"><a href=\"\/ca\/wp-content\/uploads\/sites\/7\/2019\/02\/RES-25-2017-GUA-HON.pdf\" rel=\"noopener\" target=\"_blank\"><strong>Resoluci\u00f3n No. 25-2017<\/strong> | Aprueba listado de env\u00edos y mercanc\u00edas sujetos a Notificaci\u00f3n MSF<\/a><\/td>\n<\/tr>\n<tr class=\"row-34 even\">\n\t<td class=\"column-1\"><a href=\"\/ca\/wp-content\/uploads\/sites\/7\/2019\/02\/ANEXO-RES-25-2017.pdf\" rel=\"noopener\" target=\"_blank\">Anexo Resol. 25 | Listado de Env\u00edos y Mercanc\u00edas MSF Sujetos a la Notificaci\u00f3n MSF<\/a><\/td>\n<\/tr>\n<tr class=\"row-35 odd\">\n\t<td class=\"column-1\"><a href=\"\/ca\/wp-content\/uploads\/sites\/7\/2019\/02\/RES-24-2017-GUA-HON.pdf\" rel=\"noopener\" target=\"_blank\"><strong>Resoluci\u00f3n No. 24-2017<\/strong> | Aprueba listados de mercanc\u00edas de condici\u00f3n diferenciada MSF<\/a><\/td>\n<\/tr>\n<tr class=\"row-36 even\">\n\t<td class=\"column-1\"><a href=\"\/ca\/wp-content\/uploads\/sites\/7\/2019\/02\/ANEXO-RES-24-2017.pdf\" rel=\"noopener\" target=\"_blank\">Anexo Resol. 24 | Listado de Insumos Agropecuarios<\/a><\/td>\n<\/tr>\n<tr class=\"row-37 odd\">\n\t<td class=\"column-1\"><a href=\"\/ca\/wp-content\/uploads\/sites\/7\/2019\/02\/RES-23-2017-GUA-HON.pdf\" rel=\"noopener\" target=\"_blank\"><strong>Resoluci\u00f3n No. 23-2017<\/strong> | Aprueba las disposiciones para el estudio y an\u00e1lisis de riesgo MSF<\/a><\/td>\n<\/tr>\n<tr class=\"row-38 even\">\n\t<td class=\"column-1\"><a href=\"\/ca\/wp-content\/uploads\/sites\/7\/2019\/02\/ANEXOS-RES-23-I-II-III.pdf\" rel=\"noopener\" target=\"_blank\">Resoluci\u00f3n Instancia Ministerial-UA No. 23-2017 Anexos I, II y III<\/a><\/td>\n<\/tr>\n<tr class=\"row-39 odd\">\n\t<td class=\"column-1\"><a href=\"\/ca\/wp-content\/uploads\/sites\/7\/2019\/02\/RES-UA-15-2017-GUA-HON-CON-4-ANEXOS.pdf\" rel=\"noopener\" target=\"_blank\"><strong>Resoluci\u00f3n No. 15-2017<\/strong> | Aprueba formato de la Notificaci\u00f3n de Medidas Sanitarias y Fitosanitarias<\/a><\/td>\n<\/tr>\n<tr class=\"row-40 even\">\n\t<td class=\"column-1\"><a href=\"\/ca\/wp-content\/uploads\/sites\/7\/2019\/02\/RES-UA-14-2017-GUA-HON-1.pdf\" rel=\"noopener\" target=\"_blank\"><strong>Resoluci\u00f3n No. 14-2017<\/strong> | Amplia la aplicaci\u00f3n de condiciones sanitarias y fitosanitarias de env\u00edos MSF a puertos y aeropuertos<\/a><\/td>\n<\/tr>\n<tr class=\"row-41 odd\">\n\t<td class=\"column-1\"><a href=\"\/ca\/wp-content\/uploads\/sites\/7\/2019\/02\/RES-UA-07-2016-GUA-HOND.pdf\" rel=\"noopener\" target=\"_blank\"><strong>Resoluci\u00f3n No. 07-2016<\/strong> | Reconoce condiciones sanitarias o fitosanitarias para env\u00edos MSF categor\u00edas A, B y C<\/a><\/td>\n<\/tr>\n<tr class=\"row-42 even\">\n\t<td class=\"column-1\"><a href=\"\/ca\/wp-content\/uploads\/sites\/7\/2019\/02\/ANEXOS-1y2-RES-UA-07-2016-GUA-HOND.pdf\" rel=\"noopener\" target=\"_blank\">Anexos 1 y 2 de la Resoluci\u00f3n Instancia Ministerial-UA No. 07-2016<\/a><\/td>\n<\/tr>\n<\/tbody>\n<\/table>\n<!-- #tablepress-3 from cache -->\n","protected":false},"excerpt":{"rendered":"","protected":false},"author":20,"featured_media":0,"parent":299,"menu_order":0,"comment_status":"closed","ping_status":"closed","template":"page-treaty","meta":{"footnotes":""},"class_list":["post-394","page","type-page","status-publish","hentry"],"_links":{"self":[{"href":"https:\/\/infotrade.economia.gob.sv\/ca\/wp-json\/wp\/v2\/pages\/394","targetHints":{"allow":["GET"]}}],"collection":[{"href":"https:\/\/infotrade.economia.gob.sv\/ca\/wp-json\/wp\/v2\/pages"}],"about":[{"href":"https:\/\/infotrade.economia.gob.sv\/ca\/wp-json\/wp\/v2\/types\/page"}],"author":[{"embeddable":true,"href":"https:\/\/infotrade.economia.gob.sv\/ca\/wp-json\/wp\/v2\/users\/20"}],"replies":[{"embeddable":true,"href":"https:\/\/infotrade.economia.gob.sv\/ca\/wp-json\/wp\/v2\/comments?post=394"}],"version-history":[{"count":1,"href":"https:\/\/infotrade.economia.gob.sv\/ca\/wp-json\/wp\/v2\/pages\/394\/revisions"}],"predecessor-version":[{"id":396,"href":"https:\/\/infotrade.economia.gob.sv\/ca\/wp-json\/wp\/v2\/pages\/394\/revisions\/396"}],"up":[{"embeddable":true,"href":"https:\/\/infotrade.economia.gob.sv\/ca\/wp-json\/wp\/v2\/pages\/299"}],"wp:attachment":[{"href":"https:\/\/infotrade.economia.gob.sv\/ca\/wp-json\/wp\/v2\/media?parent=394"}],"curies":[{"name":"wp","href":"https:\/\/api.w.org\/{rel}","templated":true}]}}