{"id":449,"date":"2019-02-21T15:11:17","date_gmt":"2019-02-21T21:11:17","guid":{"rendered":"http:\/\/infotrade.economia.gob.sv\/ca\/?page_id=449"},"modified":"2019-02-22T13:33:39","modified_gmt":"2019-02-22T19:33:39","slug":"acceso-a-mercado-y-origen","status":"publish","type":"page","link":"https:\/\/infotrade.economia.gob.sv\/ca\/integracion-profunda\/resoluciones-y-acuerdos\/resoluciones\/acceso-a-mercado-y-origen\/","title":{"rendered":"Acceso a Mercado y Origen"},"content":{"rendered":"\n<table id=\"tablepress-4\" class=\"tablepress tablepress-id-4\">\n<thead>\n<tr class=\"row-1 odd\">\n\t<th class=\"column-1\">Acceso a Mercados y Reglas de Origen<\/th>\n<\/tr>\n<\/thead>\n<tbody class=\"row-hover\">\n<tr class=\"row-2 even\">\n\t<td class=\"column-1\"><a href=\"http:\/\/infotrade.economia.gob.sv\/ca\/wp-content\/uploads\/sites\/7\/2021\/09\/90_RIM-reforma-Reglamento-para-el-Funcionamiento-20072021.pdf\" rel=\"noopener\" target=\"_blank\"><strong>Resoluci\u00f3n No. 90-2021<\/strong> | Modificar, por sustituci\u00f3n total, el \u201cReglamento para el Funcionamiento de la Integraci\u00f3n Profunda hacia el Libre Tr\u00e1nsito de Mercanc\u00edas y de Personas Naturales entre las Rep\u00fablicasde Guatemala y Honduras\u201d y sus Ap\u00e9ndices, que fue aprobado mediante el  numeral 1 de la parte resolutiva de la Resoluci\u00f3n de la Instancia Ministerial-UA No. 17-2017, del 16 de junio del 2017, por el \u201cReglamento para el Funcionamiento de la Integraci\u00f3n Profunda hacia el Libre Tr\u00e1nsito de Mercanc\u00edas y de Personas Naturales entre los Estados Parte\u201d en la forma en que aparece en el Anexo de la presente resoluci\u00f3n y que forma parte integral de la misma<\/a><\/td>\n<\/tr>\n<tr class=\"row-3 odd\">\n\t<td class=\"column-1\"><a href=\"http:\/\/infotrade.economia.gob.sv\/ca\/wp-content\/uploads\/sites\/7\/2021\/09\/Reglamento-Operativo-GT_HN_SV-20072021.pdf\" rel=\"noopener\" target=\"_blank\"><strong>Anexo de Resoluci\u00f3n No. 90-2021<\/strong> | Reglamento para el funcionamiento de la integraci\u00f3n profunda hacia el libre transito de mercanc\u00edas y personas naturales entre los estados partes<\/a><\/td>\n<\/tr>\n<tr class=\"row-4 even\">\n\t<td class=\"column-1\"><a href=\"http:\/\/infotrade.economia.gob.sv\/ca\/wp-content\/uploads\/sites\/7\/2021\/09\/89_RIM-Listados-ROE-GT-HN-Actualizadas-junio-y-agosto-2021-20072021.pdf\" rel=\"noopener\" target=\"_blank\"><strong>Resoluci\u00f3n No. 89-2021<\/strong> | Aprobar los listados de las Mercanc\u00edas exceptuadas de libre circulaci\u00f3n por diferencias en materia de reglas de origen espec\u00edficas de los acuerdos comerciales internacionales vigentes de los Estados Parte\u201d, que aparecen en el Anexo 1 y Anexo 2 de la presente Resoluci\u00f3n y de la cual forman parte integral.<\/a><\/td>\n<\/tr>\n<tr class=\"row-5 odd\">\n\t<td class=\"column-1\"><a href=\"http:\/\/infotrade.economia.gob.sv\/ca\/wp-content\/uploads\/sites\/7\/2020\/11\/IM-UA-74-2019.pdf\" rel=\"noopener noreferrer\" target=\"_blank\">Resoluci\u00f3n No. 74-2019 | Se aprueba los listados de las mercanc\u00edas exceptuadas de libre circulaci\u00f3n por diferencias en materia de reglas de origen espec\u00edficas de los acuerdos comerciales internacionales de Guatemala y Honduras<\/a>. Se adjunta listado de origen de los acuerdos con <a href=\"http:\/\/infotrade.economia.gob.sv\/ca\/wp-content\/uploads\/sites\/7\/2020\/11\/Anexo-2-Resolucion-IM-UA-74-2019-Listas-Origen-Taiwan.pdf\" rel=\"noopener noreferrer\" target=\"_blank\">Taiw\u00e1n<\/a>, <a href=\"http:\/\/infotrade.economia.gob.sv\/ca\/wp-content\/uploads\/sites\/7\/2020\/11\/Anexo-1-Resolucion-IM-UA-74-2019-Listas-Origen-Rep.-Dominicana.pdf\" rel=\"noopener noreferrer\" target=\"_blank\">Rep. Dominicana<\/a>, <a href=\"http:\/\/infotrade.economia.gob.sv\/ca\/wp-content\/uploads\/sites\/7\/2020\/11\/Anexo-3-Resolucion-IM-UA-74-2019-Listas-Origen-Mexico.pdf\" rel=\"noopener noreferrer\" target=\"_blank\">M\u00e9xico<\/a>, <a href=\"http:\/\/infotrade.economia.gob.sv\/ca\/wp-content\/uploads\/sites\/7\/2020\/11\/Anexo-4-Resolucion-IM-UA-74-2019-Listas-Origen-Colombia.pdf\" rel=\"noopener noreferrer\" target=\"_blank\">Colombia<\/a>, <a href=\"http:\/\/infotrade.economia.gob.sv\/ca\/wp-content\/uploads\/sites\/7\/2020\/11\/Anexo-5-Resolucion-IM-UA-74-2019-Listas-Origen-Chile.pdf\" rel=\"noopener noreferrer\" target=\"_blank\">Chile<\/a> y <a href=\"http:\/\/infotrade.economia.gob.sv\/ca\/wp-content\/uploads\/sites\/7\/2020\/11\/Anexo-6-Resolucion-IM-UA-74-2019-Listas-Origen-Panama.pdf\" rel=\"noopener noreferrer\" target=\"_blank\">Panam\u00e1<\/a><\/td>\n<\/tr>\n<tr class=\"row-6 even\">\n\t<td class=\"column-1\"><a href=\"http:\/\/infotrade.economia.gob.sv\/ca\/wp-content\/uploads\/sites\/7\/2020\/11\/IM-UA-73-2019.pdf\" rel=\"noopener noreferrer\" target=\"_blank\"><strong>Resoluci\u00f3n No. 73-2019 |<\/strong> Se aprueba los listados de las mercancias excepetuadas por diferencias arancelarias en los acuerdos comerciales internacionales vigentes para Guatemala y Honduras. Correspondiente para el a\u00f1o 2019 (Anexo I) y para el a\u00f1o 2020 (Anexo II). Se deroga el numeral 2 de la parte resolutiva de la Resoluci\u00f3n 34-2018 y su anexo<\/a>. Se adjunta Anexo I para los acuerdos comerciales de <a href=\"http:\/\/infotrade.economia.gob.sv\/ca\/wp-content\/uploads\/sites\/7\/2020\/11\/ANEXO-I-RES-73-2019-Belice.pdf\" rel=\"noopener noreferrer\" target=\"_blank\">Belice<\/a>, <a href=\"http:\/\/infotrade.economia.gob.sv\/ca\/wp-content\/uploads\/sites\/7\/2020\/11\/ANEXO-I-RES-73-2019-Canada.pdf\" rel=\"noopener noreferrer\" target=\"_blank\">Canad\u00e1<\/a>, <a href=\"http:\/\/infotrade.economia.gob.sv\/ca\/wp-content\/uploads\/sites\/7\/2020\/11\/ANEXO-I-RES-73-2019-Chile.pdf\" rel=\"noopener noreferrer\" target=\"_blank\">Chile<\/a>, <a href=\"http:\/\/infotrade.economia.gob.sv\/ca\/wp-content\/uploads\/sites\/7\/2020\/11\/ANEXO-I-RES-73-2019-Colombia.pdf\" rel=\"noopener noreferrer\" target=\"_blank\">Colombia<\/a>, <a href=\"http:\/\/infotrade.economia.gob.sv\/ca\/wp-content\/uploads\/sites\/7\/2020\/11\/ANEXO-I-RES-73-2019-Corea.pdf\" rel=\"noopener noreferrer\" target=\"_blank\">Corea<\/a>, <a href=\"http:\/\/infotrade.economia.gob.sv\/ca\/wp-content\/uploads\/sites\/7\/2020\/11\/ANEXO-I-RES-73-2019-Cuba.pdf\" rel=\"noopener noreferrer\" target=\"_blank\">Cuba<\/a>, <a href=\"http:\/\/infotrade.economia.gob.sv\/ca\/wp-content\/uploads\/sites\/7\/2020\/11\/ANEXO-I-RES-73-2019-Ecuador.pdf\" rel=\"noopener noreferrer\" target=\"_blank\">Ecuador<\/a>, <a href=\"http:\/\/infotrade.economia.gob.sv\/ca\/wp-content\/uploads\/sites\/7\/2020\/11\/ANEXO-I-RES-73-2019-Mexico.pdf\" rel=\"noopener noreferrer\" target=\"_blank\">M\u00e9xico<\/a>, <a href=\"http:\/\/infotrade.economia.gob.sv\/ca\/wp-content\/uploads\/sites\/7\/2020\/11\/ANEXO-I-RES-73-2019-Panama.pdf\" rel=\"noopener noreferrer\" target=\"_blank\">Panam\u00e1<\/a>, <a href=\"http:\/\/infotrade.economia.gob.sv\/ca\/wp-content\/uploads\/sites\/7\/2020\/11\/ANEXO-I-RES-73-2019-Peru.pdf\" rel=\"noopener noreferrer\" target=\"_blank\">Per\u00fa<\/a>, <a href=\"http:\/\/infotrade.economia.gob.sv\/ca\/wp-content\/uploads\/sites\/7\/2020\/11\/ANEXO-I-RES-73-2019-Rep.-Dominicana.pdf\" rel=\"noopener noreferrer\" target=\"_blank\">Rep. Dominicana<\/a>, <a href=\"http:\/\/infotrade.economia.gob.sv\/ca\/wp-content\/uploads\/sites\/7\/2020\/11\/ANEXO-I-RES-73-2019-Taiwan.pdf\" rel=\"noopener noreferrer\" target=\"_blank\">Taiw\u00e1n<\/a>, <a href=\"http:\/\/infotrade.economia.gob.sv\/ca\/wp-content\/uploads\/sites\/7\/2020\/11\/ANEXO-I-RES-73-2019-CAFTA.pdf\" rel=\"noopener noreferrer\" target=\"_blank\">CAFTA-DR<\/a> y <a href=\"http:\/\/infotrade.economia.gob.sv\/ca\/wp-content\/uploads\/sites\/7\/2020\/11\/ANEXO-I-RES-73-2019-ADA-UE.pdf\" rel=\"noopener noreferrer\" target=\"_blank\">ADA UE<\/a>. Se adjunta Anexo II para los acuerdos comerciales de <a href=\"http:\/\/infotrade.economia.gob.sv\/ca\/wp-content\/uploads\/sites\/7\/2020\/11\/ANEXO-II-RES-73-2019-Belice.pdf\" rel=\"noopener noreferrer\" target=\"_blank\">Belice<\/a>, <a href=\"http:\/\/infotrade.economia.gob.sv\/ca\/wp-content\/uploads\/sites\/7\/2020\/11\/ANEXO-II-RES-73-2019-CAFTA.pdf\" rel=\"noopener noreferrer\" target=\"_blank\">Canad\u00e1<\/a>, <a href=\"http:\/\/infotrade.economia.gob.sv\/ca\/wp-content\/uploads\/sites\/7\/2020\/11\/ANEXO-II-RES-73-2019-Chile.pdf\" rel=\"noopener noreferrer\" target=\"_blank\">Chile<\/a>, <a href=\"http:\/\/infotrade.economia.gob.sv\/ca\/wp-content\/uploads\/sites\/7\/2020\/11\/ANEXO-II-RES-73-2019-Colombia.pdf\" rel=\"noopener noreferrer\" target=\"_blank\">Colombia<\/a>, <a href=\"http:\/\/infotrade.economia.gob.sv\/ca\/wp-content\/uploads\/sites\/7\/2020\/11\/ANEXO-II-RES-73-2019-Corea.pdf\" rel=\"noopener noreferrer\" target=\"_blank\">Corea<\/a>, <a href=\"http:\/\/infotrade.economia.gob.sv\/ca\/wp-content\/uploads\/sites\/7\/2020\/11\/ANEXO-II-RES-73-2019-Cuba.pdf\" rel=\"noopener noreferrer\" target=\"_blank\">Cuba<\/a>, <a href=\"http:\/\/infotrade.economia.gob.sv\/ca\/wp-content\/uploads\/sites\/7\/2020\/11\/ANEXO-II-RES-73-2019-Ecuador.pdf\" rel=\"noopener noreferrer\" target=\"_blank\">Ecuador<\/a>, <a href=\"http:\/\/infotrade.economia.gob.sv\/ca\/wp-content\/uploads\/sites\/7\/2020\/11\/ANEXO-II-RES-73-2019-Mexico.pdf\" rel=\"noopener noreferrer\" target=\"_blank\">M\u00e9xico<\/a>, <a href=\"http:\/\/infotrade.economia.gob.sv\/ca\/wp-content\/uploads\/sites\/7\/2020\/11\/ANEXO-II-RES-73-2019-Panama.pdf\" rel=\"noopener noreferrer\" target=\"_blank\">Panam\u00e1<\/a>, <a href=\"http:\/\/infotrade.economia.gob.sv\/ca\/wp-content\/uploads\/sites\/7\/2020\/11\/ANEXO-II-RES-73-2019-Peru.pdf\" rel=\"noopener noreferrer\" target=\"_blank\">Per\u00fa<\/a>, <a href=\"http:\/\/infotrade.economia.gob.sv\/ca\/wp-content\/uploads\/sites\/7\/2020\/11\/ANEXO-II-RES-73-2019-Rep.-Dominicana.pdf\" rel=\"noopener noreferrer\" target=\"_blank\">Rep. Dominicana<\/a>, <a href=\"http:\/\/infotrade.economia.gob.sv\/ca\/wp-content\/uploads\/sites\/7\/2020\/11\/ANEXO-II-RES-73-2019-Taiwan.pdf\" rel=\"noopener noreferrer\" target=\"_blank\">Taiw\u00e1n<\/a>, <a href=\"http:\/\/infotrade.economia.gob.sv\/ca\/wp-content\/uploads\/sites\/7\/2020\/11\/ANEXO-II-RES-73-2019-CAFTA.pdf\" rel=\"noopener noreferrer\" target=\"_blank\">CAFTA-DR<\/a> y <a href=\"http:\/\/infotrade.economia.gob.sv\/ca\/wp-content\/uploads\/sites\/7\/2020\/11\/ANEXO-II-RES-73-2019-ADA-UE.pdf\" rel=\"noopener noreferrer\" target=\"_blank\">ADA UE<\/a><\/td>\n<\/tr>\n<tr class=\"row-7 odd\">\n\t<td class=\"column-1\"><a href=\"\/ca\/wp-content\/uploads\/sites\/7\/2019\/02\/RES-IM-UA-52-2019.pdf\" rel=\"noopener noreferrer\" target=\"_blank\"><strong>Resoluci\u00f3n No. 52-2019<\/strong> | Aprueba listados mercanc\u00edas exceptuadas de libre circulaci\u00f3n por reglas origen diferenciadas<\/a><\/td>\n<\/tr>\n<tr class=\"row-8 even\">\n\t<td class=\"column-1\"><a href=\"\/ca\/wp-content\/uploads\/sites\/7\/2019\/02\/Lista-Origen-TLC-TAIWAN-GT-HN-ES.pdf\" rel=\"noopener noreferrer\" target=\"_blank\">Anexo Resoluci\u00f3n No. 52-2019 Taiwan GT-HN-ES<\/a><\/td>\n<\/tr>\n<tr class=\"row-9 odd\">\n\t<td class=\"column-1\"><a href=\"\/ca\/wp-content\/uploads\/sites\/7\/2019\/02\/Lista-Origen-TLC-Mexico-20190124.pdf\" rel=\"noopener noreferrer\" target=\"_blank\">Anexo Resoluci\u00f3n No. 52-2019 M\u00e9xico<\/a><\/td>\n<\/tr>\n<tr class=\"row-10 even\">\n\t<td class=\"column-1\"><a href=\"\/ca\/wp-content\/uploads\/sites\/7\/2019\/02\/Lista-Origen-TLC-Colombia-GT-HN-ES20190124.pdf\" rel=\"noopener noreferrer\" target=\"_blank\">Anexo Resoluci\u00f3n No. 52-2019 Colombia GT-HN-ES<\/a><\/td>\n<\/tr>\n<tr class=\"row-11 odd\">\n\t<td class=\"column-1\"><a href=\"\/ca\/wp-content\/uploads\/sites\/7\/2019\/02\/Lista-Origen-TLC-CA-RD-GT-HN-ES-20190124.pdf\" rel=\"noopener noreferrer\" target=\"_blank\">Anexo Resoluci\u00f3n No. 52-2019 RD GT-HN-ES<\/a><\/td>\n<\/tr>\n<tr class=\"row-12 even\">\n\t<td class=\"column-1\"><a href=\"\/ca\/wp-content\/uploads\/sites\/7\/2019\/02\/Lista-Origen-TLC-CA-CHILE-GT-HN-ES-20190124.pdf\" rel=\"noopener noreferrer\" target=\"_blank\">Anexo Resoluci\u00f3n No. 52-2019 Chile GT-HN-ES\t<\/a><\/td>\n<\/tr>\n<tr class=\"row-13 odd\">\n\t<td class=\"column-1\"><a href=\"\/ca\/wp-content\/uploads\/sites\/7\/2019\/02\/Lista-Origen-PI-PANAMA-GT-HN-ES-20190124.pdf\" rel=\"noopener noreferrer\" target=\"_blank\">Anexo Resoluci\u00f3n 52-2019 Panam\u00e1 GT-HN-ES<\/a><\/td>\n<\/tr>\n<tr class=\"row-14 even\">\n\t<td class=\"column-1\"><a href=\"\/ca\/wp-content\/uploads\/sites\/7\/2019\/02\/RES-50-2018-IM-ES-GT-HN.pdf\" rel=\"noopener noreferrer\" target=\"_blank\"><strong>Resoluci\u00f3n No. 50-2018<\/strong> | Modifica numeral 2, de la Resoluci\u00f3n Instancia Ministerial-UA No. 20-2017 <\/a><\/td>\n<\/tr>\n<tr class=\"row-15 odd\">\n\t<td class=\"column-1\"><a href=\"\/ca\/wp-content\/uploads\/sites\/7\/2019\/02\/RES-IM-UA-37-2018.pdf\" rel=\"noopener noreferrer\" target=\"_blank\"><strong>Resoluci\u00f3n No. 37-2018<\/strong> | Ampl\u00eda plazo numeral 2 Res. UA No. 36-2018, hasta 08-nov-2018<\/a><\/td>\n<\/tr>\n<tr class=\"row-16 even\">\n\t<td class=\"column-1\"><a href=\"\/ca\/wp-content\/uploads\/sites\/7\/2019\/02\/RESO-IM-UA-No-36-2018.pdf\" rel=\"noopener noreferrer\" target=\"_blank\"><strong>Resoluci\u00f3n No. 36-2018<\/strong> | Transitoriamente mercanc\u00edas en reg\u00edmenes especiales con FAUCA o declaraci\u00f3n mercanc\u00edas<\/a><\/td>\n<\/tr>\n<tr class=\"row-17 odd\">\n\t<td class=\"column-1\"><a href=\"\/ca\/wp-content\/uploads\/sites\/7\/2019\/02\/RES-34-2018-GUA-HON.pdf\" rel=\"noopener noreferrer\" target=\"_blank\"><strong>Resoluci\u00f3n No. 34-2018<\/strong> | Modifica Res. 10-2017, deroga Res. 19-2017, aprueba listados mercanc\u00edas exceptuadas<\/a><\/td>\n<\/tr>\n<tr class=\"row-18 even\">\n\t<td class=\"column-1\"><a href=\"\/ca\/wp-content\/uploads\/sites\/7\/2019\/02\/Anexo-Res-34-Excepciones-AAP-Belice.pdf\" rel=\"noopener noreferrer\" target=\"_blank\">Anexo Resol. 34 | Excepciones AAP Belice<\/a><\/td>\n<\/tr>\n<tr class=\"row-19 odd\">\n\t<td class=\"column-1\"><a href=\"\/ca\/wp-content\/uploads\/sites\/7\/2019\/02\/Anexo-Res-34-Excepciones-TLC-Chile.pdf\" rel=\"noopener noreferrer\" target=\"_blank\">Anexo Resol. 34 | Excepciones TLC Chile<\/a><\/td>\n<\/tr>\n<tr class=\"row-20 even\">\n\t<td class=\"column-1\"><a href=\"\/ca\/wp-content\/uploads\/sites\/7\/2019\/02\/Anexo-Res-34-Excepciones-TLC-Canad\u00e1.pdf\" rel=\"noopener noreferrer\" target=\"_blank\">Anexo Resol. 34 | Excepciones TLC Canad\u00e1<\/a><\/td>\n<\/tr>\n<tr class=\"row-21 odd\">\n\t<td class=\"column-1\"><a href=\"\/ca\/wp-content\/uploads\/sites\/7\/2019\/02\/Anexo-Res-34-Excepciones-TLC-Colombia.pdf\" rel=\"noopener noreferrer\" target=\"_blank\">Anexo Resol. 34 | Excepciones TLC Colombia<\/a><\/td>\n<\/tr>\n<tr class=\"row-22 even\">\n\t<td class=\"column-1\"><a href=\"\/ca\/wp-content\/uploads\/sites\/7\/2019\/02\/Anexo-Res-34-Excepciones-AAP-Cuba.pdf\" rel=\"noopener noreferrer\" target=\"_blank\">Anexo Resol. 34 | Excepciones AAP Cuba<\/a><\/td>\n<\/tr>\n<tr class=\"row-23 odd\">\n\t<td class=\"column-1\"><a href=\"\/ca\/wp-content\/uploads\/sites\/7\/2019\/02\/Anexo-Res-34-Excepciones-AAP-Ecuador.pdf\" rel=\"noopener noreferrer\" target=\"_blank\">Anexo Resol. 34 | Excepciones AAP Ecuador<\/a><\/td>\n<\/tr>\n<tr class=\"row-24 even\">\n\t<td class=\"column-1\"><a href=\"\/ca\/wp-content\/uploads\/sites\/7\/2019\/02\/Anexo-Res-34-Excepciones-ADA-U.Europea.pdf\" rel=\"noopener noreferrer\" target=\"_blank\">Anexo Resol. 34 | Excepciones ADA U.Europea<\/a><\/td>\n<\/tr>\n<tr class=\"row-25 odd\">\n\t<td class=\"column-1\"><a href=\"\/ca\/wp-content\/uploads\/sites\/7\/2019\/02\/Anexo-Res-34-Excepciones-TLC-M\u00e9xico.pdf\" rel=\"noopener noreferrer\" target=\"_blank\">Anexo Resol. 34 | Excepciones TLC M\u00e9xico<\/a><\/td>\n<\/tr>\n<tr class=\"row-26 even\">\n\t<td class=\"column-1\"><a href=\"\/ca\/wp-content\/uploads\/sites\/7\/2019\/02\/Anexo-Res-34-Excepciones-TLC-Panam\u00e1.pdf\" rel=\"noopener noreferrer\" target=\"_blank\">Anexo Resol. 34 | Excepciones TLC Panam\u00e1<\/a><\/td>\n<\/tr>\n<tr class=\"row-27 odd\">\n\t<td class=\"column-1\"><a href=\"\/ca\/wp-content\/uploads\/sites\/7\/2019\/02\/Anexo-Res-34-Excepciones-TLC-Per\u00fa.pdf\" rel=\"noopener noreferrer\" target=\"_blank\">Anexo Resol. 34 | Excepciones TLC Per\u00fa<\/a><\/td>\n<\/tr>\n<tr class=\"row-28 even\">\n\t<td class=\"column-1\"><a href=\"\/ca\/wp-content\/uploads\/sites\/7\/2019\/02\/Anexo-Res-34-Excepciones-TLC-Rep.-Dominic.pdf\" rel=\"noopener noreferrer\" target=\"_blank\">Anexo Resol. 34 | Excepciones TLC Rep. Dominicana<\/a><\/td>\n<\/tr>\n<tr class=\"row-29 odd\">\n\t<td class=\"column-1\"><a href=\"\/ca\/wp-content\/uploads\/sites\/7\/2019\/02\/Anexo-Res-34-Excepciones-TLC-Taiw\u00e1n.pdf\" rel=\"noopener noreferrer\" target=\"_blank\">Anexo Resol. 34 | Excepciones TLC Taiw\u00e1n<\/a><\/td>\n<\/tr>\n<tr class=\"row-30 even\">\n\t<td class=\"column-1\"><a href=\"\/ca\/wp-content\/uploads\/sites\/7\/2019\/02\/Anexo-Res-34-Excepciones-TLC-E.E.U.U..pdf\" rel=\"noopener noreferrer\" target=\"_blank\">Anexo Resol. 34 | Excepciones TLC E.E.U.U. <\/a><\/td>\n<\/tr>\n<tr class=\"row-31 odd\">\n\t<td class=\"column-1\"><a href=\"\/ca\/wp-content\/uploads\/sites\/7\/2019\/02\/RES-31-2017-GUA-HON.pdf\" rel=\"noopener noreferrer\" target=\"_blank\"><strong>Resoluci\u00f3n No. 31-2017<\/strong> | Aprueba entrada en vigencia de operaciones de libre movilidad comunitaria en aduanas<\/a><\/td>\n<\/tr>\n<tr class=\"row-32 even\">\n\t<td class=\"column-1\"><a href=\"\/ca\/wp-content\/uploads\/sites\/7\/2019\/02\/RES-21-2017-GUA-HON.pdf\" rel=\"noopener noreferrer\" target=\"_blank\"><strong>Resoluci\u00f3n No. 21-2017<\/strong> | Aprueba listado de mercanc\u00edas exceptuadas por diferencias en reglas de origen de acuerdos <\/a><\/td>\n<\/tr>\n<tr class=\"row-33 odd\">\n\t<td class=\"column-1\"><a href=\"\/ca\/wp-content\/uploads\/sites\/7\/2019\/02\/Anexo-21-Listados-de-excepci\u00f3n-segun-TLC-Origen.pdf\" rel=\"noopener noreferrer\" target=\"_blank\">Anexo Resol. 21 | Lista de C\u00f3digos Arancelarios Exceptuados de la Libre Circulaci\u00f3n por Reglas de Origen Diferentes <\/a><\/td>\n<\/tr>\n<tr class=\"row-34 even\">\n\t<td class=\"column-1\"><a href=\"\/ca\/wp-content\/uploads\/sites\/7\/2019\/02\/RES-20-2017-GUA-HON.pdf\" rel=\"noopener noreferrer\" target=\"_blank\"><strong>Resoluci\u00f3n No. 20-2017<\/strong> | Aprueba nueva categor\u00eda de mercanc\u00edas exceptuadas por diferencias en reglas de origen<\/a><\/td>\n<\/tr>\n<tr class=\"row-35 odd\">\n\t<td class=\"column-1\"><a href=\"\/ca\/wp-content\/uploads\/sites\/7\/2019\/02\/RES-19-2017-GUA-HON.pdf\" rel=\"noopener noreferrer\" target=\"_blank\"><strong>Resoluci\u00f3n No. 19-2017<\/strong> | Aprueba listado de mercanc\u00edas exceptuadas por diferencias arancelarias en acuerdos <\/a><\/td>\n<\/tr>\n<tr class=\"row-36 even\">\n\t<td class=\"column-1\"><a href=\"\/ca\/wp-content\/uploads\/sites\/7\/2019\/02\/Anexo-Res-19-Lista-Excepciones-AAP-Belice.pdf\" rel=\"noopener noreferrer\" target=\"_blank\">Anexo I Resol. 19 | Lista Excepciones - Acuerdo de Alcance Parcial Belice- Guatemala<\/a><\/td>\n<\/tr>\n<tr class=\"row-37 odd\">\n\t<td class=\"column-1\"><a href=\"\/ca\/wp-content\/uploads\/sites\/7\/2019\/02\/Anexo-Res-19-Lista-Excepciones-TLC-entre-Centroam\u00e9rica-y-Chile.pdf\" rel=\"noopener noreferrer\" target=\"_blank\">Anexo II Resol. 19 | Lista Excepciones- Tratado de Libre Comercio entre Centroam\u00e9rica y Chile<\/a><\/td>\n<\/tr>\n<tr class=\"row-38 even\">\n\t<td class=\"column-1\"><a href=\"\/ca\/wp-content\/uploads\/sites\/7\/2019\/02\/Anexo-Res-19-Lista-Excepciones-TLC-Canad\u00e1-Honduras.pdf\" rel=\"noopener noreferrer\" target=\"_blank\">Anexo III Resol. 19 |Lista Excepciones - Tratado de Libre Comercio Canad\u00e1 - Honduras<\/a><\/td>\n<\/tr>\n<tr class=\"row-39 odd\">\n\t<td class=\"column-1\"><a href=\"\/ca\/wp-content\/uploads\/sites\/7\/2019\/02\/Anexo-Res-19-Lista-Excepciones-TLC-Colombia-\u2013-Tri\u00e1ngulo-Norte-de-CA.pdf\" rel=\"noopener noreferrer\" target=\"_blank\">Anexo IV Resol. 19 |  Lista Excepciones - Tratado de Libre Comercio Colombia \u2013 Tri\u00e1ngulo Norte de CA<\/a><\/td>\n<\/tr>\n<tr class=\"row-40 even\">\n\t<td class=\"column-1\"><a href=\"\/ca\/wp-content\/uploads\/sites\/7\/2019\/02\/Anexo-Res-19-Lista-Excepciones-AAP-Cuba-Guatemala.pdf\" rel=\"noopener noreferrer\" target=\"_blank\">Anexo V Resol. 19 | Lista Excepciones - Acuerdo de Alcance Parcial Cuba-Guatemala<\/a><\/td>\n<\/tr>\n<tr class=\"row-41 odd\">\n\t<td class=\"column-1\"><a href=\"\/ca\/wp-content\/uploads\/sites\/7\/2019\/02\/Anexo-19-Lista-Excepciones-AAP-Ecuador-Guatemala.pdf\" rel=\"noopener noreferrer\" target=\"_blank\">Anexo VI Resol. 19 | Lista Excepciones - Acuerdo de Alcance Parcial Ecuador-Guatemala<\/a><\/td>\n<\/tr>\n<tr class=\"row-42 even\">\n\t<td class=\"column-1\"><a href=\"\/ca\/wp-content\/uploads\/sites\/7\/2019\/02\/Anexo-Res-19-Lista-Excepciones-ADA-Uni\u00f3n-Europea.pdf\" rel=\"noopener noreferrer\" target=\"_blank\">Anexo VII Resol. 19 | Lista Excepciones - Acuerdo de Asociaci\u00f3n Uni\u00f3n Europea<\/a><\/td>\n<\/tr>\n<tr class=\"row-43 odd\">\n\t<td class=\"column-1\"><a href=\"\/ca\/wp-content\/uploads\/sites\/7\/2019\/02\/Anexo-Res-19-Lista-Excepciones-TLC-entre-Centroam\u00e9rica-y-M\u00e9xico.pdf\" rel=\"noopener noreferrer\" target=\"_blank\">Anexo VIII Resol. 19 | Lista Excepciones -Tratado de Libre Comercio entre Centroam\u00e9rica y M\u00e9xico<\/a><\/td>\n<\/tr>\n<tr class=\"row-44 even\">\n\t<td class=\"column-1\"><a href=\"\/ca\/wp-content\/uploads\/sites\/7\/2019\/02\/Anexo-Res-19-Lista-Excepciones-TLC-entre-Centroam\u00e9rica-y-Panam\u00e1.pdf\" rel=\"noopener noreferrer\" target=\"_blank\">Anexo IX Resol. 19 | Lista Excepciones- Tratado de Libre Comercio entre Centroam\u00e9rica y Panam\u00e1<\/a><\/td>\n<\/tr>\n<tr class=\"row-45 odd\">\n\t<td class=\"column-1\"><a href=\"\/ca\/wp-content\/uploads\/sites\/7\/2019\/02\/Anexo-Res-19-Lista-Excepciones-TLC-Per\u00fa-Honduras.pdf\" rel=\"noopener noreferrer\" target=\"_blank\">Anexo X Resol. 19 | Lista Excepciones - Tratado de Libre Comercio Per\u00fa - Honduras<\/a><\/td>\n<\/tr>\n<tr class=\"row-46 even\">\n\t<td class=\"column-1\"><a href=\"\/ca\/wp-content\/uploads\/sites\/7\/2019\/02\/Anexo-Res-19-Lista-Excepciones-TLC-entre-Centroam\u00e9rica-y-RD.pdf\" rel=\"noopener noreferrer\" target=\"_blank\">Anexo XI Resol. 19 | Lista Excepciones -Tratado de Libre Comercio entre Centroam\u00e9rica y RD<\/a><\/td>\n<\/tr>\n<tr class=\"row-47 odd\">\n\t<td class=\"column-1\"><a href=\"\/ca\/wp-content\/uploads\/sites\/7\/2019\/02\/Anexo-Res-19-Lista-Excepciones-TLC-con-la-Rep\u00fablica-de-Taiw\u00e1n.pdf\" rel=\"noopener noreferrer\" target=\"_blank\">Anexo XII Resol. 19 | Lista Excepciones - Tratado de Libre Comercio con la Rep\u00fablica de Taiw\u00e1n<\/a><\/td>\n<\/tr>\n<tr class=\"row-48 even\">\n\t<td class=\"column-1\"><a href=\"\/ca\/wp-content\/uploads\/sites\/7\/2019\/02\/Anexo-Res-19-Lista-Excepciones-TLC-Estados-Unidos-Centroam\u00e9rica.pdf\" rel=\"noopener noreferrer\" target=\"_blank\">Anexo XIII Resol. 19 | Lista Excepciones - Tratado de Libre Comercio Estados Unidos-Centroam\u00e9rica<\/a><\/td>\n<\/tr>\n<tr class=\"row-49 odd\">\n\t<td class=\"column-1\"><a href=\"\/ca\/wp-content\/uploads\/sites\/7\/2019\/02\/RES-10-2017-UA-GUA-HON.pdf\" rel=\"noopener noreferrer\" target=\"_blank\"><strong>Resoluci\u00f3n No. 10-2017<\/strong> | Aprueba incorporaci\u00f3n de productos al r\u00e9gimen de excepciones a la libre circulaci\u00f3n<\/a><\/td>\n<\/tr>\n<tr class=\"row-50 even\">\n\t<td class=\"column-1\"><a href=\"\/ca\/wp-content\/uploads\/sites\/7\/2019\/02\/RES-09-2017-UA-GUA-HON.pdf\" rel=\"noopener noreferrer\" target=\"_blank\"><strong>Resoluci\u00f3n No. 09-2017<\/strong> | Aprueba listado de productos exceptuados de libre circulaci\u00f3n<\/a><\/td>\n<\/tr>\n<\/tbody>\n<\/table>\n<!-- #tablepress-4 from cache -->\n","protected":false},"excerpt":{"rendered":"","protected":false},"author":20,"featured_media":0,"parent":299,"menu_order":0,"comment_status":"closed","ping_status":"closed","template":"page-treaty","meta":{"footnotes":""},"class_list":["post-449","page","type-page","status-publish","hentry"],"_links":{"self":[{"href":"https:\/\/infotrade.economia.gob.sv\/ca\/wp-json\/wp\/v2\/pages\/449","targetHints":{"allow":["GET"]}}],"collection":[{"href":"https:\/\/infotrade.economia.gob.sv\/ca\/wp-json\/wp\/v2\/pages"}],"about":[{"href":"https:\/\/infotrade.economia.gob.sv\/ca\/wp-json\/wp\/v2\/types\/page"}],"author":[{"embeddable":true,"href":"https:\/\/infotrade.economia.gob.sv\/ca\/wp-json\/wp\/v2\/users\/20"}],"replies":[{"embeddable":true,"href":"https:\/\/infotrade.economia.gob.sv\/ca\/wp-json\/wp\/v2\/comments?post=449"}],"version-history":[{"count":2,"href":"https:\/\/infotrade.economia.gob.sv\/ca\/wp-json\/wp\/v2\/pages\/449\/revisions"}],"predecessor-version":[{"id":470,"href":"https:\/\/infotrade.economia.gob.sv\/ca\/wp-json\/wp\/v2\/pages\/449\/revisions\/470"}],"up":[{"embeddable":true,"href":"https:\/\/infotrade.economia.gob.sv\/ca\/wp-json\/wp\/v2\/pages\/299"}],"wp:attachment":[{"href":"https:\/\/infotrade.economia.gob.sv\/ca\/wp-json\/wp\/v2\/media?parent=449"}],"curies":[{"name":"wp","href":"https:\/\/api.w.org\/{rel}","templated":true}]}}