{"id":51,"date":"2015-06-16T12:41:41","date_gmt":"2015-06-16T18:41:41","guid":{"rendered":"http:\/\/www.minec.gob.sv\/comercioexterior\/ca\/?page_id=51"},"modified":"2016-09-28T23:46:18","modified_gmt":"2016-09-29T05:46:18","slug":"guia-explicativa-rtca-medicamento-alimentos","status":"publish","type":"page","link":"https:\/\/infotrade.economia.gob.sv\/ca\/material-didactico\/guia-explicativa-rtca-medicamento-alimentos\/","title":{"rendered":"Gu\u00eda explicativa RTCA Medicamento-Alimentos"},"content":{"rendered":"<div id=\"pl-51\"  class=\"panel-layout\" ><div id=\"pg-51-0\"  class=\"panel-grid panel-no-style\" ><div id=\"pgc-51-0-0\"  class=\"panel-grid-cell\" ><div id=\"panel-51-0-0-0\" class=\"so-panel widget widget_sow-image panel-first-child panel-last-child\" data-index=\"0\" ><div class=\"so-widget-sow-image so-widget-sow-image-default-17bc2272b535-51\">\n\n<div class=\"sow-image-container\">\n\t\t\t<a\n\t\t\thref=\"\/ca\/wp-content\/uploads\/sites\/7\/2016\/09\/FCOLOR-GUIA-SOBRE-REGLAMENTO.pdf\"\n\t\t\ttarget=\"_blank\" rel=\"noopener noreferrer\" \t\t>\n\t\t\t<img decoding=\"async\" src=\"https:\/\/infotrade.economia.gob.sv\/ca\/wp-content\/uploads\/sites\/7\/2016\/01\/guia_rtca-200x300.jpg\" width=\"200\" height=\"300\" srcset=\"https:\/\/infotrade.economia.gob.sv\/ca\/wp-content\/uploads\/sites\/7\/2016\/01\/guia_rtca-200x300.jpg 200w, https:\/\/infotrade.economia.gob.sv\/ca\/wp-content\/uploads\/sites\/7\/2016\/01\/guia_rtca.jpg 400w\" sizes=\"auto, (max-width: 200px) 100vw, 200px\" alt=\"\" loading=\"lazy\" \t\tclass=\"so-widget-image\"\/>\n\t<\/a><\/div>\n\n<\/div><\/div><\/div><div id=\"pgc-51-0-1\"  class=\"panel-grid-cell\" ><div id=\"panel-51-0-1-0\" class=\"so-panel widget widget_sow-editor panel-first-child\" data-index=\"1\" ><div class=\"so-widget-sow-editor so-widget-sow-editor-base\">\n<div class=\"siteorigin-widget-tinymce textwidget\">\n\t<h4>Gu\u00eda pr\u00e1ctica sobre Reglamentos T\u00e9cnicos Centroamericanos<\/h4>\n<p>(RCTA) de alimentos procesados (alimentos y bebidas) y de medicamentos y productos afines<\/p>\n<\/div>\n<\/div><\/div><div id=\"panel-51-0-1-1\" class=\"so-panel widget widget_sow-button panel-last-child\" data-index=\"2\" ><div class=\"so-widget-sow-button so-widget-sow-button-flat-7dbc60098426-51\"><div class=\"ow-button-base ow-button-align-left\">\n\t<a href=\"\/ca\/wp-content\/uploads\/sites\/7\/2016\/09\/FCOLOR-GUIA-SOBRE-REGLAMENTO.pdf\" class=\"ow-icon-placement-left ow-button-hover\" target=\"_blank\" rel=\"noopener noreferrer\" \t\t>\n\t\t<span>\n\t\t\t<span class=\"sow-icon-fontawesome sow-fas\" data-sow-icon=\"&#xf31e;\"\n\t\t ><\/span>\n\t\t\tConsultar\t\t<\/span>\n\t<\/a>\n<\/div>\n<\/div><\/div><\/div><\/div><\/div>","protected":false},"excerpt":{"rendered":"<p>Gu\u00eda pr\u00e1ctica sobre Reglamentos T\u00e9cnicos Centroamericanos(RCTA) de alimentos procesados (alimentos y bebidas) y de medicamentos y productos afines<\/p>\n","protected":false},"author":1,"featured_media":0,"parent":18,"menu_order":0,"comment_status":"closed","ping_status":"closed","template":"page-treaty","meta":{"footnotes":""},"class_list":["post-51","page","type-page","status-publish","hentry"],"_links":{"self":[{"href":"https:\/\/infotrade.economia.gob.sv\/ca\/wp-json\/wp\/v2\/pages\/51","targetHints":{"allow":["GET"]}}],"collection":[{"href":"https:\/\/infotrade.economia.gob.sv\/ca\/wp-json\/wp\/v2\/pages"}],"about":[{"href":"https:\/\/infotrade.economia.gob.sv\/ca\/wp-json\/wp\/v2\/types\/page"}],"author":[{"embeddable":true,"href":"https:\/\/infotrade.economia.gob.sv\/ca\/wp-json\/wp\/v2\/users\/1"}],"replies":[{"embeddable":true,"href":"https:\/\/infotrade.economia.gob.sv\/ca\/wp-json\/wp\/v2\/comments?post=51"}],"version-history":[{"count":6,"href":"https:\/\/infotrade.economia.gob.sv\/ca\/wp-json\/wp\/v2\/pages\/51\/revisions"}],"predecessor-version":[{"id":172,"href":"https:\/\/infotrade.economia.gob.sv\/ca\/wp-json\/wp\/v2\/pages\/51\/revisions\/172"}],"up":[{"embeddable":true,"href":"https:\/\/infotrade.economia.gob.sv\/ca\/wp-json\/wp\/v2\/pages\/18"}],"wp:attachment":[{"href":"https:\/\/infotrade.economia.gob.sv\/ca\/wp-json\/wp\/v2\/media?parent=51"}],"curies":[{"name":"wp","href":"https:\/\/api.w.org\/{rel}","templated":true}]}}