{"id":53,"date":"2015-06-16T12:42:13","date_gmt":"2015-06-16T18:42:13","guid":{"rendered":"http:\/\/www.minec.gob.sv\/comercioexterior\/ca\/?page_id=53"},"modified":"2018-02-02T15:01:40","modified_gmt":"2018-02-02T21:01:40","slug":"fichas-tecnicas-de-productos","status":"publish","type":"page","link":"https:\/\/infotrade.economia.gob.sv\/ca\/material-didactico\/fichas-tecnicas-de-productos\/","title":{"rendered":"Fichas t\u00e9cnicas de productos"},"content":{"rendered":"<div class=\"table-responsive\">\n<table class=\"table table-bordered table-striped table-hover\">\n<tbody>\n<tr>\n<td width=\"567\"><strong>Fichas T\u00e9cnicas<\/strong><\/td>\n<td width=\"129\"><strong>\u00a0<\/strong><\/td>\n<\/tr>\n<tr>\n<td width=\"567\">1. Animales Vivos<\/td>\n<td width=\"129\"><a href=\"\/ca\/wp-content\/uploads\/sites\/7\/2018\/02\/1-FT-Animales-vivos-Cap\u00edtulo-01.pdf\" target=\"_blank\" rel=\"noopener\">Descargar<\/a><\/td>\n<\/tr>\n<tr>\n<td width=\"567\">2. Peces, Pescados y Crust\u00e1ceos<\/td>\n<td width=\"129\"><a href=\"http:\/\/infotrade.economia.gob.sv\/wp-content\/uploads\/2-FT-Pescados-Partida-03.01-03.06.pdf\" target=\"_blank\" rel=\"noopener\">Descargar<\/a><\/td>\n<\/tr>\n<tr>\n<td width=\"567\">3. Plantas Vivas y Productos de la Floricultura<\/td>\n<td width=\"129\"><a href=\"\/ca\/wp-content\/uploads\/sites\/7\/2018\/02\/3-FT-Plantas-vivas-Cap\u00edtulo-06.pdf\" target=\"_blank\" rel=\"noopener\">Descargar<\/a><\/td>\n<\/tr>\n<tr>\n<td width=\"567\">4. Hortalizas, plantas, ra\u00edces y tub\u00e9rculos alimenticios<\/td>\n<td width=\"129\"><a href=\"\/ca\/wp-content\/uploads\/sites\/7\/2018\/02\/4-FT-Hortalizas-plantas-otros-Cap\u00edtulo-07.pdf\" target=\"_blank\" rel=\"noopener\">Descargar<\/a><\/td>\n<\/tr>\n<tr>\n<td width=\"567\">5. Frutas y frutos comestibles; cortezas de agrios (c\u00edtricos), melones o sand\u00edas<\/td>\n<td width=\"129\"><a href=\"\/ca\/wp-content\/uploads\/sites\/7\/2018\/02\/5-FT-Frutos-y-frutas-Cap\u00edtulo-08.pdf\" target=\"_blank\" rel=\"noopener\">Descargar<\/a><\/td>\n<\/tr>\n<tr>\n<td width=\"567\">6. Especias<\/td>\n<td width=\"129\"><a href=\"http:\/\/infotrade.economia.gob.sv\/wp-content\/uploads\/6-FT-Especias-Partida-09.04-09.10.pdf\" target=\"_blank\" rel=\"noopener\">Descargar<\/a><\/td>\n<\/tr>\n<tr>\n<td width=\"567\">7. Extractos y jugos de carne, pescado o de crust\u00e1ceos, moluscos o dem\u00e1s invertebrados acu\u00e1ticos<\/td>\n<td width=\"129\"><a href=\"http:\/\/infotrade.economia.gob.sv\/wp-content\/uploads\/7-FT-Preparaciones-atun-Partida-16.03-16.04.pdf\" target=\"_blank\" rel=\"noopener\">Descargar<\/a><\/td>\n<\/tr>\n<tr>\n<td width=\"567\">\u00a08. Art\u00edculos de Confiter\u00eda sin cacao (incluyendo el chocolate blanco)<\/td>\n<td width=\"129\"><a href=\"http:\/\/infotrade.economia.gob.sv\/wp-content\/uploads\/8-FT-Confites-Partida-17.04.pdf\" target=\"_blank\" rel=\"noopener\">Descargar<\/a><\/td>\n<\/tr>\n<tr>\n<td width=\"567\">\u00a09. Chocolate y dem\u00e1s preparaciones alimenticias que contengan cacao<\/td>\n<td width=\"129\"><a href=\"http:\/\/infotrade.economia.gob.sv\/wp-content\/uploads\/9-FT-Chocolates-Partida-18.06.pdf\" target=\"_blank\" rel=\"noopener\">Descargar <\/a><\/td>\n<\/tr>\n<tr>\n<td width=\"567\">\u00a010. Medicamentos<\/td>\n<td width=\"129\"><a href=\"http:\/\/infotrade.economia.gob.sv\/wp-content\/uploads\/10-FT-Medicamentos-Partida-30.04.pdf\" target=\"_blank\" rel=\"noopener\">Descargar<\/a><\/td>\n<\/tr>\n<tr>\n<td width=\"567\">\u00a011. Manufacturas de pl\u00e1stico<\/td>\n<td width=\"129\"><a href=\"http:\/\/infotrade.economia.gob.sv\/wp-content\/uploads\/11-FT-Manufacturas-plastico-Partida-39.20-39.26.pdf\" target=\"_blank\" rel=\"noopener\">Descargar<\/a><\/td>\n<\/tr>\n<tr>\n<td width=\"567\">\u00a012. Calzado<\/td>\n<td width=\"129\"><a href=\"\/ca\/wp-content\/uploads\/sites\/7\/2018\/02\/12-FT-Calzado-Cap\u00edtulo-64.pdf\" target=\"_blank\" rel=\"noopener\">Descargar<\/a><\/td>\n<\/tr>\n<tr>\n<td width=\"567\">\u00a013. Manufacturas de aluminio<\/td>\n<td width=\"129\"><a href=\"http:\/\/infotrade.economia.gob.sv\/wp-content\/uploads\/13-FT-Manufacturas-Aluminio-Partida-76.07.pdf\" target=\"_blank\" rel=\"noopener\">Descargar<\/a><\/td>\n<\/tr>\n<tr>\n<td width=\"567\">\u00a014. Herramientas agr\u00edcolas<\/td>\n<td width=\"129\"><a href=\"http:\/\/infotrade.economia.gob.sv\/wp-content\/uploads\/14-FT-Herramientas-agricolas-Partida-82.01.pdf\" target=\"_blank\" rel=\"noopener\">Descargar<\/a><\/td>\n<\/tr>\n<tr>\n<td width=\"567\">\u00a015. Mochilas rociadoras<\/td>\n<td width=\"129\"><a href=\"http:\/\/infotrade.economia.gob.sv\/wp-content\/uploads\/15-FT-Mochilas-rociadoras-Partida-84.24.pdf\" target=\"_blank\" rel=\"noopener\">Descargar<\/a><\/td>\n<\/tr>\n<\/tbody>\n<\/table>\n<\/div>\n","protected":false},"excerpt":{"rendered":"<p>Fichas T\u00e9cnicas \u00a0 1. Animales Vivos Descargar 2. Peces, Pescados y Crust\u00e1ceos Descargar 3. Plantas Vivas y Productos de la Floricultura Descargar 4. Hortalizas, plantas, ra\u00edces y tub\u00e9rculos alimenticios Descargar 5. Frutas y frutos comestibles; cortezas de agrios (c\u00edtricos), melones o sand\u00edas Descargar 6. Especias Descargar 7. Extractos y jugos de carne, pescado o de [&hellip;]<\/p>\n","protected":false},"author":1,"featured_media":0,"parent":18,"menu_order":0,"comment_status":"closed","ping_status":"closed","template":"page-treaty","meta":{"footnotes":""},"class_list":["post-53","page","type-page","status-publish","hentry"],"_links":{"self":[{"href":"https:\/\/infotrade.economia.gob.sv\/ca\/wp-json\/wp\/v2\/pages\/53","targetHints":{"allow":["GET"]}}],"collection":[{"href":"https:\/\/infotrade.economia.gob.sv\/ca\/wp-json\/wp\/v2\/pages"}],"about":[{"href":"https:\/\/infotrade.economia.gob.sv\/ca\/wp-json\/wp\/v2\/types\/page"}],"author":[{"embeddable":true,"href":"https:\/\/infotrade.economia.gob.sv\/ca\/wp-json\/wp\/v2\/users\/1"}],"replies":[{"embeddable":true,"href":"https:\/\/infotrade.economia.gob.sv\/ca\/wp-json\/wp\/v2\/comments?post=53"}],"version-history":[{"count":9,"href":"https:\/\/infotrade.economia.gob.sv\/ca\/wp-json\/wp\/v2\/pages\/53\/revisions"}],"predecessor-version":[{"id":275,"href":"https:\/\/infotrade.economia.gob.sv\/ca\/wp-json\/wp\/v2\/pages\/53\/revisions\/275"}],"up":[{"embeddable":true,"href":"https:\/\/infotrade.economia.gob.sv\/ca\/wp-json\/wp\/v2\/pages\/18"}],"wp:attachment":[{"href":"https:\/\/infotrade.economia.gob.sv\/ca\/wp-json\/wp\/v2\/media?parent=53"}],"curies":[{"name":"wp","href":"https:\/\/api.w.org\/{rel}","templated":true}]}}