{"id":57,"date":"2015-06-16T12:51:20","date_gmt":"2015-06-16T18:51:20","guid":{"rendered":"http:\/\/www.minec.gob.sv\/comercioexterior\/ca\/?page_id=57"},"modified":"2026-03-13T10:29:44","modified_gmt":"2026-03-13T16:29:44","slug":"marco-normativo","status":"publish","type":"page","link":"https:\/\/infotrade.economia.gob.sv\/ca\/marco-normativo\/","title":{"rendered":"Marco Normativo"},"content":{"rendered":"<ol>\n<li><strong>Tratado General de Integraci\u00f3n Econ\u00f3mica Centroamericana<\/strong>\n<ul>\n<li><a href=\"\/ca\/wp-content\/uploads\/sites\/7\/2016\/09\/marco_normativo_1-Tratado-General-de-Integracion-Economica-Centroamericana.pdf\" target=\"_blank\" rel=\"noopener\"><span style=\"color: #0000ff;\">Tratado General de Integraci\u00f3n Econ\u00f3mica Centroamericana<\/span><\/a><\/li>\n<li><a href=\"\/ca\/wp-content\/uploads\/sites\/7\/2016\/09\/marco_normativo_1-Anexo-A-del-Tratado-General-de-Integracion-Econmica-CA.pdf\" target=\"_blank\" rel=\"noopener\"><span style=\"color: #0000ff;\">Anexo A del Tratado General de Integraci\u00f3n Econ\u00f3mica Centroamericana<\/span><\/a><\/li>\n<li><span style=\"color: #0000ff;\"><a style=\"color: #0000ff;\" href=\"\/ca\/wp-content\/uploads\/sites\/7\/2019\/03\/modelo_fauca.pdf\" target=\"_blank\" rel=\"noopener\">Formulario Aduanero \u00danico Centroamericano<\/a>.<\/span><\/li>\n<\/ul>\n<\/li>\n<li><strong>Protocolo al Tratado General de Integraci\u00f3n Econ\u00f3mica Centroamericana<\/strong>\n<ul>\n<li><a href=\"\/ca\/wp-content\/uploads\/sites\/7\/2015\/06\/2-Protocolo-al-Tratado-General-de-IECA-Protocolo-de-Guatemala.pdf\" target=\"_blank\" rel=\"noopener\"><span style=\"color: #0000ff;\">Protocolo al Tratado General de Integraci\u00f3n Econ\u00f3mica Centroamericana- Protocolo de Guatemala<\/span><\/a><\/li>\n<li><a href=\"\/ca\/wp-content\/uploads\/sites\/7\/2015\/06\/2-Protocolo-de-Tegucigalpa-a-la-Carta-de-la-ODECA.pdf\" target=\"_blank\" rel=\"noopener\"><span style=\"color: #0000ff;\">Protocolo de Tegucigalpa a la Carta de la Organizaci\u00f3n de Estados Centroamericanos (ODECA)<\/span><\/a><\/li>\n<li><a href=\"\/ca\/wp-content\/uploads\/sites\/7\/2015\/06\/2-Enmienda-al-Protocolo-de-Tegucigalpa.pdf\" target=\"_blank\" rel=\"noopener\"><span style=\"color: #0000ff;\">Enmienda al Protocolo de Tegucigalpa.<\/span><\/a><\/li>\n<\/ul>\n<\/li>\n<li><strong>Convenio Marco para el Establecimiento de la Uni\u00f3n Aduanera Centroamericana<\/strong>\n<ul>\n<li><a href=\"\/ca\/wp-content\/uploads\/sites\/7\/2015\/06\/3-Convenio-Marco-para-el-Establecimiento-de-la-UAC.pdf\" target=\"_blank\" rel=\"noopener\"><span style=\"color: #0000ff;\">Convenio Marco para el Establecimiento de la Uni\u00f3n Aduanera Centroamericana<\/span><\/a><\/li>\n<li><a href=\"\/ca\/wp-content\/uploads\/sites\/7\/2015\/06\/3-Convenio-Marco-para-el-Establecimiento-de-una-UAduanera-SV-y-GT.pdf\" target=\"_blank\" rel=\"noopener\"><span style=\"color: #0000ff;\">Convenio Marco para el Establecimiento de la Uni\u00f3n Aduanera El Salvador y Guatemala<\/span><\/a><\/li>\n<\/ul>\n<\/li>\n<li><strong>R\u00e9gimen Arancelario y Aduanero Centroamericano<\/strong>\n<ul>\n<li><a href=\"\/ca\/wp-content\/uploads\/sites\/7\/2016\/09\/marco_normativo_4-Convenio-sobre-el-Regimen-Arancelario-y-Aduanero-Centroamericano.pdf\" target=\"_blank\" rel=\"noopener\"><span style=\"color: #0000ff;\">Convenio sobre el R\u00e9gimen Arancelario y Aduanero Centroamericano<\/span><\/a><\/li>\n<li><a href=\"\/ca\/wp-content\/uploads\/sites\/7\/2016\/09\/marco_normativo_4-Protocolo-al-Convenio-sobre-el-Regimen-Arancelario-y-Aduanero-Centroamericano.pdf\" target=\"_blank\" rel=\"noopener\"><span style=\"color: #0000ff;\">Protocolo al Convenio sobre el R\u00e9gimen Arancelario y Aduanero Centroamericano<\/span><\/a><\/li>\n<li><a href=\"\/ca\/wp-content\/uploads\/sites\/7\/2016\/09\/marco_normativo_4-Segundo-Protocolo-al-Convenio-sobre-el-R\u00e9gimen-Arancelario-y-Aduanero-Centroamericano.pdf\" target=\"_blank\" rel=\"noopener\"><span style=\"color: #0000ff;\">Segundo Protocolo al Convenio sobre el R\u00e9gimen Arancelario y Aduanero Centroamericano<\/span><\/a><\/li>\n<li><a href=\"\/ca\/wp-content\/uploads\/sites\/7\/2016\/09\/marco_normativo_4-Tercer-Protocolo-al-Convenio-sobre-el-Regimen-Arancelario-y-Aduanero-Centroamericano.pdf\" target=\"_blank\" rel=\"noopener\"><span style=\"color: #0000ff;\">Tercer Protocolo al Convenio sobre el R\u00e9gimen Arancelario y Aduanero Centroamericano<\/span><\/a><\/li>\n<li><a href=\"\/ca\/wp-content\/uploads\/sites\/7\/2016\/09\/marco_normativo_4-Convenio-de-Asistencia-Mutua-y-Cooperacion-entre-las-administarciones-tributarias-y-aduaneras.pdf\" target=\"_blank\" rel=\"noopener\"><span style=\"color: #0000ff;\">Convenio de Asistencia Mutua y Cooperaci\u00f3n entre las administraciones tributarias y aduaneras<\/span><\/a><\/li>\n<li><a href=\"\/ca\/wp-content\/uploads\/sites\/7\/2016\/09\/marco_normativo_4-Codigo-Aduanero-Uniforme-Centroamericano-CAUCA.pdf\" target=\"_blank\" rel=\"noopener\"><span style=\"color: #0000ff;\">C\u00f3digo Aduanero Uniforme Centroamericano.<\/span><\/a><\/li>\n<\/ul>\n<\/li>\n<li><strong>Reglamento Centroamericano sobre el Origen de las Mercanc\u00edas<\/strong>\n<ul>\n<li><a href=\"\/ca\/wp-content\/uploads\/sites\/7\/2016\/09\/marco_normativo_5-Resolucion-268-2011.pdf\" target=\"_blank\" rel=\"noopener\"><span style=\"color: #0000ff;\">Resoluci\u00f3n No. 268-2011<\/span><\/a><\/li>\n<li><a href=\"\/ca\/wp-content\/uploads\/sites\/7\/2016\/09\/marco_normativo_5-Anexo-Res.-268-2011-Reglamento-Centroamericano-sobre-el-Origen-de-las-Mercancias.pdf\" target=\"_blank\" rel=\"noopener\"><span style=\"color: #0000ff;\">Anexo Resoluci\u00f3n No. 268-2011<\/span><\/a><\/li>\n<li><a href=\"http:\/\/infotrade.economia.gob.sv\/ca\/wp-content\/uploads\/sites\/7\/2021\/09\/1-RESOLUCION-N\u00b0-449-2021-COMIECO-XCV-1.pdf\" target=\"_blank\" rel=\"noopener\"><span style=\"color: #0000ff;\">Resoluci\u00f3n No 449-2021(COMIECO XCV)<\/span><\/a><\/li>\n<li><a href=\"http:\/\/infotrade.economia.gob.sv\/ca\/wp-content\/uploads\/sites\/7\/2021\/09\/2-ANEXO-RESOLUCION-N\u00b0-449-2021-COMIECO-XCV-1.pdf\" target=\"_blank\" rel=\"noopener\"><span style=\"color: #0000ff;\">Anexo Resoluci\u00f3n No 449-2021(COMIECO XCV)<\/span> <\/a><\/li>\n<li><span style=\"color: #0000ff;\"><a style=\"color: #0000ff;\" href=\"http:\/\/infotrade.economia.gob.sv\/ca\/wp-content\/uploads\/sites\/7\/2023\/07\/RESOLUCION-N\u00b0-461-2022-COMIECO-C.pdf\">Resoluci\u00f3n No. 461-2022 (COMIECO-C)<\/a><\/span><\/li>\n<li><span style=\"color: #0000ff;\"><a style=\"color: #0000ff;\" href=\"http:\/\/infotrade.economia.gob.sv\/ca\/wp-content\/uploads\/sites\/7\/2023\/07\/ANEXO-RESOLUCION-COMIECO-461-2022-COMIECO-C.pdf\">Anexo Resoluci\u00f3n No. 461-2022 (COMIECO-C)<\/a><\/span><\/li>\n<\/ul>\n<\/li>\n<li><strong>Reglamento sobre el R\u00e9gimen de Tr\u00e1nsito Aduanero Internacional<\/strong>\n<ul>\n<li><a href=\"\/ca\/wp-content\/uploads\/sites\/7\/2016\/09\/marco_normativo_6-Resolucion-No.-65-2011-COMRIEDRE.pdf\" target=\"_blank\" rel=\"noopener\"><span style=\"color: #0000ff;\">Resoluci\u00f3n No. 65-2001- COMIEDRE<\/span><\/a><\/li>\n<li><a href=\"\/ca\/wp-content\/uploads\/sites\/7\/2016\/09\/marco_normativo_6-Acuerdo-No.-02-2007-COMIECO-XLVII.pdf\" target=\"_blank\" rel=\"noopener\"><span style=\"color: #0000ff;\">Acuerdo No. 02-2007<\/span><\/a><\/li>\n<li><a href=\"\/ca\/wp-content\/uploads\/sites\/7\/2016\/09\/marco_normativo_6-Anexo-sobre-el-Regimen-de-Transito-Aduanero.pdf\" target=\"_blank\" rel=\"noopener\"><span style=\"color: #0000ff;\">Anexo sobre el R\u00e9gimen de Tr\u00e1nsito Aduanero.<\/span> <\/a><\/li>\n<\/ul>\n<\/li>\n<li><strong>Reglamento Centroamericano de Medida de Normalizaci\u00f3n, Metrolog\u00eda y Procedimiento de Autorizaci\u00f3n<\/strong>\n<ul>\n<li><a href=\"\/ca\/wp-content\/uploads\/sites\/7\/2016\/09\/marco_normativo_7-Reglamento-Centroamericano-de-Medidas-de-Normalizacion-Metrologia-y-Procedimiento-de-Autorizacion.pdf\" target=\"_blank\" rel=\"noopener\"><span style=\"color: #0000ff;\">Resoluci\u00f3n No. 37-99<\/span><\/a><\/li>\n<\/ul>\n<\/li>\n<li><strong>Reglamento Centroamericano sobre Medidas y Procedimientos Sanitarios y Fitosanitarios<\/strong>\n<ul>\n<li><a href=\"\/ca\/wp-content\/uploads\/sites\/7\/2015\/06\/8-Anexo-Resol-No.-271-2011Medidas-Procedimientos-Sanitarios.pdf\" target=\"_blank\" rel=\"noopener\"><span style=\"color: #0000ff;\">Resoluci\u00f3n No. 271-2011<\/span><\/a><\/li>\n<li><a href=\"http:\/\/infotrade.economia.gob.sv\/wp-content\/uploads\/reso-460-2022.pdf\"><span style=\"color: #0000ff;\">Resoluci\u00f3n No. 460-2022 Anexo V y VI Listado de Productos Categorizados Salud Animal y Listado de Productos Vegetal Categorizados.<\/span><\/a><\/li>\n<\/ul>\n<\/li>\n<li><strong>Reglamento Centroamericano sobre Pr\u00e1cticas Desleales de Comercio<\/strong>\n<ul>\n<li><a href=\"\/ca\/wp-content\/uploads\/sites\/7\/2015\/06\/9-resolucion-193-2007.pdf\" target=\"_blank\" rel=\"noopener\"><span style=\"color: #0000ff;\">Resoluci\u00f3n No. 193-2007<\/span><\/a><\/li>\n<\/ul>\n<\/li>\n<li><strong>Reglamento Centroamericano sobre Medidas de Salvaguardia<\/strong>\n<ul>\n<li><a href=\"\/ca\/wp-content\/uploads\/sites\/7\/2015\/06\/10-RESOLUCION-194-2007-Medidas-de-Salvaguardia.pdf\" target=\"_blank\" rel=\"noopener\"><span style=\"color: #0000ff;\">Resoluci\u00f3n No. 194-2007<\/span><\/a><\/li>\n<\/ul>\n<\/li>\n<li><strong>Mecanismo de Soluci\u00f3n de Controversias Comerciales entre Centroam\u00e9rica<\/strong>\n<ul>\n<li><a href=\"\/ca\/wp-content\/uploads\/sites\/7\/2016\/09\/marco_normativo_11-ResolucionNo170-2006.pdf\" target=\"_blank\" rel=\"noopener\"><span style=\"color: #0000ff;\">Resoluci\u00f3n No. 170-2006<\/span><\/a><\/li>\n<li><a href=\"\/ca\/wp-content\/uploads\/sites\/7\/2016\/09\/marco_normativo_11-ANEXO-1-RES-170-2006.pdf\" target=\"_blank\" rel=\"noopener\"><span style=\"color: #0000ff;\">Anexo 1 Resoluci\u00f3n No. 170-2006<\/span><\/a><\/li>\n<li><a href=\"\/ca\/wp-content\/uploads\/sites\/7\/2016\/09\/marco_normativo_11-Anexo-2-RES-170-2006.pdf\" target=\"_blank\" rel=\"noopener\"><span style=\"color: #0000ff;\">Anexo 2 Resoluci\u00f3n No. 170-2006<\/span><\/a><\/li>\n<li><a href=\"\/ca\/wp-content\/uploads\/sites\/7\/2016\/09\/marco_normativo_11-ANEXO-3-RES-170-2006.pdf\" target=\"_blank\" rel=\"noopener\"><span style=\"color: #0000ff;\">Anexo 3 Resoluci\u00f3n No. 170-2006<\/span><\/a><\/li>\n<\/ul>\n<\/li>\n<li><strong>Reglamento Centroamericano sobre Compentencia<\/strong>\n<ul>\n<li><a href=\"http:\/\/infotrade.economia.gob.sv\/ca\/wp-content\/uploads\/sites\/7\/2021\/02\/Reglamento-Centroamericano-sobre-Competencia.pdf\" target=\"_blank\" rel=\"noopener\">Resoluci\u00f3n No. 441-2020<\/a><\/li>\n<\/ul>\n<\/li>\n<li><strong>Incorporaci\u00f3n de Panam\u00e1:<\/strong>\n<ul>\n<li><a href=\"\/ca\/wp-content\/uploads\/sites\/7\/2016\/09\/marco_normativo_12-1-Protocolo-de-Incorporacion-de-Panama.pdf\" target=\"_blank\" rel=\"noopener\"><span style=\"color: #0000ff;\">Protocolo de Incorporaci\u00f3n de Panam\u00e1<\/span><\/a><\/li>\n<li><a href=\"\/ca\/wp-content\/uploads\/sites\/7\/2016\/09\/marco_normativo_12-2-Anexo-3.2-Instrumentos-Juridicos-que-Panama-adhiere.pdf\" target=\"_blank\" rel=\"noopener\"><span style=\"color: #0000ff;\">Anexo 3.2 (2). Instrumentos jur\u00eddicos que la Rep\u00fablica de Panam\u00e1 se adhiere, adopta y pone en vigencia a la entrada en vigor del (PI)<\/span><\/a><\/li>\n<li><a href=\"\/ca\/wp-content\/uploads\/sites\/7\/2016\/09\/marco_normativo_12-3-Anexo-3-3-Intrumentos-Juridicos-que-Panama-pondra-en-vigencia.pdf\" target=\"_blank\" rel=\"noopener\"><span style=\"color: #0000ff;\">Anexo 3.3.Instrumentos jur\u00eddicos que la Rep\u00fablica de Panam\u00e1 pondr\u00e1 en vigencia a m\u00e1s tardar el 01 de enero de 2017<\/span><\/a><\/li>\n<li><a href=\"\/ca\/wp-content\/uploads\/sites\/7\/2016\/09\/marco_normativo_12-4-Anexo-4.2-Mercancias-en-Transicion-al-Libre-Comercio.pdf\" target=\"_blank\" rel=\"noopener\"><span style=\"color: #0000ff;\">Anexo 4.2. Mercanc\u00edas en transici\u00f3n al Libre Comercio<\/span><\/a><\/li>\n<li><a href=\"\/ca\/wp-content\/uploads\/sites\/7\/2016\/09\/marco_normativo_12-5-Anexo-4.3-Lista-de-Mercancias-exlcuidas-de-libre-comercio.pdf\" target=\"_blank\" rel=\"noopener\"><span style=\"color: #0000ff;\">Anexo 4.3. Lista de mercanc\u00edas excluidas del libre comercio (Anexo A al TGIEC)<\/span><\/a><\/li>\n<li><a href=\"\/ca\/wp-content\/uploads\/sites\/7\/2016\/09\/marco_normativo_12-6-Apendice-a-Anexos-4.2-y-4.3-Contingentes-de-Importacion-Bilaterales.pdf\" target=\"_blank\" rel=\"noopener\"><span style=\"color: #0000ff;\">Ap\u00e9ndice a Anexos 4.2 y 4.3. Contingentes de importaci\u00f3n aplicados por la Rep\u00fablica de Panam\u00e1 y cada estado parte.<\/span><\/a><\/li>\n<li><a href=\"\/ca\/wp-content\/uploads\/sites\/7\/2016\/09\/marco_normativo_12-7-Anexo-5.1-Excepciones-a-la-Aplicacion-del-Codigo.pdf\" target=\"_blank\" rel=\"noopener\"><span style=\"color: #0000ff;\">Anexo 5.1. Excepciones a la aplicaci\u00f3n del c\u00f3digo y la descripci\u00f3n del arancel centroamericano de importaci\u00f3n.<\/span><\/a><\/li>\n<li><a href=\"\/ca\/wp-content\/uploads\/sites\/7\/2016\/09\/marco_normativo_12-8-Anexo-5.2-Excepciones-a-la-Armonizacion.pdf\" target=\"_blank\" rel=\"noopener\"><span style=\"color: #0000ff;\">Anexo 5.2. Excepciones a la armonizaci\u00f3n de los derechos arancelarios a la importaci\u00f3n.<\/span><\/a><\/li>\n<li><a href=\"\/ca\/wp-content\/uploads\/sites\/7\/2016\/09\/marco_normativo_12-9-Anexo-6-a-Excepciones-a-las-reglas-de-origen.pdf\" target=\"_blank\" rel=\"noopener\"><span style=\"color: #0000ff;\">Anexo 6(a). Excepciones a las reglas de origen del Reglamento centroamericano de importaci\u00f3n<\/span><\/a><\/li>\n<li><a href=\"\/ca\/wp-content\/uploads\/sites\/7\/2016\/09\/marco_normativo_12-10-Anexo-7.1-RTCA-s-que-Panama-doptara.pdf\" target=\"_blank\" rel=\"noopener\"><span style=\"color: #0000ff;\">Anexo 7.1.RTCAs que la Rep\u00fablica de Panam\u00e1 adopta y pone en vigencia en un plazo no mayor a seis meses a partir de la entrada en vigor del (PI)<\/span><\/a><\/li>\n<li><span style=\"color: #0000ff;\"><a href=\"\/ca\/wp-content\/uploads\/sites\/7\/2016\/09\/marco_normativo_12-11-Anexo-7.2.-RTCAs-sujetos-a-revision.pdf\" target=\"_blank\" rel=\"noopener\"><span style=\"color: #0000ff;\">Anexo 7.2. RTCAs sujetos a revisi\u00f3n por la Rep\u00fablica de Panam\u00e1 en un plazo no mayor a dos a\u00f1os a partir de la entrada en vigor del (PI) <\/span><\/a><\/span><\/li>\n<li><a href=\"\/ca\/wp-content\/uploads\/sites\/7\/2016\/09\/marco_normativo_12-12-Acuerdo-No.-01-2012-COMIECO-LXIII-de-Incorporacion-de-Panama.pdf\" target=\"_blank\" rel=\"noopener\"><span style=\"color: #0000ff;\">Acuerdo de COMIECO de Incorporaci\u00f3n de Panam\u00e1 al Subsistema Econ\u00f3mico<\/span><\/a><\/li>\n<li><a href=\"\/ca\/wp-content\/uploads\/sites\/7\/2016\/09\/marco_normativo_12-13-Declaracion-de-Presidentes-Cumbre-SICA.pdf\" target=\"_blank\" rel=\"noopener\"><span style=\"color: #0000ff;\">Declaraci\u00f3n de Presidentes Cumbre SICA<\/span><\/a><\/li>\n<li><a href=\"\/ca\/wp-content\/uploads\/sites\/7\/2016\/09\/marco_normativo_12-14-Declaracion-Conjunta-del-COMIECO.pdf\" target=\"_blank\" rel=\"noopener\"><span style=\"color: #0000ff;\">Declaraci\u00f3n conjunta del Consejo de Ministros de Integraci\u00f3n Econ\u00f3mica y el Ministro de Comercio e Industrias de Panam\u00e1.<\/span> <\/a><\/li>\n<li><a href=\"\/ca\/wp-content\/uploads\/sites\/7\/2016\/09\/marco_normativo_12-15.-Resolucion-No.249-2010.pdf\" target=\"_blank\" rel=\"noopener\"><span style=\"color: #0000ff;\">Resoluci\u00f3n No.249-2010<\/span><\/a><\/li>\n<\/ul>\n<\/li>\n<\/ol>\n<p><a href=\"https:\/\/infotrade.economia.gob.sv\/ca\/resoluciones-documentos-interes\/\"><strong>14. Reglamentos T\u00e9cnicos Centroamericanos (RTCAs)<\/strong><\/a><\/p>\n<p><!--more--><\/p>\n<p><!--more--><\/p>\n<p><!--more--><\/p>\n","protected":false},"excerpt":{"rendered":"<p>Tratado General de Integraci\u00f3n Econ\u00f3mica Centroamericana Tratado General de Integraci\u00f3n Econ\u00f3mica Centroamericana Anexo A del Tratado General de Integraci\u00f3n Econ\u00f3mica Centroamericana Formulario Aduanero \u00danico Centroamericano. Protocolo al Tratado General de Integraci\u00f3n Econ\u00f3mica Centroamericana Protocolo al Tratado General de Integraci\u00f3n Econ\u00f3mica Centroamericana- Protocolo de Guatemala Protocolo de Tegucigalpa a la Carta de la Organizaci\u00f3n de Estados [&hellip;]<\/p>\n","protected":false},"author":1,"featured_media":0,"parent":0,"menu_order":0,"comment_status":"closed","ping_status":"closed","template":"page-treaty","meta":{"footnotes":""},"class_list":["post-57","page","type-page","status-publish","hentry"],"_links":{"self":[{"href":"https:\/\/infotrade.economia.gob.sv\/ca\/wp-json\/wp\/v2\/pages\/57","targetHints":{"allow":["GET"]}}],"collection":[{"href":"https:\/\/infotrade.economia.gob.sv\/ca\/wp-json\/wp\/v2\/pages"}],"about":[{"href":"https:\/\/infotrade.economia.gob.sv\/ca\/wp-json\/wp\/v2\/types\/page"}],"author":[{"embeddable":true,"href":"https:\/\/infotrade.economia.gob.sv\/ca\/wp-json\/wp\/v2\/users\/1"}],"replies":[{"embeddable":true,"href":"https:\/\/infotrade.economia.gob.sv\/ca\/wp-json\/wp\/v2\/comments?post=57"}],"version-history":[{"count":27,"href":"https:\/\/infotrade.economia.gob.sv\/ca\/wp-json\/wp\/v2\/pages\/57\/revisions"}],"predecessor-version":[{"id":1418,"href":"https:\/\/infotrade.economia.gob.sv\/ca\/wp-json\/wp\/v2\/pages\/57\/revisions\/1418"}],"wp:attachment":[{"href":"https:\/\/infotrade.economia.gob.sv\/ca\/wp-json\/wp\/v2\/media?parent=57"}],"curies":[{"name":"wp","href":"https:\/\/api.w.org\/{rel}","templated":true}]}}