{"id":674,"date":"2019-03-14T14:47:43","date_gmt":"2019-03-14T20:47:43","guid":{"rendered":"http:\/\/infotrade.economia.gob.sv\/ca\/?page_id=674"},"modified":"2019-03-25T14:39:42","modified_gmt":"2019-03-25T20:39:42","slug":"documentos-de-interes","status":"publish","type":"page","link":"https:\/\/infotrade.economia.gob.sv\/ca\/resoluciones-documentos-interes\/documentos-de-interes\/","title":{"rendered":"Documentos de Inter\u00e9s"},"content":{"rendered":"<p><strong>Documentos de Inter\u00e9s de la Integraci\u00f3n Econ\u00f3mica Centroamericana<\/strong><\/p>\n<div class=\"table-responsive\">\n<table class=\"table table-bordered table-striped table-hover\">\n<tbody>\n<tr>\n<td width=\"561\"><a href=\"\/ca\/wp-content\/uploads\/sites\/7\/2019\/03\/ANEXO-RES-390-2017-Buenas-practicas-regulatorias.pdf\" target=\"_blank\" rel=\"noopener noreferrer\"><span style=\"color: #0000ff;\">Gu\u00eda Centroamericana de Buenas Pr\u00e1cticas Reglamentarias<\/span><\/a><\/td>\n<\/tr>\n<tr>\n<td width=\"561\"><a href=\"\/ca\/wp-content\/uploads\/sites\/7\/2019\/03\/Anexo-RES-162-2006-Procedimiento-elaborar-adoptar-aprobar-RTCA-y-PEC.pdf\" target=\"_blank\" rel=\"noopener noreferrer\"><span style=\"color: #0000ff;\">Procedimiento para Elaborar, Adoptar y Aprobar Reglamentos T\u00e9cnicos y los Procedimientos de Evaluaci\u00f3n de la Conformidad Centroamericanos<\/span><\/a><\/td>\n<\/tr>\n<tr>\n<td width=\"561\"><a href=\"\/ca\/wp-content\/uploads\/sites\/7\/2019\/03\/Anexo-1-RES-149-2005-Gu\u00eda-Redacci\u00f3n-Presentaci\u00f3n-de-RTCA.pdf\" target=\"_blank\" rel=\"noopener noreferrer\"><span style=\"color: #0000ff;\">Gu\u00eda para la Redacci\u00f3n y la Presentaci\u00f3n de Reglamentos T\u00e9cnicos Centroamericanos<\/span><\/a><\/td>\n<\/tr>\n<tr>\n<td width=\"561\"><a href=\"\/ca\/wp-content\/uploads\/sites\/7\/2018\/02\/Estado-de-Situaci\u00f3n-julio-2016.pdf\" target=\"_blank\" rel=\"noopener noreferrer\"><span style=\"color: #0000ff;\">Estado de situaci\u00f3n Integraci\u00f3n Econ\u00f3mica Centroamericana (julio 2016)<\/span><\/a><\/td>\n<\/tr>\n<\/tbody>\n<\/table>\n<\/div>\n","protected":false},"excerpt":{"rendered":"<p>Documentos de Inter\u00e9s de la Integraci\u00f3n Econ\u00f3mica Centroamericana Gu\u00eda Centroamericana de Buenas Pr\u00e1cticas Reglamentarias Procedimiento para Elaborar, Adoptar y Aprobar Reglamentos T\u00e9cnicos y los Procedimientos de Evaluaci\u00f3n de la Conformidad Centroamericanos Gu\u00eda para la Redacci\u00f3n y la Presentaci\u00f3n de Reglamentos T\u00e9cnicos Centroamericanos Estado de situaci\u00f3n Integraci\u00f3n Econ\u00f3mica Centroamericana (julio 2016)<\/p>\n","protected":false},"author":20,"featured_media":0,"parent":16,"menu_order":0,"comment_status":"closed","ping_status":"closed","template":"page-treaty","meta":{"footnotes":""},"class_list":["post-674","page","type-page","status-publish","hentry"],"_links":{"self":[{"href":"https:\/\/infotrade.economia.gob.sv\/ca\/wp-json\/wp\/v2\/pages\/674","targetHints":{"allow":["GET"]}}],"collection":[{"href":"https:\/\/infotrade.economia.gob.sv\/ca\/wp-json\/wp\/v2\/pages"}],"about":[{"href":"https:\/\/infotrade.economia.gob.sv\/ca\/wp-json\/wp\/v2\/types\/page"}],"author":[{"embeddable":true,"href":"https:\/\/infotrade.economia.gob.sv\/ca\/wp-json\/wp\/v2\/users\/20"}],"replies":[{"embeddable":true,"href":"https:\/\/infotrade.economia.gob.sv\/ca\/wp-json\/wp\/v2\/comments?post=674"}],"version-history":[{"count":7,"href":"https:\/\/infotrade.economia.gob.sv\/ca\/wp-json\/wp\/v2\/pages\/674\/revisions"}],"predecessor-version":[{"id":1003,"href":"https:\/\/infotrade.economia.gob.sv\/ca\/wp-json\/wp\/v2\/pages\/674\/revisions\/1003"}],"up":[{"embeddable":true,"href":"https:\/\/infotrade.economia.gob.sv\/ca\/wp-json\/wp\/v2\/pages\/16"}],"wp:attachment":[{"href":"https:\/\/infotrade.economia.gob.sv\/ca\/wp-json\/wp\/v2\/media?parent=674"}],"curies":[{"name":"wp","href":"https:\/\/api.w.org\/{rel}","templated":true}]}}