{"id":704,"date":"2019-03-15T10:03:09","date_gmt":"2019-03-15T16:03:09","guid":{"rendered":"http:\/\/infotrade.economia.gob.sv\/ca\/?page_id=704"},"modified":"2019-03-15T10:03:09","modified_gmt":"2019-03-15T16:03:09","slug":"resoluciones-msf","status":"publish","type":"page","link":"https:\/\/infotrade.economia.gob.sv\/ca\/resoluciones-documentos-interes\/resoluciones-msf\/","title":{"rendered":"Resoluciones MSF"},"content":{"rendered":"\n<table id=\"tablepress-9\" class=\"tablepress tablepress-id-9\">\n<thead>\n<tr class=\"row-1 odd\">\n\t<th class=\"column-1\">Resoluci\u00f3n COMIECO<\/th><th class=\"column-2\">Nombre de Resoluci\u00f3n<\/th>\n<\/tr>\n<\/thead>\n<tbody class=\"row-hover\">\n<tr class=\"row-2 even\">\n\t<td class=\"column-1\"><strong>Resoluci\u00f3n No. 404-2018<\/strong><\/td><td class=\"column-2\"><a href=\"\/ca\/wp-content\/uploads\/sites\/7\/2019\/03\/RES-404-2018-COMIECO-LXXXIII.pdf\" rel=\"noopener\" target=\"_blank\">Sustituye Anexos V y VI de Directriz Sanitaria y Fitosanitaria\/Facilitaci\u00f3n del Comercio<\/a><\/td>\n<\/tr>\n<tr class=\"row-3 odd\">\n\t<td class=\"column-1\">Anexo 1 Resoluci\u00f3n No. 404-2018<\/td><td class=\"column-2\"><a href=\"\/ca\/wp-content\/uploads\/sites\/7\/2019\/03\/ANEX-1-RES-404-2018-CORRELACION-DIRECTRIZ-SANITARIA-A-6a-Enm-III-220618.pdf\" rel=\"noopener\" target=\"_blank\">Anexo V Listado de Productos Categorizados Salud Animal<\/a><\/td>\n<\/tr>\n<tr class=\"row-4 even\">\n\t<td class=\"column-1\">Anexo 2 Resoluci\u00f3n No. 404-2018<\/td><td class=\"column-2\"><a href=\"\/ca\/wp-content\/uploads\/sites\/7\/2019\/03\/ANEX-2-RES-404-2018-CORRELACION-DIRECTRIZ-SANITARIA-A-6a-Enm-III-220618.pdf\" rel=\"noopener\" target=\"_blank\">Anexo VI Listado de Productos Vegetales Categorizados<\/a><\/td>\n<\/tr>\n<tr class=\"row-5 odd\">\n\t<td class=\"column-1\"><strong>Resoluci\u00f3n No. 364-2015<\/strong><\/td><td class=\"column-2\"><a href=\"\/ca\/wp-content\/uploads\/sites\/7\/2019\/03\/RES-364-2015-COMIECO-LXXI-UHT-directriz-sanitaria.pdf\" rel=\"noopener\" target=\"_blank\">Aprueba cambio de categor\u00eda de Leche UHT saborizada en Directriz Sanitaria<\/a><\/td>\n<\/tr>\n<tr class=\"row-6 even\">\n\t<td class=\"column-1\"><strong>Resoluci\u00f3n No. 362-2015<\/strong> <\/td><td class=\"column-2\"><a href=\"\/ca\/wp-content\/uploads\/sites\/7\/2019\/03\/RES-362-2015.pdf\" rel=\"noopener\" target=\"_blank\">Aprueba ap\u00e9ndices del RTCA 65.05.51:08 Medicamentos Veterinarios. Registro<\/a><\/td>\n<\/tr>\n<tr class=\"row-7 odd\">\n\t<td class=\"column-1\">Anexo Resoluci\u00f3n No. 362-2015 <\/td><td class=\"column-2\"><a href=\"\/ca\/wp-content\/uploads\/sites\/7\/2019\/03\/ANEXO-RES-362-2015-apendices-RTCA-productos-veterinarios.pdf\" rel=\"noopener\" target=\"_blank\">RTCA 65.05.51:08 Medicamentos Veterinarios y Productos Afines. Requisitos de Registro Sanitario y Control y Anexos<\/a><\/td>\n<\/tr>\n<tr class=\"row-8 even\">\n\t<td class=\"column-1\"><strong>Resoluci\u00f3n No. 361-2015<\/strong><\/td><td class=\"column-2\"><a href=\"\/ca\/wp-content\/uploads\/sites\/7\/2019\/03\/RES-361-2015-COMIECO-LXXI.pdf\" rel=\"noopener\" target=\"_blank\">Modifica Anexo VI Listado Productos Vegetales Categorizados de Directriz Sanitaria<\/a><\/td>\n<\/tr>\n<tr class=\"row-9 odd\">\n\t<td class=\"column-1\"><strong>Resoluci\u00f3n No. 360-2014<\/strong><\/td><td class=\"column-2\"><a href=\"\/ca\/wp-content\/uploads\/sites\/7\/2019\/03\/RES-360-2014-COMIECO-LXX.pdf\" rel=\"noopener\" target=\"_blank\">Suspensi\u00f3n temporal C\u00f3digo de BPM Medicamentos Veterinarios OIE<\/a><\/td>\n<\/tr>\n<tr class=\"row-10 even\">\n\t<td class=\"column-1\"><strong>Resoluci\u00f3n No. 350-2014<\/strong> <\/td><td class=\"column-2\"><a href=\"\/ca\/wp-content\/uploads\/sites\/7\/2019\/03\/RES-350-2014-LXVIII-modif-RES-257-2010-requisitos-registro-sanitario-prod-veterinarios.pdf\" rel=\"noopener\" target=\"_blank\">Suspende aplicaci\u00f3n numeral 7, literal A, Anexo C del RTCA 65.05.51:08 Requisitos de Registro y Control Medicamentos Veterinarios <\/a><\/td>\n<\/tr>\n<tr class=\"row-11 odd\">\n\t<td class=\"column-1\"><strong>Resoluci\u00f3n No. 338-2014<\/strong><\/td><td class=\"column-2\"><a href=\"\/ca\/wp-content\/uploads\/sites\/7\/2019\/03\/RES-338-2014-COMIECO-EX-Directriz-Sanitaria.pdf\" rel=\"noopener\" target=\"_blank\">Aprueba Directriz Sanitaria y Fitosanitaria para Env\u00edos y Mercanc\u00edas<\/a><\/td>\n<\/tr>\n<tr class=\"row-12 even\">\n\t<td class=\"column-1\">Anexo Resoluci\u00f3n No. 338-2014<\/td><td class=\"column-2\"><a href=\"\/ca\/wp-content\/uploads\/sites\/7\/2019\/03\/ANEXO-RES-338-2014-Directriz-Sanitaria-y-fitosanitaria.pdf\" rel=\"noopener\" target=\"_blank\">Directriz Sanitaria y Fitosanitaria Centroamericana para Facilitar el Comercio de Env\u00edos y Mercanc\u00edas<\/a><\/td>\n<\/tr>\n<tr class=\"row-13 odd\">\n\t<td class=\"column-1\"><strong>Resoluci\u00f3n No. 326-2013<\/strong><\/td><td class=\"column-2\"><a href=\"\/ca\/wp-content\/uploads\/sites\/7\/2019\/03\/RES-326-2013-COMIECO-LXVI.pdf\" rel=\"noopener\" target=\"_blank\">Modifica por adici\u00f3n el RTCA 65.05.51.08 Medicamentos Veterinarios. Registro<\/a><\/td>\n<\/tr>\n<tr class=\"row-14 even\">\n\t<td class=\"column-1\">Anexo Resoluci\u00f3n No. 326-2013<\/td><td class=\"column-2\"><a href=\"\/ca\/wp-content\/uploads\/sites\/7\/2019\/03\/Anexo-RES-326-2013-RTCA-65055108-Registro-sanitario-y-control-medicamento-veterinario.pdf\" rel=\"noopener\" target=\"_blank\">RTCA 65.05.51.08. Medicamentos Veterinarios y Productos Afines. Requisitos de Registro Sanitario y Control (art\u00edculo transitorio)<\/a><\/td>\n<\/tr>\n<tr class=\"row-15 odd\">\n\t<td class=\"column-1\"><strong>Resoluci\u00f3n No. 304-2013<\/strong><\/td><td class=\"column-2\"><a href=\"\/ca\/wp-content\/uploads\/sites\/7\/2019\/03\/RES-304-2013-COMIECO-EX.pdf\" rel=\"noopener\" target=\"_blank\">Aprueba Procedimiento de Registro Sanitario Productos de Alimento Animal<\/a><\/td>\n<\/tr>\n<tr class=\"row-16 even\">\n\t<td class=\"column-1\">Anexo Resoluci\u00f3n No. 304-2013<\/td><td class=\"column-2\"><a href=\"\/ca\/wp-content\/uploads\/sites\/7\/2019\/03\/ANEXO-RES-304-2013-Reconocimiento-Registro-Sanitario-Productos-alimentos-animal.pdf\" rel=\"noopener\" target=\"_blank\">Procedimiento para el Reconocimiento de Registro Sanitario de Productos Utilizados en Alimentaci\u00f3n Animal<\/a><\/td>\n<\/tr>\n<tr class=\"row-17 odd\">\n\t<td class=\"column-1\"><strong>Resoluci\u00f3n No. 300-2012<\/strong> <\/td><td class=\"column-2\"><a href=\"\/ca\/wp-content\/uploads\/sites\/7\/2019\/03\/RES-300-2012-COMIECO-LXIV.pdf\" rel=\"noopener\" target=\"_blank\">Aprueba RTCA 65.05.63:11 Productos Alimentaci\u00f3n Animal. BPM<\/a><\/td>\n<\/tr>\n<tr class=\"row-18 even\">\n\t<td class=\"column-1\">Anexo Resoluci\u00f3n No. 300-2012<\/td><td class=\"column-2\"><a href=\"\/ca\/wp-content\/uploads\/sites\/7\/2019\/03\/ANEXO-RES-300-2012-RTCA-65056311-BPM-productos-alimentos-animales.pdf\" rel=\"noopener\" target=\"_blank\">RTCA 65.05.63:11 Productos Utilizados en Alimentaci\u00f3n Animal. Buenas Pr\u00e1cticas de Manufactura<\/a><\/td>\n<\/tr>\n<tr class=\"row-19 odd\">\n\t<td class=\"column-1\"><strong>Resoluci\u00f3n No. 282-2012<\/strong><\/td><td class=\"column-2\"><a href=\"\/ca\/wp-content\/uploads\/sites\/7\/2019\/03\/RES-282-2012-COMIECO-LXII.pdf\" rel=\"noopener\" target=\"_blank\">Aprueba RTCA 65.05.52:11 Productos Alimento Animal. Registro Sanitario<\/a><\/td>\n<\/tr>\n<tr class=\"row-20 even\">\n\t<td class=\"column-1\">Anexo Resoluci\u00f3n No. 282-2012<\/td><td class=\"column-2\"><a href=\"\/ca\/wp-content\/uploads\/sites\/7\/2019\/03\/Anexo-RES-282-2012-RTCA-65055211-registro-contro-alimentos-animales-y-establecimientos.pdf\" rel=\"noopener\" target=\"_blank\">RTCA 65.05.52:11 Productos utilizados en alimentaci\u00f3n animal y establecimientos. Requisitos de registro sanitario y control<\/a><\/td>\n<\/tr>\n<tr class=\"row-21 odd\">\n\t<td class=\"column-1\"><strong>Resoluci\u00f3n No. 257-2010<\/strong><\/td><td class=\"column-2\"><a href=\"\/ca\/wp-content\/uploads\/sites\/7\/2019\/03\/RES-257-2010-COMIECO-LIX.pdf\" rel=\"noopener\" target=\"_blank\">Aprueba RTCA 65.05.51:08 Medicamentos Veterinarios. Requisitos Registro Sanitario<\/a><\/td>\n<\/tr>\n<tr class=\"row-22 even\">\n\t<td class=\"column-1\">Anexo I Resoluci\u00f3n No. 257-2010<\/td><td class=\"column-2\"><a href=\"\/ca\/wp-content\/uploads\/sites\/7\/2019\/03\/Anexo-I-RES-257-2010-RTCA-65055108-Registro-y-control-medicamentos-veterinarios.pdf\" rel=\"noopener\" target=\"_blank\">RTCA 65.05.51:08 Medicamentos veterinarios y productos afines. Requisitos de registro sanitario y control<\/a><\/td>\n<\/tr>\n<tr class=\"row-23 odd\">\n\t<td class=\"column-1\">Anexo II Resoluci\u00f3n No. 257-2010<\/td><td class=\"column-2\"><a href=\"\/ca\/wp-content\/uploads\/sites\/7\/2019\/03\/Anexo-II-RES-257-2010-Acuerdos-Listado-medicamentos-veterinarios-nivel-de-riesgo.pdf\" rel=\"noopener\" target=\"_blank\">Acuerdos conexos al RTCA 65.05.51:08<\/a><\/td>\n<\/tr>\n<tr class=\"row-24 even\">\n\t<td class=\"column-1\"><strong>Resoluci\u00f3n No. 219-2007<\/strong><\/td><td class=\"column-2\"><a href=\"\/ca\/wp-content\/uploads\/sites\/7\/2019\/03\/RES-219-2007-COMIECO-XLVII.pdf\" rel=\"noopener\" target=\"_blank\">Aprueba Procedimiento de Tr\u00e1nsito y Env\u00edos Mercanc\u00edas Agropecuarias<\/a><\/td>\n<\/tr>\n<tr class=\"row-25 odd\">\n\t<td class=\"column-1\">Anexo Resoluci\u00f3n No. 219-2007<\/td><td class=\"column-2\"><a href=\"\/ca\/wp-content\/uploads\/sites\/7\/2019\/03\/Anexo-RES-219-2007-Procedimiento-autorizacion-Transito-envios-y-mercancias-agropecuarias.pdf\" rel=\"noopener\" target=\"_blank\">Procedimiento para la Autorizaci\u00f3n del Tr\u00e1nsito Internacional y Regional de Env\u00edos y Mercanc\u00edas Agropecuarias<\/a><\/td>\n<\/tr>\n<tr class=\"row-26 even\">\n\t<td class=\"column-1\"><strong>RES 175-2006<\/strong><\/td><td class=\"column-2\"><a href=\"\/ca\/wp-content\/uploads\/sites\/7\/2019\/03\/RES-175-2006-COMIECO-XXXVIII-modificaci\u00f3n-RES-117-2004-autorizaci\u00f3n-certificado-fitosanitario-exportaci\u00f3n.pdf\" rel=\"noopener\" target=\"_blank\">Modificaci\u00f3n RES 117-2004 Aprueba lista productos origen vegetal exentos autorizaci\u00f3n y certificado fitosanitario<\/a><\/td>\n<\/tr>\n<tr class=\"row-27 odd\">\n\t<td class=\"column-1\"><strong>Resoluci\u00f3n No. 117-2004<\/strong><\/td><td class=\"column-2\"><a href=\"\/ca\/wp-content\/uploads\/sites\/7\/2019\/04\/RES-117-2004-COMIECO.pdf\" rel=\"noopener\" target=\"_blank\">Aprueba acuerdos en materia de medidas sanitarias y fitosanitarias<\/a><\/td>\n<\/tr>\n<tr class=\"row-28 even\">\n\t<td class=\"column-1\">Anexo I Resoluci\u00f3n No. 117-2004<\/td><td class=\"column-2\">L<a href=\"\/ca\/wp-content\/uploads\/sites\/7\/2019\/04\/Anexo-I-RES-117-2004-Lista-producto-vegetal-eximidos-autorizacion-impo-expo.pdf\" rel=\"noopener\" target=\"_blank\">ista de Productos y Subproductos de Origen Vegetal que por su Naturaleza Quedan Eximidos de la Autorizaci\u00f3n de Importaci\u00f3n y del Certificado Fitosanitario de Exportaci\u00f3n pudiendo ser sujetos de Inspecci\u00f3n dentro del Territorio de los Estados Parte de la Uni\u00f3n Aduanera<\/a><\/td>\n<\/tr>\n<tr class=\"row-29 odd\">\n\t<td class=\"column-1\">Anexo II Resoluci\u00f3n No. 117-2004<\/td><td class=\"column-2\"><a href=\"\/ca\/wp-content\/uploads\/sites\/7\/2019\/04\/Anexo-II-RES-117-2004-procedimiento-incluir-listado-productos-vegetales-eximidos-autorizacion.pdf\" rel=\"noopener\" target=\"_blank\">Procedimiento para Incluir o Excluir en el Listado de Productos y Subproductos de Origen Vegetal que no necesitan Autorizaci\u00f3n ni Certificado Fitosanitario pudiendo estar sujetos de Inspecci\u00f3n dentro del Territorio de los Estados Parte de la Uni\u00f3n Aduanera<\/a><\/td>\n<\/tr>\n<tr class=\"row-30 even\">\n\t<td class=\"column-1\">Anexo III Resoluci\u00f3n No. 117-2004<\/td><td class=\"column-2\"><a href=\"\/ca\/wp-content\/uploads\/sites\/7\/2019\/04\/Anexo-III-117-2004-encuesta-general-ubicacion.pdf\" rel=\"noopener\" target=\"_blank\">Formato de Vigilancia, Encuesta General de Ubicaci\u00f3n y Boleta de Seguimiento<\/a><\/td>\n<\/tr>\n<tr class=\"row-31 odd\">\n\t<td class=\"column-1\">Anexo IV Resoluci\u00f3n No. 117-2004<\/td><td class=\"column-2\"><a href=\"\/ca\/wp-content\/uploads\/sites\/7\/2019\/04\/Anexo-IV-RES-117-2004-manual-procedimiento-guia-sanitaria-movilizacion-animales.pdf\" rel=\"noopener\" target=\"_blank\">Manual de Procedimientos para otorgar la Gu\u00eda Sanitaria de Movilizaci\u00f3n de Animales dentro del Territorio de la Uni\u00f3n Aduanera, Formato de la Gu\u00eda de Movilizaci\u00f3n e Instructivo para el llenado de la Gu\u00eda<\/a><\/td>\n<\/tr>\n<tr class=\"row-32 even\">\n\t<td class=\"column-1\">Anexo V Resoluci\u00f3n No. 117-2004<\/td><td class=\"column-2\"><a href=\"\/ca\/wp-content\/uploads\/sites\/7\/2019\/04\/Anexo-V-117-2004-Investigacion-epidemiologica.pdf\" rel=\"noopener\" target=\"_blank\">Formato de Investigaci\u00f3n Epidemiol\u00f3gica<\/a><\/td>\n<\/tr>\n<tr class=\"row-33 odd\">\n\t<td class=\"column-1\">Anexo VI Resoluci\u00f3n No. 117-2004<\/td><td class=\"column-2\"><a href=\"\/ca\/wp-content\/uploads\/sites\/7\/2019\/04\/Anexo-VI-RES-117-2004-norma-zoosanitaria-acuicola.pdf\" rel=\"noopener\" target=\"_blank\">Norma Zoosanitaria Acu\u00edcola<\/a><\/td>\n<\/tr>\n<tr class=\"row-34 even\">\n\t<td class=\"column-1\">Anexo VII Resoluci\u00f3n No. 117-2004<\/td><td class=\"column-2\"><a href=\"\/ca\/wp-content\/uploads\/sites\/7\/2019\/04\/Anexo-VII-RES-117-2004-norma-zoosanitia-equinos.pdf\" rel=\"noopener\" target=\"_blank\">Norma Zoosanitaria para Equinos<\/a><\/td>\n<\/tr>\n<tr class=\"row-35 odd\">\n\t<td class=\"column-1\">Anexo VIII Resoluci\u00f3n No. 117-2004<\/td><td class=\"column-2\"><a href=\"\/ca\/wp-content\/uploads\/sites\/7\/2019\/04\/Anexo-VIII-117-2004-criterios-sanitarios-intercambio-animales.pdf\" rel=\"noopener\" target=\"_blank\">Criterios Sanitarios Aplicables para el Intercambio Comercial de Animales, sus Productos y Subproductos dentro del Territorio de la Uni\u00f3n Aduanera<\/a><\/td>\n<\/tr>\n<tr class=\"row-36 even\">\n\t<td class=\"column-1\">Anexo IX Resoluci\u00f3n No. 117-2004<\/td><td class=\"column-2\"><a href=\"\/ca\/wp-content\/uploads\/sites\/7\/2019\/04\/Anexo-IX-RES-117-2004-Manual-BP-pecuarias.pdf\" rel=\"noopener\" target=\"_blank\">Manual de Buenas Pr\u00e1cticas Pecuarias en la Producci\u00f3n Primaria<\/a><\/td>\n<\/tr>\n<tr class=\"row-37 odd\">\n\t<td class=\"column-1\">Anexo X Resoluci\u00f3n No. 117-2004<\/td><td class=\"column-2\"><a href=\"\/ca\/wp-content\/uploads\/sites\/7\/2019\/04\/Anexo-X-RES-117-2004-Ladives.pdf\" rel=\"noopener\" target=\"_blank\">Formulario para el Env\u00edo de Muestras a Ladives<\/a><\/td>\n<\/tr>\n<tr class=\"row-38 even\">\n\t<td class=\"column-1\">Anexo XI Resoluci\u00f3n No. 117-2004<\/td><td class=\"column-2\"><a href=\"\/ca\/wp-content\/uploads\/sites\/7\/2019\/04\/Anexo-XI-RES-117-2004-Formulario-envio-muestra-EEP.pdf\" rel=\"noopener\" target=\"_blank\">Formulario para el Env\u00edo de Muestras Epidemiol\u00f3gica de Vigilancia en Encefalotopia Espongiforme Bovina<\/a><\/td>\n<\/tr>\n<tr class=\"row-39 odd\">\n\t<td class=\"column-1\">Anexo XII Resoluci\u00f3n No. 117-2004<\/td><td class=\"column-2\"><a href=\"\/ca\/wp-content\/uploads\/sites\/7\/2019\/04\/Anexo-XII-RES-117-2004-Registro-Sanitario.pdf\" rel=\"noopener\" target=\"_blank\">Registro Ganadero<\/a><\/td>\n<\/tr>\n<tr class=\"row-40 even\">\n\t<td class=\"column-1\">Anexo XIII Resoluci\u00f3n No. 117-2004<\/td><td class=\"column-2\"><a href=\"\/ca\/wp-content\/uploads\/sites\/7\/2019\/04\/Anexo-XIII-RES-117-2004-Formulario-diagnostico-brucelosis-leche.pdf\" rel=\"noopener\" target=\"_blank\">Formulario para el Resultado de Diagn\u00f3stico de Brucelosis, Prueba de Anillo en Leche<\/a>\t<\/td>\n<\/tr>\n<tr class=\"row-41 odd\">\n\t<td class=\"column-1\">Anexo XIV Resoluci\u00f3n No. 117-2004<\/td><td class=\"column-2\"><a href=\"\/ca\/wp-content\/uploads\/sites\/7\/2019\/04\/Anexo-XIV-RES-117-2004-Formulario-citatorio-pruebas-brucelosis-tuberculosis.pdf\" rel=\"noopener\" target=\"_blank\">Formulario de Citatorio para Realizar Pruebas Diagn\u00f3sticas de Brucelosis o Tuberculosis<\/a> <\/td>\n<\/tr>\n<tr class=\"row-42 even\">\n\t<td class=\"column-1\">Anexo XV Resoluci\u00f3n No. 117-2004<\/td><td class=\"column-2\"><a href=\"\/ca\/wp-content\/uploads\/sites\/7\/2019\/04\/Anexo-XV-RES-117-2004-Formulario-Registro-Muestras-Animales-Sacrificados-Brucelosis.pdf\" rel=\"noopener\" target=\"_blank\">Formulario para el Registro de Muestras de Animales Sacrificados: Diagn\u00f3stico de Brucelosis o Tuberculosis = Vigilancia Epidemiol\u00f3gica<\/a><\/td>\n<\/tr>\n<tr class=\"row-43 odd\">\n\t<td class=\"column-1\">Anexo XVI Resoluci\u00f3n No. 117-2004<\/td><td class=\"column-2\"><a href=\"\/ca\/wp-content\/uploads\/sites\/7\/2019\/04\/Anexo-XVI-RES-117-2004-Formulario-informe-t\u00e9cnico-control-brucelosis.pdf\" rel=\"noopener\" target=\"_blank\">Formulario para el Informe T\u00e9cnico Mensual para el Control y Erradicaci\u00f3n de Brucelosis y Tubercolosis Bovina<\/a><\/td>\n<\/tr>\n<tr class=\"row-44 even\">\n\t<td class=\"column-1\">Anexo XVII Resoluci\u00f3n No. 117-2004<\/td><td class=\"column-2\"><a href=\"\/ca\/wp-content\/uploads\/sites\/7\/2019\/04\/Anexo-XVII-RES-117-2004-formulario-resultados-diagnostico-brucelosis.pdf\" rel=\"noopener\" target=\"_blank\">Formulario para el Resultado del Diagn\u00f3stico de Brucelosis o Tuberculosis <\/a><\/td>\n<\/tr>\n<tr class=\"row-45 odd\">\n\t<td class=\"column-1\">Anexo XVIII Resoluci\u00f3n No. 117-2004<\/td><td class=\"column-2\"><a href=\"\/ca\/wp-content\/uploads\/sites\/7\/2019\/04\/Anexo-XVIII-RES-117-2004-Formulario-Vigilancia-Epidemiol\u00f3gica-Enfermedades-Animales-Dom\u00e9sticos-Mataderos.pdf\" rel=\"noopener\" target=\"_blank\">Formulario para la Vigilancia Epidemiol\u00f3gica de Enfermedades de los Animales Dom\u00e9sticos en Mataderos<\/a><\/td>\n<\/tr>\n<tr class=\"row-46 even\">\n\t<td class=\"column-1\">Anexo XIX Resoluci\u00f3n No. 117-2004<\/td><td class=\"column-2\"><a href=\"\/ca\/wp-content\/uploads\/sites\/7\/2019\/04\/Anexo-XIX-RES-117-2004-formulario-Registro-Pruebas-Diagn\u00f3stico-Brucelosis.pdf\" rel=\"noopener\" target=\"_blank\">Formulario para el Registro de Pruebas de Diagn\u00f3stico de Brucelosis o Tuberculosis <\/a><\/td>\n<\/tr>\n<tr class=\"row-47 odd\">\n\t<td class=\"column-1\">Anexo XX Resoluci\u00f3n No. 117-2004<\/td><td class=\"column-2\"><a href=\"\/ca\/wp-content\/uploads\/sites\/7\/2019\/04\/Anexo-XX-RES-117-2004-Certificado-Zoosanitario-Internacional-Peces-Vivos-Gametos.pdf\" rel=\"noopener\" target=\"_blank\">Certificado Zoosanitario Internacional para Peces Vivos y sus Gametos<\/a><\/td>\n<\/tr>\n<\/tbody>\n<\/table>\n<!-- #tablepress-9 from cache -->\n","protected":false},"excerpt":{"rendered":"","protected":false},"author":20,"featured_media":0,"parent":16,"menu_order":0,"comment_status":"closed","ping_status":"closed","template":"page-treaty","meta":{"footnotes":""},"class_list":["post-704","page","type-page","status-publish","hentry"],"_links":{"self":[{"href":"https:\/\/infotrade.economia.gob.sv\/ca\/wp-json\/wp\/v2\/pages\/704","targetHints":{"allow":["GET"]}}],"collection":[{"href":"https:\/\/infotrade.economia.gob.sv\/ca\/wp-json\/wp\/v2\/pages"}],"about":[{"href":"https:\/\/infotrade.economia.gob.sv\/ca\/wp-json\/wp\/v2\/types\/page"}],"author":[{"embeddable":true,"href":"https:\/\/infotrade.economia.gob.sv\/ca\/wp-json\/wp\/v2\/users\/20"}],"replies":[{"embeddable":true,"href":"https:\/\/infotrade.economia.gob.sv\/ca\/wp-json\/wp\/v2\/comments?post=704"}],"version-history":[{"count":1,"href":"https:\/\/infotrade.economia.gob.sv\/ca\/wp-json\/wp\/v2\/pages\/704\/revisions"}],"predecessor-version":[{"id":706,"href":"https:\/\/infotrade.economia.gob.sv\/ca\/wp-json\/wp\/v2\/pages\/704\/revisions\/706"}],"up":[{"embeddable":true,"href":"https:\/\/infotrade.economia.gob.sv\/ca\/wp-json\/wp\/v2\/pages\/16"}],"wp:attachment":[{"href":"https:\/\/infotrade.economia.gob.sv\/ca\/wp-json\/wp\/v2\/media?parent=704"}],"curies":[{"name":"wp","href":"https:\/\/api.w.org\/{rel}","templated":true}]}}