{"id":719,"date":"2019-03-15T10:19:31","date_gmt":"2019-03-15T16:19:31","guid":{"rendered":"http:\/\/infotrade.economia.gob.sv\/ca\/?page_id=719"},"modified":"2019-03-21T11:04:10","modified_gmt":"2019-03-21T17:04:10","slug":"resoluciones-insumos-agricolas","status":"publish","type":"page","link":"https:\/\/infotrade.economia.gob.sv\/ca\/resoluciones-documentos-interes\/resoluciones-insumos-agricolas\/","title":{"rendered":"Resoluciones Insumos Agropecuarios"},"content":{"rendered":"\n<table id=\"tablepress-10\" class=\"tablepress tablepress-id-10\">\n<thead>\n<tr class=\"row-1 odd\">\n\t<th class=\"column-1\">Resoluci\u00f3n COMIECO<\/th><th class=\"column-2\">Nombre de Resoluci\u00f3n<\/th>\n<\/tr>\n<\/thead>\n<tbody class=\"row-hover\">\n<tr class=\"row-2 even\">\n\t<td class=\"column-1\"><strong>Resoluci\u00f3n No. 411-2018<\/strong><\/td><td class=\"column-2\"><a href=\"\/ca\/wp-content\/uploads\/sites\/7\/2019\/07\/RES-411-2019-LXXXVI-RTCA-Etiquetado-productos-organicos.pdf\" rel=\"noopener\" target=\"_blank\">Aprueba el RTCA 67.06.74:16 Productos Agropecuarios Org\u00e1nicos<\/a><\/td>\n<\/tr>\n<tr class=\"row-3 odd\">\n\t<td class=\"column-1\">Anexo Resoluci\u00f3n No. 411-2018<\/td><td class=\"column-2\"><a href=\"\/ca\/wp-content\/uploads\/sites\/7\/2019\/07\/ANEXO-RES-411-2019-RTCA-67067416-producci\u00f3n-org\u00e1nica.pdf\" rel=\"noopener\" target=\"_blank\">RTCA 67.06.74:16 Productos Agropecuarios Org\u00e1nicos. Requisitos para la Producci\u00f3n, el Procesamiento, la Comercializaci\u00f3n, la Certificaci\u00f3n y el Etiquetado<\/a><\/td>\n<\/tr>\n<tr class=\"row-4 even\">\n\t<td class=\"column-1\"><strong>Resoluci\u00f3n No. 401-2018<\/strong> <\/td><td class=\"column-2\"><a href=\"\/ca\/wp-content\/uploads\/sites\/7\/2019\/03\/RES-401-2018-COMIECO-LXXXIII.pdf\" rel=\"noopener\" target=\"_blank\">Aprueba RTCA 65.05.67:18 Insumos Agr\u00edcolas. Plaguicidas Qu\u00edmicos. Etiquetas y Panfletos<\/a><\/td>\n<\/tr>\n<tr class=\"row-5 odd\">\n\t<td class=\"column-1\">Anexo Resoluci\u00f3n No. 401-2018<\/td><td class=\"column-2\"><a href=\"\/ca\/wp-content\/uploads\/sites\/7\/2019\/03\/ANEXO-RES-401-2018-RTCA-65056718-Etiquetado-y-Panfleto-de-Plagucidas.pdf\" rel=\"noopener\" target=\"_blank\">RTCA 65.05.67:18 Insumos Agr\u00edcolas. Ingrediente activo Grado T\u00e9cnico, Plaguicidas Qu\u00edmicos Formulados, Sustancias Afines, Coadyuvantes y Veh\u00edculos f\u00edsicos de Uso Agr\u00edcola. Requisitos para la Elaboraci\u00f3n de etiquetas y Panfletos<\/a><\/td>\n<\/tr>\n<tr class=\"row-6 even\">\n\t<td class=\"column-1\"><strong>Resoluci\u00f3n No. 383-2017<\/strong> <\/td><td class=\"column-2\"><a href=\"\/ca\/wp-content\/uploads\/sites\/7\/2019\/03\/RES-383-2017-COMIECO-EX.pdf\" rel=\"noopener\" target=\"_blank\">Modifica por sustituci\u00f3n total RTCA 65.05.61:16 Plaguicidas Microbiol\u00f3gicos. Registro<\/a><\/td>\n<\/tr>\n<tr class=\"row-7 odd\">\n\t<td class=\"column-1\">Anexo Resoluci\u00f3n No. 383-2017<\/td><td class=\"column-2\"><a href=\"\/ca\/wp-content\/uploads\/sites\/7\/2019\/03\/ANEXO-RES-383-2017-RTCA-requisitos-registro-plaguicidas-microbiologicos.pdf\" rel=\"noopener\" target=\"_blank\">RTCA 65.05.61:16 Plaguicidas Microbiol\u00f3gicos de uso Agr\u00edcola. Requisitos para el Registro<\/a><\/td>\n<\/tr>\n<tr class=\"row-8 even\">\n\t<td class=\"column-1\"><strong>Resoluci\u00f3n No. 374-2015<\/strong> <\/td><td class=\"column-2\"><a href=\"\/ca\/wp-content\/uploads\/sites\/7\/2019\/03\/RES-374-2015-COMIECO-LXXIV.pdf\" rel=\"noopener\" target=\"_blank\">Aprueba RTCA 65.05.54:15 Fertilizantes y Enmiendas de Uso Agr\u00edcola. Registro<\/a><\/td>\n<\/tr>\n<tr class=\"row-9 odd\">\n\t<td class=\"column-1\">Anexo Resoluci\u00f3n No. 374-2015<\/td><td class=\"column-2\"><a href=\"\/ca\/wp-content\/uploads\/sites\/7\/2019\/03\/ANEXO-374-2015-RTCA-65055415-requisitos-registro-fertilizantes-enmidas-uso-agricola.pdf\" rel=\"noopener\" target=\"_blank\">RTCA 65.05.54:09 Fertilizantes y Enmiendas de Uso Agr\u00edcola. Requisitos para el Registro<\/a><\/td>\n<\/tr>\n<tr class=\"row-10 even\">\n\t<td class=\"column-1\">Fe de errata<\/td><td class=\"column-2\"><a href=\"\/ca\/wp-content\/uploads\/sites\/7\/2019\/03\/FE-DE-ERRATA-ANEXO-374-2015-RTCA-Fertilizantes.pdf\" rel=\"noopener\" target=\"_blank\">Fe de errata del Anexo Resoluci\u00f3n No. 374-2015<\/a><\/td>\n<\/tr>\n<tr class=\"row-11 odd\">\n\t<td class=\"column-1\"><strong>Resoluci\u00f3n No. 365-2015<\/strong><\/td><td class=\"column-2\"><a href=\"\/ca\/wp-content\/uploads\/sites\/7\/2019\/03\/RES-365-2015-COMIECO-LXXII.pdf\" rel=\"noopener\" target=\"_blank\">Aprueba RTCA 65.05.67:13 Insumos Agr\u00edcolas. Requisitos de Etiquetas y Panfletos<\/a><\/td>\n<\/tr>\n<tr class=\"row-12 even\">\n\t<td class=\"column-1\">Anexo Resoluci\u00f3n No. 365-2015<\/td><td class=\"column-2\"><a href=\"\/ca\/wp-content\/uploads\/sites\/7\/2019\/03\/ANEXO-RES-365-2015-requisito-etiqueta-panfleto-IAT-plaguicidas-quimicos-formulados.pdf\" rel=\"noopener\" target=\"_blank\">RTCA 65.05.67:13 Insumos Agr\u00edcolas. Ingrediente Activo Grado T\u00e9cnico, Plaguicidas Qu\u00edmicos Formulados, Sustancias Afines, Coadyuvantes y Veh\u00edculos F\u00edsicos de Uso Agr\u00edcola. Requisitos para la Elaboraci\u00f3n de Etiquetas y Panfletos<\/a><\/td>\n<\/tr>\n<tr class=\"row-13 odd\">\n\t<td class=\"column-1\"><strong>Resoluci\u00f3n No. 355-2014<\/strong><\/td><td class=\"column-2\"><a href=\"\/ca\/wp-content\/uploads\/sites\/7\/2019\/03\/RES-355-2014-COMIECO-LXIX-no-aplicaci\u00f3n-Honduras-RES.pdf\" rel=\"noopener\" target=\"_blank\">Aprueba no aplicaci\u00f3n de Res. 346-2014 para Honduras<\/a><\/td>\n<\/tr>\n<tr class=\"row-14 even\">\n\t<td class=\"column-1\"><strong>Resoluci\u00f3n No. 346-2014<\/strong><\/td><td class=\"column-2\"><a href=\"\/ca\/wp-content\/uploads\/sites\/7\/2019\/03\/RES-346-2014-COMIECO-LXVII.pdf\" rel=\"noopener\" target=\"_blank\">Aprueba RTCA 65.05.62.11 Plaguicidas Bot\u00e1nicos de Uso Agr\u00edcola. Registro<\/a><\/td>\n<\/tr>\n<tr class=\"row-15 odd\">\n\t<td class=\"column-1\">Anexo Resoluci\u00f3n No. 346-2014<\/td><td class=\"column-2\"><a href=\"\/ca\/wp-content\/uploads\/sites\/7\/2019\/03\/ANEXO-RES-346-2014-RTCA65056211-requisitos-registros-plaguicidas-botanicos-uso-agricola.pdf\" rel=\"noopener\" target=\"_blank\">RTCA 65.05.62.11 Plaguicidas Bot\u00e1nicos de Uso Agr\u00edcola. Requisitos para el Registro<\/a><\/td>\n<\/tr>\n<tr class=\"row-16 even\">\n\t<td class=\"column-1\"><strong>Resoluci\u00f3n No. 314-2013<\/strong><\/td><td class=\"column-2\"><a href=\"\/ca\/wp-content\/uploads\/sites\/7\/2019\/03\/RES-314-2013-COMIECO-EX.pdf\" rel=\"noopener\" target=\"_blank\">Aprueba RTCA 65.05.54:09 Fertilizantes y Enmiendas Uso Agr\u00edcola. Registro<\/a><\/td>\n<\/tr>\n<tr class=\"row-17 odd\">\n\t<td class=\"column-1\">Anexo Resoluci\u00f3n No. 314-2013<\/td><td class=\"column-2\"><a href=\"\/ca\/wp-content\/uploads\/sites\/7\/2019\/03\/Anexo-RES-314-2013-RTCA_65.05.54.09_fertilizantes_enmiendas_uso_agricola_requisitos_para_registro.pdf\" rel=\"noopener\" target=\"_blank\">RTCA 65.05.54:09. Fertilizantes y Enmiendas de Uso Agr\u00edcola. Requisitos para el Registro<\/a><\/td>\n<\/tr>\n<tr class=\"row-18 even\">\n\t<td class=\"column-1\"><strong>Resoluci\u00f3n No. 297-2012<\/strong><\/td><td class=\"column-2\"><a href=\"\/ca\/wp-content\/uploads\/sites\/7\/2019\/03\/RES-297-2012-COMIECO-LXIV.pdf\" rel=\"noopener\" target=\"_blank\">Aprueba RTCA 65.05.61:11 Plaguicidas microbiol\u00f3gicos de uso agr\u00edcola. Registro<\/a><\/td>\n<\/tr>\n<tr class=\"row-19 odd\">\n\t<td class=\"column-1\">Anexo Resoluci\u00f3n No. 297-2012<\/td><td class=\"column-2\"><a href=\"\/ca\/wp-content\/uploads\/sites\/7\/2019\/03\/ANEXO-RES-297-2012-RTCA-65056111-Registro-plaguicidas-microbiologicos.pdf\" rel=\"noopener\" target=\"_blank\">RTCA 65.05.61:11 Plaguicidas microbiol\u00f3gicos de Uso Agr\u00edcola. Requisitos para el Registro<\/a> <\/td>\n<\/tr>\n<tr class=\"row-20 even\">\n\t<td class=\"column-1\"><strong>Resoluci\u00f3n No. 273-2011<\/strong><\/td><td class=\"column-2\"><a href=\"\/ca\/wp-content\/uploads\/sites\/7\/2019\/03\/RES-273-2011-COMIECO-LXI.pdf\" rel=\"noopener\" target=\"_blank\">Aprueba RTCA 65.03.57:10 Plaguicidas Uso Dom\u00e9stico y Profesional. Etiquetado<\/a><\/td>\n<\/tr>\n<tr class=\"row-21 odd\">\n\t<td class=\"column-1\">Anexo Resoluci\u00f3n No. 273-2011<\/td><td class=\"column-2\"><a href=\"\/ca\/wp-content\/uploads\/sites\/7\/2019\/03\/Anexo-RES-273-2011-RTCA-Etiquetado-plaguicidas-uso-dom\u00e9stico.pdf\" rel=\"noopener\" target=\"_blank\">RTCA 65.03.57:10 Plaguicidas. Plaguicidas de Uso Dom\u00e9stico y de Uso Profesional. Requisitos de Etiquetado<\/a><\/td>\n<\/tr>\n<tr class=\"row-22 even\">\n\t<td class=\"column-1\"><strong>Resoluci\u00f3n No. 265-2011<\/strong><\/td><td class=\"column-2\"><a href=\"\/ca\/wp-content\/uploads\/sites\/7\/2019\/03\/RES-265-2011-COMIECO-LX.pdf\" rel=\"noopener\" target=\"_blank\">Aprueba RTCA 65.05.34:06 Registro de variedades comerciales. Requisitos de inscripci\u00f3n<\/a><\/td>\n<\/tr>\n<tr class=\"row-23 odd\">\n\t<td class=\"column-1\">Anexo Resoluci\u00f3n No. 265-2011<\/td><td class=\"column-2\"><a href=\"\/ca\/wp-content\/uploads\/sites\/7\/2019\/03\/Anexo-RES-265-2011-RTCA-65053406-Requisitos-inscripci\u00f3n-variedades-comerciales.pdf\" rel=\"noopener\" target=\"_blank\">RTCA 65.05.34:06 Registro de variedades comerciales. Requisitos de Inscripci\u00f3n<\/a><\/td>\n<\/tr>\n<tr class=\"row-24 even\">\n\t<td class=\"column-1\"><strong>Resoluci\u00f3n No. 259-2010<\/strong><\/td><td class=\"column-2\"><a href=\"\/ca\/wp-content\/uploads\/sites\/7\/2019\/03\/RES-259-2010-LIX.pdf\" rel=\"noopener\" target=\"_blank\">Aprueba RTCA 65.05.53:10 Insumos agropecuarios<\/a><\/td>\n<\/tr>\n<tr class=\"row-25 odd\">\n\t<td class=\"column-1\">Anexo Resoluci\u00f3n No. 259-2010<\/td><td class=\"column-2\"><a href=\"\/ca\/wp-content\/uploads\/sites\/7\/2019\/03\/Anexo-RES-259-2010-RTCA-65055310-Requisitos-producci\u00f3n-semilla-certificada.pdf\" rel=\"noopener\" target=\"_blank\">RTCA 65.05.53:10 Insumos agropecuarios. Requisitos para la producci\u00f3n y comercializaci\u00f3n de semilla certificada de granos b\u00e1sicos y soya<\/a><\/td>\n<\/tr>\n<tr class=\"row-26 even\">\n\t<td class=\"column-1\"><strong>Resoluci\u00f3n No. 258-2010<\/strong><\/td><td class=\"column-2\"><a href=\"\/ca\/wp-content\/uploads\/sites\/7\/2019\/03\/RES-258-2010-COMIECO-LIX.pdf\" rel=\"noopener\" target=\"_blank\">Aprueba RTCA 65.03.44:07 Plaguicida Uso Dom\u00e9stico y Profesional. Registro y Procedimiento de Reconocimiento de Registro<\/a><\/td>\n<\/tr>\n<tr class=\"row-27 odd\">\n\t<td class=\"column-1\">Anexo I Resoluci\u00f3n No. 258-2010<\/td><td class=\"column-2\"><a href=\"\/ca\/wp-content\/uploads\/sites\/7\/2019\/03\/Anexo-I-RES-258-2010-RTCA-65034407-Registro-plaguicidas-uso-dom\u00e9stico.pdf\" rel=\"noopener\" target=\"_blank\">RTCA 65.03.44:07 Plaguicidas. Plaguicidas de uso dom\u00e9stico y de uso profesional. Requisitos de registro.<\/a><\/td>\n<\/tr>\n<tr class=\"row-28 even\">\n\t<td class=\"column-1\">Anexo II Resoluci\u00f3n No. 258-2010<\/td><td class=\"column-2\"><a href=\"\/ca\/wp-content\/uploads\/sites\/7\/2019\/03\/Anexo-II-RES-258-2010-Procedimiento-reconocimiento-registro-plaguicida-uso-dom\u00e9stico-profesional.pdf\" rel=\"noopener\" target=\"_blank\">Procedimiento para el Reconocimiento de Registro de Plaguicidas de Uso Dom\u00e9stico y Plaguicidas de Uso Profesional<\/a><\/td>\n<\/tr>\n<tr class=\"row-29 odd\">\n\t<td class=\"column-1\"><strong>Resoluci\u00f3n No. 119-2004<\/strong> <\/td><td class=\"column-2\"><a href=\"\/ca\/wp-content\/uploads\/sites\/7\/2019\/04\/RES-119-2004-COMIECO.pdf\" rel=\"noopener\" target=\"_blank\">Aprueba disposiciones para el registro y comercializaci\u00f3n de semillas<\/a><\/td>\n<\/tr>\n<tr class=\"row-30 even\">\n\t<td class=\"column-1\">Anexo Resoluci\u00f3n No. 119-2004 <\/td><td class=\"column-2\"><a href=\"\/ca\/wp-content\/uploads\/sites\/7\/2019\/04\/Anexo-RES-119-2004-certificado-registro-variedades-comerciales.pdf\" rel=\"noopener\" target=\"_blank\">Certificado de registro de variedades comerciales. Est\u00e1ndares de calidad para la comercializaci\u00f3n de semillas certificadas de especies forestales. Est\u00e1ndares de germinaci\u00f3n de semillas de oras especies. Descriptores varietales para granos b\u00e1sicos y soya caracteres varietales de sorgo<\/a><\/td>\n<\/tr>\n<tr class=\"row-31 odd\">\n\t<td class=\"column-1\"><strong>Resoluci\u00f3n No. 118-2004<\/strong><\/td><td class=\"column-2\"><a href=\"\/ca\/wp-content\/uploads\/sites\/7\/2019\/04\/RES-118-2004-COMIECO.pdf\" rel=\"noopener\" target=\"_blank\">Aprueba disposiciones para el registro y comercializaci\u00f3n de insumos agr\u00edcolas<\/a><\/td>\n<\/tr>\n<tr class=\"row-32 even\">\n\t<td class=\"column-1\">Anexo I Resoluci\u00f3n No. 118-2004<\/td><td class=\"column-2\"><a href=\"\/ca\/wp-content\/uploads\/sites\/7\/2019\/04\/Anexo-I-RES-118-2004-codificacion-registro-insumos-agricolas.pdf\" rel=\"noopener\" target=\"_blank\">Codificaci\u00f3n del N\u00famero de Registro de Insumos para Uso Agr\u00edcola dentro de la Uni\u00f3n Aduanera<\/a><\/td>\n<\/tr>\n<tr class=\"row-33 odd\">\n\t<td class=\"column-1\">Anexo II Resoluci\u00f3n No. 118-2004<\/td><td class=\"column-2\"><a href=\"\/ca\/wp-content\/uploads\/sites\/7\/2019\/04\/Anexo-II-RES-118-2004-informacion-solicitud-reconocimiento-registro-insumo-agricola.pdf\" rel=\"noopener\" target=\"_blank\">Informaci\u00f3n M\u00ednima que debe contener la Solicitud de Reconocimiento del Registro de Insumos Agr\u00edcolas<\/a><\/td>\n<\/tr>\n<tr class=\"row-34 even\">\n\t<td class=\"column-1\">Anexo III Resoluci\u00f3n No. 118-2004<\/td><td class=\"column-2\"><a href=\"\/ca\/wp-content\/uploads\/sites\/7\/2019\/04\/Anexo-III-RES-118-2004-registro-comercial-plaguicidas-botanicos.pdf\" rel=\"noopener\" target=\"_blank\">Registro Comercial de Plaguicidas Bot\u00e1nicos<\/a><\/td>\n<\/tr>\n<tr class=\"row-35 odd\">\n\t<td class=\"column-1\">Anexo IV Resoluci\u00f3n No. 118-2004<\/td><td class=\"column-2\"><a href=\"\/ca\/wp-content\/uploads\/sites\/7\/2019\/04\/Anexo-IV-RES-118-2004-procedimiento-inclusion-ingrediente-activo-lista-plaguicidas-prohibidos.pdf\" rel=\"noopener\" target=\"_blank\">Procedimiento para la Inclusi\u00f3n de un Ingrediente Activo a Lista Armonizada de Plaguicidas Prohibidos en Uni\u00f3n Aduanera<\/a><\/td>\n<\/tr>\n<tr class=\"row-36 even\">\n\t<td class=\"column-1\">Anexo V Resoluci\u00f3n No. 118-2004<\/td><td class=\"column-2\"><a href=\"\/ca\/wp-content\/uploads\/sites\/7\/2019\/04\/Anexo-V-RES-118-2004-protocolo-ensayos-eficacia-biologia-plaguicidas-uso-agricola.pdf\" rel=\"noopener\" target=\"_blank\">Protocolo Patr\u00f3n para Ensayos de Eficacia Biol\u00f3gica de Plaguicidas de Uso Agr\u00edcola<\/a><\/td>\n<\/tr>\n<tr class=\"row-37 odd\">\n\t<td class=\"column-1\">Anexo VI Resoluci\u00f3n No. 118-2004<\/td><td class=\"column-2\"><a href=\"\/ca\/wp-content\/uploads\/sites\/7\/2019\/04\/Anexo-VI-RES-118-2004-Certificados-Insumos-agricolas.pdf\" rel=\"noopener\" target=\"_blank\">Formatos de Certificado de Registro de Ingrediente Activo Grado T\u00e9cnico; Certificado de Registro y Libre Venta de Plaguicidas Agr\u00edcolas y Sustancias Afines; Certificado de Registro y Libre Venta de Abonos y Fertilizantes; Certificado de Registro de Materias Primas de Abonos y Fertilizantes<\/a><\/td>\n<\/tr>\n<tr class=\"row-38 even\">\n\t<td class=\"column-1\">Anexo VII Resoluci\u00f3n No. 118-2004<\/td><td class=\"column-2\"><a href=\"\/ca\/wp-content\/uploads\/sites\/7\/2019\/04\/Anexo-VIII-RES-118-2004-requisitos-t\u00e9cnicos-registro-comercial-de-plaguicidas-microbiologicos-uso-agricola.pdf\" rel=\"noopener\" target=\"_blank\">Requisitos T\u00e9cnicos para el Registro Comercial de Plaguicidas Microbiol\u00f3gicos de Uso Agr\u00edcola<\/a> <\/td>\n<\/tr>\n<\/tbody>\n<\/table>\n<!-- #tablepress-10 from cache -->\n","protected":false},"excerpt":{"rendered":"","protected":false},"author":20,"featured_media":0,"parent":16,"menu_order":0,"comment_status":"closed","ping_status":"closed","template":"page-treaty","meta":{"footnotes":""},"class_list":["post-719","page","type-page","status-publish","hentry"],"_links":{"self":[{"href":"https:\/\/infotrade.economia.gob.sv\/ca\/wp-json\/wp\/v2\/pages\/719","targetHints":{"allow":["GET"]}}],"collection":[{"href":"https:\/\/infotrade.economia.gob.sv\/ca\/wp-json\/wp\/v2\/pages"}],"about":[{"href":"https:\/\/infotrade.economia.gob.sv\/ca\/wp-json\/wp\/v2\/types\/page"}],"author":[{"embeddable":true,"href":"https:\/\/infotrade.economia.gob.sv\/ca\/wp-json\/wp\/v2\/users\/20"}],"replies":[{"embeddable":true,"href":"https:\/\/infotrade.economia.gob.sv\/ca\/wp-json\/wp\/v2\/comments?post=719"}],"version-history":[{"count":2,"href":"https:\/\/infotrade.economia.gob.sv\/ca\/wp-json\/wp\/v2\/pages\/719\/revisions"}],"predecessor-version":[{"id":919,"href":"https:\/\/infotrade.economia.gob.sv\/ca\/wp-json\/wp\/v2\/pages\/719\/revisions\/919"}],"up":[{"embeddable":true,"href":"https:\/\/infotrade.economia.gob.sv\/ca\/wp-json\/wp\/v2\/pages\/16"}],"wp:attachment":[{"href":"https:\/\/infotrade.economia.gob.sv\/ca\/wp-json\/wp\/v2\/media?parent=719"}],"curies":[{"name":"wp","href":"https:\/\/api.w.org\/{rel}","templated":true}]}}