{"id":724,"date":"2019-03-15T10:22:42","date_gmt":"2019-03-15T16:22:42","guid":{"rendered":"http:\/\/infotrade.economia.gob.sv\/ca\/?page_id=724"},"modified":"2019-03-15T10:22:42","modified_gmt":"2019-03-15T16:22:42","slug":"resoluciones-sector-alimentos-y-bebidas","status":"publish","type":"page","link":"https:\/\/infotrade.economia.gob.sv\/ca\/resoluciones-documentos-interes\/resoluciones-sector-alimentos-y-bebidas\/","title":{"rendered":"Resoluciones Sector Alimentos y Bebidas"},"content":{"rendered":"\n<table id=\"tablepress-11\" class=\"tablepress tablepress-id-11\">\n<thead>\n<tr class=\"row-1 odd\">\n\t<th class=\"column-1\">Resoluci\u00f3n COMIECO<\/th><th class=\"column-2\">Nombre de Resoluci\u00f3n<\/th>\n<\/tr>\n<\/thead>\n<tbody class=\"row-hover\">\n<tr class=\"row-2 even\">\n\t<td class=\"column-1\"><strong>Resoluci\u00f3n No. 402-2018<\/strong> <\/td><td class=\"column-2\"><a href=\"\/ca\/wp-content\/uploads\/sites\/7\/2019\/03\/RES-402-2018-COMIECO-LXXXIII.pdf\" rel=\"noopener\" target=\"_blank\">Aprueba RTCA 67.04.50:17 Alimentos. Criterios Microbiol\u00f3gicos Inocuidad de Alimentos<\/a><\/td>\n<\/tr>\n<tr class=\"row-3 odd\">\n\t<td class=\"column-1\">Anexo Resoluci\u00f3n No. 402-2018<\/td><td class=\"column-2\"><a href=\"\/ca\/wp-content\/uploads\/sites\/7\/2019\/03\/ANEXO-RES-402-2018-RTCA-67045017-Criterios-Microbiologicos.pdf\" rel=\"noopener\" target=\"_blank\">RTCA 67.04.50:17 Alimentos. Criterios Microbiol\u00f3gicos para la Inocuidad de los Alimentos<\/a><\/td>\n<\/tr>\n<tr class=\"row-4 even\">\n\t<td class=\"column-1\"><strong>Resoluci\u00f3n No. 388-2017<\/strong>  <\/td><td class=\"column-2\"><a href=\"\/ca\/wp-content\/uploads\/sites\/7\/2019\/03\/RES-388-2017-COMIECO-EX.pdf\" rel=\"noopener\" target=\"_blank\">Modifica Procedimiento de Reconocimiento de Alimentos y Bebidas Procesados<\/a><\/td>\n<\/tr>\n<tr class=\"row-5 odd\">\n\t<td class=\"column-1\">Anexo Resoluci\u00f3n No. 388-2017<\/td><td class=\"column-2\"><a href=\"\/ca\/wp-content\/uploads\/sites\/7\/2019\/03\/ANEXO-RES-388-2017-Procedimiento-registro-sanitario-alimentos-procesados.pdf\" rel=\"noopener\" target=\"_blank\">Procedimiento de Reconocimiento de los Registros Sanitarios de Alimentos y Bebidas Procesados<\/a><\/td>\n<\/tr>\n<tr class=\"row-6 even\">\n\t<td class=\"column-1\"><strong>Resoluci\u00f3n No. 379-2016<\/strong><\/td><td class=\"column-2\"><a href=\"\/ca\/wp-content\/uploads\/sites\/7\/2019\/03\/RES-379-2016-LXXVIII.pdf\" rel=\"noopener\" target=\"_blank\">Aprueba modificaci\u00f3n parcial de los Anexos I y II, RTCA 67.04.54:10 Aditivos Alimentarios<\/a><\/td>\n<\/tr>\n<tr class=\"row-7 odd\">\n\t<td class=\"column-1\">Anexo I y II Resoluci\u00f3n No. 379-2016<\/td><td class=\"column-2\"><a href=\"\/ca\/wp-content\/uploads\/sites\/7\/2019\/03\/ANEXO-379-2016-modif-Anexos-I-II-RTCA-aditivos-alimentarios.pdf\" rel=\"noopener\" target=\"_blank\">RTCA 67.04.54:10 Alimentos y Bebidas Procesadas. Aditivos Alimentarios<\/a><\/td>\n<\/tr>\n<tr class=\"row-8 even\">\n\t<td class=\"column-1\"><strong>Resoluci\u00f3n No. 373-2015<\/strong><\/td><td class=\"column-2\"><a href=\"\/ca\/wp-content\/uploads\/sites\/7\/2019\/03\/RES-373-2015-COMIECO-LXXIV.pdf\" rel=\"noopener\" target=\"_blank\">Aprueba adici\u00f3n al Procedimiento de Registro de Alimentos y Bebidas Procesados<\/a><\/td>\n<\/tr>\n<tr class=\"row-9 odd\">\n\t<td class=\"column-1\"><strong>Resoluci\u00f3n No. 347-2014<\/strong><\/td><td class=\"column-2\"><a href=\"\/ca\/wp-content\/uploads\/sites\/7\/2019\/03\/RES-347-2014-LXVIII-ampliaci\u00f3n-plazo-RES-277-2011-RTCA-Etiquetado-Nutricional-productos-preenvasados.pdf\" rel=\"noopener\" target=\"_blank\">Aprueba plazo para presentar plan de cumplimiento sobre etiquetado nutricional Resoluci\u00f3n 277-2011<\/a><\/td>\n<\/tr>\n<tr class=\"row-10 even\">\n\t<td class=\"column-1\"><strong>Resoluci\u00f3n No. 335-2014<\/strong><\/td><td class=\"column-2\"><a href=\"\/ca\/wp-content\/uploads\/sites\/7\/2019\/03\/RES-335-2014-COMIECO-EX.pdf\" rel=\"noopener\" target=\"_blank\">Aprueba pr\u00f3rroga para agotar inventario de etiquetas, Resoluci\u00f3n 280-2012, RTCA Etiquetado Preenvasados<\/a><\/td>\n<\/tr>\n<tr class=\"row-11 odd\">\n\t<td class=\"column-1\"><strong>Resoluci\u00f3n No. 334-2013<\/strong> <\/td><td class=\"column-2\"><a href=\"\/ca\/wp-content\/uploads\/sites\/7\/2019\/03\/RES-334-2013-COMIECO-LXVI-Res-280-2012-Envases-bebidas-carbonatadas.-etiquetado-preeenvasados.pdf\" rel=\"noopener\" target=\"_blank\">Prorroga plazo de presentaci\u00f3n de envase de vidrio retornable. Bebidas carbonatadas. Resoluci\u00f3n 280-2012, RTCA Etiquetado Preenvasados<\/a><\/td>\n<\/tr>\n<tr class=\"row-12 even\">\n\t<td class=\"column-1\"><strong>Resoluci\u00f3n No. 332-2013<\/strong><\/td><td class=\"column-2\"><a href=\"\/ca\/wp-content\/uploads\/sites\/7\/2019\/03\/RES-332-2013-COMIECO-LXVI.pdf\" rel=\"noopener\" target=\"_blank\">Aprueba RTCA 67.01.05:11 y RTCA 67.01.06:11 Bebidas Alcoh\u00f3licas. Etiquetado<\/a><\/td>\n<\/tr>\n<tr class=\"row-13 odd\">\n\t<td class=\"column-1\">Anexo I Resoluci\u00f3n No. 332-2013<\/td><td class=\"column-2\"><a href=\"\/ca\/wp-content\/uploads\/sites\/7\/2019\/03\/Anexo-I-RES-332-2013-RTCA-67010511-Etiquetado-bebidas-alcoholicas-fermentadas.pdf\" rel=\"noopener\" target=\"_blank\">RTCA 67.01.05:11 Bebidas Alcoh\u00f3licas. Bebidas Alcoh\u00f3licas Fermentadas. Requisitos de Etiquetado<\/a><\/td>\n<\/tr>\n<tr class=\"row-14 even\">\n\t<td class=\"column-1\">Anexo II Resoluci\u00f3n No. 332-2013<\/td><td class=\"column-2\"><a href=\"\/ca\/wp-content\/uploads\/sites\/7\/2019\/03\/Anexo-II-RES-332-2013-RTCA-67010611-Etiquetado-bebida-alcoholica-destilada.pdf\" rel=\"noopener\" target=\"_blank\">RTCA 67.01.06:11 Bebidas Alcoh\u00f3licas. Bebidas Alcoh\u00f3licas Destiladas. Requisitos de Etiquetado<\/a><\/td>\n<\/tr>\n<tr class=\"row-15 odd\">\n\t<td class=\"column-1\"><strong>Resoluci\u00f3n No. 325-2013<\/strong><\/td><td class=\"column-2\"><a href=\"\/ca\/wp-content\/uploads\/sites\/7\/2019\/03\/RES-325-2013-COMIECO-LXVI.pdf\" rel=\"noopener\" target=\"_blank\">Modifica RTCA 67.01.31:07 Alimentos Procesados. Registro e Inscripci\u00f3n Sanitaria<\/a><\/td>\n<\/tr>\n<tr class=\"row-16 even\">\n\t<td class=\"column-1\">Anexo Resoluci\u00f3n No. 325-2013<\/td><td class=\"column-2\"><a href=\"\/ca\/wp-content\/uploads\/sites\/7\/2019\/03\/Anexo-RES-325-2013-RTCA-67013107-Registro-e-inscipci\u00f3n-sanitaria-alimentos-procesados.pdf\" rel=\"noopener\" target=\"_blank\">RTCA 67.01.31:07 Alimentos Procesados. Procedimiento Para Otorgar el Registro Sanitario y la Inscripci\u00f3n Sanitaria<\/a><\/td>\n<\/tr>\n<tr class=\"row-17 odd\">\n\t<td class=\"column-1\"><strong>Resoluci\u00f3n No. 305-2013<\/strong><\/td><td class=\"column-2\"><a href=\"\/ca\/wp-content\/uploads\/sites\/7\/2019\/03\/RES-305-2013-COMIECO-EX.pdf\" rel=\"noopener\" target=\"_blank\">Aprueba pr\u00f3rroga de plazo para agotar inventario de etiquetas de alimentos. Resoluci\u00f3n 280-2012, RTCA Etiquetado Preenvasados<\/a><\/td>\n<\/tr>\n<tr class=\"row-18 even\">\n\t<td class=\"column-1\"><strong>Resoluci\u00f3n No. 298-2012<\/strong><\/td><td class=\"column-2\"><a href=\"\/ca\/wp-content\/uploads\/sites\/7\/2019\/03\/RES-298-2012-COMIECO-LXIV-Etiquetado-Nutricional-RES-277-2011.pdf\" rel=\"noopener\" target=\"_blank\">Aprueba ampliaci\u00f3n para agotamiento de etiquetas. Alimentos Preenvasados. Resoluci\u00f3n 277-2011 RTCA Etiquetado Nutricional<\/a><\/td>\n<\/tr>\n<tr class=\"row-19 odd\">\n\t<td class=\"column-1\"><strong>Resoluci\u00f3n No. 291-2012<\/strong><\/td><td class=\"column-2\"><a href=\"\/ca\/wp-content\/uploads\/sites\/7\/2019\/03\/RES-291-2012-COMIECO-LXII.pdf\" rel=\"noopener\" target=\"_blank\">Aprueba RTCA 01.01.11:06 Cantidad de Producto en Preempacados<\/a><\/td>\n<\/tr>\n<tr class=\"row-20 even\">\n\t<td class=\"column-1\">Anexo Resoluci\u00f3n No. 291-2012<\/td><td class=\"column-2\"><a href=\"\/ca\/wp-content\/uploads\/sites\/7\/2019\/03\/ANEXO-RES-291-2012-RTCA-01011106-cantidad-productos-preempacados.pdf\" rel=\"noopener\" target=\"_blank\">RTCA 01.01.11:06 Cantidad de Producto en Preempacados<\/a><\/td>\n<\/tr>\n<tr class=\"row-21 odd\">\n\t<td class=\"column-1\">Fe de errata Resoluci\u00f3n No. 291-2012<\/td><td class=\"column-2\"><a href=\"\/ca\/wp-content\/uploads\/sites\/7\/2019\/03\/Fe-de-errata-RES-291-2012.pdf\" rel=\"noopener\" target=\"_blank\">Fe de errata<\/a><\/td>\n<\/tr>\n<tr class=\"row-22 even\">\n\t<td class=\"column-1\"><strong>Resoluci\u00f3n No. 283-2012<\/strong><\/td><td class=\"column-2\"><a href=\"\/ca\/wp-content\/uploads\/sites\/7\/2019\/03\/RES-283-2012-COMIECO-LXII.pdf\" rel=\"noopener\" target=\"_blank\">Aprueba RTCA 67.04.54:10 Alimentos y bebidas procesadas. Aditivos alimentarios<\/a><\/td>\n<\/tr>\n<tr class=\"row-23 odd\">\n\t<td class=\"column-1\">Anexo Resoluci\u00f3n No. 283-2012<\/td><td class=\"column-2\"><a href=\"http:\/\/web-sieca.s3.amazonaws.com\/actos%20administrativos\/resoluciones\/comieco\/283-2012ANEXO.pdf?AWSAccessKeyId=AKIAI4MYHTF3E4G6TJAQ&amp;Expires=1553179765&amp;Signature=%2F7gAZSfPcJqDuKG2UCcYCRrm59U%3D\" rel=\"noopener\" target=\"_blank\">RTCA 67.04.54:10 Alimentos y bebidas procesadas. Aditivos alimentarios<\/a><\/td>\n<\/tr>\n<tr class=\"row-24 even\">\n\t<td class=\"column-1\"><strong>Resoluci\u00f3n No. 281-2012<\/strong><\/td><td class=\"column-2\"><a href=\"http:\/\/infotrade.economia.gob.sv\/ca\/wp-content\/uploads\/sites\/7\/2021\/01\/RES-281-2012-COMIECO-LXII.pdf\" rel=\"noopener\" target=\"_blank\">Aprueba modificaci\u00f3n al RTCA 67.01.60:10 Etiquetado Productos Preenvasados<\/a><\/td>\n<\/tr>\n<tr class=\"row-25 odd\">\n\t<td class=\"column-1\">Anexo Resoluci\u00f3n No. 281-2012<\/td><td class=\"column-2\"><a href=\"\/ca\/wp-content\/uploads\/sites\/7\/2019\/03\/Anexo-RES-281-2012-RTCA-67016010-Etiquetado-nutricional-preenvasado-3-a\u00f1os-edad.pdf\" rel=\"noopener\" target=\"_blank\">RTCA 67.01.60:10 Etiquetado Nutricional de Productos Alimenticios Preenvasados para Consumo Humano para la Poblaci\u00f3n a partir de 3 a\u00f1os de Edad<\/a><\/td>\n<\/tr>\n<tr class=\"row-26 even\">\n\t<td class=\"column-1\"><strong>Resoluci\u00f3n No. 280-2012<\/strong><\/td><td class=\"column-2\"><a href=\"\/ca\/wp-content\/uploads\/sites\/7\/2019\/03\/RES-280-2012-COMIECO-LXII.pdf\" rel=\"noopener\" target=\"_blank\">Aprueba RTCA 67.01.07:10 Etiquetado General de Alimentos Preenvasados<\/a><\/td>\n<\/tr>\n<tr class=\"row-27 odd\">\n\t<td class=\"column-1\">Anexo Resoluci\u00f3n No. 280-2012<\/td><td class=\"column-2\"><a href=\"\/ca\/wp-content\/uploads\/sites\/7\/2019\/03\/Anexo-RES-280-2012-RTCA-67010710-Etiquetado-general-preenvasados.pdf\" rel=\"noopener\" target=\"_blank\">RTCA 67.01.07:10 Etiquetado General de los Alimentos Previamente Envasados (Preenvasados)<\/a><\/td>\n<\/tr>\n<tr class=\"row-28 even\">\n\t<td class=\"column-1\"><strong>Resoluci\u00f3n No. 277-2011<\/strong><\/td><td class=\"column-2\"><a href=\"\/ca\/wp-content\/uploads\/sites\/7\/2019\/03\/RES-277-2011-COMIECO-LXI.pdf\" rel=\"noopener\" target=\"_blank\">Aprueba RTCA 67.04.60:10 Etiquetado Nutricional Productos Preenvasados<\/a><\/td>\n<\/tr>\n<tr class=\"row-29 odd\">\n\t<td class=\"column-1\">Anexo Resoluci\u00f3n No. 277-2011<\/td><td class=\"column-2\"><a href=\"\/ca\/wp-content\/uploads\/sites\/7\/2019\/03\/Anexo-RES-277-2011-67016010-Etiquetado-nutricional-preenvasados-alimentos-3-a\u00f1os-de-edad.pdf\" rel=\"noopener\" target=\"_blank\">RTCA 67.04.60:10 Etiquetado Nutricional de Productos Alimenticios Preenvasados para Consumo Humano para la Poblaci\u00f3n a partir de 3 a\u00f1os de Edad<\/a><\/td>\n<\/tr>\n<tr class=\"row-30 even\">\n\t<td class=\"column-1\">Fe de errata Resoluci\u00f3n No. 277-2011<\/td><td class=\"column-2\"><a href=\"\/ca\/wp-content\/uploads\/sites\/7\/2019\/03\/Fe-de-errata-RES-277-2011.pdf\" rel=\"noopener\" target=\"_blank\">Fe de errata<\/a><\/td>\n<\/tr>\n<tr class=\"row-31 odd\">\n\t<td class=\"column-1\">Resoluci\u00f3n No. 276-2011<\/td><td class=\"column-2\"><a href=\"\/ca\/wp-content\/uploads\/sites\/7\/2019\/03\/RES-276-2011-COMIECO-LXI.pdf\" rel=\"noopener\" target=\"_blank\">Aprueba Gu\u00eda Verificaci\u00f3n RTCA 67.06.55:09 BPM Alimentos no Procesados y Semiprocesados<\/a><\/td>\n<\/tr>\n<tr class=\"row-32 even\">\n\t<td class=\"column-1\">Anexo Resoluci\u00f3n No. 276-2011<\/td><td class=\"column-2\"><a href=\"\/ca\/wp-content\/uploads\/sites\/7\/2019\/03\/Anexo-RES-276-2011-RTCA-67065509-Guia-verificaci\u00f3n-BPH-Alimentos-no-procesados.pdf\" rel=\"noopener\" target=\"_blank\">Gu\u00eda para la Verificaci\u00f3n de Cumplimiento del RTCA 67.06.55:09 Buenas Pr\u00e1cticas de Higiene para Alimentos no Procesados y Semiprocesados<\/a><\/td>\n<\/tr>\n<tr class=\"row-33 odd\">\n\t<td class=\"column-1\"><strong>Resoluci\u00f3n No. 269-2011<\/strong><\/td><td class=\"column-2\"><a href=\"\/ca\/wp-content\/uploads\/sites\/7\/2019\/03\/RES-269-2011-COMIECO-LXI-con-Anexo.pdf\" rel=\"noopener\" target=\"_blank\">Aprueba Procedimiento Registros Sanitarios Alimentos y Bebidas Procesados<\/a><\/td>\n<\/tr>\n<tr class=\"row-34 even\">\n\t<td class=\"column-1\"><strong>Resoluci\u00f3n No. 243-2009<\/strong><\/td><td class=\"column-2\"><a href=\"\/ca\/wp-content\/uploads\/sites\/7\/2019\/03\/RES-243-2009-COMIECO-LV.pdf\" rel=\"noopener\" target=\"_blank\">Aprueba RTCA 67.04.50:08 Criterios Microbiol\u00f3gicos Inocuidad de Alimentos<\/a><\/td>\n<\/tr>\n<tr class=\"row-35 odd\">\n\t<td class=\"column-1\">Anexo Resoluci\u00f3n No. 243-2009<\/td><td class=\"column-2\"><a href=\"\/ca\/wp-content\/uploads\/sites\/7\/2019\/03\/Anexo-RES-243-2009-RTCA-67045008-criterios-microbiologicos-inocuidad-alimentos.pdf\" rel=\"noopener\" target=\"_blank\">RTCA 67.04.50:08 Alimentos. Criterios Microbiol\u00f3gicos para la Inocuidad de Alimentos<\/a><\/td>\n<\/tr>\n<tr class=\"row-36 even\">\n\t<td class=\"column-1\"><strong>Resoluci\u00f3n No. 226-2008<\/strong><\/td><td class=\"column-2\"><a href=\"\/ca\/wp-content\/uploads\/sites\/7\/2019\/03\/RES-226-2008-COMIECO-XLIX.pdf\" rel=\"noopener\" target=\"_blank\">Aprueba RTCA 67.04.48:08 Alimentos y bebidas procesados. N\u00e9ctares de fruta. <\/a><\/td>\n<\/tr>\n<tr class=\"row-37 odd\">\n\t<td class=\"column-1\">Anexo Resoluci\u00f3n No. 226-2008<\/td><td class=\"column-2\"><a href=\"\/ca\/wp-content\/uploads\/sites\/7\/2019\/03\/Anexo-RES-226-2008-RTCA-67044808-Especificaciones-N\u00e9ctares-de-frutas.pdf\" rel=\"noopener\" target=\"_blank\">RTCA 67.04.48:08 Alimentos y bebidas procesados. N\u00e9ctares de fruta. Especificaciones<\/a><\/td>\n<\/tr>\n<tr class=\"row-38 even\">\n\t<td class=\"column-1\"><strong>Resoluci\u00f3n No. 216-2007<\/strong><\/td><td class=\"column-2\"><a href=\"\/ca\/wp-content\/uploads\/sites\/7\/2019\/03\/RES-216-2007-COMIECO-XLVII.pdf\" rel=\"noopener\" target=\"_blank\">Aprueba RTCA 67.01.31:07 Alimentos procesados. Procedimiento Registro Sanitario<\/a><\/td>\n<\/tr>\n<tr class=\"row-39 odd\">\n\t<td class=\"column-1\">Anexo Resoluci\u00f3n No. 216-2007<\/td><td class=\"column-2\"><a href=\"\/ca\/wp-content\/uploads\/sites\/7\/2019\/03\/Anexo-RES-216-2007-RTCA-67013107-procedimiento-registro-e-inscripci\u00f3n-sanitaria.pdf\" rel=\"noopener\" target=\"_blank\">RTCA 67.01.31:07 Alimentos procesados. Procedimiento para otorgar el registro sanitario y la inscripci\u00f3n sanitaria<\/a><\/td>\n<\/tr>\n<tr class=\"row-40 even\">\n\t<td class=\"column-1\"><strong>Resoluci\u00f3n No. 215-2007<\/strong><\/td><td class=\"column-2\"><a href=\"\/ca\/wp-content\/uploads\/sites\/7\/2019\/03\/RES-215-2007-COMIECO-XLVII.pdf\" rel=\"noopener\" target=\"_blank\">Aprueba RTCA 67.04.40:07 Alimentos y bebidas procesados. Grasas y aceites. Especificaciones<\/a><\/td>\n<\/tr>\n<tr class=\"row-41 odd\">\n\t<td class=\"column-1\">Anexo Resoluci\u00f3n No. 215-2007<\/td><td class=\"column-2\"><a href=\"\/ca\/wp-content\/uploads\/sites\/7\/2019\/03\/Anexo-RES-215-2007-RTCA-67044007-Especificaciones-grasas-aceites.pdf\" rel=\"noopener\" target=\"_blank\">RTCA 67.04.40:07 Alimentos y bebidas procesados. Grasas y aceites. Especificaciones<\/a><\/td>\n<\/tr>\n<tr class=\"row-42 even\">\n\t<td class=\"column-1\"><strong>Resoluci\u00f3n No. 201-2007<\/strong> <\/td><td class=\"column-2\"><a href=\"\/ca\/wp-content\/uploads\/sites\/7\/2019\/03\/RES-201-2007-COMIECO-XLV.pdf\" rel=\"noopener\" target=\"_blank\">Aprueba RTCA 67.01.15:07 Harinas. Harina de trigo fortificada<\/a><\/td>\n<\/tr>\n<tr class=\"row-43 odd\">\n\t<td class=\"column-1\">Anexo Resoluci\u00f3n No. 201-2007 <\/td><td class=\"column-2\"><a href=\"\/ca\/wp-content\/uploads\/sites\/7\/2019\/03\/Anexo-RES-201-2007-RTCA-67011507-Especificaciones-harina-trigo.pdf\" rel=\"noopener\" target=\"_blank\">RTCA 67.01.15:07 Harinas. Harina de trigo fortificada. Especificaciones<\/a><\/td>\n<\/tr>\n<tr class=\"row-44 even\">\n\t<td class=\"column-1\"><strong>Resoluci\u00f3n No. 176-2006<\/strong><\/td><td class=\"column-2\"><a href=\"\/ca\/wp-content\/uploads\/sites\/7\/2019\/03\/RES-176-2006-COMIECO-XXXVIII.pdf\" rel=\"noopener\" target=\"_blank\">Aprueba  4 RTCAs sobre Alimentos Procesados<\/a><\/td>\n<\/tr>\n<tr class=\"row-45 odd\">\n\t<td class=\"column-1\">Anexo I Resoluci\u00f3n No. 176-2006 <\/td><td class=\"column-2\"><a href=\"\/ca\/wp-content\/uploads\/sites\/7\/2019\/03\/Anexo-I-RES-176-2006-RTCA-67013006-procedimiento-licencia-sanitaria-a-f\u00e1brica-bodegas.pdf\" rel=\"noopener\" target=\"_blank\">RTCA 67.01.30:06 Alimentos Procesados. Procedimiento para otorgar la Licencia Sanitaria a F\u00e1bricas y Bodegas<\/a><\/td>\n<\/tr>\n<tr class=\"row-46 even\">\n\t<td class=\"column-1\">Anexo II Resoluci\u00f3n No. 176-2006<\/td><td class=\"column-2\"><a href=\"\/ca\/wp-content\/uploads\/sites\/7\/2019\/03\/Anexo-II-RES-176-2006-RTCA-67013106-procedimiento-registro-inscripci\u00f3n-sanitaria-alimentos-procesados.pdf\" rel=\"noopener\" target=\"_blank\">RTCA 67.01.31:06 Alimentos Procesados. Procedimiento para otorgar el Registro Sanitario y la Inscripci\u00f3n Sanitaria<\/a><\/td>\n<\/tr>\n<tr class=\"row-47 odd\">\n\t<td class=\"column-1\">Anexo III Resoluci\u00f3n No. 176-2006<\/td><td class=\"column-2\"><a href=\"\/ca\/wp-content\/uploads\/sites\/7\/2019\/03\/Anexo-III-RES-176-2006-RTCA-67013206-requisitos-importaci\u00f3n-alimentos-exhibici\u00f3n-degustaci\u00f3n.pdf\" rel=\"noopener\" target=\"_blank\">RTCA 67.01.32:06 Requisitos para la Importaci\u00f3n de Alimentos Procesados con Fines de Exhibici\u00f3n y Degustaci\u00f3n<\/a><\/td>\n<\/tr>\n<tr class=\"row-48 even\">\n\t<td class=\"column-1\">Anexo IV Resoluci\u00f3n No. 176-2006<\/td><td class=\"column-2\"><a href=\"\/ca\/wp-content\/uploads\/sites\/7\/2019\/03\/Anexo-IV-RES-176-2006-RTCA-67013306-BPM-Alimentos-y-bebidas.pdf\" rel=\"noopener\" target=\"_blank\">RTCA 67.01.33:06 Industria de Alimentos y Bebidas Procesados. Buenas Pr\u00e1cticas de Manufactura. Principios Generales<\/a><\/td>\n<\/tr>\n<tr class=\"row-49 odd\">\n\t<td class=\"column-1\"><strong>Resoluci\u00f3n No. 168-2006<\/strong><\/td><td class=\"column-2\"><a href=\"\/ca\/wp-content\/uploads\/sites\/7\/2019\/03\/RES-168-2006-COMIECO-XLIX.pdf\" rel=\"noopener\" target=\"_blank\">Aprueba RTCA 01.01.11:06 Cantidad de Producto en Preempacados<\/a><\/td>\n<\/tr>\n<tr class=\"row-50 even\">\n\t<td class=\"column-1\">Anexo Resoluci\u00f3n No. 168-2006<\/td><td class=\"column-2\"><a href=\"\/ca\/wp-content\/uploads\/sites\/7\/2019\/03\/Anexo-RES-168-2006-RTCA-01011106-cantidad-productos-preempacados.pdf\" rel=\"noopener\" target=\"_blank\">RTCA 01.01.11:06 Cantidad de Producto en Preempacados<\/a><\/td>\n<\/tr>\n<tr class=\"row-51 odd\">\n\t<td class=\"column-1\"><strong>Resoluci\u00f3n No. 121-2004<\/strong><\/td><td class=\"column-2\"><a href=\"\/ca\/wp-content\/uploads\/sites\/7\/2019\/04\/RES-121-2004-COMIECO.pdf\" rel=\"noopener\" target=\"_blank\">Aprueba disposiciones registro sanitario alimentos y bebidas procesados. Sustituye integramente Resoluci\u00f3n No. 120-2004<\/a><\/td>\n<\/tr>\n<tr class=\"row-52 even\">\n\t<td class=\"column-1\">Anexo I Resoluci\u00f3n No. 121-2004<\/td><td class=\"column-2\"><a href=\"\/ca\/wp-content\/uploads\/sites\/7\/2019\/04\/Anexo-I-121-2004-reconocimiento-agil-registro-sanitario-alimentos-bebidas-procesados.pdf\" rel=\"noopener\" target=\"_blank\">Reconocimiento \u00c1gil de los Registros Sanitarios de Alimentos y Bebidas Procesados<\/a><\/td>\n<\/tr>\n<tr class=\"row-53 odd\">\n\t<td class=\"column-1\">Anexo II Resoluci\u00f3n No. 121-2004<\/td><td class=\"column-2\"><a href=\"\/ca\/wp-content\/uploads\/sites\/7\/2019\/04\/Anexo-RES-121-2004-cuadro-determinaciones-registro-sanitario-grupo-alimentos.pdf\" rel=\"noopener\" target=\"_blank\">Cuadro de Determinaciones Anal\u00edticas para Registro Sanitario por Grupo de Alimentos<\/a><\/td>\n<\/tr>\n<tr class=\"row-54 even\">\n\t<td class=\"column-1\">Anexo III Resoluci\u00f3n No. 121-2004<\/td><td class=\"column-2\"><a href=\"\/ca\/wp-content\/uploads\/sites\/7\/2019\/04\/Anexo-III-RES-121-2004-cuadro-analiticas-vigilancia-grupo-alimentos.pdf\" rel=\"noopener\" target=\"_blank\">Cuadro de Determinaciones Anal\u00edticas para Vigilancia por Grupo de Alimentos<\/a><\/td>\n<\/tr>\n<tr class=\"row-55 odd\">\n\t<td class=\"column-1\">Anexo IV Resoluci\u00f3n No. 121-2004<\/td><td class=\"column-2\"><a href=\"\/ca\/wp-content\/uploads\/sites\/7\/2019\/04\/Anexo-IV-RES-121-2004-certificado-libre-venta-alimentos-bebidas.pdf\" rel=\"noopener\" target=\"_blank\">Certificado de Libre Venta de Alimentos y Bebidas Uni\u00f3n Aduanera<\/a><\/td>\n<\/tr>\n<tr class=\"row-56 even\">\n\t<td class=\"column-1\"><strong>Resoluci\u00f3n No. 120-2004<\/strong><\/td><td class=\"column-2\"><a href=\"\/ca\/wp-content\/uploads\/sites\/7\/2019\/04\/RES-120-2004-COMIECO.pdf\" rel=\"noopener\" target=\"_blank\">Aprueba disposiciones registro sanitario alimentos y bebidas procesados<\/a><\/td>\n<\/tr>\n<tr class=\"row-57 odd\">\n\t<td class=\"column-1\"><strong>Resoluci\u00f3n No. 94-2002<\/strong><\/td><td class=\"column-2\"><a href=\"\/ca\/wp-content\/uploads\/sites\/7\/2019\/04\/Res-94-2002-COMIECO-XXIV.pdf\" rel=\"noopener\" target=\"_blank\">Aprueba Reglamento T\u00e9cnico Uni\u00f3n Aduanera Centroamericana sobre Harina de Trigo<\/a><\/td>\n<\/tr>\n<tr class=\"row-58 even\">\n\t<td class=\"column-1\">Anexo Resoluci\u00f3n No. 94-2002<\/td><td class=\"column-2\"><a href=\"\/ca\/wp-content\/uploads\/sites\/7\/2019\/04\/Anexo-RES-94-2002-RTCA-67011502-Harina-de-Trigo-Forticada.pdf\" rel=\"noopener\" target=\"_blank\">Reglamento T\u00e9cnico Uni\u00f3n Aduanera Centroamericana. Harinas. Harina de Trigo Fortificada<\/a><\/td>\n<\/tr>\n<tr class=\"row-59 odd\">\n\t<td class=\"column-1\"><strong>Resoluci\u00f3n No. 80-2001<\/strong><\/td><td class=\"column-2\"><a href=\"\/ca\/wp-content\/uploads\/sites\/7\/2019\/04\/RES-80-2001-COMIECO-XVII.pdf\" rel=\"noopener\" target=\"_blank\">Aprueba acuerdos sobre registro alimentos, bebidas y medicamentos para Uni\u00f3n Aduanera. Deroga Resoluci\u00f3n No 75-2001<\/a><\/td>\n<\/tr>\n<tr class=\"row-60 even\">\n\t<td class=\"column-1\"><strong>Resoluci\u00f3n No. 75-2001<\/strong><\/td><td class=\"column-2\"><a href=\"\/ca\/wp-content\/uploads\/sites\/7\/2019\/04\/RES-75-2001-COMIECO.pdf\" rel=\"noopener\" target=\"_blank\">Aprueba acuerdos sobre registro alimentos, bebidas y medicamentos para Uni\u00f3n Aduanera<\/a><\/td>\n<\/tr>\n<\/tbody>\n<\/table>\n<!-- #tablepress-11 from cache -->\n","protected":false},"excerpt":{"rendered":"","protected":false},"author":20,"featured_media":0,"parent":16,"menu_order":0,"comment_status":"closed","ping_status":"closed","template":"page-treaty","meta":{"footnotes":""},"class_list":["post-724","page","type-page","status-publish","hentry"],"_links":{"self":[{"href":"https:\/\/infotrade.economia.gob.sv\/ca\/wp-json\/wp\/v2\/pages\/724","targetHints":{"allow":["GET"]}}],"collection":[{"href":"https:\/\/infotrade.economia.gob.sv\/ca\/wp-json\/wp\/v2\/pages"}],"about":[{"href":"https:\/\/infotrade.economia.gob.sv\/ca\/wp-json\/wp\/v2\/types\/page"}],"author":[{"embeddable":true,"href":"https:\/\/infotrade.economia.gob.sv\/ca\/wp-json\/wp\/v2\/users\/20"}],"replies":[{"embeddable":true,"href":"https:\/\/infotrade.economia.gob.sv\/ca\/wp-json\/wp\/v2\/comments?post=724"}],"version-history":[{"count":1,"href":"https:\/\/infotrade.economia.gob.sv\/ca\/wp-json\/wp\/v2\/pages\/724\/revisions"}],"predecessor-version":[{"id":726,"href":"https:\/\/infotrade.economia.gob.sv\/ca\/wp-json\/wp\/v2\/pages\/724\/revisions\/726"}],"up":[{"embeddable":true,"href":"https:\/\/infotrade.economia.gob.sv\/ca\/wp-json\/wp\/v2\/pages\/16"}],"wp:attachment":[{"href":"https:\/\/infotrade.economia.gob.sv\/ca\/wp-json\/wp\/v2\/media?parent=724"}],"curies":[{"name":"wp","href":"https:\/\/api.w.org\/{rel}","templated":true}]}}