{"id":811,"date":"2019-03-18T12:45:21","date_gmt":"2019-03-18T18:45:21","guid":{"rendered":"http:\/\/infotrade.economia.gob.sv\/ca\/?page_id=811"},"modified":"2019-03-18T12:45:21","modified_gmt":"2019-03-18T18:45:21","slug":"resoluciones-sector-quimico-farmaceutico","status":"publish","type":"page","link":"https:\/\/infotrade.economia.gob.sv\/ca\/resoluciones-documentos-interes\/resoluciones-sector-quimico-farmaceutico\/","title":{"rendered":"Resoluciones Sector Qu\u00edmico Farmac\u00e9utico"},"content":{"rendered":"\n<table id=\"tablepress-13\" class=\"tablepress tablepress-id-13\">\n<thead>\n<tr class=\"row-1 odd\">\n\t<th class=\"column-1\">Resoluci\u00f3n COMIECO<\/th><th class=\"column-2\">Nombre de Resoluci\u00f3n<\/th>\n<\/tr>\n<\/thead>\n<tbody class=\"row-hover\">\n<tr class=\"row-2 even\">\n\t<td class=\"column-1\"><strong>Resoluci\u00f3n No. 339-2014<\/strong> <\/td><td class=\"column-2\"><a href=\"\/ca\/wp-content\/uploads\/sites\/7\/2019\/03\/RES-339-2014-COMIECO-LXVII.pdf\" rel=\"noopener\" target=\"_blank\">Aprueba RTCA 11.03.42:07 Medicamento Uso Humano. BPM para Industria Farmac\u00e9utica<\/a><\/td>\n<\/tr>\n<tr class=\"row-3 odd\">\n\t<td class=\"column-1\">Anexo 1 Resoluci\u00f3n No. 339-2014<\/td><td class=\"column-2\"><a href=\"\/ca\/wp-content\/uploads\/sites\/7\/2019\/03\/ANEXO-I-RES-339-2014-RTCA-11034207-Buenas-Pr\u00e1cticas-de-Manufactura-Sector-Farmac\u00e9utico-medicamento-uso-humano.pdf\" rel=\"noopener\" target=\"_blank\">RTCA 11.03.42:07 Productos Farmac\u00e9uticos. Medicamentos de Uso Humano. Buenas Pr\u00e1cticas de Manufactura Para la Industria Farmac\u00e9utica y su Gu\u00eda de Verificaci\u00f3n<\/a><\/td>\n<\/tr>\n<tr class=\"row-4 even\">\n\t<td class=\"column-1\">Anexo 2 Resoluci\u00f3n No. 339-2014<\/td><td class=\"column-2\"><a href=\"\/ca\/wp-content\/uploads\/sites\/7\/2019\/03\/ANEXO-II-RES-339-2014-Gu\u00eda-de-verificaci\u00f3n-del-RTCA-11034207-BPM-SF-medicamentos-uso-humano.pdf\" rel=\"noopener\" target=\"_blank\">Gu\u00eda de Verificaci\u00f3n del RTCA 11.03.42:07 sobre Buenas Pr\u00e1cticas de Manufactura para la Industria Farmac\u00e9utica. Productos Farmac\u00e9uticos y medicamentos de Uso Humano<\/a><\/td>\n<\/tr>\n<tr class=\"row-5 odd\">\n\t<td class=\"column-1\"><strong>Resoluci\u00f3n No. 333-2013<\/strong><\/td><td class=\"column-2\"><a href=\"\/ca\/wp-content\/uploads\/sites\/7\/2019\/03\/RES-333-2013-COMIECO-LXVI.pdf\" rel=\"noopener\" target=\"_blank\">Aprueba RTCA 11.03.59:11 Medicamento Uso Humano. Registro Sanitario<\/a><\/td>\n<\/tr>\n<tr class=\"row-6 even\">\n\t<td class=\"column-1\">Anexo I Resoluci\u00f3n No. 333-2013<\/td><td class=\"column-2\"><a href=\"\/ca\/wp-content\/uploads\/sites\/7\/2019\/03\/ANEXO-I-RES-333-2013-RTCA-11035911-Registro-sanitario-medicamentos-de-uso-humano.pdf\" rel=\"noopener\" target=\"_blank\">RTCA 11.03.59:11 Productos Farmac\u00e9uticos. Medicamentos Uso Humano. Requisitos de Registro Sanitario<\/a><\/td>\n<\/tr>\n<tr class=\"row-7 odd\">\n\t<td class=\"column-1\">Anexo II Resoluci\u00f3n No. 333-2013<\/td><td class=\"column-2\"><a href=\"\/ca\/wp-content\/uploads\/sites\/7\/2019\/03\/Anexo-II-RES-333-2013-Reconocimiento-mutuo-de-registro-sanitario.pdf\" rel=\"noopener\" target=\"_blank\">Reconocimiento Mutuo de Registros Sanitarios de Medicamentos para Uso Humano<\/a><\/td>\n<\/tr>\n<tr class=\"row-8 even\">\n\t<td class=\"column-1\"><strong>Resoluci\u00f3n No. 303-2013<\/strong><\/td><td class=\"column-2\"><a href=\"\/ca\/wp-content\/uploads\/sites\/7\/2019\/03\/RES-303-2013-COMIECO-EX.pdf\" rel=\"noopener\" target=\"_blank\">Aprueba RTCA 11.03.64:11 Productos Naturales Medicinales Uso Humano. Registro<\/a><\/td>\n<\/tr>\n<tr class=\"row-9 odd\">\n\t<td class=\"column-1\">Anexo Resoluci\u00f3n No. 303-2013<\/td><td class=\"column-2\"><a href=\"\/ca\/wp-content\/uploads\/sites\/7\/2019\/03\/ANEXO-RES-303-2013-RTCA-11036411-Requisitos-Registro-Sanitario-Medicina-Natural.pdf\" rel=\"noopener\" target=\"_blank\">RTCA 11.03.64:11 Productos Farmac\u00e9uticos. Productos Naturales Medicinales para Uso Humano. Requisitos de Registro Sanitario<\/a><\/td>\n<\/tr>\n<tr class=\"row-10 even\">\n\t<td class=\"column-1\"><strong>Resoluci\u00f3n No. 275-2011<\/strong><\/td><td class=\"column-2\"><a href=\"\/ca\/wp-content\/uploads\/sites\/7\/2019\/03\/RES-275-2011-COMIECO-LXI.pdf\" rel=\"noopener\" target=\"_blank\">Aprueba RTCA 11.01.02:04 Etiquetado Productos Farmac\u00e9uticos Uso Humano<\/a><\/td>\n<\/tr>\n<tr class=\"row-11 odd\">\n\t<td class=\"column-1\">Anexo Resoluci\u00f3n No. 275-2011<\/td><td class=\"column-2\"><a href=\"\/ca\/wp-content\/uploads\/sites\/7\/2019\/03\/Anexo-RES-275-2011-RTCA-11010204-Etiquetado-farmac\u00e9uticos-uso-humano.pdf\" rel=\"noopener\" target=\"_blank\">RTCA 11.01.02:04 Productos Farmac\u00e9uticos. Etiquetado de Productos Farmac\u00e9uticos Para Uso Humano<\/a><\/td>\n<\/tr>\n<tr class=\"row-12 even\">\n\t<td class=\"column-1\"><strong>Resoluci\u00f3n No. 270-2011<\/strong><\/td><td class=\"column-2\"><a href=\"\/ca\/wp-content\/uploads\/sites\/7\/2019\/03\/RES-270-2011-COMIECO-LXI.pdf\" rel=\"noopener\" target=\"_blank\">Aprueba RTCA 11.03.56:09 y 11.04.41:06 Productos Medicinales Uso Humano<\/a><\/td>\n<\/tr>\n<tr class=\"row-13 odd\">\n\t<td class=\"column-1\">Anexo I Resoluci\u00f3n No. 270-2011<\/td><td class=\"column-2\"><a href=\"\/ca\/wp-content\/uploads\/sites\/7\/2019\/03\/Anexo-I-RES-270-2011-RTCA-11035609-verificaci\u00f3n-de-calidad-medicamentos-naturales-uso-humano.pdf\" rel=\"noopener\" target=\"_blank\">RTCA 11.03.56:09 Productos Farmac\u00e9uticos. Productos Naturales Medicinales para Uso Humano. Verificaci\u00f3n de la Calidad<\/a><\/td>\n<\/tr>\n<tr class=\"row-14 even\">\n\t<td class=\"column-1\">Anexo II Resoluci\u00f3n No. 270-2011<\/td><td class=\"column-2\"><a href=\"\/ca\/wp-content\/uploads\/sites\/7\/2019\/03\/Anexo-II-RES-270-2011-RTCA-11044106-etiquetado-medicamentos-naturales-uso-humano.pdf\" rel=\"noopener\" target=\"_blank\">RTCA 11.04.41:06 Productos Farmac\u00e9uticos. Productos Naturales Medicinales para Uso Humano. Requisitos de Etiquetado<\/a><\/td>\n<\/tr>\n<tr class=\"row-15 odd\">\n\t<td class=\"column-1\"><strong>Resoluci\u00f3n No. 256-2010<\/strong><\/td><td class=\"column-2\"><a href=\"\/ca\/wp-content\/uploads\/sites\/7\/2019\/03\/RES-256-2010-COMIECO-LIX.pdf\" rel=\"noopener\" target=\"_blank\">Aprueba RTCA 11.01.04:10 Estudios de Estabilidad Medicamentos Uso Humano<\/a><\/td>\n<\/tr>\n<tr class=\"row-16 even\">\n\t<td class=\"column-1\">Anexo Resoluci\u00f3n No. 256-2010<\/td><td class=\"column-2\"><a href=\"\/ca\/wp-content\/uploads\/sites\/7\/2019\/03\/Anexo-RES-256-2010-RTCA-11010410-estudios-estabilidad-medicamentos-uso-humano-I-Rev.pdf\" rel=\"noopener\" target=\"_blank\">RTCA 11.01.04:10 Productos Farmac\u00e9uticos. Estudios de Estabilidad de Medicamentos para Uso Humano. Primera actualizaci\u00f3n<\/a><\/td>\n<\/tr>\n<tr class=\"row-17 odd\">\n\t<td class=\"column-1\"><strong>Resoluci\u00f3n No. 235-2008 <\/strong><\/td><td class=\"column-2\"><a href=\"\/ca\/wp-content\/uploads\/sites\/7\/2019\/03\/RES-235-2008-COMIECO-LI-prorroga-RES-228-2008.pdf\" rel=\"noopener\" target=\"_blank\">Aprueba prorroga de inicio vigencia RTCA 11.03.39:06 Evaluaci\u00f3n de Calidad Medicamentos. Resoluci\u00f3n 228-2008<\/a><\/td>\n<\/tr>\n<tr class=\"row-18 even\">\n\t<td class=\"column-1\"><strong>Resoluci\u00f3n No. 231-2008<\/strong> <\/td><td class=\"column-2\"><a href=\"\/ca\/wp-content\/uploads\/sites\/7\/2019\/03\/RES-231-2008-COMIECO-L.pdf\" rel=\"noopener\" target=\"_blank\">Aprueba 4 RTCAs relacionados a Productos Cosm\u00e9ticos<\/a><\/td>\n<\/tr>\n<tr class=\"row-19 odd\">\n\t<td class=\"column-1\">Anexo I Resoluci\u00f3n No. 231-2008 <\/td><td class=\"column-2\"><a href=\"\/ca\/wp-content\/uploads\/sites\/7\/2019\/03\/Anexo-RES-231-2008-RTCA-71034908-BPM-para-laboratorios-cosm\u00e9ticos.pdf\" rel=\"noopener\" target=\"_blank\">RTCA 71.03.49:08 Productos Cosm\u00e9ticos. Buenas Pr\u00e1cticas de Manufactura para los Laboratorios Fabricantes de Productos Cosm\u00e9ticos<\/a><\/td>\n<\/tr>\n<tr class=\"row-20 even\">\n\t<td class=\"column-1\">Anexo II Resoluci\u00f3n No. 231-2008 <\/td><td class=\"column-2\"><a href=\"\/ca\/wp-content\/uploads\/sites\/7\/2019\/03\/Anexo-II-RES-231-2008-RTCA-71013506-registro-inscripci\u00f3n-sanitaria-productos-cosm\u00e9ticos.pdf\" rel=\"noopener\" target=\"_blank\">RTCA 71.01.35:06 Productos Cosm\u00e9ticos. Registro e Inscripci\u00f3n Sanitaria de Productos Cosm\u00e9ticos<\/a><\/td>\n<\/tr>\n<tr class=\"row-21 odd\">\n\t<td class=\"column-1\">Anexo III Resoluci\u00f3n No. 231-2008 <\/td><td class=\"column-2\"><a href=\"\/ca\/wp-content\/uploads\/sites\/7\/2019\/03\/Anexo-III-RES-231-2008-RTCA-71033607-Etiquetado-productos-cosm\u00e9ticos.pdf\" rel=\"noopener\" target=\"_blank\">RTCA 71.03.36:07 Productos Cosm\u00e9ticos. Etiquetado de Productos Cosm\u00e9ticos<\/a><\/td>\n<\/tr>\n<tr class=\"row-22 even\">\n\t<td class=\"column-1\">Anexo IV Resoluci\u00f3n No. 231-2008 <\/td><td class=\"column-2\"><a href=\"\/ca\/wp-content\/uploads\/sites\/7\/2019\/03\/Anexo-IV-RES-231-2008-RTCA-71034507-Verificaci\u00f3n-calidad-cosm\u00e9ticos.pdf\" rel=\"noopener\" target=\"_blank\">RTCA 71.03.45:07 Productos Cosm\u00e9ticos. Verificaci\u00f3n de la Calidad<\/a><\/td>\n<\/tr>\n<tr class=\"row-23 odd\">\n\t<td class=\"column-1\">Anexo V Resoluci\u00f3n No. 231-2008 <\/td><td class=\"column-2\"><a href=\"\/ca\/wp-content\/uploads\/sites\/7\/2019\/03\/Anexo-V-RES-231-2008-reconocimiento-mutuo-registro-inscripci\u00f3n-sanitaria-cosm\u00e9ticos.pdf\" rel=\"noopener\" target=\"_blank\">Reconocimiento Mutuo del Registro o Inscripci\u00f3n Sanitaria de Productos Cosm\u00e9ticos<\/a><\/td>\n<\/tr>\n<tr class=\"row-24 even\">\n\t<td class=\"column-1\"><strong>Resoluci\u00f3n No. 230-2008<\/strong><\/td><td class=\"column-2\"><a href=\"\/ca\/wp-content\/uploads\/sites\/7\/2019\/03\/RES-230-2008-COMIECO-L.pdf\" rel=\"noopener\" target=\"_blank\">Aprueba 2 RTCAs relacionados a Productos Higi\u00e9nicos<\/a><\/td>\n<\/tr>\n<tr class=\"row-25 odd\">\n\t<td class=\"column-1\">Anexo I Resoluci\u00f3n No. 230-2008<\/td><td class=\"column-2\"><a href=\"\/ca\/wp-content\/uploads\/sites\/7\/2019\/03\/Anexo-I-RES-230-2008-RTCA-71033707-registro-inscripci\u00f3n-sanitaria-higi\u00e9nicos.pdf\" rel=\"noopener\" target=\"_blank\">RTCA 71.03.37:07 Productos higi\u00e9nicos. Registro e inscripci\u00f3n sanitaria de productos higi\u00e9nicos<\/a><\/td>\n<\/tr>\n<tr class=\"row-26 even\">\n\t<td class=\"column-1\">Anexo II Resoluci\u00f3n No. 230-2008<\/td><td class=\"column-2\"><a href=\"\/ca\/wp-content\/uploads\/sites\/7\/2019\/03\/Anexo-II-RES-230-2008-RTCA-71033807-etiquetado-productos-higi\u00e9nicos.pdf\" rel=\"noopener\" target=\"_blank\">RTCA 71.03.38:07 Productos higi\u00e9nicos. Etiquetado de productos higi\u00e9nicos<\/a><\/td>\n<\/tr>\n<tr class=\"row-27 odd\">\n\t<td class=\"column-1\">Anexo III Resoluci\u00f3n No. 230-2008<\/td><td class=\"column-2\"><a href=\"\/ca\/wp-content\/uploads\/sites\/7\/2019\/03\/Anexo-RES-230-2008-Reconocimiento-mutuo-registro-inscripci\u00f3n-higi\u00e9nicos.pdf\" rel=\"noopener\" target=\"_blank\">Reconocimiento del registro o inscripci\u00f3n sanitaria de productos higi\u00e9nicos<\/a><\/td>\n<\/tr>\n<tr class=\"row-28 even\">\n\t<td class=\"column-1\"><strong>Resoluci\u00f3n No. 228-2008 <\/strong><\/td><td class=\"column-2\"><a href=\"http:\/\/Aprueba pr\u00f3rroga de inicio de vigencia de RTCA 11.03.39:06 Productos farmac\u00e9uticos.\" rel=\"noopener\" target=\"_blank\">Aprueba pr\u00f3rroga de inicio de vigencia de RTCA 11.03.39:06 Productos farmac\u00e9uticos. Resoluci\u00f3n 213-2007<\/a><\/td>\n<\/tr>\n<tr class=\"row-29 odd\">\n\t<td class=\"column-1\"><strong>Resoluci\u00f3n No. 214-200<\/strong>7<\/td><td class=\"column-2\"><a href=\"\/ca\/wp-content\/uploads\/sites\/7\/2019\/03\/RES-214-2007-COMIECO-XLVII.pdf\" rel=\"noopener\" target=\"_blank\">Aprueba RTCA 11.03.47:07 Productos farmac\u00e9uticos. Medicamentos para uso humano<\/a><\/td>\n<\/tr>\n<tr class=\"row-30 even\">\n\t<td class=\"column-1\">Anexo Resoluci\u00f3n No. 214-2007<\/td><td class=\"column-2\"><a href=\"\/ca\/wp-content\/uploads\/sites\/7\/2019\/03\/Anexo-RES-214-2007-RTCA-11034707-verificaci\u00f3n-calidad-medicamentos-uso-humano.pdf\" rel=\"noopener\" target=\"_blank\">RTCA 11.03.47:07 Productos farmac\u00e9uticos. Medicamentos para uso humano. Verificaci\u00f3n de la calidad<\/a><\/td>\n<\/tr>\n<tr class=\"row-31 odd\">\n\t<td class=\"column-1\"><strong>Resoluci\u00f3n No. 213-2007<\/strong><\/td><td class=\"column-2\"><a href=\"\/ca\/wp-content\/uploads\/sites\/7\/2019\/03\/RES-213-2007-COMIECO-XLVI.pdf\" rel=\"noopener\" target=\"_blank\">Aprueba pr\u00f3rroga inicio vigencia RTCA 11.03.39:06 Pruebas Anal\u00edticas Calidad Medicamentos<\/a><\/td>\n<\/tr>\n<tr class=\"row-32 even\">\n\t<td class=\"column-1\">Fe de Errata Resoluci\u00f3n No. 213-2007<\/td><td class=\"column-2\"><a href=\"\/ca\/wp-content\/uploads\/sites\/7\/2019\/03\/Fe-de-errata-RES-213-2007.pdf\" rel=\"noopener\" target=\"_blank\">Fe de errata<\/a><\/td>\n<\/tr>\n<tr class=\"row-33 odd\">\n\t<td class=\"column-1\"><strong>Resoluci\u00f3n No. 188-2006<\/strong><\/td><td class=\"column-2\"><a href=\"\/ca\/wp-content\/uploads\/sites\/7\/2019\/03\/RES-188-2006-COMIECO-XL.pdf\" rel=\"noopener\" target=\"_blank\">Aprueba RTCA 11.03.39:06 M\u00e9todos de Evaluaci\u00f3n de la Calidad de Medicamentos<\/a><\/td>\n<\/tr>\n<tr class=\"row-34 even\">\n\t<td class=\"column-1\">Anexo Resoluci\u00f3n No. 188-2006<\/td><td class=\"column-2\"><a href=\"\/ca\/wp-content\/uploads\/sites\/7\/2019\/03\/Anexo-RES-188-2006-RTCA-11033906.pdf\" rel=\"noopener\" target=\"_blank\">RTCA 11.03.39:06 Productos Farmac\u00e9uticos. Validaci\u00f3n de M\u00e9todos Anal\u00edticos para la Evaluaci\u00f3n de la Calidad de los Medicamentos<\/a><\/td>\n<\/tr>\n<tr class=\"row-35 odd\">\n\t<td class=\"column-1\"><strong>Resoluci\u00f3n No. 166-2006<\/strong><\/td><td class=\"column-2\"><a href=\"\/ca\/wp-content\/uploads\/sites\/7\/2019\/03\/RES-166-2006-COMIECO-XLIX.pdf\" rel=\"noopener\" target=\"_blank\">Aprueba RTCA 11.01.02:04 Etiquetado de Productos Farmac\u00e9uticos para Uso Humano<\/a><\/td>\n<\/tr>\n<tr class=\"row-36 even\">\n\t<td class=\"column-1\">Anexo Resoluci\u00f3n No. 166-2006<\/td><td class=\"column-2\"><a href=\"\/ca\/wp-content\/uploads\/sites\/7\/2019\/03\/Anexo-RES-166-2006-RTCA-11010204-Etiquetado-medicamenos-uso-humano.pdf\" rel=\"noopener\" target=\"_blank\">RTCA 11.01.02:04 Productos Farmac\u00e9uticos. Etiquetado de Productos Farmac\u00e9uticos para Uso Humano<\/a><\/td>\n<\/tr>\n<tr class=\"row-37 odd\">\n\t<td class=\"column-1\"><strong>Resoluci\u00f3n No. 148-2005<\/strong><\/td><td class=\"column-2\"><a href=\"\/ca\/wp-content\/uploads\/sites\/7\/2019\/03\/RES-148-2005-COMIECO-XXXIII.pdf\" rel=\"noopener\" target=\"_blank\">Aprueba RTCA 11.01.04:05 Estudios de Estabilidad de Medicamentos para Uso Humano<\/a><\/td>\n<\/tr>\n<tr class=\"row-38 even\">\n\t<td class=\"column-1\">Anexo Resoluci\u00f3n No. 148-2005<\/td><td class=\"column-2\"><a href=\"\/ca\/wp-content\/uploads\/sites\/7\/2019\/03\/Anexo-148-2005-RTCA-estudio-estabilidad-medicamento-uso-humano.pdf\" rel=\"noopener\" target=\"_blank\">RTCA 11.01.04:05 Productos Farmac\u00e9uticos. Estudios de Estabilidad de Medicamentos para Uso Humano<\/a><\/td>\n<\/tr>\n<tr class=\"row-39 odd\">\n\t<td class=\"column-1\"><strong>Resoluci\u00f3n No. 143-2005<\/strong><\/td><td class=\"column-2\"><a href=\"\/ca\/wp-content\/uploads\/sites\/7\/2019\/03\/RES-143-2005-COMIECO-XXXII.pdf\" rel=\"noopener\" target=\"_blank\">Aprueba RTCA 11.01.02:04 Etiquetado de Productos Farmac\u00e9uticos para Uso Humano<\/a><\/td>\n<\/tr>\n<tr class=\"row-40 even\">\n\t<td class=\"column-1\">Anexo Resoluci\u00f3n No. 143-2005<\/td><td class=\"column-2\"><a href=\"\/ca\/wp-content\/uploads\/sites\/7\/2019\/03\/Anexo-RES-143-2005-RTCA-11010204-Etiquetado-productos-farmac\u00e9uticos-uso-humano.pdf\" rel=\"noopener\" target=\"_blank\">RTCA 11.01.02:04 Productos Farmac\u00e9uticos. Etiquetado de Productos Farmac\u00e9uticos para Uso Humano<\/a><\/td>\n<\/tr>\n<tr class=\"row-41 odd\">\n\t<td class=\"column-1\">Fe de erratas Resoluci\u00f3n No. 143-2005<\/td><td class=\"column-2\"><a href=\"\/ca\/wp-content\/uploads\/sites\/7\/2019\/03\/Fe-de-errata-RES-143-2005.pdf\" rel=\"noopener\" target=\"_blank\">Fe de errata<\/a><\/td>\n<\/tr>\n<tr class=\"row-42 even\">\n\t<td class=\"column-1\"><strong>Resoluci\u00f3n No. 125-2004<\/strong><\/td><td class=\"column-2\"><a href=\"\/ca\/wp-content\/uploads\/sites\/7\/2019\/03\/RES-125-2004-COMIECO-XXIX.pdf\" rel=\"noopener\" target=\"_blank\">Aprueba aplicaci\u00f3n disposiciones registro sanitario productos higi\u00e9nicos<\/a><\/td>\n<\/tr>\n<tr class=\"row-43 odd\">\n\t<td class=\"column-1\">Anexo I Resoluci\u00f3n No. 125-2004<\/td><td class=\"column-2\"><a href=\"\/ca\/wp-content\/uploads\/sites\/7\/2019\/03\/Anexo-I-RES-125-2004-registro-sanitario-inscripci\u00f3n-notificaci\u00f3n-sanitarias-prod-higi\u00e9nicos.pdf\" rel=\"noopener\" target=\"_blank\">Disposiciones para el Registro Sanitario, Inscripci\u00f3n o Notificaci\u00f3n Sanitaria de Productos Higi\u00e9nicos<\/a> <\/td>\n<\/tr>\n<tr class=\"row-44 even\">\n\t<td class=\"column-1\">Anexo II Resoluci\u00f3n No. 125-2004<\/td><td class=\"column-2\"><a href=\"\/ca\/wp-content\/uploads\/sites\/7\/2019\/03\/Anexo-II-RES-125-2004-reconocimiento-agil-registro-sanitario-prod-higi\u00e9nicos.pdf\" rel=\"noopener\" target=\"_blank\">Disposiciones para el Reconocimiento \u00c1gil de Registro Sanitario, Inscripci\u00f3n o Notificaci\u00f3n Sanitaria de Productos Higi\u00e9nicos <\/a><\/td>\n<\/tr>\n<tr class=\"row-45 odd\">\n\t<td class=\"column-1\"><strong>Resoluci\u00f3n No. 124-2004<\/strong><\/td><td class=\"column-2\"><a href=\"\/ca\/wp-content\/uploads\/sites\/7\/2019\/04\/RES-124-2004-COMIECO-XXIX.pdf\" rel=\"noopener\" target=\"_blank\">Aprueba disposiciones registro sanitario productos cosm\u00e9ticos<\/a><\/td>\n<\/tr>\n<tr class=\"row-46 even\">\n\t<td class=\"column-1\">Anexo I Resoluci\u00f3n No. 124-2004<\/td><td class=\"column-2\"><a href=\"\/ca\/wp-content\/uploads\/sites\/7\/2019\/04\/Anexo-I-RES-124-2004-Registro-inscripci\u00f3n-notificaci\u00f3n-sanitaria-productos-cosm\u00e9ticos.pdf\" rel=\"noopener\" target=\"_blank\">Registro Sanitario, Inscripci\u00f3n o Notificaci\u00f3n Sanitaria de Productos Cosm\u00e9ticos<\/a> <\/td>\n<\/tr>\n<tr class=\"row-47 odd\">\n\t<td class=\"column-1\">Anexo II Resoluci\u00f3n No. 124-2004<\/td><td class=\"column-2\"><a href=\"\/ca\/wp-content\/uploads\/sites\/7\/2019\/04\/Anexo-II-RES-124-2004-reconocimiento-registro-sanitario-productos-cosmeticos.pdf\" rel=\"noopener\" target=\"_blank\">Reconocimiento \u00c1gil de Registro Sanitario, Inscripci\u00f3n o Notificaci\u00f3n Sanitaria de Productos Cosm\u00e9ticos<\/a> <\/td>\n<\/tr>\n<tr class=\"row-48 even\">\n\t<td class=\"column-1\">Anexo III Resoluci\u00f3n No. 124-2004<\/td><td class=\"column-2\"><a href=\"\/ca\/wp-content\/uploads\/sites\/7\/2019\/04\/Anexo-III-RES-124-2004-Reglamento-BPM-para-laboratorios-productos-cosmeticos.pdf\" rel=\"noopener\" target=\"_blank\">Reglamento de Buenas Pr\u00e1cticas de Manufactura para los Laboratorios Fabricantes de Productos Cosm\u00e9ticos<\/a><\/td>\n<\/tr>\n<tr class=\"row-49 odd\">\n\t<td class=\"column-1\">Anexo IV Resoluci\u00f3n No. 124-2004<\/td><td class=\"column-2\"><a href=\"\/ca\/wp-content\/uploads\/sites\/7\/2019\/04\/Anexo-IV-RES-124-2004-Guia-inspeccion-BPM-industria-cosmetica.pdf\" rel=\"noopener\" target=\"_blank\">Gu\u00eda de Inspecci\u00f3n de Buenas Pr\u00e1cticas de Manufactura para la Industria Cosm\u00e9tica<\/a><\/td>\n<\/tr>\n<tr class=\"row-50 even\">\n\t<td class=\"column-1\"><strong>Resoluci\u00f3n No. 99-2002<\/strong><\/td><td class=\"column-2\"><a href=\"\/ca\/wp-content\/uploads\/sites\/7\/2019\/04\/RES-99-2002-COMIECO-XXV.pdf\" rel=\"noopener\" target=\"_blank\">Aprueba adopci\u00f3n de Guatemala de la Res No. 93-2002 sobre registro de medicamentos<\/a><\/td>\n<\/tr>\n<tr class=\"row-51 odd\">\n\t<td class=\"column-1\"><strong>Resoluci\u00f3n No. 93-2002<\/strong><\/td><td class=\"column-2\"><a href=\"\/ca\/wp-content\/uploads\/sites\/7\/2019\/04\/RES-93-2002-COMIECO-XXIV.pdf\" rel=\"noopener\" target=\"_blank\">Aprueba disposiciones para el registro sanitario, evaluaci\u00f3n y manufactura medicamentos<\/a><\/td>\n<\/tr>\n<tr class=\"row-52 even\">\n\t<td class=\"column-1\">Anexo I Resoluci\u00f3n No. 93-2002<\/td><td class=\"column-2\"><a href=\"\/ca\/wp-content\/uploads\/sites\/7\/2019\/04\/Anexo-I-RES-93-2002-Procedimiento-para-el-Reconocimiento-Mutuo-Registro-Sanitario-Medicamentos-Registro-Sanitario-Anterior.pdf\" rel=\"noopener\" target=\"_blank\">Procedimiento para el Reconocimiento Mutuo de Registro Sanitario de Medicamentos con Registro Sanitario Anterior a la entrada en vigencia de la Uni\u00f3n Aduanera para los Pa\u00edses Miembros<\/a><\/td>\n<\/tr>\n<tr class=\"row-53 odd\">\n\t<td class=\"column-1\">Anexo II Resoluci\u00f3n No. 93-2002<\/td><td class=\"column-2\"><a href=\"\/ca\/wp-content\/uploads\/sites\/7\/2019\/04\/Anexo-II-RES-93-2002-Formato-\u00danico-Certificado-Producto-Farmac\u00e9utico.pdf\" rel=\"noopener\" target=\"_blank\">Formato \u00danico de Certificado de Producto Farmac\u00e9utico para comercializarse dentro de la Uni\u00f3n Aduanera<\/a><\/td>\n<\/tr>\n<tr class=\"row-54 even\">\n\t<td class=\"column-1\">Anexo III Resoluci\u00f3n No. 93-2002<\/td><td class=\"column-2\"><a href=\"\/ca\/wp-content\/uploads\/sites\/7\/2019\/04\/Anexo-III-RES-93-2002-BPM-industria-farmac\u00e9utica.pdf\" rel=\"noopener\" target=\"_blank\">Reglamento de Buenas Pr\u00e1cticas de Manufactura de la Industria Farmac\u00e9utica <\/a><\/td>\n<\/tr>\n<tr class=\"row-55 odd\">\n\t<td class=\"column-1\">Anexo IV Resoluci\u00f3n No. 93-2002<\/td><td class=\"column-2\"><a href=\"\/ca\/wp-content\/uploads\/sites\/7\/2019\/04\/Anexo-IV-RES-93-2002-Listado-farmacopeas-literatura-evaluacion-farmacologica-analitica.pdf\" rel=\"noopener\" target=\"_blank\">Listado de Farmacopeas y Literatura con Base Cient\u00edfica, para aplicar en la Evaluaci\u00f3n Farmacol\u00f3gica y Anal\u00edtica<\/a><\/td>\n<\/tr>\n<tr class=\"row-56 even\">\n\t<td class=\"column-1\">Anexo V Resoluci\u00f3n No. 93-2002<\/td><td class=\"column-2\"><a href=\"\/ca\/wp-content\/uploads\/sites\/7\/2019\/04\/Anexo-V-RES-93-2002-Codificacion-alfanumerica-registros-sanitarios-medicamentos.pdf\" rel=\"noopener\" target=\"_blank\">Codificaci\u00f3n Alfanum\u00e9rica para los Registros Sanitarios de Medicamentos y Productos Afines<\/a><\/td>\n<\/tr>\n<tr class=\"row-57 odd\">\n\t<td class=\"column-1\">Anexo VI Resoluci\u00f3n No. 93-2002<\/td><td class=\"column-2\"><a href=\"\/ca\/wp-content\/uploads\/sites\/7\/2019\/04\/Anexo-VI-RES-93-2002-Listado-muestras-evaluacion-calidad-registro-sanitario.pdf\" rel=\"noopener\" target=\"_blank\">Listado de N\u00famero de Muestras Requeridas para Evaluaci\u00f3n de la Calidad para Registro Sanitario<\/a> <\/td>\n<\/tr>\n<tr class=\"row-58 even\">\n\t<td class=\"column-1\">Anexo VII Resoluci\u00f3n No. 93-2002<\/td><td class=\"column-2\"><a href=\"\/ca\/wp-content\/uploads\/sites\/7\/2019\/04\/Anexo-VII-RES-93-2002-Guia-inspeccion-BPM-industria-farmaceutica.pdf\" rel=\"noopener\" target=\"_blank\">Gu\u00eda de Inspecci\u00f3n y Autoinspecci\u00f3n de Buenas Pr\u00e1cticas de Manufactura para la Industria Farmac\u00e9utica<\/a><\/td>\n<\/tr>\n<tr class=\"row-59 odd\">\n\t<td class=\"column-1\">Anexo VIII Resoluci\u00f3n No. 93-2002<\/td><td class=\"column-2\"><a href=\"\/ca\/wp-content\/uploads\/sites\/7\/2019\/04\/Anexo-VIII-RES-93-2002-causas-cancelacion-reconocimiento-registro-sanitario-medicamentos.pdf\" rel=\"noopener\" target=\"_blank\">Causas para la Cancelaci\u00f3n del Reconocimiento del Registro Sanitario de Medicamentos<\/a><\/td>\n<\/tr>\n<tr class=\"row-60 even\">\n\t<td class=\"column-1\"><strong>Resoluci\u00f3n No. 92-2002<\/strong><\/td><td class=\"column-2\"><a href=\"\/ca\/wp-content\/uploads\/sites\/7\/2019\/04\/RES-92-2002-COMIECO-XXIV.pdf\" rel=\"noopener\" target=\"_blank\">Aprueba adopci\u00f3n Costa Rica Res. No. 80-2001 sobre registros de alimentos y medicamentos<\/a><\/td>\n<\/tr>\n<tr class=\"row-61 odd\">\n\t<td class=\"column-1\"><strong>Resoluci\u00f3n No. 80-2001<\/strong><\/td><td class=\"column-2\"><a href=\"\/ca\/wp-content\/uploads\/sites\/7\/2019\/04\/RES-80-2001-COMIECO-XVII.pdf\" rel=\"noopener\" target=\"_blank\">Aprueba acuerdos sobre registro alimentos, bebidas y medicamentos para Uni\u00f3n Aduanera. Deroga Resoluci\u00f3n No 75-2001<\/a><\/td>\n<\/tr>\n<tr class=\"row-62 even\">\n\t<td class=\"column-1\"><strong>Resoluci\u00f3n No. 75-2001<\/strong><\/td><td class=\"column-2\"><a href=\"\/ca\/wp-content\/uploads\/sites\/7\/2019\/04\/RES-75-2001-COMIECO.pdf\" rel=\"noopener\" target=\"_blank\">Aprueba acuerdos sobre registro alimentos, bebidas y medicamentos para Uni\u00f3n Aduanera<\/a><\/td>\n<\/tr>\n<\/tbody>\n<\/table>\n<!-- #tablepress-13 from cache -->\n","protected":false},"excerpt":{"rendered":"","protected":false},"author":20,"featured_media":0,"parent":16,"menu_order":0,"comment_status":"closed","ping_status":"closed","template":"page-treaty","meta":{"footnotes":""},"class_list":["post-811","page","type-page","status-publish","hentry"],"_links":{"self":[{"href":"https:\/\/infotrade.economia.gob.sv\/ca\/wp-json\/wp\/v2\/pages\/811","targetHints":{"allow":["GET"]}}],"collection":[{"href":"https:\/\/infotrade.economia.gob.sv\/ca\/wp-json\/wp\/v2\/pages"}],"about":[{"href":"https:\/\/infotrade.economia.gob.sv\/ca\/wp-json\/wp\/v2\/types\/page"}],"author":[{"embeddable":true,"href":"https:\/\/infotrade.economia.gob.sv\/ca\/wp-json\/wp\/v2\/users\/20"}],"replies":[{"embeddable":true,"href":"https:\/\/infotrade.economia.gob.sv\/ca\/wp-json\/wp\/v2\/comments?post=811"}],"version-history":[{"count":1,"href":"https:\/\/infotrade.economia.gob.sv\/ca\/wp-json\/wp\/v2\/pages\/811\/revisions"}],"predecessor-version":[{"id":813,"href":"https:\/\/infotrade.economia.gob.sv\/ca\/wp-json\/wp\/v2\/pages\/811\/revisions\/813"}],"up":[{"embeddable":true,"href":"https:\/\/infotrade.economia.gob.sv\/ca\/wp-json\/wp\/v2\/pages\/16"}],"wp:attachment":[{"href":"https:\/\/infotrade.economia.gob.sv\/ca\/wp-json\/wp\/v2\/media?parent=811"}],"curies":[{"name":"wp","href":"https:\/\/api.w.org\/{rel}","templated":true}]}}