{"id":10,"date":"2015-03-23T08:35:33","date_gmt":"2015-03-23T14:35:33","guid":{"rendered":"http:\/\/www.minec.gob.sv\/comercioexterior\/mexico\/?page_id=10"},"modified":"2018-12-21T10:02:16","modified_gmt":"2018-12-21T16:02:16","slug":"informacion-general","status":"publish","type":"page","link":"https:\/\/infotrade.economia.gob.sv\/cafta\/informacion-general\/","title":{"rendered":"Informaci\u00f3n General"},"content":{"rendered":"<div id=\"pl-10\"  class=\"panel-layout\" ><div id=\"pg-10-0\"  class=\"panel-grid panel-no-style\" ><div id=\"pgc-10-0-0\"  class=\"panel-grid-cell\" ><div id=\"panel-10-0-0-0\" class=\"so-panel widget widget_sow-editor panel-first-child panel-last-child\" data-index=\"0\" ><div class=\"so-widget-sow-editor so-widget-sow-editor-base\">\n<div class=\"siteorigin-widget-tinymce textwidget\">\n\t<h2><span style=\"color: #0000ff;\">Tratado de Libre Comercio Centroam\u00e9rica \u2013 Estados Unidos \u2013 Rep\u00fablica Dominicana (CAFTA-DR)<\/span><\/h2>\n<p><img loading=\"lazy\" decoding=\"async\" class=\"alignnone wp-image-47\" src=\"http:\/\/infotrade.economia.gob.sv\/cafta\/wp-content\/uploads\/sites\/3\/us-lgflag.gif\" alt=\"\" width=\"239\" height=\"126\" \/><\/p>\n<p>Los Estados Unidos son el mayor importador mundial y el segundo mayor exportador mundial de bienes y servicios. Las exportaciones estadounidenses de mercanc\u00edas, muy diversificadas, est\u00e1n dominadas por la maquinaria, los veh\u00edculos, los productos qu\u00edmicos y los productos refinados del petr\u00f3leo. Las importaciones est\u00e1n tan diversificadas como las exportaciones; su composici\u00f3n est\u00e1 dominada por las manufacturas, que representan alrededor del 70% del total. Los principales productos de importaci\u00f3n son la maquinaria, el material de transporte y los combustibles.\u00a0\u00a0<\/p>\n<p>Si deseas conocer m\u00e1s sobre el CAFTA-DR visita la <a href=\"http:\/\/infotrade.economia.gob.sv\/noticias-cafta\/\" target=\"_blank\" rel=\"noopener\">secci\u00f3n de noticias<\/a><\/p>\n<p>Los principales interlocutores comerciales de los Estados Unidos, tanto en comercio de mercancias como en servicios, son Canad\u00e1, la Uni\u00f3n Europea, China, M\u00e9xico y el Jap\u00f3n. Los Estados Unidos contin\u00faan siendo el principal destino de la inversi\u00f3n extranjera directa del mundo, con unas entradas totales de 348.400 millones de d\u00f3lares EE.UU. en 2015.<\/p>\n<h3><span style=\"color: #0000ff;\">Exportaciones a<\/span><\/h3>\n<\/div>\n<\/div><\/div><\/div><\/div><div id=\"pg-10-1\"  class=\"panel-grid panel-no-style\" ><div id=\"pgc-10-1-0\"  class=\"panel-grid-cell\" ><div id=\"panel-10-1-0-0\" class=\"so-panel widget widget_sow-editor panel-first-child panel-last-child\" data-index=\"1\" ><div class=\"so-widget-sow-editor so-widget-sow-editor-base\">\n<div class=\"siteorigin-widget-tinymce textwidget\">\n\t<div class=\"table-responsive\">\n<table class=\"highchart table table-bordered table-striped table-hover\" data-graph-container=\".expa\" data-graph-type=\"column\">\n<thead>\n<tr>\n<th>Pa\u00eds<\/th>\n<th>Porcentaje<\/th>\n<\/tr>\n<\/thead>\n<tbody>\n<tr>\n<td><strong>Canad\u00e1<\/strong><\/td>\n<td>37.7<\/td>\n<\/tr>\n<tr>\n<td><strong>M\u00e9xico<\/strong><\/td>\n<td>13.3<\/td>\n<\/tr>\n<tr>\n<td><strong>China<\/strong><\/td>\n<td>7<\/td>\n<\/tr>\n<tr>\n<td><strong>Jap\u00f3n<\/strong><\/td>\n<td>4.5<\/td>\n<\/tr>\n<\/tbody>\n<tfoot>\n<tr>\n<td colspan=\"6\">Fuente: Banco Mundial<\/td>\n<\/tr>\n<\/tfoot>\n<\/table>\n<\/div>\n<\/div>\n<\/div><\/div><\/div><div id=\"pgc-10-1-1\"  class=\"panel-grid-cell\" ><div id=\"panel-10-1-1-0\" class=\"so-panel widget widget_text panel-first-child panel-last-child\" data-index=\"2\" >\t\t\t<div class=\"textwidget\"><div class=\"expa\"><\/div><\/div>\n\t\t<\/div><\/div><\/div><div id=\"pg-10-2\"  class=\"panel-grid panel-no-style\" ><div id=\"pgc-10-2-0\"  class=\"panel-grid-cell\" ><div id=\"panel-10-2-0-0\" class=\"so-panel widget widget_sow-editor panel-first-child panel-last-child\" data-index=\"3\" ><div class=\"so-widget-sow-editor so-widget-sow-editor-base\">\n<div class=\"siteorigin-widget-tinymce textwidget\">\n\t<h3><span style=\"color: #0000ff;\">Importaciones de<\/span><\/h3>\n<\/div>\n<\/div><\/div><\/div><\/div><div id=\"pg-10-3\"  class=\"panel-grid panel-no-style\" ><div id=\"pgc-10-3-0\"  class=\"panel-grid-cell\" ><div id=\"panel-10-3-0-0\" class=\"so-panel widget widget_sow-editor panel-first-child panel-last-child\" data-index=\"4\" ><div class=\"so-widget-sow-editor so-widget-sow-editor-base\">\n<div class=\"siteorigin-widget-tinymce textwidget\">\n\t<div class=\"table-responsive\">\n<table class=\"highchart table table-bordered table-striped table-hover\" data-graph-container=\".impa\" data-graph-type=\"column\">\n<thead>\n<tr>\n<th>Pa\u00eds<\/th>\n<th>Porcentaje<\/th>\n<\/tr>\n<\/thead>\n<tbody>\n<tr>\n<td><strong>China<\/strong><\/td>\n<td>18.4<\/td>\n<\/tr>\n<tr>\n<td><strong>Canad\u00e1<\/strong><\/td>\n<td>14.2<\/td>\n<\/tr>\n<tr>\n<td><strong>M\u00e9xico<\/strong><\/td>\n<td>11.7<\/td>\n<\/tr>\n<tr>\n<td><strong>Jap\u00f3n<\/strong><\/td>\n<td>5.8<\/td>\n<\/tr>\n<tr>\n<td><strong>Alemania<\/strong><\/td>\n<td>4.4<\/td>\n<\/tr>\n<\/tbody>\n<tfoot>\n<tr>\n<td colspan=\"6\">Fuente: Banco Mundial<\/td>\n<\/tr>\n<\/tfoot>\n<\/table>\n<\/div>\n<\/div>\n<\/div><\/div><\/div><div id=\"pgc-10-3-1\"  class=\"panel-grid-cell\" ><div id=\"panel-10-3-1-0\" class=\"so-panel widget widget_text panel-first-child panel-last-child\" data-index=\"5\" >\t\t\t<div class=\"textwidget\"><div class=\"impa\"><\/div><\/div>\n\t\t<\/div><\/div><\/div><div id=\"pg-10-4\"  class=\"panel-grid panel-no-style\" ><div id=\"pgc-10-4-0\"  class=\"panel-grid-cell panel-grid-cell-empty\" ><\/div><\/div><\/div>","protected":false},"excerpt":{"rendered":"<p>Tratado de Libre Comercio Centroam\u00e9rica \u2013 Estados Unidos \u2013 Rep\u00fablica Dominicana (CAFTA-DR) Los Estados Unidos son el mayor importador mundial y el segundo mayor exportador mundial de bienes y servicios. Las exportaciones estadounidenses de mercanc\u00edas, muy diversificadas, est\u00e1n dominadas por la maquinaria, los veh\u00edculos, los productos qu\u00edmicos y los productos refinados del petr\u00f3leo. Las importaciones [&hellip;]<\/p>\n","protected":false},"author":1,"featured_media":0,"parent":0,"menu_order":0,"comment_status":"closed","ping_status":"open","template":"page-treaty","meta":{"footnotes":""},"class_list":["post-10","page","type-page","status-publish","hentry"],"_links":{"self":[{"href":"https:\/\/infotrade.economia.gob.sv\/cafta\/wp-json\/wp\/v2\/pages\/10","targetHints":{"allow":["GET"]}}],"collection":[{"href":"https:\/\/infotrade.economia.gob.sv\/cafta\/wp-json\/wp\/v2\/pages"}],"about":[{"href":"https:\/\/infotrade.economia.gob.sv\/cafta\/wp-json\/wp\/v2\/types\/page"}],"author":[{"embeddable":true,"href":"https:\/\/infotrade.economia.gob.sv\/cafta\/wp-json\/wp\/v2\/users\/1"}],"replies":[{"embeddable":true,"href":"https:\/\/infotrade.economia.gob.sv\/cafta\/wp-json\/wp\/v2\/comments?post=10"}],"version-history":[{"count":24,"href":"https:\/\/infotrade.economia.gob.sv\/cafta\/wp-json\/wp\/v2\/pages\/10\/revisions"}],"predecessor-version":[{"id":968,"href":"https:\/\/infotrade.economia.gob.sv\/cafta\/wp-json\/wp\/v2\/pages\/10\/revisions\/968"}],"wp:attachment":[{"href":"https:\/\/infotrade.economia.gob.sv\/cafta\/wp-json\/wp\/v2\/media?parent=10"}],"curies":[{"name":"wp","href":"https:\/\/api.w.org\/{rel}","templated":true}]}}