{"id":218,"date":"2015-06-23T20:45:41","date_gmt":"2015-06-24T02:45:41","guid":{"rendered":"http:\/\/www.minec.gob.sv\/comercioexterior\/cafta\/?page_id=218"},"modified":"2023-12-12T16:33:05","modified_gmt":"2023-12-12T22:33:05","slug":"regulaciones-contingentes-agropecuarios-cafta-dr","status":"publish","type":"page","link":"https:\/\/infotrade.economia.gob.sv\/cafta\/administracion-del-acuerdo\/regulaciones-contingentes-agropecuarios-cafta-dr\/","title":{"rendered":"Regulaciones Contingentes Agropecuarios CAFTA-DR"},"content":{"rendered":"\n<p><\/p>\n\n\n\n<figure class=\"wp-block-table table table-striped table-bordered is-style-stripes\"><table><thead><tr><td><strong>Descripci\u00f3n<\/strong><\/td><td>&nbsp;<\/td><\/tr><\/thead><tbody><tr><td>Convocatoria  para Contingentes 2024<\/td><td><a href=\"http:\/\/infotrade.economia.gob.sv\/cafta\/wp-content\/uploads\/sites\/3\/Convocatoria-contingentes-arancelarios-2024.pdf\" data-type=\"page\" target=\"_blank\" rel=\"noreferrer noopener\">[ver]<\/a><\/td><\/tr><tr><td>Convocatoria para Contingentes 2023<\/td><td><a href=\"http:\/\/infotrade.economia.gob.sv\/cafta\/wp-content\/uploads\/sites\/3\/Publicacion-convocatoria-contingentes-2023.pdf\" target=\"_blank\" rel=\"noreferrer noopener\">[ver]<\/a><\/td><\/tr><tr><td>Convocatoria para Contingentes 2022<\/td><td><a href=\"http:\/\/infotrade.economia.gob.sv\/cafta\/wp-content\/uploads\/sites\/3\/Publicacion-convocatoria-contingentes-2022.pdf\" target=\"_blank\" rel=\"noopener noreferrer\">[ver]<\/a><\/td><\/tr><tr><td>Convocatoria para Contingentes 2021<\/td><td><a href=\"http:\/\/infotrade.economia.gob.sv\/cafta\/wp-content\/uploads\/sites\/3\/Publicacion-convocatoria-contingentes-2021.pdf\" target=\"_blank\" rel=\"noopener noreferrer\">[ver]<\/a><\/td><\/tr><tr><td>Presentaci\u00f3n- Gu\u00eda del Sistema de Gesti\u00f3n de Solicitudes de Cuotas de Contingentes Arancelarios de Importaci\u00f3n<\/td><td><a href=\"http:\/\/infotrade.economia.gob.sv\/cafta\/wp-content\/uploads\/sites\/3\/Guia-registro-de-solicitudes-contingentes-arancelarios-2024.pdf\" target=\"_blank\" rel=\"noreferrer noopener\">[ver]<\/a><\/td><\/tr><tr><td>Acuerdo Ejecutivo N\u00ba 1324 sobre uso de TICS para recepci\u00f3n de solicitudes y licencias<\/td><td><a href=\"http:\/\/infotrade.economia.gob.sv\/cafta\/wp-content\/uploads\/sites\/3\/Acuerdo-Ejecutivo-N\u00b0-1324-uso-de-las-TICS-para-solicitudes-y-licencias.pdf\" target=\"_blank\" rel=\"noopener noreferrer\">[ver]<\/a><\/td><\/tr><tr><td>Regulaciones de carne de pollo<\/td><td><a href=\"\/cafta\/wp-content\/uploads\/sites\/3\/rc_regulacin-pollo.pdf\" target=\"_blank\" rel=\"noopener noreferrer\">[ver]<\/a><\/td><\/tr><tr><td>Regulaciones carne bovina<\/td><td><a href=\"\/cafta\/wp-content\/uploads\/sites\/3\/rc_regulaciones-carne-bovina.pdf\" target=\"_blank\" rel=\"noopener noreferrer\">[ver]<\/a><\/td><\/tr><tr><td>Regulaciones carne de cerdo<\/td><td><a href=\"\/cafta\/wp-content\/uploads\/sites\/3\/rc_regulaciones-cerdo.pdf\" target=\"_blank\" rel=\"noopener noreferrer\">[ver]<\/a><\/td><\/tr><tr><td>Regulaciones productos l\u00e1cteos<\/td><td><a href=\"\/cafta\/wp-content\/uploads\/sites\/3\/rc_regulaciones-lacteos.pdf\" target=\"_blank\" rel=\"noopener noreferrer\">[ver]<\/a><\/td><\/tr><tr><td>Regulaciones arroz blanco procesado<\/td><td><a href=\"\/cafta\/wp-content\/uploads\/sites\/3\/rc_regulaciones-arroz-blanco-procesado.pdf\" target=\"_blank\" rel=\"noopener noreferrer\">[ver]<\/a><\/td><\/tr><tr><td>Regulaciones ma\u00edz blanco<\/td><td><a href=\"\/cafta\/wp-content\/uploads\/sites\/3\/rc_regulaciones-maiz-blanco_1.pdf\" target=\"_blank\" rel=\"noopener noreferrer\">[ver]<\/a><\/td><\/tr><tr><td>Regulaciones ma\u00edz amarillo<\/td><td><a href=\"\/cafta\/wp-content\/uploads\/sites\/3\/rc_regulaciones-maiz-amarillo_1.pdf\" target=\"_blank\" rel=\"noopener noreferrer\">[ver]<\/a><\/td><\/tr><tr><td>Regulaciones de sorgo<\/td><td><a href=\"\/cafta\/wp-content\/uploads\/sites\/3\/rc_regulaciones-sorgo_1.pdf\" target=\"_blank\" rel=\"noopener noreferrer\">[ver]<\/a><\/td><\/tr><tr><td>Declaraci\u00f3n Jurada<\/td><td><a href=\"http:\/\/infotrade.economia.gob.sv\/cafta\/wp-content\/uploads\/sites\/3\/Formato-Declaracion-Jurada-1.docx\" data-type=\"URL\" target=\"_blank\" rel=\"noreferrer noopener\">[ver]<\/a><\/td><\/tr><tr><td>Reformas regulaciones partes de pollo (muslos, piernas,incluso unidos) <\/td><td><a href=\"http:\/\/infotrade.economia.gob.sv\/cafta\/wp-content\/uploads\/sites\/3\/Reformas-regulaciones-contingente-arancelarios-de-partes-de-pollo-incluso-unidas-CAFTA-DR.pdf\" data-type=\"URL\" data-id=\"http:\/\/infotrade.economia.gob.sv\/cafta\/wp-content\/uploads\/sites\/3\/Reformas-regulaciones-contingente-arancelarios-de-partes-de-pollo-incluso-unidas-CAFTA-DR.pdf\" target=\"_blank\" rel=\"noreferrer noopener\">[ver]<\/a><\/td><\/tr><tr><td>Reformas regulaciones productos l\u00e1cteos<\/td><td><a href=\"http:\/\/infotrade.economia.gob.sv\/cafta\/wp-content\/uploads\/sites\/3\/Reformas-regulaciones-contingentes-arancelarios-lacteos-CAFTA-DR.pdf\" data-type=\"URL\" data-id=\"http:\/\/infotrade.economia.gob.sv\/cafta\/wp-content\/uploads\/sites\/3\/Reformas-regulaciones-contingentes-arancelarios-lacteos-CAFTA-DR.pdf\" target=\"_blank\" rel=\"noreferrer noopener\">[ver]<\/a><\/td><\/tr><tr><td>Reformas regulaciones ma\u00edz blanco<\/td><td><a href=\"http:\/\/infotrade.economia.gob.sv\/cafta\/wp-content\/uploads\/sites\/3\/Reformas-regulaciones-contingentes-arancelarios-maiz-blanco-CAFTA-DR.pdf\" data-type=\"URL\" data-id=\"http:\/\/infotrade.economia.gob.sv\/cafta\/wp-content\/uploads\/sites\/3\/Reformas-regulaciones-contingentes-arancelarios-maiz-blanco-CAFTA-DR.pdf\" target=\"_blank\" rel=\"noreferrer noopener\">[ver]<\/a> <\/td><\/tr><tr><td>Reformas regulaciones arroz blanco procesado <\/td><td><a href=\"http:\/\/infotrade.economia.gob.sv\/cafta\/wp-content\/uploads\/sites\/3\/Reformas-regulaciones-contingentes-arancelarios-arroz-blanco-procesado-CAFTA-DR.pdf\" data-type=\"URL\" data-id=\"http:\/\/infotrade.economia.gob.sv\/cafta\/wp-content\/uploads\/sites\/3\/Reformas-regulaciones-contingentes-arancelarios-arroz-blanco-procesado-CAFTA-DR.pdf\" target=\"_blank\" rel=\"noreferrer noopener\">[ver]<\/a> <\/td><\/tr><tr><td>Formato de solicitud de licencia de contingente de importaci\u00f3n CAFTA-DR <\/td><td><a href=\"http:\/\/infotrade.economia.gob.sv\/cafta\/wp-content\/uploads\/sites\/3\/Formato-solicitud-CONTINGENTES-CAFTA-DR-1.doc\" data-type=\"URL\" target=\"_blank\" rel=\"noreferrer noopener\">[ver]<\/a><\/td><\/tr><\/tbody><\/table><\/figure>\n\n\n\n<div class=\"wp-block-columns is-layout-flex wp-container-core-columns-is-layout-28f84493 wp-block-columns-is-layout-flex\"><\/div>\n","protected":false},"excerpt":{"rendered":"<p>Descripci\u00f3n &nbsp; Convocatoria para Contingentes 2024 [ver] Convocatoria para Contingentes 2023 [ver] Convocatoria para Contingentes 2022 [ver] Convocatoria para Contingentes 2021 [ver] Presentaci\u00f3n- Gu\u00eda del Sistema de Gesti\u00f3n de Solicitudes de Cuotas de Contingentes Arancelarios de Importaci\u00f3n [ver] Acuerdo Ejecutivo N\u00ba 1324 sobre uso de TICS para recepci\u00f3n de solicitudes y licencias [ver] Regulaciones de [&hellip;]<\/p>\n","protected":false},"author":1,"featured_media":0,"parent":13,"menu_order":0,"comment_status":"closed","ping_status":"closed","template":"page-treaty","meta":{"footnotes":""},"class_list":["post-218","page","type-page","status-publish","hentry"],"_links":{"self":[{"href":"https:\/\/infotrade.economia.gob.sv\/cafta\/wp-json\/wp\/v2\/pages\/218","targetHints":{"allow":["GET"]}}],"collection":[{"href":"https:\/\/infotrade.economia.gob.sv\/cafta\/wp-json\/wp\/v2\/pages"}],"about":[{"href":"https:\/\/infotrade.economia.gob.sv\/cafta\/wp-json\/wp\/v2\/types\/page"}],"author":[{"embeddable":true,"href":"https:\/\/infotrade.economia.gob.sv\/cafta\/wp-json\/wp\/v2\/users\/1"}],"replies":[{"embeddable":true,"href":"https:\/\/infotrade.economia.gob.sv\/cafta\/wp-json\/wp\/v2\/comments?post=218"}],"version-history":[{"count":62,"href":"https:\/\/infotrade.economia.gob.sv\/cafta\/wp-json\/wp\/v2\/pages\/218\/revisions"}],"predecessor-version":[{"id":1232,"href":"https:\/\/infotrade.economia.gob.sv\/cafta\/wp-json\/wp\/v2\/pages\/218\/revisions\/1232"}],"up":[{"embeddable":true,"href":"https:\/\/infotrade.economia.gob.sv\/cafta\/wp-json\/wp\/v2\/pages\/13"}],"wp:attachment":[{"href":"https:\/\/infotrade.economia.gob.sv\/cafta\/wp-json\/wp\/v2\/media?parent=218"}],"curies":[{"name":"wp","href":"https:\/\/api.w.org\/{rel}","templated":true}]}}