{"id":438,"date":"2016-01-19T13:48:19","date_gmt":"2016-01-19T19:48:19","guid":{"rendered":"http:\/\/www.minec.gob.sv\/comercioexterior\/cafta\/?page_id=438"},"modified":"2019-04-09T10:04:46","modified_gmt":"2019-04-09T16:04:46","slug":"videos-explicativos","status":"publish","type":"page","link":"https:\/\/infotrade.economia.gob.sv\/cafta\/material-didactico\/videos-explicativos\/","title":{"rendered":"Videos explicativos"},"content":{"rendered":"<div id=\"pl-438\"  class=\"panel-layout\" ><div id=\"pg-438-0\"  class=\"panel-grid panel-no-style\" ><div id=\"pgc-438-0-0\"  class=\"panel-grid-cell panel-grid-cell-empty\" ><\/div><div id=\"pgc-438-0-1\"  class=\"panel-grid-cell panel-grid-cell-mobile-last\" ><div id=\"panel-438-0-1-0\" class=\"so-panel widget widget_sow-editor panel-first-child panel-last-child\" data-index=\"0\" ><div class=\"so-widget-sow-editor so-widget-sow-editor-base\">\n<div class=\"siteorigin-widget-tinymce textwidget\">\n\t<ul class=\"list-unstyled list-videos\">\n<li><a href=\"https:\/\/youtu.be\/E0sGq1mLsBQ?list=PLcW0F-MHQjomYBCumuBUkYl2PJiOQHbqe\" target=\"_blank\" rel=\"noopener\">Capitulo Ambiental<\/a><\/li>\n<li><a href=\"https:\/\/youtu.be\/eI11iCQot68?list=PLcW0F-MHQjomYBCumuBUkYl2PJiOQHbqe\" target=\"_blank\" rel=\"noopener\">Contingentes Arancelarios Agropecuarios<\/a><\/li>\n<li><a href=\"https:\/\/youtu.be\/03sFNiL6HCw?list=PLcW0F-MHQjomYBCumuBUkYl2PJiOQHbqe\" target=\"_blank\" rel=\"noopener\">Cap\u00edtulo Laboral<\/a><\/li>\n<li><a href=\"https:\/\/youtu.be\/EOdH7iRBY0w?list=PLcW0F-MHQjomYBCumuBUkYl2PJiOQHbqe\" target=\"_blank\" rel=\"noopener\">Cap\u00edtulo Inversi\u00f3n<\/a><\/li>\n<li><a href=\"https:\/\/youtu.be\/8E99AlZ-u5A?list=PLcW0F-MHQjomYBCumuBUkYl2PJiOQHbqe\" target=\"_blank\" rel=\"noopener\">Capitulo verificacion de textiles y del vestido<\/a><\/li>\n<li><a href=\"https:\/\/youtu.be\/dhUjZxwH8Bk?list=PLcW0F-MHQjomYBCumuBUkYl2PJiOQHbqe\" target=\"_blank\" rel=\"noopener\">Acumulaci\u00f3n ampliada o extendida<\/a><\/li>\n<li><a href=\"https:\/\/youtu.be\/L7ydBrTh-BE?list=PLcW0F-MHQjomYBCumuBUkYl2PJiOQHbqe\" target=\"_blank\" rel=\"noopener\">Productos bajo contingentes arancelarios<\/a><\/li>\n<li><a href=\"https:\/\/youtu.be\/Fut4Iw8x060?list=PLcW0F-MHQjomYBCumuBUkYl2PJiOQHbqe\" target=\"_blank\" rel=\"noopener\">Lista escaso abasto CAFTA DR<\/a><\/li>\n<li><a href=\"https:\/\/youtu.be\/j8gW_isoEdY?list=PLcW0F-MHQjomYBCumuBUkYl2PJiOQHbqe\" target=\"_blank\" rel=\"noopener\">Procedimiento LEA CAFTA DR<\/a><\/li>\n<li><a href=\"https:\/\/youtu.be\/BHcfERPZNoA?list=PLcW0F-MHQjomYBCumuBUkYl2PJiOQHbqe\" target=\"_blank\" rel=\"noopener\">Contrataci\u00f3n p\u00fablica CAFTA DR<\/a><\/li>\n<\/ul>\n<\/div>\n<\/div><\/div><\/div><div id=\"pgc-438-0-2\"  class=\"panel-grid-cell panel-grid-cell-empty\" ><\/div><\/div><\/div>","protected":false},"excerpt":{"rendered":"<p>Capitulo Ambiental Contingentes Arancelarios Agropecuarios Cap\u00edtulo Laboral Cap\u00edtulo Inversi\u00f3n Capitulo verificacion de textiles y del vestido Acumulaci\u00f3n ampliada o extendida Productos bajo contingentes arancelarios Lista escaso abasto CAFTA DR Procedimiento LEA CAFTA DR Contrataci\u00f3n p\u00fablica CAFTA DR<\/p>\n","protected":false},"author":13,"featured_media":0,"parent":19,"menu_order":0,"comment_status":"closed","ping_status":"open","template":"page-treaty","meta":{"footnotes":""},"class_list":["post-438","page","type-page","status-publish","hentry"],"_links":{"self":[{"href":"https:\/\/infotrade.economia.gob.sv\/cafta\/wp-json\/wp\/v2\/pages\/438","targetHints":{"allow":["GET"]}}],"collection":[{"href":"https:\/\/infotrade.economia.gob.sv\/cafta\/wp-json\/wp\/v2\/pages"}],"about":[{"href":"https:\/\/infotrade.economia.gob.sv\/cafta\/wp-json\/wp\/v2\/types\/page"}],"author":[{"embeddable":true,"href":"https:\/\/infotrade.economia.gob.sv\/cafta\/wp-json\/wp\/v2\/users\/13"}],"replies":[{"embeddable":true,"href":"https:\/\/infotrade.economia.gob.sv\/cafta\/wp-json\/wp\/v2\/comments?post=438"}],"version-history":[{"count":12,"href":"https:\/\/infotrade.economia.gob.sv\/cafta\/wp-json\/wp\/v2\/pages\/438\/revisions"}],"predecessor-version":[{"id":990,"href":"https:\/\/infotrade.economia.gob.sv\/cafta\/wp-json\/wp\/v2\/pages\/438\/revisions\/990"}],"up":[{"embeddable":true,"href":"https:\/\/infotrade.economia.gob.sv\/cafta\/wp-json\/wp\/v2\/pages\/19"}],"wp:attachment":[{"href":"https:\/\/infotrade.economia.gob.sv\/cafta\/wp-json\/wp\/v2\/media?parent=438"}],"curies":[{"name":"wp","href":"https:\/\/api.w.org\/{rel}","templated":true}]}}