{"id":554,"date":"2017-01-19T13:28:57","date_gmt":"2017-01-19T19:28:57","guid":{"rendered":"http:\/\/comext.minec.gob.sv\/cafta\/?page_id=554"},"modified":"2023-08-09T15:18:15","modified_gmt":"2023-08-09T21:18:15","slug":"decisiones","status":"publish","type":"page","link":"https:\/\/infotrade.economia.gob.sv\/cafta\/decisiones\/","title":{"rendered":"Decisiones"},"content":{"rendered":"\n<p><\/p>\n\n\n\n<div class=\"wp-block-file\"><a href=\"http:\/\/infotrade.economia.gob.sv\/cafta\/wp-content\/uploads\/sites\/3\/Enmienda-Art.-22.2.-Espanol.pdf\">Enmienda conforme al Art\u00edculo 22 del CAFTA-DR (IV Enmienda SA)<\/a><a href=\"http:\/\/infotrade.economia.gob.sv\/cafta\/wp-content\/uploads\/sites\/3\/Enmienda-Art.-22.2.-Espanol.pdf\" class=\"wp-block-file__button\" download>Descarga<\/a><\/div>\n\n\n\n<div class=\"wp-block-file\"><a href=\"http:\/\/infotrade.economia.gob.sv\/cafta\/wp-content\/uploads\/sites\/3\/Decision-compras-publicas.-Espanol.pdf\">Decisi\u00f3n relativa al Anexo 9.1.2 (b) (i) sobre modificaciones de EEUU para contrataci\u00f3n p\u00fablica<\/a><a href=\"http:\/\/infotrade.economia.gob.sv\/cafta\/wp-content\/uploads\/sites\/3\/Decision-compras-publicas.-Espanol.pdf\" class=\"wp-block-file__button\" download>Descarga<\/a><\/div>\n\n\n\n<div class=\"wp-block-file\"><a href=\"http:\/\/infotrade.economia.gob.sv\/cafta\/wp-content\/uploads\/sites\/3\/Decision-Comites.-Espanol.pdf\">Decisi\u00f3n relativa al Art\u00edculo 3.19 (establecimiento de Comit\u00e9 de Comercio Agropecuario) y al Art\u00edculo 6.3 (establecimiento de Comit\u00e9 de Asuntos Sanitarios y Fitosanitarios)<\/a><a href=\"http:\/\/infotrade.economia.gob.sv\/cafta\/wp-content\/uploads\/sites\/3\/Decision-Comites.-Espanol.pdf\" class=\"wp-block-file__button\" download>Descarga<\/a><\/div>\n\n\n\n<div class=\"wp-block-file\"><a href=\"http:\/\/infotrade.economia.gob.sv\/cafta\/wp-content\/uploads\/sites\/3\/Decision-arbitros.-Espanol.pdf\">Decisi\u00f3n relativa a la conformaci\u00f3n de la lista de \u00e1rbitros nacionales y no nacionales<\/a><a href=\"http:\/\/infotrade.economia.gob.sv\/cafta\/wp-content\/uploads\/sites\/3\/Decision-arbitros.-Espanol.pdf\" class=\"wp-block-file__button\" download>Descarga<\/a><\/div>\n\n\n\n<div class=\"wp-block-file\"><a href=\"http:\/\/infotrade.economia.gob.sv\/cafta\/wp-content\/uploads\/sites\/3\/Decision-Reglas.-Espanol.pdf\">Decisi\u00f3n para establecer las reglas modelo de procedimiento para soluci\u00f3n de controversias<\/a><a href=\"http:\/\/infotrade.economia.gob.sv\/cafta\/wp-content\/uploads\/sites\/3\/Decision-Reglas.-Espanol.pdf\" class=\"wp-block-file__button\" download>Descarga<\/a><\/div>\n\n\n\n<div class=\"wp-block-file\"><a href=\"http:\/\/infotrade.economia.gob.sv\/cafta\/wp-content\/uploads\/sites\/3\/Decision-Codigo-de-Conducta.-Espanol.pdf\">Decisi\u00f3n para establecer el c\u00f3digo de conducta para soluci\u00f3n de controversias<\/a><a href=\"http:\/\/infotrade.economia.gob.sv\/cafta\/wp-content\/uploads\/sites\/3\/Decision-Codigo-de-Conducta.-Espanol.pdf\" class=\"wp-block-file__button\" download>Descarga<\/a><\/div>\n\n\n\n<div class=\"wp-block-file\"><a href=\"http:\/\/infotrade.economia.gob.sv\/cafta\/wp-content\/uploads\/sites\/3\/Decision-correcciones-tecnicas.-Espanol.pdf\">Decisi\u00f3n en relaci\u00f3n a ciertas reglas de origen para mercanc\u00edas textiles y de confecci\u00f3n (correcciones t\u00e9cnicas)<\/a><a href=\"http:\/\/infotrade.economia.gob.sv\/cafta\/wp-content\/uploads\/sites\/3\/Decision-correcciones-tecnicas.-Espanol.pdf\" class=\"wp-block-file__button\" download>Descarga<\/a><\/div>\n\n\n\n<div class=\"wp-block-file\"><a href=\"http:\/\/infotrade.economia.gob.sv\/cafta\/wp-content\/uploads\/sites\/3\/Decision-acumulacion.Espanol.pdf\">Decisi\u00f3n relativa al Ap\u00e9ndice 4.1-B acumulaci\u00f3n<\/a><a href=\"http:\/\/infotrade.economia.gob.sv\/cafta\/wp-content\/uploads\/sites\/3\/Decision-acumulacion.Espanol.pdf\" class=\"wp-block-file__button\" download>Descarga<\/a><\/div>\n\n\n\n<div class=\"wp-block-file\"><a href=\"http:\/\/infotrade.economia.gob.sv\/cafta\/wp-content\/uploads\/sites\/3\/Decision-sobre-Directrices-Comunes-del-Capitulo-4-Origen.-espanol.pdf\">Decisi\u00f3n relativa a las directrices comunes para la interpretaci\u00f3n, aplicaci\u00f3n y administraci\u00f3n del Cap\u00edtulo 4<\/a><a href=\"http:\/\/infotrade.economia.gob.sv\/cafta\/wp-content\/uploads\/sites\/3\/Decision-sobre-Directrices-Comunes-del-Capitulo-4-Origen.-espanol.pdf\" class=\"wp-block-file__button\" download>Descarga<\/a><\/div>\n\n\n\n<div class=\"wp-block-file\"><a href=\"http:\/\/infotrade.economia.gob.sv\/cafta\/wp-content\/uploads\/sites\/3\/Decision-sobre-arbitros-no-nacionales-solucion-de-controversias-del-Capitulo-20.-Espanol.pdf\">Decisi\u00f3n sobre el nombramiento de las listas de \u00e1rbitros no nacionales del Cap\u00edtulo 20<\/a><a href=\"http:\/\/infotrade.economia.gob.sv\/cafta\/wp-content\/uploads\/sites\/3\/Decision-sobre-arbitros-no-nacionales-solucion-de-controversias-del-Capitulo-20.-Espanol.pdf\" class=\"wp-block-file__button\" download>Descarga<\/a><\/div>\n\n\n\n<div class=\"wp-block-file\"><a href=\"http:\/\/infotrade.economia.gob.sv\/cafta\/wp-content\/uploads\/sites\/3\/Decision-sobre-remuneracion-de-los-arbitros-asistentes-y-expertos-solucion-de-controversias-Cap.-20.-espanol.pdf\">Decisi\u00f3n para establecer la remuneraci\u00f3n de los \u00e1rbitros, asistentes y expertos, el pago de gastos (soluci\u00f3n de controversias)<\/a><a href=\"http:\/\/infotrade.economia.gob.sv\/cafta\/wp-content\/uploads\/sites\/3\/Decision-sobre-remuneracion-de-los-arbitros-asistentes-y-expertos-solucion-de-controversias-Cap.-20.-espanol.pdf\" class=\"wp-block-file__button\" download>Descarga<\/a><\/div>\n\n\n\n<div class=\"wp-block-file\"><a href=\"http:\/\/infotrade.economia.gob.sv\/cafta\/wp-content\/uploads\/sites\/3\/Decision-sobre-eliminacion-de-aranceles-del-Anexo-3.3-Costa-Rica.-espanol-2.pdf\">Decisi\u00f3n sobre Eliminaci\u00f3n Arancelaria de las L\u00edneas 15071000, 15121100 y 15152100 del Anexo 3.3 (Arancel de Costa Rica)<\/a><a href=\"http:\/\/infotrade.economia.gob.sv\/cafta\/wp-content\/uploads\/sites\/3\/Decision-sobre-eliminacion-de-aranceles-del-Anexo-3.3-Costa-Rica.-espanol-2.pdf\" class=\"wp-block-file__button\" download>Descarga<\/a><\/div>\n\n\n\n<div class=\"wp-block-file\"><a href=\"http:\/\/infotrade.economia.gob.sv\/cafta\/wp-content\/uploads\/sites\/3\/Decision-reglas-de-origen-especiales-del-Apendice-3.3.6.-Espanol.pdf\">Decisi\u00f3n sobre las reglas de origen especiales del Ap\u00e9ndice 3.3.6<\/a><a href=\"http:\/\/infotrade.economia.gob.sv\/cafta\/wp-content\/uploads\/sites\/3\/Decision-reglas-de-origen-especiales-del-Apendice-3.3.6.-Espanol.pdf\" class=\"wp-block-file__button\" download>Descarga<\/a><\/div>\n\n\n\n<div class=\"wp-block-file\"><a href=\"http:\/\/infotrade.economia.gob.sv\/cafta\/wp-content\/uploads\/sites\/3\/Decision-reglas-de-origen-especificas-del-Anexo-4.1-V-Enmienda-Sistema-Armonizado.-espanol.pdf\">Decisi\u00f3n relativa a las reglas de origen espec\u00edficas del Anexo 4.1 (V Enmienda al Sistema Armonizado (SA))<\/a><a href=\"http:\/\/infotrade.economia.gob.sv\/cafta\/wp-content\/uploads\/sites\/3\/Decision-reglas-de-origen-especificas-del-Anexo-4.1-V-Enmienda-Sistema-Armonizado.-espanol.pdf\" class=\"wp-block-file__button\" download>Descarga<\/a><\/div>\n\n\n\n<div class=\"wp-block-file\"><a href=\"http:\/\/infotrade.economia.gob.sv\/cafta\/wp-content\/uploads\/sites\/3\/Decision-reglas-de-origen-del-Anexo-4.1-VI-Enmienda-Sistema-Armonizado.-espanol.pdf\">Decisi\u00f3n relativa a las reglas de origen espec\u00edficas del Anexo 4.1 (VI Enmienda al Sistema Armonizado (SA))<\/a><a href=\"http:\/\/infotrade.economia.gob.sv\/cafta\/wp-content\/uploads\/sites\/3\/Decision-reglas-de-origen-del-Anexo-4.1-VI-Enmienda-Sistema-Armonizado.-espanol.pdf\" class=\"wp-block-file__button\" download>Descarga<\/a><\/div>\n\n\n\n<div class=\"wp-block-file\"><a href=\"http:\/\/infotrade.economia.gob.sv\/cafta\/wp-content\/uploads\/sites\/3\/Decision-Contingente-de-Pollo-CAFTA-DR.-Guatemala-espanol-e-ingles-2.pdf\">Decisi\u00f3n sobre contingente de pollo (Guatemala)<\/a><a href=\"http:\/\/infotrade.economia.gob.sv\/cafta\/wp-content\/uploads\/sites\/3\/Decision-Contingente-de-Pollo-CAFTA-DR.-Guatemala-espanol-e-ingles-2.pdf\" class=\"wp-block-file__button\" download>Descarga<\/a><\/div>\n\n\n\n<div class=\"wp-block-file\"><a href=\"http:\/\/infotrade.economia.gob.sv\/cafta\/wp-content\/uploads\/sites\/3\/Decision-Contingente-de-Pollo-CAFTA-DR.-El-Salvador-Nicaragua-y-Honduras.-espanol-e-ingles.pdf\">Decisi\u00f3n sobre contingente de pollo (El Salvador, Honduras y Nicaragua)<\/a><a href=\"http:\/\/infotrade.economia.gob.sv\/cafta\/wp-content\/uploads\/sites\/3\/Decision-Contingente-de-Pollo-CAFTA-DR.-El-Salvador-Nicaragua-y-Honduras.-espanol-e-ingles.pdf\" class=\"wp-block-file__button\" download>Descarga<\/a><\/div>\n\n\n\n<p><\/p>\n","protected":false},"excerpt":{"rendered":"","protected":false},"author":14,"featured_media":0,"parent":0,"menu_order":0,"comment_status":"closed","ping_status":"closed","template":"page-treaty","meta":{"footnotes":""},"class_list":["post-554","page","type-page","status-publish","hentry"],"_links":{"self":[{"href":"https:\/\/infotrade.economia.gob.sv\/cafta\/wp-json\/wp\/v2\/pages\/554","targetHints":{"allow":["GET"]}}],"collection":[{"href":"https:\/\/infotrade.economia.gob.sv\/cafta\/wp-json\/wp\/v2\/pages"}],"about":[{"href":"https:\/\/infotrade.economia.gob.sv\/cafta\/wp-json\/wp\/v2\/types\/page"}],"author":[{"embeddable":true,"href":"https:\/\/infotrade.economia.gob.sv\/cafta\/wp-json\/wp\/v2\/users\/14"}],"replies":[{"embeddable":true,"href":"https:\/\/infotrade.economia.gob.sv\/cafta\/wp-json\/wp\/v2\/comments?post=554"}],"version-history":[{"count":14,"href":"https:\/\/infotrade.economia.gob.sv\/cafta\/wp-json\/wp\/v2\/pages\/554\/revisions"}],"predecessor-version":[{"id":1219,"href":"https:\/\/infotrade.economia.gob.sv\/cafta\/wp-json\/wp\/v2\/pages\/554\/revisions\/1219"}],"wp:attachment":[{"href":"https:\/\/infotrade.economia.gob.sv\/cafta\/wp-json\/wp\/v2\/media?parent=554"}],"curies":[{"name":"wp","href":"https:\/\/api.w.org\/{rel}","templated":true}]}}