{"id":566,"date":"2017-11-10T11:47:23","date_gmt":"2017-11-10T17:47:23","guid":{"rendered":"http:\/\/comext.minec.gob.sv\/cafta\/?page_id=566"},"modified":"2017-11-13T15:41:21","modified_gmt":"2017-11-13T21:41:21","slug":"arbitraje-commerce-group","status":"publish","type":"page","link":"https:\/\/infotrade.economia.gob.sv\/cafta\/solucion-de-controversias\/arbitraje-commerce-group\/","title":{"rendered":"Arbitraje Commerce Group"},"content":{"rendered":"<h2><span style=\"color: #0000ff;\">(a) Procedimiento original<\/span><\/h2>\n\n<table id=\"tablepress-1\" class=\"tablepress tablepress-id-1\">\n<thead>\n<tr class=\"row-1 odd\">\n\t<th class=\"column-1\">Fecha<\/th><th class=\"column-2\">Desarrollo<\/th>\n<\/tr>\n<\/thead>\n<tbody class=\"row-hover\">\n<tr class=\"row-2 even\">\n\t<td class=\"column-1\">16 de marzo de 2009<\/td><td class=\"column-2\"><a href=\"http:\/\/infotrade.economia.gob.sv\/cafta\/wp-content\/uploads\/sites\/3\/2009-03-16-commerce-group-noi-notificacin-de-intencin-presentada-por-commerce-group-1.pdf\" rel=\"noopener\" target=\"_blank\">Notificaci\u00f3n de intenci\u00f3n presentada por Commerce Group<\/a><\/td>\n<\/tr>\n<tr class=\"row-3 odd\">\n\t<td class=\"column-1\">2 de julio de 2009 <\/td><td class=\"column-2\"><a href=\"http:\/\/infotrade.economia.gob.sv\/cafta\/wp-content\/uploads\/sites\/3\/2009-07-02-notice_-of_-arbitration_noa_commerce_-group.pdf\" rel=\"noopener\" target=\"_blank\">Notificaci\u00f3n de arbitraje<\/a><\/td>\n<\/tr>\n<tr class=\"row-4 even\">\n\t<td class=\"column-1\">24 de agosto de 2009<\/td><td class=\"column-2\"><a href=\"http:\/\/infotrade.economia.gob.sv\/cafta\/wp-content\/uploads\/sites\/3\/2009-08-24-el-salvador-letter-to-icsid-inviting-claimant-to-terminate-the-case.pdf\" rel=\"noopener\" target=\"_blank\">Notificaci\u00f3n del Despacho Dewey sobre reclamo de Commerce Group y San Sebastian Gold Mines<\/a><\/td>\n<\/tr>\n<tr class=\"row-5 odd\">\n\t<td class=\"column-1\">27 de julio de 2010<\/td><td class=\"column-2\"><a href=\"http:\/\/infotrade.economia.gob.sv\/cafta\/wp-content\/uploads\/sites\/3\/2010-07-27-first-session-minutes.pdf\" rel=\"noopener\" target=\"_blank\">El Tribunal celebra  primera sesi\u00f3n por conferencia telef\u00f3nica <\/a><\/td>\n<\/tr>\n<tr class=\"row-6 even\">\n\t<td class=\"column-1\">16 de agosto de 2010<\/td><td class=\"column-2\"><a href=\"http:\/\/infotrade.economia.gob.sv\/cafta\/wp-content\/uploads\/sites\/3\/2010-08-16-el-salvadors-preliminary-objection.pdf\" rel=\"noopener\" target=\"_blank\">El Salvador presenta objeciones preliminares de conformidad con el Art\u00edculo 10.20.5 del CAFTA<\/a><\/td>\n<\/tr>\n<tr class=\"row-7 odd\">\n\t<td class=\"column-1\">15 de septiembre de 2010<\/td><td class=\"column-2\"><a href=\"http:\/\/infotrade.economia.gob.sv\/cafta\/wp-content\/uploads\/sites\/3\/2010-09-15-claimants-response-to-el-salvadors-preliminary-objection.pdf\" rel=\"noopener\" target=\"_blank\">Los Demandantes presentan una respuesta sobre objeciones preliminares de conformidad con el Art\u00edculo 10.20.5 del CAFTA<\/a><\/td>\n<\/tr>\n<tr class=\"row-8 even\">\n\t<td class=\"column-1\">30 de septiembre de 2010<\/td><td class=\"column-2\"><a href=\"http:\/\/infotrade.economia.gob.sv\/cafta\/wp-content\/uploads\/sites\/3\/2010-09-30-el-salvadors-reply.pdf\" rel=\"noopener\" target=\"_blank\">El Salvador presenta respuesta sobre objeciones preliminares de conformidad con el Art\u00edculo 10.20.5 del CAFTA<\/a><\/td>\n<\/tr>\n<tr class=\"row-9 odd\">\n\t<td class=\"column-1\">15 de octubre de 2010<\/td><td class=\"column-2\"><a href=\"http:\/\/infotrade.economia.gob.sv\/cafta\/wp-content\/uploads\/sites\/3\/2010-10-15-claimants.rejoinder-2.pdf\" rel=\"noopener\" target=\"_blank\">Los Demandantes presentan una d\u00faplica sobre objeciones preliminares de conformidad con el Art\u00edculo 10.20.5 del CAFTA<\/a><\/td>\n<\/tr>\n<tr class=\"row-10 even\">\n\t<td class=\"column-1\">1 de noviembre de 2010<\/td><td class=\"column-2\">La Rep\u00fablica de <a href=\"http:\/\/infotrade.economia.gob.sv\/cafta\/wp-content\/uploads\/sites\/3\/2010-11-01-commerce_carta_costa_rica.pdf\" rel=\"noopener\" target=\"_blank\">Costa Rica<\/a> y la Rep\u00fablica de <a href=\"http:\/\/infotrade.economia.gob.sv\/cafta\/wp-content\/uploads\/sites\/3\/2010-11-01-comunicacin-de-nic-ciadi.pdf\" rel=\"noopener\" target=\"_blank\">Nicaragua<\/a> presentan escrito como <a href=\"http:\/\/infotrade.economia.gob.sv\/cafta\/wp-content\/uploads\/sites\/3\/2010-11-01-escrito-de-parte-no-contendiente-de-la-repblica-de-costa-rica.pdf\" rel=\"noopener\" target=\"_blank\">parte no contendiente<\/a> de conformidad con el Art\u00edculo 10.20.2 del CAFTA<\/td>\n<\/tr>\n<tr class=\"row-11 odd\">\n\t<td class=\"column-1\">1 de noviembre de 2010<\/td><td class=\"column-2\"><a href=\"http:\/\/infotrade.economia.gob.sv\/cafta\/wp-content\/uploads\/sites\/3\/2010-11-01-letter-to-icsid-USA.pdf\" rel=\"noopener\" target=\"_blank\">Los Estados Unidos presentan escrito como parte no contendiente de conformidad con el Art\u00edculo 10.20.2 del CAFTA<\/a><\/td>\n<\/tr>\n<tr class=\"row-12 even\">\n\t<td class=\"column-1\">15 de noviembre de 2010<\/td><td class=\"column-2\"><a href=\"http:\/\/infotrade.economia.gob.sv\/cafta\/wp-content\/uploads\/sites\/3\/2010-11-15-audiencia-sobre-objeciones-prelimanares.pdf\" rel=\"noopener\" target=\"_blank\">El Tribunal celebra una audiencia sobre objeciones preliminares de conformidad con el Art\u00edculo 10.20.5 del CAFTA. en Washington, D.C.<\/a><\/td>\n<\/tr>\n<tr class=\"row-13 odd\">\n\t<td class=\"column-1\">30 de noviembre de 2010<\/td><td class=\"column-2\"><a href=\"http:\/\/infotrade.economia.gob.sv\/cafta\/wp-content\/uploads\/sites\/3\/2010-11-30-claimants-application-for-fees-and-costs.pdf\" rel=\"noopener\" target=\"_blank\">Solicitud de los demandantes sobre el costo<\/a><\/td>\n<\/tr>\n<tr class=\"row-14 even\">\n\t<td class=\"column-1\">2 de febrero de 2011<\/td><td class=\"column-2\"><a href=\"http:\/\/infotrade.economia.gob.sv\/cafta\/wp-content\/uploads\/sites\/3\/2011-02-02-el-salvadors-letter-to-the-tribunal-in-response-to-claimants-application-for-fees-and-costs.pdf\" rel=\"noopener\" target=\"_blank\">Carta de El Salvador al Tribunal en respuesta a solicitud de los demandantes sobre el costo<\/a><\/td>\n<\/tr>\n<tr class=\"row-15 odd\">\n\t<td class=\"column-1\">14 de marzo de 2011<\/td><td class=\"column-2\">Decisi\u00f3n del Tribunal. En idioma  <a href=\"http:\/\/infotrade.economia.gob.sv\/cafta\/wp-content\/uploads\/sites\/3\/2011-03-14-laudo-arbitral-espaol.pdf\" rel=\"noopener\" target=\"_blank\">espa\u00f1ol<\/a> e <a href=\"http:\/\/infotrade.economia.gob.sv\/cafta\/wp-content\/uploads\/sites\/3\/2011-03-14-laudo-arbitral-ingles.pdf\" rel=\"noopener\" target=\"_blank\">ingl\u00e9s<\/a><\/td>\n<\/tr>\n<\/tbody>\n<\/table>\n<!-- #tablepress-1 from cache -->\n<h2><span style=\"color: #0000ff;\">(b) Procedimiento de anulaci\u00f3n<br \/>\n<\/span><\/h2>\n\n<table id=\"tablepress-2\" class=\"tablepress tablepress-id-2\">\n<thead>\n<tr class=\"row-1 odd\">\n\t<th class=\"column-1\">Fecha <\/th><th class=\"column-2\">Desarrollo<\/th>\n<\/tr>\n<\/thead>\n<tbody class=\"row-hover\">\n<tr class=\"row-2 even\">\n\t<td class=\"column-1\">11 de julio de 2011<\/td><td class=\"column-2\"><a href=\"http:\/\/infotrade.economia.gob.sv\/cafta\/wp-content\/uploads\/sites\/3\/2011-07-11-claimants.annulment.application.pdf\" rel=\"noopener\" target=\"_blank\">Aplicaci\u00f3n de procedimiento de anulaci\u00f3n<\/a><\/td>\n<\/tr>\n<tr class=\"row-3 odd\">\n\t<td class=\"column-1\">15 de julio de 2011<\/td><td class=\"column-2\"><a href=\"http:\/\/infotrade.economia.gob.sv\/cafta\/wp-content\/uploads\/sites\/3\/2011-07-15-notice-of-registration.pdf\" rel=\"noopener\" target=\"_blank\">La Secretar\u00eda General registra una solicitud para el inicio de un procedimiento de anulaci\u00f3n<\/a><\/td>\n<\/tr>\n<tr class=\"row-4 even\">\n\t<td class=\"column-1\">17 de agosto de 2011<\/td><td class=\"column-2\"><a href=\"http:\/\/infotrade.economia.gob.sv\/cafta\/wp-content\/uploads\/sites\/3\/2011-08-17-icsid-payment-request-for-annulment-proceedings.pdf\" rel=\"noopener\" target=\"_blank\">Solicitud de pago del CIADI para los procedimientos de anulaci\u00f3n<\/a><\/td>\n<\/tr>\n<tr class=\"row-5 odd\">\n\t<td class=\"column-1\">24 de octubre de 2011<\/td><td class=\"column-2\"><a href=\"http:\/\/infotrade.economia.gob.sv\/cafta\/wp-content\/uploads\/sites\/3\/2011-10-24-icsid-letter-requesting-payment.pdf\" rel=\"noopener\" target=\"_blank\">Carta del CIADI informando sobre avances del pago <\/a><\/td>\n<\/tr>\n<tr class=\"row-6 even\">\n\t<td class=\"column-1\">17 de noviembre de 2011<\/td><td class=\"column-2\"><a href=\"http:\/\/infotrade.economia.gob.sv\/cafta\/wp-content\/uploads\/sites\/3\/2011-11-17-letter-from-claimant-to-icsid-re-inability-to-pay-fees.pdf\" rel=\"noopener\" target=\"_blank\">Respuesta del demandante sobre  informe de avances de pago del CIADI <\/a><\/td>\n<\/tr>\n<tr class=\"row-7 odd\">\n\t<td class=\"column-1\">15 de diciembre de 2011<\/td><td class=\"column-2\"><a href=\"http:\/\/infotrade.economia.gob.sv\/cafta\/wp-content\/uploads\/sites\/3\/2011-12-15-applicants.memorial.pdf\" rel=\"noopener\" target=\"_blank\">Commerce Group Corp. y San Sebastian Gold Mines, Inc. presentan un memorial de anulaci\u00f3n<\/a><\/td>\n<\/tr>\n<tr class=\"row-8 even\">\n\t<td class=\"column-1\">15 de diciembre de 2011<\/td><td class=\"column-2\"><a href=\"http:\/\/infotrade.economia.gob.sv\/cafta\/wp-content\/uploads\/sites\/3\/2011-12-15-letter-to-committee-in-response-to-request-for-advance-payment-and-responding-to-applicant_s-letter.pdf\" rel=\"noopener\" target=\"_blank\">Carta al comit\u00e9 en respuesta a una solicitud de avance y respuesta a la carta del solicitante<\/a><\/td>\n<\/tr>\n<tr class=\"row-9 odd\">\n\t<td class=\"column-1\">22 de mayo de 2012<\/td><td class=\"column-2\"><a href=\"http:\/\/infotrade.economia.gob.sv\/cafta\/wp-content\/uploads\/sites\/3\/2012-05-22-letter-from-icsid-setting-deadline-for-payment.pdf\" rel=\"noopener\" target=\"_blank\">Carta del CIADI estableciendo fecha l\u00edmite para el pago<\/a><\/td>\n<\/tr>\n<tr class=\"row-10 even\">\n\t<td class=\"column-1\">18 de junio de 2012<\/td><td class=\"column-2\"><a href=\"http:\/\/infotrade.economia.gob.sv\/cafta\/wp-content\/uploads\/sites\/3\/2012-06-18-letter-from-claimant-to-icsid-requesting-extension-for-payment.pdf\" rel=\"noopener\" target=\"_blank\">Carta del reclamante al CIADI solicitando extensi\u00f3n del pago\" rel=\"noopener\" target=\"_blank\">Carta del reclamante al CIADI solicitando extensi\u00f3n del pago<\/a><\/td>\n<\/tr>\n<tr class=\"row-11 odd\">\n\t<td class=\"column-1\">21 de junio de 2012<\/td><td class=\"column-2\"><a href=\"http:\/\/infotrade.economia.gob.sv\/cafta\/wp-content\/uploads\/sites\/3\/2012-06-21-letter-to-icsid-opposing-extension.pdf\" rel=\"noopener\" target=\"_blank\">Carta al CIADI oponi\u00e9ndose a la extensi\u00f3n del pago<\/a><\/td>\n<\/tr>\n<tr class=\"row-12 even\">\n\t<td class=\"column-1\">22 de junio de 2012<\/td><td class=\"column-2\"><a href=\"http:\/\/infotrade.economia.gob.sv\/cafta\/wp-content\/uploads\/sites\/3\/2012-06-22-letter-from-freshfields-to-icsid.pdf\" rel=\"noopener\" target=\"_blank\">Carta de Freshfields para CIADI sobre extensi\u00f3n del pago<\/a><\/td>\n<\/tr>\n<tr class=\"row-13 odd\">\n\t<td class=\"column-1\">26 de junio de 2012 <\/td><td class=\"column-2\"><a href=\"\/cafta\/wp-content\/uploads\/sites\/3\/letter-icsid.pdf\" rel=\"noopener\" target=\"_blank\">Carta al CIADI en respuesta a carta de Freshfields<\/a><\/td>\n<\/tr>\n<tr class=\"row-14 even\">\n\t<td class=\"column-1\">26 de junio de 2012<\/td><td class=\"column-2\"><a href=\"http:\/\/infotrade.economia.gob.sv\/cafta\/wp-content\/uploads\/sites\/3\/2012-06-26-email-from-claimants-to-icsid-re-freshfields-involvement.pdf\" rel=\"noopener\" target=\"_blank\">Correo electr\u00f3nico del reclamante al CIADI sobre participaci\u00f3n de Freshfields<\/a><\/td>\n<\/tr>\n<tr class=\"row-15 odd\">\n\t<td class=\"column-1\">27 de junio de 2012<\/td><td class=\"column-2\"><a href=\"http:\/\/infotrade.economia.gob.sv\/cafta\/wp-content\/uploads\/sites\/3\/2012-06-27-1-letter-from-claimants-to-icsid.pdf\" rel=\"noopener\" target=\"_blank\">Carta de los demandantes al CIADI<\/a><\/td>\n<\/tr>\n<tr class=\"row-16 even\">\n\t<td class=\"column-1\">27 de junio de 2012<\/td><td class=\"column-2\"><a href=\"http:\/\/infotrade.economia.gob.sv\/cafta\/wp-content\/uploads\/sites\/3\/2012-06-27-2-attachment-to-claimants-letter-with-commerce-group-poa.pdf\" rel=\"noopener\" target=\"_blank\">Anexo Carta de Commerce Group<\/a><\/td>\n<\/tr>\n<tr class=\"row-17 odd\">\n\t<td class=\"column-1\">27 de junio de 2012<\/td><td class=\"column-2\"><a href=\"http:\/\/infotrade.economia.gob.sv\/cafta\/wp-content\/uploads\/sites\/3\/2012-06-27-3-attachment-to-claimants-letter-with-san-sebastian-poa.pdf\" rel=\"noopener\" target=\"_blank\">Anexo Carta de San Sebastian Gold Mines<\/a><\/td>\n<\/tr>\n<tr class=\"row-18 even\">\n\t<td class=\"column-1\">28 de junio de 2012<\/td><td class=\"column-2\"><a href=\"http:\/\/infotrade.economia.gob.sv\/cafta\/wp-content\/uploads\/sites\/3\/2012-06-28-letter-from-freshfields-to-icsid.pdf\" rel=\"noopener\" target=\"_blank\">Carta de Freshfields al CIADI<\/a><\/td>\n<\/tr>\n<tr class=\"row-19 odd\">\n\t<td class=\"column-1\">3 de julio de 2012<\/td><td class=\"column-2\"><a href=\"http:\/\/infotrade.economia.gob.sv\/cafta\/wp-content\/uploads\/sites\/3\/2012-07-03-letter-to-icsid-secretary-general.pdf\" rel=\"noopener\" target=\"_blank\">Carta a la Secretar\u00eda General del CIADI<\/a><\/td>\n<\/tr>\n<tr class=\"row-20 even\">\n\t<td class=\"column-1\">10 de julio de 2012<\/td><td class=\"column-2\"><a href=\"http:\/\/infotrade.economia.gob.sv\/cafta\/wp-content\/uploads\/sites\/3\/2012-07-10-email-from-icsid-setting-final-deadline-for-payment.pdf\" rel=\"noopener\" target=\"_blank\">Correo electr\u00f3nico del CIADI estableciendo fecha final para el pago<\/a><\/td>\n<\/tr>\n<tr class=\"row-21 odd\">\n\t<td class=\"column-1\">10 de agosto de 2012<\/td><td class=\"column-2\"><a href=\"http:\/\/infotrade.economia.gob.sv\/cafta\/wp-content\/uploads\/sites\/3\/2012-08-10-application-for-security-for-costs.pdf\" rel=\"noopener\" target=\"_blank\">La Rep\u00fablica de El Salvador presenta una solicitud de garant\u00eda de costos<\/a><\/td>\n<\/tr>\n<tr class=\"row-22 even\">\n\t<td class=\"column-1\">17 de agosto de 2012<\/td><td class=\"column-2\"><a href=\"http:\/\/infotrade.economia.gob.sv\/cafta\/wp-content\/uploads\/sites\/3\/2012-08-17-claimants.response.to_.application.for_.security.pdf\" rel=\"noopener\" target=\"_blank\">Commerce Group Corp. y San Sebastian Gold Mines, Inc. presentan observaciones sobre la solicitud de seguridad de la Rep\u00fablica de El Salvador de los costos del 10 de agosto de 2012<\/a><\/td>\n<\/tr>\n<tr class=\"row-23 odd\">\n\t<td class=\"column-1\">27 de agosto de 2012<\/td><td class=\"column-2\"><a href=\"http:\/\/infotrade.economia.gob.sv\/cafta\/wp-content\/uploads\/sites\/3\/2012-08-27-el-salvadors-reply.pdf\" rel=\"noopener\" target=\"_blank\">La Rep\u00fablica de El Salvador presenta una respuesta sobre la seguridad de los costos<\/a><\/td>\n<\/tr>\n<tr class=\"row-24 even\">\n\t<td class=\"column-1\">27 de agosto de 2012<\/td><td class=\"column-2\"><a href=\"http:\/\/infotrade.economia.gob.sv\/cafta\/wp-content\/uploads\/sites\/3\/2012-08-27-reply-annex-a.pdf\" rel=\"noopener\" target=\"_blank\">Anexo sobre la seguridad de los costos presentada por parte de El Salvador<\/a><\/td>\n<\/tr>\n<tr class=\"row-25 odd\">\n\t<td class=\"column-1\">20 de septiembre de 2012<\/td><td class=\"column-2\"><a href=\"http:\/\/infotrade.economia.gob.sv\/cafta\/wp-content\/uploads\/sites\/3\/2012-09-20-decision-on-the-respondents-application-for-security-for-costs.pdf\" rel=\"noopener\" target=\"_blank\">El Comit\u00e9 ad hoc emite una decisi\u00f3n sobre la seguridad de los costos<\/a><\/td>\n<\/tr>\n<tr class=\"row-26 even\">\n\t<td class=\"column-1\">19 de octubre de 2012<\/td><td class=\"column-2\"><a href=\"http:\/\/infotrade.economia.gob.sv\/cafta\/wp-content\/uploads\/sites\/3\/2012-10-19-counter-memorial-in-opposition-to-annulment.pdf\" rel=\"noopener\" target=\"_blank\">La Rep\u00fablica de El Salvador presenta un memorial de contestaci\u00f3n sobre la anulaci\u00f3n<\/a><\/td>\n<\/tr>\n<tr class=\"row-27 odd\">\n\t<td class=\"column-1\">19 de octubre de 2012<\/td><td class=\"column-2\"><a href=\"http:\/\/infotrade.economia.gob.sv\/cafta\/wp-content\/uploads\/sites\/3\/2012-10-19-solicitud-de-pago-a-commerce-group-002.pdf\" rel=\"noopener\" target=\"_blank\">Solicitud de pago del CIADI a Commece Group<\/a><\/td>\n<\/tr>\n<tr class=\"row-28 even\">\n\t<td class=\"column-1\">23 de noviembre de 2012<\/td><td class=\"column-2\"><a href=\"http:\/\/infotrade.economia.gob.sv\/cafta\/wp-content\/uploads\/sites\/3\/2012-11-23-reply-memorial-commerce-group-en-el-procedimiento-de-anulacin.pdf\" rel=\"noopener\" target=\"_blank\">Commerce Group Corp. y San Sebastian Gold Mines, Inc. presentan una respuesta sobre la anulaci\u00f3n.<\/a><\/td>\n<\/tr>\n<tr class=\"row-29 odd\">\n\t<td class=\"column-1\">19 de diciembre de 2012<\/td><td class=\"column-2\"><a href=\"http:\/\/infotrade.economia.gob.sv\/cafta\/wp-content\/uploads\/sites\/3\/2012-12-19-carta-del-ciadi-notificando-impago-de-commerce-group-y-recomendacin-de-suspensin-del-procedimiento.pdf\" rel=\"noopener\" target=\"_blank\">La Secretar\u00eda General propone que el Comit\u00e9 ad hoc suspender el procedimiento de conformidad con el Reglamento Administrativo y Financiero del CIADI 14 (3) (d) y (e).<\/a><\/td>\n<\/tr>\n<\/tbody>\n<\/table>\n<!-- #tablepress-2 from cache -->\n","protected":false},"excerpt":{"rendered":"<p>(a) Procedimiento original (b) Procedimiento de anulaci\u00f3n<\/p>\n","protected":false},"author":14,"featured_media":0,"parent":230,"menu_order":0,"comment_status":"closed","ping_status":"closed","template":"page-treaty","meta":{"footnotes":""},"class_list":["post-566","page","type-page","status-publish","hentry"],"_links":{"self":[{"href":"https:\/\/infotrade.economia.gob.sv\/cafta\/wp-json\/wp\/v2\/pages\/566","targetHints":{"allow":["GET"]}}],"collection":[{"href":"https:\/\/infotrade.economia.gob.sv\/cafta\/wp-json\/wp\/v2\/pages"}],"about":[{"href":"https:\/\/infotrade.economia.gob.sv\/cafta\/wp-json\/wp\/v2\/types\/page"}],"author":[{"embeddable":true,"href":"https:\/\/infotrade.economia.gob.sv\/cafta\/wp-json\/wp\/v2\/users\/14"}],"replies":[{"embeddable":true,"href":"https:\/\/infotrade.economia.gob.sv\/cafta\/wp-json\/wp\/v2\/comments?post=566"}],"version-history":[{"count":6,"href":"https:\/\/infotrade.economia.gob.sv\/cafta\/wp-json\/wp\/v2\/pages\/566\/revisions"}],"predecessor-version":[{"id":711,"href":"https:\/\/infotrade.economia.gob.sv\/cafta\/wp-json\/wp\/v2\/pages\/566\/revisions\/711"}],"up":[{"embeddable":true,"href":"https:\/\/infotrade.economia.gob.sv\/cafta\/wp-json\/wp\/v2\/pages\/230"}],"wp:attachment":[{"href":"https:\/\/infotrade.economia.gob.sv\/cafta\/wp-json\/wp\/v2\/media?parent=566"}],"curies":[{"name":"wp","href":"https:\/\/api.w.org\/{rel}","templated":true}]}}