{"id":101,"date":"2017-01-19T15:02:30","date_gmt":"2017-01-19T21:02:30","guid":{"rendered":"http:\/\/comext.minec.gob.sv\/chile\/?page_id=101"},"modified":"2024-01-03T16:24:08","modified_gmt":"2024-01-03T22:24:08","slug":"programa-de-desgravacion-arancelaria","status":"publish","type":"page","link":"https:\/\/infotrade.economia.gob.sv\/chile\/administracion-del-acuerdo\/programa-de-desgravacion-arancelaria\/","title":{"rendered":"Programa de Desgravaci\u00f3n Arancelaria"},"content":{"rendered":"<p>Esta secci\u00f3n contiene el Programa de Desgravaci\u00f3n Arancelaria (PDA) del Tratado de Libre Comercio entre Chile-Centroam\u00e9rica, aplicado por El Salvador durante el a\u00f1o 2021.<\/p>\n<p>En caso tenga consultas sobre el PDA, puede ponerse en contacto con la oficina responsable:<\/p>\n<p>DIRECCI\u00d3N DE ADMINISTRACI\u00d3N DE TRATADOS COMERCIALES Direcci\u00f3n: Alameda Juan Pablo II y Calle Guadalupe Edificio C1-C2, Centro de Gobierno, San Salvador, El Salvador. Tel\u00e9fonos: (+503) 2590-5788 y (+503) 2590-5790 Email: <a href=\"mailto:datco@minec.gob.sv\">datco@minec.gob.sv<\/a><\/p>\n<p>Para descargar el Programa de Desgravaci\u00f3n Arancelaria para Chile, haga click sobre \u201c<strong>Descargar<\/strong>\u201d<\/p>\n<h3><a href=\"http:\/\/infotrade.economia.gob.sv\/chile\/wp-content\/uploads\/sites\/6\/2021\/02\/PDA-2021-TLC-CHILE.pdf\" target=\"_blank\" rel=\"noopener\">Descargar PDA 2021<\/a><\/h3>\n<h3><a href=\"\/chile\/wp-content\/uploads\/sites\/6\/2022\/06\/PDA-Chile-2022.pdf\" target=\"_blank\" rel=\"noopener\">Descargar PDA 2022<\/a><\/h3>\n<h3><a href=\"http:\/\/infotrade.economia.gob.sv\/chile\/wp-content\/uploads\/sites\/6\/2023\/01\/PDA-Chile-2023.pdf\" target=\"_blank\" rel=\"noopener\">Descargar PDA 2023<\/a><\/h3>\n<h3><a href=\"http:\/\/infotrade.economia.gob.sv\/chile\/wp-content\/uploads\/sites\/6\/2024\/01\/PDA-Chile-2024.pdf\">Descargar PDA 2024<\/a><\/h3>\n","protected":false},"excerpt":{"rendered":"<p>Esta secci\u00f3n contiene el Programa de Desgravaci\u00f3n Arancelaria (PDA) del Tratado de Libre Comercio entre Chile-Centroam\u00e9rica, aplicado por El Salvador durante el a\u00f1o 2021. En caso tenga consultas sobre el PDA, puede ponerse en contacto con la oficina responsable: DIRECCI\u00d3N DE ADMINISTRACI\u00d3N DE TRATADOS COMERCIALES Direcci\u00f3n: Alameda Juan Pablo II y Calle Guadalupe Edificio C1-C2, [&hellip;]<\/p>\n","protected":false},"author":4,"featured_media":0,"parent":14,"menu_order":0,"comment_status":"closed","ping_status":"closed","template":"page-treaty","meta":{"footnotes":""},"class_list":["post-101","page","type-page","status-publish","hentry"],"_links":{"self":[{"href":"https:\/\/infotrade.economia.gob.sv\/chile\/wp-json\/wp\/v2\/pages\/101","targetHints":{"allow":["GET"]}}],"collection":[{"href":"https:\/\/infotrade.economia.gob.sv\/chile\/wp-json\/wp\/v2\/pages"}],"about":[{"href":"https:\/\/infotrade.economia.gob.sv\/chile\/wp-json\/wp\/v2\/types\/page"}],"author":[{"embeddable":true,"href":"https:\/\/infotrade.economia.gob.sv\/chile\/wp-json\/wp\/v2\/users\/4"}],"replies":[{"embeddable":true,"href":"https:\/\/infotrade.economia.gob.sv\/chile\/wp-json\/wp\/v2\/comments?post=101"}],"version-history":[{"count":13,"href":"https:\/\/infotrade.economia.gob.sv\/chile\/wp-json\/wp\/v2\/pages\/101\/revisions"}],"predecessor-version":[{"id":219,"href":"https:\/\/infotrade.economia.gob.sv\/chile\/wp-json\/wp\/v2\/pages\/101\/revisions\/219"}],"up":[{"embeddable":true,"href":"https:\/\/infotrade.economia.gob.sv\/chile\/wp-json\/wp\/v2\/pages\/14"}],"wp:attachment":[{"href":"https:\/\/infotrade.economia.gob.sv\/chile\/wp-json\/wp\/v2\/media?parent=101"}],"curies":[{"name":"wp","href":"https:\/\/api.w.org\/{rel}","templated":true}]}}