{"id":12,"date":"2015-03-23T09:26:36","date_gmt":"2015-03-23T15:26:36","guid":{"rendered":"http:\/\/www.minec.gob.sv\/comercioexterior\/chile\/?page_id=8"},"modified":"2019-05-31T11:41:16","modified_gmt":"2019-05-31T17:41:16","slug":"informacion-general","status":"publish","type":"page","link":"https:\/\/infotrade.economia.gob.sv\/chile\/informacion-general\/","title":{"rendered":"Informaci\u00f3n General"},"content":{"rendered":"<h1>Tratado de Libre Comercio Centroam\u00e9rica \u2013 Chile<\/h1>\n<p><a href=\"\/chile\/wp-content\/uploads\/sites\/6\/2015\/03\/ci-lgflag.gif\"><img loading=\"lazy\" decoding=\"async\" class=\"img-resposive pull-right right alignnone wp-image-33\" src=\"\/chile\/wp-content\/uploads\/sites\/6\/2015\/03\/ci-lgflag.gif\" alt=\"ci-lgflag\" width=\"201\" height=\"134\" \/><\/a>\u00a0Chile se ha convertido en plataforma de inversiones extranjeras para otros pa\u00edses de Am\u00e9rica Latina y muchas empresas han comenzado a instalar sus sedes corporativas en Santiago. Tambi\u00e9n tiene una importante presencia en inversiones en el sector servicios en Latinoam\u00e9rica.<\/p>\n<p>El Tratado fue suscrito el 18 de octubre de 1999, y su Protocolo bilateral el 30 de noviembre de 2000, entrando en vigencia el 1 de junio de 2002.<\/p>\n<p>Los productos salvadore\u00f1os incluidos en el TLC, quedaron libre de aranceles para ingresar a Chile en 2011 y los productos chilenos ingresan a El Salvador sin pago de aranceles desde 2017.<\/p>\n<p>Las exportaciones de El Salvador a Chile pasaron de US$ 0.3 millones en el a\u00f1o 2002 a US$6.3 millones en el a\u00f1o 2018 equivalente a un crecimiento de 2,131%. Por su parte, las importaciones chilenas pasaron de US$ 23.0 millones a US$ 89.4 millones en ese mismo periodo, equivalentes a un crecimiento de 289%.<\/p>\n<p>En 2018, Chile ocup\u00f3 el lugar n\u00famero 29 entre los destinos de exportaci\u00f3n de El Salvador, lo que represent\u00f3 el 0.1% del total exportado; por otro lado, las importaciones de Chile ocuparon el lugar n\u00famero 19 entre los proveedores de mercanc\u00edas de El Salvador que representa un 0.8% del total importado.<\/p>\n<p>Para ese mismo a\u00f1o, los productos salvadore\u00f1os m\u00e1s exportados a Chile fueron: muebles de pl\u00e1stico y de metal, textil y confecci\u00f3n, productos pl\u00e1sticos, az\u00facar refinada, alambre de acero o hierro sin alear, entre otros.<\/p>\n<p>Por su parte, las principales importaciones desde Chile fueron: madera blanqueada o semi blanqueada, manzanas, peras, melocotones, bebidas, pastas y pur\u00e9s de frutas, uvas, vino, papel y cart\u00f3n, medicamentos, entre otros.<\/p>\n<p>En relaci\u00f3n a la Inversi\u00f3n Extranjera Directa, en 2018, la inversi\u00f3n de Chile ascendi\u00f3 a US$ 0.26 millones, concentra en el sector de tecnolog\u00edas de la informaci\u00f3n y comunicaci\u00f3n.<\/p>\n","protected":false},"excerpt":{"rendered":"<p>Tratado de Libre Comercio Centroam\u00e9rica \u2013 Chile \u00a0Chile se ha convertido en plataforma de inversiones extranjeras para otros pa\u00edses de Am\u00e9rica Latina y muchas empresas han comenzado a instalar sus sedes corporativas en Santiago. Tambi\u00e9n tiene una importante presencia en inversiones en el sector servicios en Latinoam\u00e9rica. El Tratado fue suscrito el 18 de octubre [&hellip;]<\/p>\n","protected":false},"author":4,"featured_media":0,"parent":0,"menu_order":0,"comment_status":"closed","ping_status":"open","template":"page-treaty","meta":{"footnotes":""},"class_list":["post-12","page","type-page","status-publish","hentry"],"_links":{"self":[{"href":"https:\/\/infotrade.economia.gob.sv\/chile\/wp-json\/wp\/v2\/pages\/12","targetHints":{"allow":["GET"]}}],"collection":[{"href":"https:\/\/infotrade.economia.gob.sv\/chile\/wp-json\/wp\/v2\/pages"}],"about":[{"href":"https:\/\/infotrade.economia.gob.sv\/chile\/wp-json\/wp\/v2\/types\/page"}],"author":[{"embeddable":true,"href":"https:\/\/infotrade.economia.gob.sv\/chile\/wp-json\/wp\/v2\/users\/4"}],"replies":[{"embeddable":true,"href":"https:\/\/infotrade.economia.gob.sv\/chile\/wp-json\/wp\/v2\/comments?post=12"}],"version-history":[{"count":18,"href":"https:\/\/infotrade.economia.gob.sv\/chile\/wp-json\/wp\/v2\/pages\/12\/revisions"}],"predecessor-version":[{"id":142,"href":"https:\/\/infotrade.economia.gob.sv\/chile\/wp-json\/wp\/v2\/pages\/12\/revisions\/142"}],"wp:attachment":[{"href":"https:\/\/infotrade.economia.gob.sv\/chile\/wp-json\/wp\/v2\/media?parent=12"}],"curies":[{"name":"wp","href":"https:\/\/api.w.org\/{rel}","templated":true}]}}