{"id":16,"date":"2015-03-23T09:27:09","date_gmt":"2015-03-23T15:27:09","guid":{"rendered":"http:\/\/www.minec.gob.sv\/comercioexterior\/chile\/?page_id=14"},"modified":"2017-12-04T08:22:41","modified_gmt":"2017-12-04T14:22:41","slug":"marco-normativo","status":"publish","type":"page","link":"https:\/\/infotrade.economia.gob.sv\/chile\/","title":{"rendered":"Marco Normativo"},"content":{"rendered":"<ul>\n<li><strong><a href=\"\/chile\/wp-content\/uploads\/sites\/6\/2016\/09\/marco_normativo_preambulo.pdf\" target=\"_blank\" rel=\"noopener\"><span style=\"color: #0000ff;\">Pre\u00e1mbulo.<\/span><\/a><\/strong><\/li>\n<li><strong><a href=\"\/chile\/wp-content\/uploads\/sites\/6\/2016\/09\/marco_normativo_cap01.pdf\" target=\"_blank\" rel=\"noopener\"><span style=\"color: #0000ff;\">Cap\u00edtulo 1: <\/span><\/a><\/strong><a href=\"\/chile\/wp-content\/uploads\/sites\/6\/2016\/09\/marco_normativo_cap01.pdf\" target=\"_blank\" rel=\"noopener\"><span style=\"color: #0000ff;\">Disposiciones Generales.<\/span><\/a><\/li>\n<li><strong><a href=\"\/chile\/wp-content\/uploads\/sites\/6\/2016\/09\/marco_normativo_cap02.pdf\" target=\"_blank\" rel=\"noopener\"><span style=\"color: #0000ff;\">Cap\u00edtulo 2: <\/span><\/a><\/strong><a href=\"\/chile\/wp-content\/uploads\/sites\/6\/2016\/09\/marco_normativo_cap02.pdf\" target=\"_blank\" rel=\"noopener\"><span style=\"color: #0000ff;\">Definiciones Generales.<\/span><\/a><\/li>\n<li><strong><a href=\"\/chile\/wp-content\/uploads\/sites\/6\/2016\/09\/marco_normativo_cap03.pdf\" target=\"_blank\" rel=\"noopener\"><span style=\"color: #0000ff;\">Cap\u00edtulo 3: <\/span><\/a><\/strong><a href=\"\/chile\/wp-content\/uploads\/sites\/6\/2016\/09\/marco_normativo_cap03.pdf\" target=\"_blank\" rel=\"noopener\"><span style=\"color: #0000ff;\">Trato Nacional y Acceso de Mercanc\u00edas al Mercado.<\/span><\/a><\/li>\n<li><strong><a href=\"\/chile\/wp-content\/uploads\/sites\/6\/2016\/09\/marco_normativo_cap04.pdf\" target=\"_blank\" rel=\"noopener\"><span style=\"color: #0000ff;\">Cap\u00edtulo 4: <\/span><\/a><\/strong><a href=\"\/chile\/wp-content\/uploads\/sites\/6\/2016\/09\/marco_normativo_cap04.pdf\" target=\"_blank\" rel=\"noopener\"><span style=\"color: #0000ff;\">Reglas de Origen.<\/span><\/a><\/li>\n<li><strong><a href=\"\/chile\/wp-content\/uploads\/sites\/6\/2016\/09\/marco_normativo_cap05.pdf\" target=\"_blank\" rel=\"noopener\"><span style=\"color: #0000ff;\">Cap\u00edtulo 5: <\/span><\/a><\/strong><a href=\"\/chile\/wp-content\/uploads\/sites\/6\/2016\/09\/marco_normativo_cap05.pdf\" target=\"_blank\" rel=\"noopener\"><span style=\"color: #0000ff;\">Procedimientos Aduaneros.<\/span><\/a><\/li>\n<li><strong><a href=\"\/chile\/wp-content\/uploads\/sites\/6\/2016\/09\/marco_normativo_cap06.pdf\" target=\"_blank\" rel=\"noopener\"><span style=\"color: #0000ff;\">Cap\u00edtulo 6: <\/span><\/a><\/strong><a href=\"\/chile\/wp-content\/uploads\/sites\/6\/2016\/09\/marco_normativo_cap06.pdf\" target=\"_blank\" rel=\"noopener\"><span style=\"color: #0000ff;\">Medidas de Salvaguardia.<\/span><\/a><\/li>\n<li><strong><a href=\"\/chile\/wp-content\/uploads\/sites\/6\/2016\/09\/marco_normativo_cap07.pdf\" target=\"_blank\" rel=\"noopener\"><span style=\"color: #0000ff;\">Cap\u00edtulo 7: <\/span><\/a><\/strong><a href=\"\/chile\/wp-content\/uploads\/sites\/6\/2016\/09\/marco_normativo_cap07.pdf\" target=\"_blank\" rel=\"noopener\"><span style=\"color: #0000ff;\">Pr\u00e1cticas Desleales de Comercio.<\/span><\/a><\/li>\n<li><strong><a href=\"\/chile\/wp-content\/uploads\/sites\/6\/2016\/09\/marco_normativo_cap08.pdf\" target=\"_blank\" rel=\"noopener\"><span style=\"color: #0000ff;\">Cap\u00edtulo 8: <\/span><\/a><\/strong><a href=\"\/chile\/wp-content\/uploads\/sites\/6\/2016\/09\/marco_normativo_cap08.pdf\" target=\"_blank\" rel=\"noopener\"><span style=\"color: #0000ff;\">Medidas Sanitarias y Fitosanitarias<\/span><\/a><\/li>\n<li><strong><a href=\"\/chile\/wp-content\/uploads\/sites\/6\/2016\/09\/marco_normativo_cap09.pdf\" target=\"_blank\" rel=\"noopener\"><span style=\"color: #0000ff;\">Cap\u00edtulo 9: <\/span><\/a><\/strong><a href=\"\/chile\/wp-content\/uploads\/sites\/6\/2016\/09\/marco_normativo_cap09.pdf\" target=\"_blank\" rel=\"noopener\"><span style=\"color: #0000ff;\">Medidas de Normalizaci\u00f3n Metrolog\u00eda y Procedimientos de Autorizaci\u00f3n.<\/span><\/a><\/li>\n<li><strong><a href=\"\/chile\/wp-content\/uploads\/sites\/6\/2016\/09\/marco_normativo_cap10.pdf\" target=\"_blank\" rel=\"noopener\"><span style=\"color: #0000ff;\">Cap\u00edtulo 10: <\/span><\/a><\/strong><a href=\"\/chile\/wp-content\/uploads\/sites\/6\/2016\/09\/marco_normativo_cap10.pdf\" target=\"_blank\" rel=\"noopener\"><span style=\"color: #0000ff;\">Inversi\u00f3n.<\/span><\/a><\/li>\n<li><strong><a href=\"\/chile\/wp-content\/uploads\/sites\/6\/2016\/09\/marco_normativo_cap11.pdf\" target=\"_blank\" rel=\"noopener\"><span style=\"color: #0000ff;\">Cap\u00edtulo 11: <\/span><\/a><\/strong><a href=\"\/chile\/wp-content\/uploads\/sites\/6\/2016\/09\/marco_normativo_cap11.pdf\" target=\"_blank\" rel=\"noopener\"><span style=\"color: #0000ff;\">Comercio Transfronterizo de Fronterizos.<\/span><\/a><\/li>\n<li><strong><a href=\"\/chile\/wp-content\/uploads\/sites\/6\/2016\/09\/marco_normativo_cap12.pdf\" target=\"_blank\" rel=\"noopener\"><span style=\"color: #0000ff;\">Cap\u00edtulo 12: <\/span><\/a><\/strong><a href=\"\/chile\/wp-content\/uploads\/sites\/6\/2016\/09\/marco_normativo_cap12.pdf\" target=\"_blank\" rel=\"noopener\"><span style=\"color: #0000ff;\">Transporte A\u00e9reo.<\/span><\/a><\/li>\n<li><strong><a href=\"\/chile\/wp-content\/uploads\/sites\/6\/2016\/09\/marco_normativo_cap13.pdf\" target=\"_blank\" rel=\"noopener\"><span style=\"color: #0000ff;\">Cap\u00edtulo 13: <\/span><\/a><\/strong><a href=\"\/chile\/wp-content\/uploads\/sites\/6\/2016\/09\/marco_normativo_cap13.pdf\" target=\"_blank\" rel=\"noopener\"><span style=\"color: #0000ff;\">Telecomunicaciones.<\/span><\/a><\/li>\n<li><strong><a href=\"\/chile\/wp-content\/uploads\/sites\/6\/2016\/09\/marco_normativo_cap14.pdf\" target=\"_blank\" rel=\"noopener\"><span style=\"color: #0000ff;\">Cap\u00edtulo 14: <\/span><\/a><\/strong><a href=\"\/chile\/wp-content\/uploads\/sites\/6\/2016\/09\/marco_normativo_cap14.pdf\" target=\"_blank\" rel=\"noopener\"><span style=\"color: #0000ff;\">Entrada Temporal de Personas de Negocios.<\/span><\/a><\/li>\n<li><strong><a href=\"\/chile\/wp-content\/uploads\/sites\/6\/2016\/09\/marco_normativo_cap15.pdf\" target=\"_blank\" rel=\"noopener\"><span style=\"color: #0000ff;\">Cap\u00edtulo 15: <\/span><\/a><\/strong><a href=\"\/chile\/wp-content\/uploads\/sites\/6\/2016\/09\/marco_normativo_cap15.pdf\" target=\"_blank\" rel=\"noopener\"><span style=\"color: #0000ff;\">Pol\u00edtica de competencia.<\/span><\/a><\/li>\n<li><strong><a href=\"\/chile\/wp-content\/uploads\/sites\/6\/2016\/09\/marco_normativo_cap16.pdf\" target=\"_blank\" rel=\"noopener\"><span style=\"color: #0000ff;\">Cap\u00edtulo 16: <\/span><\/a><\/strong><a href=\"\/chile\/wp-content\/uploads\/sites\/6\/2016\/09\/marco_normativo_cap16.pdf\" target=\"_blank\" rel=\"noopener\"><span style=\"color: #0000ff;\">Contrataci\u00f3n P\u00fablica.<\/span><\/a><\/li>\n<li><strong><a href=\"\/chile\/wp-content\/uploads\/sites\/6\/2016\/09\/marco_normativo_cap17.pdf\" target=\"_blank\" rel=\"noopener\"><span style=\"color: #0000ff;\">Cap\u00edtulo 17: <\/span><\/a><\/strong><a href=\"\/chile\/wp-content\/uploads\/sites\/6\/2016\/09\/marco_normativo_cap17.pdf\" target=\"_blank\" rel=\"noopener\"><span style=\"color: #0000ff;\">Transparencia.<\/span><\/a><\/li>\n<li><strong><a href=\"\/chile\/wp-content\/uploads\/sites\/6\/2016\/09\/marco_normativo_cap18.pdf\" target=\"_blank\" rel=\"noopener\"><span style=\"color: #0000ff;\">Cap\u00edtulo 18: <\/span><\/a><\/strong><a href=\"\/chile\/wp-content\/uploads\/sites\/6\/2016\/09\/marco_normativo_cap18.pdf\" target=\"_blank\" rel=\"noopener\"><span style=\"color: #0000ff;\">Administraci\u00f3n del Tratado.<\/span><\/a><\/li>\n<li><strong><a href=\"\/chile\/wp-content\/uploads\/sites\/6\/2016\/09\/marco_normativo_cap19.pdf\" target=\"_blank\" rel=\"noopener\"><span style=\"color: #0000ff;\">Cap\u00edtulo 19:<\/span><\/a><\/strong><a href=\"\/chile\/wp-content\/uploads\/sites\/6\/2016\/09\/marco_normativo_cap19.pdf\" target=\"_blank\" rel=\"noopener\"><span style=\"color: #0000ff;\"> Soluci\u00f3n de Controversias.<\/span><\/a><\/li>\n<li><strong><a href=\"\/chile\/wp-content\/uploads\/sites\/6\/2016\/09\/marco_normativo_cap20.pdf\" target=\"_blank\" rel=\"noopener\"><span style=\"color: #0000ff;\">Cap\u00edtulo 20: <\/span><\/a><\/strong><a href=\"\/chile\/wp-content\/uploads\/sites\/6\/2016\/09\/marco_normativo_cap20.pdf\" target=\"_blank\" rel=\"noopener\"><span style=\"color: #0000ff;\">Excepciones.<\/span><\/a><\/li>\n<li><strong><a href=\"\/chile\/wp-content\/uploads\/sites\/6\/2016\/09\/marco_normativo_cap21.pdf\" target=\"_blank\" rel=\"noopener\"><span style=\"color: #0000ff;\">Cap\u00edtulo 21: <\/span><\/a><\/strong><a href=\"\/chile\/wp-content\/uploads\/sites\/6\/2016\/09\/marco_normativo_cap21.pdf\" target=\"_blank\" rel=\"noopener\"><span style=\"color: #0000ff;\">Disposiciones Finales.<\/span><\/a>\n<ul>\n<li><strong><a href=\"\/chile\/wp-content\/uploads\/sites\/6\/2016\/09\/programa_desgravacion_anexo_es.pdf\" target=\"_blank\" rel=\"noopener\"><span style=\"color: #0000ff;\">Anexo <\/span><\/a><\/strong><a href=\"\/chile\/wp-content\/uploads\/sites\/6\/2016\/09\/programa_desgravacion_anexo_es.pdf\" target=\"_blank\" rel=\"noopener\"><span style=\"color: #0000ff;\">Programa de Desgravaci\u00f3n Negociado de El Salvador.<\/span><\/a><\/li>\n<li><strong><a href=\"\/chile\/wp-content\/uploads\/sites\/6\/2016\/09\/programa_desgravacion_anexo_chile.pdf\" target=\"_blank\" rel=\"noopener\"><span style=\"color: #0000ff;\">Anexo <\/span><\/a><\/strong><a href=\"\/chile\/wp-content\/uploads\/sites\/6\/2016\/09\/programa_desgravacion_anexo_chile.pdf\" target=\"_blank\" rel=\"noopener\"><span style=\"color: #0000ff;\">P<\/span><\/a><a href=\"\/chile\/wp-content\/uploads\/sites\/6\/2016\/09\/programa_desgravacion_anexo_chile.pdf\" target=\"_blank\" rel=\"noopener\"><span style=\"color: #0000ff;\">rograma de Desgravaci\u00f3n Negociado de Chile.<\/span><\/a><\/li>\n<li><strong><a href=\"\/chile\/wp-content\/uploads\/sites\/6\/2016\/09\/anexo-i-al-cap-11-reservas-entre-chile-y-es-en-relacion-con-medidas-existentes.pdf\" target=\"_blank\" rel=\"noopener\"><span style=\"color: #0000ff;\">Anexo <\/span><\/a><\/strong><a href=\"\/chile\/wp-content\/uploads\/sites\/6\/2016\/09\/anexo-i-al-cap-11-reservas-entre-chile-y-es-en-relacion-con-medidas-existentes.pdf\" target=\"_blank\" rel=\"noopener\"><span style=\"color: #0000ff;\">Cap\u00edtulos X y XI de Chile y El Salvador.<\/span><\/a><\/li>\n<\/ul>\n<\/li>\n<li><strong><a href=\"\/chile\/wp-content\/uploads\/sites\/6\/2016\/09\/reglamento_uniforme_chile-ca.pdf\" target=\"_blank\" rel=\"noopener\"><span style=\"color: #0000ff;\">Reglamento Uniforme para la Interpretaci\u00f3n, Aplicaci\u00f3n y Administraci\u00f3n de los Cap\u00edtulos 3 y 4.<\/span> <\/a><\/strong><\/li>\n<li><a href=\"\/chile\/wp-content\/uploads\/sites\/6\/2016\/09\/protocolo_chile_elsalvador.pdf\" target=\"_blank\" rel=\"noopener\"><strong><span style=\"color: #0000ff;\">Protocolo Bilateral Centroam\u00e9rica y Chile.<\/span><\/strong><\/a><\/li>\n<\/ul>\n","protected":false},"excerpt":{"rendered":"<p>Pre\u00e1mbulo. Cap\u00edtulo 1: Disposiciones Generales. Cap\u00edtulo 2: Definiciones Generales. Cap\u00edtulo 3: Trato Nacional y Acceso de Mercanc\u00edas al Mercado. Cap\u00edtulo 4: Reglas de Origen. Cap\u00edtulo 5: Procedimientos Aduaneros. Cap\u00edtulo 6: Medidas de Salvaguardia. Cap\u00edtulo 7: Pr\u00e1cticas Desleales de Comercio. Cap\u00edtulo 8: Medidas Sanitarias y Fitosanitarias Cap\u00edtulo 9: Medidas de Normalizaci\u00f3n Metrolog\u00eda y Procedimientos de Autorizaci\u00f3n. [&hellip;]<\/p>\n","protected":false},"author":4,"featured_media":0,"parent":0,"menu_order":0,"comment_status":"closed","ping_status":"open","template":"page-treaty","meta":{"footnotes":""},"class_list":["post-16","page","type-page","status-publish","hentry"],"_links":{"self":[{"href":"https:\/\/infotrade.economia.gob.sv\/chile\/wp-json\/wp\/v2\/pages\/16","targetHints":{"allow":["GET"]}}],"collection":[{"href":"https:\/\/infotrade.economia.gob.sv\/chile\/wp-json\/wp\/v2\/pages"}],"about":[{"href":"https:\/\/infotrade.economia.gob.sv\/chile\/wp-json\/wp\/v2\/types\/page"}],"author":[{"embeddable":true,"href":"https:\/\/infotrade.economia.gob.sv\/chile\/wp-json\/wp\/v2\/users\/4"}],"replies":[{"embeddable":true,"href":"https:\/\/infotrade.economia.gob.sv\/chile\/wp-json\/wp\/v2\/comments?post=16"}],"version-history":[{"count":8,"href":"https:\/\/infotrade.economia.gob.sv\/chile\/wp-json\/wp\/v2\/pages\/16\/revisions"}],"predecessor-version":[{"id":124,"href":"https:\/\/infotrade.economia.gob.sv\/chile\/wp-json\/wp\/v2\/pages\/16\/revisions\/124"}],"wp:attachment":[{"href":"https:\/\/infotrade.economia.gob.sv\/chile\/wp-json\/wp\/v2\/media?parent=16"}],"curies":[{"name":"wp","href":"https:\/\/api.w.org\/{rel}","templated":true}]}}