{"id":98,"date":"2017-01-19T15:00:55","date_gmt":"2017-01-19T21:00:55","guid":{"rendered":"http:\/\/comext.minec.gob.sv\/chile\/?page_id=98"},"modified":"2024-04-15T11:36:49","modified_gmt":"2024-04-15T17:36:49","slug":"decisiones","status":"publish","type":"page","link":"https:\/\/infotrade.economia.gob.sv\/chile\/administracion-del-acuerdo\/decisiones\/","title":{"rendered":"Decisiones"},"content":{"rendered":"<div class=\"table-responsive\">\n<table class=\"table table-bordered table-striped table-hover\">\n<tbody>\n<tr>\n<td><a href=\"http:\/\/infotrade.economia.gob.sv\/chile\/wp-content\/uploads\/sites\/6\/2023\/08\/Reglamentaciones-Uniformes-para-la-Interpretacion-Aplicacion-y-Administracion-de-los-Capitulos-3-4-y-5.pdf\">Reglamentaciones Uniformes para la Interpretaci\u00f3n, Aplicaci\u00f3n y Administraci\u00f3n de los Cap\u00edtulos 3 (Trato Nacional y Acceso de Mercanc\u00edas al Mercado), 4 (Reglas de Origen) y 5 (Procedimientos Aduaneros) del TLC entre Centroam\u00e9rica y Chile<\/a><\/td>\n<\/tr>\n<tr>\n<td width=\"561\"><a href=\"\/chile\/wp-content\/uploads\/sites\/6\/2018\/02\/01-Constituci\u00f3n-de-la-Comisi\u00f3n-de-Libre-Comercio.pdf\" target=\"_blank\" rel=\"noopener\">Decisi\u00f3n No 1. Constituci\u00f3n de la Comisi\u00f3n de Libre Comercio y el Secretariado del Tratado de Libre Comercio entre Centroam\u00e9rica y Chile<\/a><\/td>\n<\/tr>\n<tr>\n<td><a href=\"\/chile\/wp-content\/uploads\/sites\/6\/2018\/02\/02-Incorporaci\u00f3n-El-Salvador-Comisi\u00f3n-Libre-Comercio.pdf\" target=\"_blank\" rel=\"noopener\">Decisi\u00f3n No 2. Incorporaci\u00f3n de El Salvador a la Comisi\u00f3n de Libre Comercio, Subcomisi\u00f3n de Libre Comercio y el Secretariado del Tratado de Libre Comercio Centroam\u00e9rica-Chile<\/a><\/td>\n<\/tr>\n<tr>\n<td><a href=\"http:\/\/infotrade.economia.gob.sv\/chile\/wp-content\/uploads\/sites\/6\/2023\/08\/Decision-No-2-del-29-de-abril-de-2004.pdf\">Decisi\u00f3n No 2. Chile otorga a Costa Rica un cupo de mil quinientas toneladas m\u00e9tricas de az\u00facar (subpartidas arancelarias 1701.91 y 1701.99) con arancel de cero en el 2004\u00a0<\/a><\/td>\n<\/tr>\n<tr>\n<td><a href=\"http:\/\/infotrade.economia.gob.sv\/wp-content\/uploads\/04-Cuota-de-Azucar-El-Salvador.pdf\" target=\"_blank\" rel=\"noopener\">Decisi\u00f3n No 4. Chile otorga a El Salvador un cupo de mil quinientas toneladas m\u00e9tricas de az\u00facar (subpartidas arancelarias 1701.91 y 1701.99) con arancel cero en el 2004<\/a><\/td>\n<\/tr>\n<tr>\n<td><a href=\"http:\/\/infotrade.economia.gob.sv\/chile\/wp-content\/uploads\/sites\/6\/2023\/08\/Decision-No-5-Anexo-3.04-2-Programa-de-Desgravacion-Arancelaria-del-Tratado.pdf\">Decisi\u00f3n No 5. Chile otorga a Costa Rica un cupo de mil quinientas toneladas m\u00e9tricas de az\u00facar (subpartidas arancelarias 1701.91 y 1701.99) con arancel de cero en el 2005<\/a><\/td>\n<\/tr>\n<tr>\n<td><a href=\"http:\/\/infotrade.economia.gob.sv\/wp-content\/uploads\/06-Cuota-de-Azucar-El-Salvador.pdf\" target=\"_blank\" rel=\"noopener\">Decisi\u00f3n No 6. Chile otorga a El Salvador un cupo de mil quinientas toneladas m\u00e9tricas de az\u00facar (subpartidas arancelarias 1701.91 y 1701.99) con arancel cero en el 2005<\/a><\/td>\n<\/tr>\n<tr>\n<td><a href=\"\/chile\/wp-content\/uploads\/sites\/6\/2018\/02\/07-Aprobaci\u00f3n-reglas-procediminento-Comisi\u00f3n.pdf\" target=\"_blank\" rel=\"noopener\">Decisi\u00f3n No 7. Reglas y Procedimientos de la Comisi\u00f3n de Libre Comercio del TLC<\/a><\/td>\n<\/tr>\n<tr>\n<td><a href=\"http:\/\/infotrade.economia.gob.sv\/wp-content\/uploads\/08-Lista-de-arbitros.pdf\" target=\"_blank\" rel=\"noopener\">Decisi\u00f3n No 8. Lista de \u00e1rbitros establecida en el art\u00edculo 19-09 (Lista de \u00c1rbitros) y 19-10 (Cualidades de los \u00c1rbitros)<\/a><\/td>\n<\/tr>\n<tr>\n<td width=\"561\"><a href=\"\/chile\/wp-content\/uploads\/sites\/6\/2018\/02\/09-Aprobaci\u00f3n-Reglas-modelo-de-procedimiento.pdf\" target=\"_blank\" rel=\"noopener\">Decisi\u00f3n No 9. Reglas Modelo de Procedimiento establecidas en el art\u00edculo 19.12 (Reglas Modelo de Procedimiento) y 19.10 (C\u00f3digo de Conducta)<\/a><\/td>\n<\/tr>\n<tr>\n<td width=\"561\"><a href=\"http:\/\/infotrade.economia.gob.sv\/wp-content\/uploads\/10-Comite-Consultivo-de-controversias-privadas.pdf\" target=\"_blank\" rel=\"noopener\">Decisi\u00f3n No 10. Se establece el Comit\u00e9 Consultivo de Controversias Comerciales Privadas establecido en el Art\u00edculo 19.21 del Cap\u00edtulo 19 del TLC<\/a><\/td>\n<\/tr>\n<tr>\n<td><a href=\"http:\/\/infotrade.economia.gob.sv\/chile\/wp-content\/uploads\/sites\/6\/2023\/08\/Decision-No-11-\u2013-Modificacion-Aexo-del-Articulo-4.03-Costa-Rica-y-Chile-III-Enmienda.pdf\">Decisi\u00f3n No 11. Modificaci\u00f3n al Anexo del art\u00edculo 4.03 Secci\u00f3n C- Reglas de origen espec\u00edficas entre Chile y Costa Rica, y el Protocolo Bilateral celebrado entre las Rep\u00fablicas de Costa Rica y Chile, con las adecuaciones derivadas de la III Enmienda al Sistema Armonizado (SA) (Costa Rica &#8211; Chile)<\/a><\/td>\n<\/tr>\n<tr>\n<td><a href=\"http:\/\/infotrade.economia.gob.sv\/chile\/wp-content\/uploads\/sites\/6\/2023\/08\/Decision-No-12-\u2013-Modificacion-a-los-Programas-de-Preferencias-Arancelarias.pdf\">Decisi\u00f3n No 12. Modificaci\u00f3n a los Programas de Preferencias Arancelarias (Costa Rica \u2013 Chile)\u00a0<\/a><\/td>\n<\/tr>\n<tr>\n<td width=\"561\"><a href=\"http:\/\/infotrade.economia.gob.sv\/wp-content\/uploads\/13-Modificaciones-Anexo-Reglas-de-origen.pdf\" target=\"_blank\" rel=\"noopener\">Decisi\u00f3n No 13. Modificaci\u00f3n al Anexo del art\u00edculo 4.03 Secci\u00f3n C- Reglas de origen espec\u00edficas entre Chile y El Salvador, y el Protocolo Bilateral celebrado entre las Rep\u00fablicas de El Salvador y Chile, con las adecuaciones derivadas de la III Enmienda al Sistema Armonizado (SA)<\/a><\/td>\n<\/tr>\n<tr>\n<td width=\"561\"><a href=\"http:\/\/infotrade.economia.gob.sv\/wp-content\/uploads\/14-Listas-de-arbitros.pdf\" target=\"_blank\" rel=\"noopener\">Decisi\u00f3n No 14. Lista de \u00e1rbitros establecida en el Art\u00edculo 19-09 (lista de \u00e1rbitros) y 19-10 (cualidades de los \u00e1rbitros), del Cap\u00edtulo 19 del TLC entre Centroam\u00e9rica y Chile<\/a><\/td>\n<\/tr>\n<tr>\n<td width=\"561\"><a href=\"http:\/\/infotrade.economia.gob.sv\/wp-content\/uploads\/15-Modificaciones-Anexo-Reglas-de-origen.pdf\" target=\"_blank\" rel=\"noopener\">Decisi\u00f3n No 15. Modificaci\u00f3n al Anexo del art\u00edculo 4.03 Secci\u00f3n B- Reglas de origen espec\u00edficas entre Chile, Costa Rica y El Salvador, con las adecuaciones derivadas de la III Enmienda al Sistema Armonizado (SA)<\/a><\/td>\n<\/tr>\n<tr>\n<td><a href=\"http:\/\/infotrade.economia.gob.sv\/chile\/wp-content\/uploads\/sites\/6\/2023\/08\/Decision-No-16-\u2013-Modificacion-a-los-Programas-de-Preferencias-Arancelarias.pdf\">Decisi\u00f3n No 16. Modificaci\u00f3n a los Programas de Preferencias Arancelarias (Costa Rica \u2013 Chile)<\/a><\/td>\n<\/tr>\n<tr>\n<td width=\"561\"><a href=\"http:\/\/infotrade.economia.gob.sv\/wp-content\/uploads\/17-Listas-de-arbitros.pdf\" target=\"_blank\" rel=\"noopener\">Decisi\u00f3n No 17. Lista de \u00e1rbitros establecida en el art\u00edculo 19-09 (lista de \u00e1rbitros) y 19-10 (cualidades de los \u00e1rbitros), del Cap\u00edtulo 19 del TLC<\/a><\/td>\n<\/tr>\n<tr>\n<td><a href=\"http:\/\/infotrade.economia.gob.sv\/chile\/wp-content\/uploads\/sites\/6\/2023\/08\/Decision-No-18-\u2013-Incorporacion-de-Guatemala-y-Honduras-a-la-Comision-de-Libre-Comercio-la-Subcomision-de-Libre-Comercio-y-el-Secretariado-de-Libre-Comercio.pdf\">Decisi\u00f3n No 18. Incorporaci\u00f3n de Guatemala y Honduras a la Comisi\u00f3n de Libre Comercio, la Subcomisi\u00f3n de Libre Comercio y el Secretariado del TLC entre Centroam\u00e9rica y Chile<\/a><\/td>\n<\/tr>\n<tr>\n<td><a href=\"http:\/\/infotrade.economia.gob.sv\/chile\/wp-content\/uploads\/sites\/6\/2023\/08\/Decision-No-19-Adopcion-por-parte-de-Guatemala-y-Honduras-de-las-Reglas-y-Procedimientos-de-la-Comision-de-Libre-Comercio-las-Reglas-Modelo-de-Procedimiento-y-el-Codigo-de-Conducta.pdf\">Decisi\u00f3n No 19. Adopci\u00f3n por parte de Guatemala y Honduras de las Reglas y Procedimientos de la Comisi\u00f3n de Libre Comercio, de las Reglas Modelo de Procedimiento y del C\u00f3digo de Conducta del TLC entre Centroam\u00e9rica y Chile<\/a><\/td>\n<\/tr>\n<tr>\n<td width=\"561\"><a href=\"\/chile\/wp-content\/uploads\/sites\/6\/2018\/02\/20-Creaci\u00f3n-Comit\u00e9-Reglas-de-Origen.pdf\" target=\"_blank\" rel=\"noopener\">Decisi\u00f3n No 20. Creaci\u00f3n del Comit\u00e9 de Reglas de Origen del TLC<\/a><\/td>\n<\/tr>\n<tr>\n<td width=\"561\"><a href=\"http:\/\/infotrade.economia.gob.sv\/wp-content\/uploads\/21-Adecuaciones-Reglas-de-Origen.pdf\" target=\"_blank\" rel=\"noopener\">Decisi\u00f3n No 21. Adecuaciones al Anexo 4.03, Secci\u00f3n B (Reglas de origen espec\u00edficas aplicables entre Chile y Costa Rica, El Salvador, Guatemala y Honduras), derivadas de la IV Enmienda al Sistema Armonizado (SA)<\/a><\/td>\n<\/tr>\n<tr>\n<td><a href=\"http:\/\/infotrade.economia.gob.sv\/chile\/wp-content\/uploads\/sites\/6\/2023\/08\/Decision-No-22-\u2013-Adecuaciones-al-Anexo-4.03-Seccion-C-entre-Chile-Costa-Rica-El-Salvador-Guatemala-y-Honduras-a-la-Cuarta-Enmienda-del-Sistema-Armonizado.pdf\">Decisi\u00f3n No 22. Adecuaciones al Anexo 4.03, Secci\u00f3n C (Reglas de origen espec\u00edficas entre Chile y Costa Rica), y el Protocolo Bilateral celebrado entre Chile y Costa Rica, derivadas de la IV Enmienda al Sistema Armonizado (SA)\u00a0<\/a><\/td>\n<\/tr>\n<tr>\n<td width=\"561\"><a href=\"http:\/\/infotrade.economia.gob.sv\/chile\/wp-content\/uploads\/sites\/6\/2023\/08\/Decision-No-23-Adecuaciones-al-Anexo-4.03-Seccion-C-y-Protocolo-Bilateral-Chile-y-El-Salvador.pdf\" target=\"_blank\" rel=\"noopener\">Decisi\u00f3n No 23. Adecuaciones al Anexo 4.03, Secci\u00f3n C (Reglas de origen espec\u00edficas entre Chile y El Salvador), y el Protocolo Bilateral celebrado entre Chile y El Salvador, derivadas de la IV Enmienda al Sistema Armonizado (SA)<\/a><\/td>\n<\/tr>\n<tr>\n<td width=\"561\"><a href=\"http:\/\/infotrade.economia.gob.sv\/wp-content\/uploads\/24-Lista-de-Arbitros.pdf\" target=\"_blank\" rel=\"noopener\">Decisi\u00f3n No 24. Lista de \u00e1rbitros establecida en el art\u00edculo 19-09 (lista de \u00e1rbitros) y 19-10 (cualidades de los \u00e1rbitros), del Cap\u00edtulo 19 del TLC<\/a><\/td>\n<\/tr>\n<tr>\n<td><a href=\"http:\/\/infotrade.economia.gob.sv\/chile\/wp-content\/uploads\/sites\/6\/2023\/08\/Decision-No-25-Adecuaciones-al-Anexo-4.03-Seccion-B-Reglas-de-Origen-Especifica-entre-Chile-y-Honduras.pdf\">Decisi\u00f3n No 25. Adecuaci\u00f3n al Anexo 4.03, Secci\u00f3n C (Reglas de origen espec\u00edficas entre Chile y Honduras), y el Protocolo Bilateral celebrado entre Chile y Honduras, derivadas de la III y IV Enmienda al Sistema Armonizado (SA)<\/a><\/td>\n<\/tr>\n<tr>\n<td><a href=\"http:\/\/infotrade.economia.gob.sv\/chile\/wp-content\/uploads\/sites\/6\/2023\/08\/Decision-No-26-\u2013-Adopcion-del-Procedimiento-General-para-el-Envio-y-Recepcion-de-Certificados-de-Origen-forma-electronica-y-firmados-digitalmente.pdf\">Decisi\u00f3n No 26. Procedimiento General para el Env\u00edo y Recepci\u00f3n de Certificados de Origen Emitidos en Forma Electr\u00f3nica y Firmados Digitalmente (Costa Rica \u2013 Chile)<\/a><\/td>\n<\/tr>\n<tr>\n<td><a href=\"http:\/\/infotrade.economia.gob.sv\/chile\/wp-content\/uploads\/sites\/6\/2023\/08\/Decision-No-27-Adecuaciones-al-Anexo-4.03-Seccion-B-Reglas-de-Origen-Especifica-entre-Chile-y-Costa-Rica-a-la-Quinta-Enmienda-del-Sistema-Armonizado.pdf\">Decisi\u00f3n No 27. Adecuaciones al Anexo 4.03, Secci\u00f3n C (Reglas de origen espec\u00edficas entre Chile y Costa Rica), y el Protocolo Bilateral celebrado entre Chile y Costa Rica, derivadas de la V Enmienda al Sistema Armonizado (SA)<\/a><\/td>\n<\/tr>\n<tr>\n<td><a href=\"http:\/\/infotrade.economia.gob.sv\/chile\/wp-content\/uploads\/sites\/6\/2023\/08\/Decision-No-28-Adecuaciones-al-Anexo-4.03-Seccion-B-Reglas-de-Origen-Especifica-entre-Chile-y-El-Salvador-a-la-Quinta-Enmienda-del-Sistema-Armonizado.pdf\">Decisi\u00f3n No 28. Adecuaciones al Anexo 4.03, Secci\u00f3n C (Reglas de origen espec\u00edficas entre Chile y El Salvador), y el Protocolo Bilateral celebrado entre Chile y El Salvador, derivadas de la V Enmienda al Sistema Armonizado (SA)<\/a><\/td>\n<\/tr>\n<tr>\n<td><a href=\"http:\/\/infotrade.economia.gob.sv\/chile\/wp-content\/uploads\/sites\/6\/2023\/08\/Decision-No-29-Adecuaciones-al-Anexo-4.03-Seccion-B-Reglas-de-Origen-Especifica-entre-Chile-y-Honduras-a-la-Quinta-Enmienda-del-Sistema-Armonizado.pdf\">Decisi\u00f3n No 29. Adecuaciones al Anexo 4.03, Secci\u00f3n C (Reglas de origen espec\u00edficas entre Chile y Honduras), y el Protocolo Bilateral celebrado entre Chile y Honduras, derivadas de la V Enmienda al Sistema Armonizado (SA)<\/a><\/td>\n<\/tr>\n<tr>\n<td><a href=\"http:\/\/infotrade.economia.gob.sv\/chile\/wp-content\/uploads\/sites\/6\/2023\/08\/Decision-No-30-Adecuaciones-al-Anexo-4.03-Seccion-B-Reglas-de-Origen-Especifica-entre-Chile-y-Guatemala-a-la-Quinta-Enmienda-del-Sistema-Armonizado.pdf\">Decisi\u00f3n No 30. Adecuaciones al Anexo 4.03, Secci\u00f3n C (Reglas de origen espec\u00edficas entre Chile y Guatemala), y el Protocolo Bilateral celebrado entre Chile Guatemala, derivadas de la V Enmienda al Sistema Armonizado (SA)<\/a><\/td>\n<\/tr>\n<tr>\n<td><a href=\"http:\/\/infotrade.economia.gob.sv\/chile\/wp-content\/uploads\/sites\/6\/2023\/08\/Decision-No-31-Adecuaciones-al-Anexo-4.03-Seccion-B-Reglas-de-Origen-Especifica-entre-Chile-y-Nicaragua-a-la-Quinta-Enmienda-del-Sistema-Armonizado.pdf\">Decisi\u00f3n No 31. Adecuaciones al Anexo 4.03, Secci\u00f3n C (Reglas de origen espec\u00edficas entre Chile y Nicaragua), y el Protocolo Bilateral celebrado entre Chile y Nicaragua, derivadas de la V Enmienda al Sistema Armonizado (SA)<\/a><\/td>\n<\/tr>\n<tr>\n<td width=\"561\"><a href=\"http:\/\/infotrade.economia.gob.sv\/wp-content\/uploads\/32-Lista-de-Arbitros.pdf\" target=\"_blank\" rel=\"noopener\">Decisi\u00f3n No 32. Incorporaci\u00f3n a la lista de \u00c1rbitros los integrantes nacionales y no nacionales de Guatemala y Nicaragua<\/a><\/td>\n<\/tr>\n<tr>\n<td><a href=\"http:\/\/infotrade.economia.gob.sv\/chile\/wp-content\/uploads\/sites\/6\/2023\/08\/Decision-No-33-Incorporacion-de-Nicaragua-a-la-Comision-de-Libre-Comercio-la-Subcomision-de-Libre-Comercio-y-el-Secretariado-de-Libre-Comercio..pdf\">Decisi\u00f3n No 33. Incorporaci\u00f3n de Nicaragua a la Comisi\u00f3n de Libre Comercio, la Subcomisi\u00f3n de Libre Comercio y el Secretariado del TLC entre Centroam\u00e9rica y Chile<\/a><\/td>\n<\/tr>\n<tr>\n<td><a href=\"http:\/\/infotrade.economia.gob.sv\/chile\/wp-content\/uploads\/sites\/6\/2023\/08\/Decision-No-34-\u2013-Adopcion-por-parte-de-Nicaragua-de-las-Reglas-de-Procedimientos-de-la-Comision-de-Libre-Comercio-las-Reglas-Modelo-de-Procedimiento-y-del-Codigo-de-Conducta.pdf\">Decisi\u00f3n No 34. Adopci\u00f3n por parte de Nicaragua de las Reglas y Procedimiento de la Comisi\u00f3n de Libre Comercio, de las Reglas Modelo de Procedimiento y del C\u00f3digo de Conducta<\/a><\/td>\n<\/tr>\n<tr>\n<td width=\"561\"><a href=\"http:\/\/infotrade.economia.gob.sv\/wp-content\/uploads\/35-Reglas-de-Origen-Seccion-B.pdf\" target=\"_blank\" rel=\"noopener\">Decisi\u00f3n No 35. Adecuaciones al Anexo 4.03, Secci\u00f3n B (Reglas de origen espec\u00edficas entre Chile y Costa Rica, El Salvador, Guatemala, Honduras y Nicaragua), derivadas de la V Enmienda al Sistema Armonizado (SA)<\/a><\/td>\n<\/tr>\n<tr>\n<td><a href=\"http:\/\/infotrade.economia.gob.sv\/chile\/wp-content\/uploads\/sites\/6\/2023\/08\/Decision-No-36-\u2013-Incorporacion-de-Nicaragua-al-Comite-de-Reglas-de-Origen.pdf\">Decisi\u00f3n No 36. Incorporaci\u00f3n de Nicaragua al Comit\u00e9 de Reglas de Origen del TLC entre Centroam\u00e9rica y Chile<\/a><\/td>\n<\/tr>\n<tr>\n<td><a href=\"http:\/\/infotrade.economia.gob.sv\/chile\/wp-content\/uploads\/sites\/6\/2023\/08\/DE8D291.pdf\">Decisi\u00f3n No 37. Directriz sobre la aplicaci\u00f3n e interpretaci\u00f3n del Art\u00edculo 4.14 (Transbordo y expedici\u00f3n directa o tr\u00e1nsito internacional) y el Art\u00edculo 5.06 (Facturaci\u00f3n por un operador de un tercer pa\u00eds)<\/a><\/td>\n<\/tr>\n<tr>\n<td><a href=\"http:\/\/infotrade.economia.gob.sv\/chile\/wp-content\/uploads\/sites\/6\/2023\/08\/Decision-No-38-\u2013-Adopcion-de-la-Directriz-para-la-aplicacion-del-Articulo-4.14-Transbordo-y-expedicion-directa-o-transito-internacion-entre-Guatemala-y-Chile.pdf\">Decisi\u00f3n No 38. Directriz para la aplicaci\u00f3n del Art\u00edculo 4.14 (Transbordo y expedici\u00f3n directa o tr\u00e1nsito internacional\u00a0<\/a><\/td>\n<\/tr>\n<tr>\n<td><a href=\"http:\/\/infotrade.economia.gob.sv\/chile\/wp-content\/uploads\/sites\/6\/2023\/08\/Decision-No-39-\u2013-Establecimiento-de-las-Reglas-y-Procedimientos-de-la-Subcomision-de-Libre-Comercio-y-del-Secretariado-del-Tratado.pdf\">Decisi\u00f3n No 39. Reglas y Procedimientos de la Subcomisi\u00f3n de Libre Comercio y del Secretariado del TLC entre Centroam\u00e9rica y Chile<\/a><\/td>\n<\/tr>\n<tr>\n<td><a href=\"http:\/\/infotrade.economia.gob.sv\/chile\/wp-content\/uploads\/sites\/6\/2024\/04\/Decision-No.-40-TLC-Centroamerica-Chile.pdf\">Decisi\u00f3n No 40. Adecuaciones al Anexo 4.03, Secciones B y C, derivadas de la VI Enmienda al SA<\/a><\/td>\n<\/tr>\n<\/tbody>\n<\/table>\n<\/div>\n\n\n<p><\/p>\n","protected":false},"excerpt":{"rendered":"<p>Reglamentaciones Uniformes para la Interpretaci\u00f3n, Aplicaci\u00f3n y Administraci\u00f3n de los Cap\u00edtulos 3 (Trato Nacional y Acceso de Mercanc\u00edas al Mercado), 4 (Reglas de Origen) y 5 (Procedimientos Aduaneros) del TLC entre Centroam\u00e9rica y Chile Decisi\u00f3n No 1. Constituci\u00f3n de la Comisi\u00f3n de Libre Comercio y el Secretariado del Tratado de Libre Comercio entre Centroam\u00e9rica y [&hellip;]<\/p>\n","protected":false},"author":14,"featured_media":0,"parent":14,"menu_order":0,"comment_status":"closed","ping_status":"closed","template":"page-treaty","meta":{"footnotes":""},"class_list":["post-98","page","type-page","status-publish","hentry"],"_links":{"self":[{"href":"https:\/\/infotrade.economia.gob.sv\/chile\/wp-json\/wp\/v2\/pages\/98","targetHints":{"allow":["GET"]}}],"collection":[{"href":"https:\/\/infotrade.economia.gob.sv\/chile\/wp-json\/wp\/v2\/pages"}],"about":[{"href":"https:\/\/infotrade.economia.gob.sv\/chile\/wp-json\/wp\/v2\/types\/page"}],"author":[{"embeddable":true,"href":"https:\/\/infotrade.economia.gob.sv\/chile\/wp-json\/wp\/v2\/users\/14"}],"replies":[{"embeddable":true,"href":"https:\/\/infotrade.economia.gob.sv\/chile\/wp-json\/wp\/v2\/comments?post=98"}],"version-history":[{"count":13,"href":"https:\/\/infotrade.economia.gob.sv\/chile\/wp-json\/wp\/v2\/pages\/98\/revisions"}],"predecessor-version":[{"id":222,"href":"https:\/\/infotrade.economia.gob.sv\/chile\/wp-json\/wp\/v2\/pages\/98\/revisions\/222"}],"up":[{"embeddable":true,"href":"https:\/\/infotrade.economia.gob.sv\/chile\/wp-json\/wp\/v2\/pages\/14"}],"wp:attachment":[{"href":"https:\/\/infotrade.economia.gob.sv\/chile\/wp-json\/wp\/v2\/media?parent=98"}],"curies":[{"name":"wp","href":"https:\/\/api.w.org\/{rel}","templated":true}]}}