{"id":11,"date":"2015-03-23T09:26:36","date_gmt":"2015-03-23T15:26:36","guid":{"rendered":"http:\/\/www.minec.gob.sv\/comercioexterior\/chile\/?page_id=8"},"modified":"2017-01-18T10:34:30","modified_gmt":"2017-01-18T16:34:30","slug":"informacion-general","status":"publish","type":"page","link":"https:\/\/infotrade.economia.gob.sv\/colombia\/informacion-general\/","title":{"rendered":"Informaci\u00f3n General"},"content":{"rendered":"<h1>Tratado de Libre Comercio Colombia \u2013 El Salvador, Guatemala y Honduras<\/h1>\n<figure id=\"attachment_36\" aria-describedby=\"caption-attachment-36\" style=\"width: 200px\" class=\"wp-caption alignright pull-right right\"><a href=\"\/colombia\/wp-content\/uploads\/sites\/8\/2015\/03\/co-lgflag.gif\"><img loading=\"lazy\" decoding=\"async\" class=\"wp-image-36\" src=\"\/colombia\/wp-content\/uploads\/sites\/8\/2015\/03\/co-lgflag.gif\" alt=\"bandera\" width=\"200\" height=\"134\" \/><\/a><figcaption id=\"caption-attachment-36\" class=\"wp-caption-text\">bandera<\/figcaption><\/figure>\n<p style=\"text-align: justify;\">Colombia es una econom\u00eda emergente y una potencia econ\u00f3mica de la regi\u00f3n. Tambi\u00e9n forma parte del bloque de pa\u00edses emergentes CIVETS. Su PBI PPA tambi\u00e9n ocupa el cuarto puesto en Am\u00e9rica Latina detr\u00e1s de Argentina, M\u00e9xico y Brasil, y el 28 a nivel global. El PBI nominal colombiano es el cuarto m\u00e1s grande de Am\u00e9rica Latina despu\u00e9s de los de Brasil, M\u00e9xico y Argentina, y ocupa el puesto 29 a nivel mundial.<\/p>\n<p>&nbsp;<\/p>\n<p style=\"text-align: justify;\">\n<p style=\"text-align: justify;\">El PIB de Colombia creci\u00f3 a una tasa media anual del 4,8 por ciento durante los a\u00f1os 2006-2011.\u00a0\u00a0El pa\u00eds es la cuarta naci\u00f3n en extensi\u00f3n territorial de Am\u00e9rica del Sur y, con alrededor de 47 millones de habitantes, la tercera en poblaci\u00f3n en Am\u00e9rica Latina. Es la tercera naci\u00f3n del mundo con mayor cantidad de hispanohablantes.<\/p>\n<p style=\"text-align: justify;\">\n<figure id=\"attachment_35\" aria-describedby=\"caption-attachment-35\" style=\"width: 200px\" class=\"wp-caption alignright pull-left left\"><a href=\"\/colombia\/wp-content\/uploads\/sites\/8\/2015\/03\/Colombia_treemap_es.png\"><img loading=\"lazy\" decoding=\"async\" class=\"wp-image-35\" src=\"\/colombia\/wp-content\/uploads\/sites\/8\/2015\/03\/Colombia_treemap_es.png\" alt=\"Composici\u00f3n de las exportaciones del pa\u00eds en 2012.\" width=\"200\" height=\"170\" srcset=\"https:\/\/infotrade.economia.gob.sv\/colombia\/wp-content\/uploads\/sites\/8\/2015\/03\/Colombia_treemap_es.png 600w, https:\/\/infotrade.economia.gob.sv\/colombia\/wp-content\/uploads\/sites\/8\/2015\/03\/Colombia_treemap_es-300x255.png 300w\" sizes=\"auto, (max-width: 200px) 100vw, 200px\" \/><\/a><figcaption id=\"caption-attachment-35\" class=\"wp-caption-text\">Composici\u00f3n de las exportaciones del pa\u00eds en 2012.<\/figcaption><\/figure>\n<p>&nbsp;<\/p>\n<p style=\"text-align: justify;\">El comercio de Colombia muestra una relativa concentraci\u00f3n tanto en t\u00e9rminos geogr\u00e1ficos como en cuanto a los productos exportados. Los Estados Unidos contin\u00faan siendo el principal mercado para Colombia y los productos mineros representaron alrededor del 65 por ciento de las exportaciones colombianas en 2011.<\/p>\n<p>&nbsp;<\/p>\n<p>&nbsp;<\/p>\n","protected":false},"excerpt":{"rendered":"<p>Tratado de Libre Comercio Colombia \u2013 El Salvador, Guatemala y Honduras Colombia es una econom\u00eda emergente y una potencia econ\u00f3mica de la regi\u00f3n. Tambi\u00e9n forma parte del bloque de pa\u00edses emergentes CIVETS. Su PBI PPA tambi\u00e9n ocupa el cuarto puesto en Am\u00e9rica Latina detr\u00e1s de Argentina, M\u00e9xico y Brasil, y el 28 a nivel global. [&hellip;]<\/p>\n","protected":false},"author":8,"featured_media":0,"parent":0,"menu_order":0,"comment_status":"closed","ping_status":"open","template":"page-treaty","meta":{"footnotes":""},"class_list":["post-11","page","type-page","status-publish","hentry"],"_links":{"self":[{"href":"https:\/\/infotrade.economia.gob.sv\/colombia\/wp-json\/wp\/v2\/pages\/11","targetHints":{"allow":["GET"]}}],"collection":[{"href":"https:\/\/infotrade.economia.gob.sv\/colombia\/wp-json\/wp\/v2\/pages"}],"about":[{"href":"https:\/\/infotrade.economia.gob.sv\/colombia\/wp-json\/wp\/v2\/types\/page"}],"author":[{"embeddable":true,"href":"https:\/\/infotrade.economia.gob.sv\/colombia\/wp-json\/wp\/v2\/users\/8"}],"replies":[{"embeddable":true,"href":"https:\/\/infotrade.economia.gob.sv\/colombia\/wp-json\/wp\/v2\/comments?post=11"}],"version-history":[{"count":6,"href":"https:\/\/infotrade.economia.gob.sv\/colombia\/wp-json\/wp\/v2\/pages\/11\/revisions"}],"predecessor-version":[{"id":92,"href":"https:\/\/infotrade.economia.gob.sv\/colombia\/wp-json\/wp\/v2\/pages\/11\/revisions\/92"}],"wp:attachment":[{"href":"https:\/\/infotrade.economia.gob.sv\/colombia\/wp-json\/wp\/v2\/media?parent=11"}],"curies":[{"name":"wp","href":"https:\/\/api.w.org\/{rel}","templated":true}]}}