{"id":15,"date":"2015-03-23T09:27:09","date_gmt":"2015-03-23T15:27:09","guid":{"rendered":"http:\/\/www.minec.gob.sv\/comercioexterior\/chile\/?page_id=14"},"modified":"2017-12-04T09:37:30","modified_gmt":"2017-12-04T15:37:30","slug":"marco-normativo","status":"publish","type":"page","link":"https:\/\/infotrade.economia.gob.sv\/colombia\/","title":{"rendered":"Marco Normativo"},"content":{"rendered":"<p><strong>Fecha de suscripci\u00f3n:<\/strong> 9 de agosto de 2007.<\/p>\n<p><strong>Fecha de ratificaci\u00f3n:<\/strong> 21 de agosto de 2008.<\/p>\n<p><strong>Fecha de publicaci\u00f3n:<\/strong> Decreto No. 699, publicado en el Diario Oficial No. 171, Tomo No. 380, de fecha 12 de septiembre de 2008.<\/p>\n<p><strong>Fecha de entrada en vigencia:<\/strong> 01 de febrero de 2010.<\/p>\n<p>Programa de desgravaci\u00f3n Arancelaria correspondiente al 2010 se encuentra publicado en el Diario Oficial No. 20, Tomo No. 386 de fecha 29 de enero de 2010.<\/p>\n<ul>\n<li><strong><a href=\"\/colombia\/wp-content\/uploads\/sites\/8\/2016\/09\/marco_normativo-indice.pdf\" target=\"_blank\" rel=\"noopener\"><span style=\"color: #0000ff;\">\u00cdndice de Contenido<\/span> <\/a><\/strong><\/li>\n<li><strong><a href=\"\/colombia\/wp-content\/uploads\/sites\/8\/2016\/09\/marco_normativo-preambulo.pdf\" target=\"_blank\" rel=\"noopener\"><span style=\"color: #0000ff;\">Pre\u00e1mbulo<\/span><\/a><\/strong><\/li>\n<li><strong><a href=\"\/colombia\/wp-content\/uploads\/sites\/8\/2016\/09\/marco_normativo-cap_1_disposiciones_iniciales.pdf\" target=\"_blank\" rel=\"noopener\"><span style=\"color: #0000ff;\">Cap\u00edtulo 1: <\/span><\/a><\/strong><a href=\"\/colombia\/wp-content\/uploads\/sites\/8\/2016\/09\/marco_normativo-cap_1_disposiciones_iniciales.pdf\" target=\"_blank\" rel=\"noopener\"><span style=\"color: #0000ff;\">Disposiciones Iniciales<\/span><\/a><\/li>\n<li><strong><a href=\"\/colombia\/wp-content\/uploads\/sites\/8\/2016\/09\/marco_normativo-cap_2_definiciones_generales.pdf\" target=\"_blank\" rel=\"noopener\"><span style=\"color: #0000ff;\">Cap\u00edtulo 2: <\/span><\/a><\/strong><a href=\"\/colombia\/wp-content\/uploads\/sites\/8\/2016\/09\/marco_normativo-cap_2_definiciones_generales.pdf\" target=\"_blank\" rel=\"noopener\"><span style=\"color: #0000ff;\">Definiciones Generales<\/span><\/a><\/li>\n<li><strong><a href=\"\/colombia\/wp-content\/uploads\/sites\/8\/2016\/09\/marco_normativo-cap_3_acceso.pdf\" target=\"_blank\" rel=\"noopener\"><span style=\"color: #0000ff;\">Cap\u00edtulo 3: <\/span><\/a><\/strong><a href=\"\/colombia\/wp-content\/uploads\/sites\/8\/2016\/09\/marco_normativo-cap_3_acceso.pdf\" target=\"_blank\" rel=\"noopener\"><span style=\"color: #0000ff;\">Trato Nacional y Acceso de Mercanc\u00edas al Mercado<\/span><\/a>\n<ul>\n<li><a href=\"\/colombia\/wp-content\/uploads\/sites\/8\/2016\/09\/marco_normativo-lista_desgra_agrico_col_tn.pdf\" target=\"_blank\" rel=\"noopener\"><span style=\"color: #0000ff;\">Lista de Desgravaci\u00f3n de Productos Agr\u00edcolas aplicada por Colombia<\/span><\/a><\/li>\n<li><a href=\"\/colombia\/wp-content\/uploads\/sites\/8\/2016\/09\/marco_normativo-lista_desgra_indust_col_tn.pdf\" target=\"_blank\" rel=\"noopener\"><span style=\"color: #0000ff;\">Lista de Desgravaci\u00f3n de Productos Industriales aplicada por Colombia.<\/span><\/a><\/li>\n<li><a href=\"\/colombia\/wp-content\/uploads\/sites\/8\/2016\/09\/marco_normativo-lista_desgra_esa_col.pdf\" target=\"_blank\" rel=\"noopener\"><span style=\"color: #0000ff;\">Lista de Desgravaci\u00f3n aplicada por El Salvador.<\/span><\/a><\/li>\n<li><a href=\"\/colombia\/wp-content\/uploads\/sites\/8\/2016\/09\/marco_normativo-lista_desgra_guate_col.pdf\" target=\"_blank\" rel=\"noopener\"><span style=\"color: #0000ff;\">Lista de Desgravaci\u00f3n aplicada por Guatemala.<\/span><\/a><\/li>\n<li><a href=\"\/colombia\/wp-content\/uploads\/sites\/8\/2016\/09\/marco_normativo-lista_desgra_hon_col.pdf\" target=\"_blank\" rel=\"noopener\"><span style=\"color: #0000ff;\">Lista de Desgravaci\u00f3n aplicada por Honduras.<\/span><\/a><\/li>\n<\/ul>\n<\/li>\n<li><strong><a href=\"\/colombia\/wp-content\/uploads\/sites\/8\/2016\/09\/marco_normativo-cap_4_reglas_de_origen.pdf\" target=\"_blank\" rel=\"noopener\"><span style=\"color: #0000ff;\">Cap\u00edtulo 4: <\/span><\/a><\/strong><a href=\"\/colombia\/wp-content\/uploads\/sites\/8\/2016\/09\/marco_normativo-cap_4_reglas_de_origen.pdf\" target=\"_blank\" rel=\"noopener\"><span style=\"color: #0000ff;\">Reglas de Origen<\/span><\/a>\n<ul>\n<li><strong><a href=\"\/colombia\/wp-content\/uploads\/sites\/8\/2016\/09\/marco_normativo-anexo_4_3.pdf\" target=\"_blank\" rel=\"noopener\"><span style=\"color: #0000ff;\">Anexo 4.3: <\/span><\/a><\/strong><a href=\"\/colombia\/wp-content\/uploads\/sites\/8\/2016\/09\/marco_normativo-anexo_4_3.pdf\" target=\"_blank\" rel=\"noopener\"><span style=\"color: #0000ff;\">Reglas de Origen Espec\u00edficas.<\/span><\/a><\/li>\n<\/ul>\n<\/li>\n<li><strong><a href=\"\/colombia\/wp-content\/uploads\/sites\/8\/2016\/09\/marco_normativo-cap_5_procedimientos_aduaneros.pdf\" target=\"_blank\" rel=\"noopener\"><span style=\"color: #0000ff;\">Cap\u00edtulo 5: <\/span><\/a><\/strong><a href=\"\/colombia\/wp-content\/uploads\/sites\/8\/2016\/09\/marco_normativo-cap_5_procedimientos_aduaneros.pdf\" target=\"_blank\" rel=\"noopener\"><span style=\"color: #0000ff;\">Procedimientos Aduaneros Relacionados a las Reglas de Origen.<\/span><\/a><\/li>\n<li><strong><a href=\"\/colombia\/wp-content\/uploads\/sites\/8\/2016\/09\/marco_normativo-cap_6_facilitacion.pdf\" target=\"_blank\" rel=\"noopener\"><span style=\"color: #0000ff;\">Cap\u00edtulo 6: <\/span><\/a><\/strong><a href=\"\/colombia\/wp-content\/uploads\/sites\/8\/2016\/09\/marco_normativo-cap_6_facilitacion.pdf\" target=\"_blank\" rel=\"noopener\"><span style=\"color: #0000ff;\">Facilitaci\u00f3n del Comercio.<\/span><\/a><\/li>\n<li><strong><a href=\"\/colombia\/wp-content\/uploads\/sites\/8\/2016\/09\/marco_normativo-cap_7_salvaguardias.pdf\" target=\"_blank\" rel=\"noopener\"><span style=\"color: #0000ff;\">Cap\u00edtulo 7: <\/span><\/a><\/strong><a href=\"\/colombia\/wp-content\/uploads\/sites\/8\/2016\/09\/marco_normativo-cap_7_salvaguardias.pdf\" target=\"_blank\" rel=\"noopener\"><span style=\"color: #0000ff;\">Medidas de Salvaguardia.<\/span><\/a><\/li>\n<li><strong><a href=\"\/colombia\/wp-content\/uploads\/sites\/8\/2016\/09\/marco_normativo-cap_8_antidumping.pdf\" target=\"_blank\" rel=\"noopener\"><span style=\"color: #0000ff;\">Cap\u00edtulo 8: <\/span><\/a><\/strong><a href=\"\/colombia\/wp-content\/uploads\/sites\/8\/2016\/09\/marco_normativo-cap_8_antidumping.pdf\" target=\"_blank\" rel=\"noopener\"><span style=\"color: #0000ff;\">Antidumping.<\/span><\/a><\/li>\n<li><strong><a href=\"\/colombia\/wp-content\/uploads\/sites\/8\/2016\/09\/marco_normativo-cap_9_medidas_sanitarias_fitosanitarias.pdf\" target=\"_blank\" rel=\"noopener\"><span style=\"color: #0000ff;\">Cap\u00edtulo 9: <\/span><\/a><\/strong><a href=\"\/colombia\/wp-content\/uploads\/sites\/8\/2016\/09\/marco_normativo-cap_9_medidas_sanitarias_fitosanitarias.pdf\" target=\"_blank\" rel=\"noopener\"><span style=\"color: #0000ff;\">Medidas Sanitarias y Fitosanitarias.<\/span><\/a><\/li>\n<li><strong><a href=\"\/colombia\/wp-content\/uploads\/sites\/8\/2016\/09\/marco_normativo-cap_10_obstaculos_tecnicos_comercio.pdf\" target=\"_blank\" rel=\"noopener\"><span style=\"color: #0000ff;\">Cap\u00edtulo 10: <\/span><\/a><\/strong><a href=\"\/colombia\/wp-content\/uploads\/sites\/8\/2016\/09\/marco_normativo-cap_10_obstaculos_tecnicos_comercio.pdf\" target=\"_blank\" rel=\"noopener\"><span style=\"color: #0000ff;\">Obst\u00e1culos T\u00e9cnicos al Comercio.<\/span><\/a><\/li>\n<li><strong><a href=\"\/colombia\/wp-content\/uploads\/sites\/8\/2016\/09\/marco_normativo-cap_11_contratacion.pdf\" target=\"_blank\" rel=\"noopener\"><span style=\"color: #0000ff;\">Cap\u00edtulo 11: <\/span><\/a><\/strong><a href=\"\/colombia\/wp-content\/uploads\/sites\/8\/2016\/09\/marco_normativo-cap_11_contratacion.pdf\" target=\"_blank\" rel=\"noopener\"><span style=\"color: #0000ff;\">Contrataci\u00f3n P\u00fablica.<\/span><\/a>\n<ul>\n<li><strong><a href=\"\/colombia\/wp-content\/uploads\/sites\/8\/2016\/09\/marco_normativo-anexo_11_1.pdf\" target=\"_blank\" rel=\"noopener\"><span style=\"color: #0000ff;\">Anexo 11.1 <\/span><\/a><\/strong><a href=\"\/colombia\/wp-content\/uploads\/sites\/8\/2016\/09\/marco_normativo-anexo_11_1.pdf\" target=\"_blank\" rel=\"noopener\"><span style=\"color: #0000ff;\">Contrataci\u00f3n P\u00fablica.<\/span><\/a><\/li>\n<\/ul>\n<\/li>\n<li><strong><a href=\"\/colombia\/wp-content\/uploads\/sites\/8\/2016\/09\/marco_normativo-cap_12_inversion.pdf\" target=\"_blank\" rel=\"noopener\"><span style=\"color: #0000ff;\">Cap\u00edtulo 12:<\/span><\/a><\/strong><a href=\"\/colombia\/wp-content\/uploads\/sites\/8\/2016\/09\/marco_normativo-cap_12_inversion.pdf\" target=\"_blank\" rel=\"noopener\"><span style=\"color: #0000ff;\"> Inversi\u00f3n.<\/span><\/a><\/li>\n<li><strong><a href=\"\/colombia\/wp-content\/uploads\/sites\/8\/2016\/09\/marco_normativo-cap_13_servicios.pdf\" target=\"_blank\" rel=\"noopener\"><span style=\"color: #0000ff;\">Cap\u00edtulo 13: <\/span><\/a><\/strong><a href=\"\/colombia\/wp-content\/uploads\/sites\/8\/2016\/09\/marco_normativo-cap_13_servicios.pdf\" target=\"_blank\" rel=\"noopener\"><span style=\"color: #0000ff;\">Comercio Transfronterizo de Servicios.<\/span><\/a><\/li>\n<li><strong><a href=\"\/colombia\/wp-content\/uploads\/sites\/8\/2016\/09\/marco_normativo-cap_14_comercio_electronico.pdf\" target=\"_blank\" rel=\"noopener\"><span style=\"color: #0000ff;\">Cap\u00edtulo 14: <\/span><\/a><\/strong><a href=\"\/colombia\/wp-content\/uploads\/sites\/8\/2016\/09\/marco_normativo-cap_14_comercio_electronico.pdf\" target=\"_blank\" rel=\"noopener\"><span style=\"color: #0000ff;\">Comercio Electr\u00f3nico.<\/span><\/a><\/li>\n<li><strong><a href=\"\/colombia\/wp-content\/uploads\/sites\/8\/2016\/09\/marco_normativo-cap_15_entrada_temporal.pdf\" target=\"_blank\" rel=\"noopener\"><span style=\"color: #0000ff;\">Cap\u00edtulo 15:<\/span><\/a><\/strong><a href=\"\/colombia\/wp-content\/uploads\/sites\/8\/2016\/09\/marco_normativo-cap_15_entrada_temporal.pdf\" target=\"_blank\" rel=\"noopener\"><span style=\"color: #0000ff;\"> Entrada Temporal de Personas de Negocios.<\/span><\/a><\/li>\n<li><strong><a href=\"\/colombia\/wp-content\/uploads\/sites\/8\/2016\/09\/marco_normativo-cap_16_transparencia.pdf\" target=\"_blank\" rel=\"noopener\"><span style=\"color: #0000ff;\">Cap\u00edtulo 16:<\/span><\/a><\/strong><a href=\"\/colombia\/wp-content\/uploads\/sites\/8\/2016\/09\/marco_normativo-cap_16_transparencia.pdf\" target=\"_blank\" rel=\"noopener\"><span style=\"color: #0000ff;\"> Transparencia.<\/span><\/a><\/li>\n<li><strong><a href=\"\/colombia\/wp-content\/uploads\/sites\/8\/2016\/09\/marco_normativo-cap_17_administracion.pdf\" target=\"_blank\" rel=\"noopener\"><span style=\"color: #0000ff;\">Cap\u00edtulo 17: <\/span><\/a><\/strong><a href=\"\/colombia\/wp-content\/uploads\/sites\/8\/2016\/09\/marco_normativo-cap_17_administracion.pdf\" target=\"_blank\" rel=\"noopener\"><span style=\"color: #0000ff;\">Administraci\u00f3n del Tratado.<\/span><\/a><\/li>\n<li><strong><a href=\"\/colombia\/wp-content\/uploads\/sites\/8\/2016\/09\/marco_normativo-cap_18_solucion.pdf\" target=\"_blank\" rel=\"noopener\"><span style=\"color: #0000ff;\">Cap\u00edtulo 18: <\/span><\/a><\/strong><a href=\"\/colombia\/wp-content\/uploads\/sites\/8\/2016\/09\/marco_normativo-cap_18_solucion.pdf\" target=\"_blank\" rel=\"noopener\"><span style=\"color: #0000ff;\">Soluci\u00f3n de Controversias.<\/span><\/a><\/li>\n<li><strong><a href=\"\/colombia\/wp-content\/uploads\/sites\/8\/2016\/09\/marco_normativo-cap_19_excepciones.pdf\" target=\"_blank\" rel=\"noopener\"><span style=\"color: #0000ff;\">Cap\u00edtulo 19: <\/span><\/a><\/strong><a href=\"\/colombia\/wp-content\/uploads\/sites\/8\/2016\/09\/marco_normativo-cap_19_excepciones.pdf\" target=\"_blank\" rel=\"noopener\"><span style=\"color: #0000ff;\">Excepciones.<\/span><\/a><\/li>\n<li><strong><a href=\"\/colombia\/wp-content\/uploads\/sites\/8\/2016\/09\/marco_normativo-cap_20_cooperacion.pdf\" target=\"_blank\" rel=\"noopener\"><span style=\"color: #0000ff;\">Cap\u00edtulo 20: <\/span><\/a><\/strong><a href=\"\/colombia\/wp-content\/uploads\/sites\/8\/2016\/09\/marco_normativo-cap_20_cooperacion.pdf\" target=\"_blank\" rel=\"noopener\"><span style=\"color: #0000ff;\">Cooperaci\u00f3n.<\/span><\/a><\/li>\n<li><strong><a href=\"\/colombia\/wp-content\/uploads\/sites\/8\/2016\/09\/marco_normativo-cap_21_disposiciones_finales.pdf\" target=\"_blank\" rel=\"noopener\"><span style=\"color: #0000ff;\">Cap\u00edtulo 21: <\/span><\/a><\/strong><a href=\"\/colombia\/wp-content\/uploads\/sites\/8\/2016\/09\/marco_normativo-cap_21_disposiciones_finales.pdf\" target=\"_blank\" rel=\"noopener\"><span style=\"color: #0000ff;\">Disposiciones Finales.<\/span><\/a>\n<ul>\n<li><strong><a href=\"\/colombia\/wp-content\/uploads\/sites\/8\/2016\/09\/marco_normativo-tlc_tn_col_anexo_i_med_notas_explicativas.pdf\" target=\"_blank\" rel=\"noopener\"><span style=\"color: #0000ff;\">Anexo I: <\/span><\/a><\/strong><a href=\"\/colombia\/wp-content\/uploads\/sites\/8\/2016\/09\/marco_normativo-tlc_tn_col_anexo_i_med_notas_explicativas.pdf\" target=\"_blank\" rel=\"noopener\"><span style=\"color: #0000ff;\">Medidas Existentes<\/span><\/a>\n<ul>\n<li><strong><a href=\"\/colombia\/wp-content\/uploads\/sites\/8\/2016\/09\/marco_normativo-anexo_i_colombia.pdf\" target=\"_blank\" rel=\"noopener\"><span style=\"color: #0000ff;\">Anexo I: <\/span><\/a><\/strong><a href=\"\/colombia\/wp-content\/uploads\/sites\/8\/2016\/09\/marco_normativo-anexo_i_colombia.pdf\" target=\"_blank\" rel=\"noopener\"><span style=\"color: #0000ff;\">Medidas Existentes.Colombia.<\/span><\/a><\/li>\n<li><strong><a href=\"\/colombia\/wp-content\/uploads\/sites\/8\/2016\/09\/marco_normativo-anexo_i_esa.pdf\" target=\"_blank\" rel=\"noopener\"><span style=\"color: #0000ff;\">Anexo I: <\/span><\/a><\/strong><a href=\"\/colombia\/wp-content\/uploads\/sites\/8\/2016\/09\/marco_normativo-anexo_i_esa.pdf\" target=\"_blank\" rel=\"noopener\"><span style=\"color: #0000ff;\">Medidas Existentes.El Salvador.<\/span><\/a><\/li>\n<li><strong><a href=\"\/colombia\/wp-content\/uploads\/sites\/8\/2016\/09\/marco_normativo-anexo_i_guatemala.pdf\" target=\"_blank\" rel=\"noopener\"><span style=\"color: #0000ff;\">Anexo I: <\/span><\/a><\/strong><a href=\"\/colombia\/wp-content\/uploads\/sites\/8\/2016\/09\/marco_normativo-anexo_i_guatemala.pdf\" target=\"_blank\" rel=\"noopener\"><span style=\"color: #0000ff;\">Medidas Existentes.Guatemala.<\/span><\/a><\/li>\n<li><strong><a href=\"\/colombia\/wp-content\/uploads\/sites\/8\/2016\/09\/marco_normativo-anexo_i_honduras.pdf\" target=\"_blank\" rel=\"noopener\"><span style=\"color: #0000ff;\">Anexo I:<\/span><\/a><\/strong><a href=\"\/colombia\/wp-content\/uploads\/sites\/8\/2016\/09\/marco_normativo-anexo_i_honduras.pdf\" target=\"_blank\" rel=\"noopener\"><span style=\"color: #0000ff;\"> Medidas Existentes.Honduras.<\/span><\/a><\/li>\n<\/ul>\n<\/li>\n<li><strong><a href=\"\/colombia\/wp-content\/uploads\/sites\/8\/2016\/09\/marco_normativo-tlc_tn_col_anexo_ii__rf_notas_explicativas.pdf\" target=\"_blank\" rel=\"noopener\"><span style=\"color: #0000ff;\">Anexo II: <\/span><\/a><\/strong><a href=\"\/colombia\/wp-content\/uploads\/sites\/8\/2016\/09\/marco_normativo-tlc_tn_col_anexo_ii__rf_notas_explicativas.pdf\" target=\"_blank\" rel=\"noopener\"><span style=\"color: #0000ff;\">Reservas a Futuro. Notas Explicativas.<\/span><\/a>\n<ul>\n<li><strong><a href=\"\/colombia\/wp-content\/uploads\/sites\/8\/2016\/09\/marco_normativo-anexo_ii_colombia.pdf\" target=\"_blank\" rel=\"noopener\"><span style=\"color: #0000ff;\">Anexo II: <\/span><\/a><\/strong><a href=\"\/colombia\/wp-content\/uploads\/sites\/8\/2016\/09\/marco_normativo-anexo_ii_colombia.pdf\" target=\"_blank\" rel=\"noopener\"><span style=\"color: #0000ff;\">Reservas a Futuro. Anexo II Colombia.<\/span><\/a><\/li>\n<li><strong><a href=\"\/colombia\/wp-content\/uploads\/sites\/8\/2016\/09\/marco_normativo-anexo_ii_esa.pdf\" target=\"_blank\" rel=\"noopener\"><span style=\"color: #0000ff;\"><strong>Anexo II:<\/strong> <\/span><\/a><\/strong><a href=\"\/colombia\/wp-content\/uploads\/sites\/8\/2016\/09\/marco_normativo-anexo_ii_esa.pdf\" target=\"_blank\" rel=\"noopener\"><span style=\"color: #0000ff;\">Reservas a Futuro. Anexo II El Salvador.<\/span><\/a><\/li>\n<li><strong><a href=\"\/colombia\/wp-content\/uploads\/sites\/8\/2016\/09\/marco_normativo-anexo_ii_guatemala.pdf\" target=\"_blank\" rel=\"noopener\"><span style=\"color: #0000ff;\">Anexo II: <\/span><\/a><\/strong><a href=\"\/colombia\/wp-content\/uploads\/sites\/8\/2016\/09\/marco_normativo-anexo_ii_guatemala.pdf\" target=\"_blank\" rel=\"noopener\"><span style=\"color: #0000ff;\">Reservas a Futuro.Anexo II Guatemala.<\/span><\/a><\/li>\n<li><strong><a href=\"\/colombia\/wp-content\/uploads\/sites\/8\/2016\/09\/marco_normativo-anexo_ii_honduras.pdf\" target=\"_blank\" rel=\"noopener\"><span style=\"color: #0000ff;\">Anexo II: <\/span><\/a><\/strong><a href=\"\/colombia\/wp-content\/uploads\/sites\/8\/2016\/09\/marco_normativo-anexo_ii_honduras.pdf\" target=\"_blank\" rel=\"noopener\"><span style=\"color: #0000ff;\">Reservas a Futuro.Honduras.<\/span><\/a><\/li>\n<\/ul>\n<\/li>\n<li><strong><a href=\"#\" target=\"_blank\" rel=\"noopener\"><span style=\"color: #0000ff;\">Anexo III: <\/span><\/a><\/strong><a href=\"#\" target=\"_blank\" rel=\"noopener\"><span style=\"color: #0000ff;\">Excepciones al Trato de Naci\u00f3n m\u00e1s Favorecida.<\/span><\/a>\n<ul>\n<li><strong><a href=\"\/colombia\/wp-content\/uploads\/sites\/8\/2016\/09\/marco_normativo-anexo_iii_colombia.pdf\" target=\"_blank\" rel=\"noopener\"><span style=\"color: #0000ff;\">Anexo III: <\/span><\/a><\/strong><a href=\"\/colombia\/wp-content\/uploads\/sites\/8\/2016\/09\/marco_normativo-anexo_iii_colombia.pdf\" target=\"_blank\" rel=\"noopener\"><span style=\"color: #0000ff;\">Excepciones al Trato de Naci\u00f3n m\u00e1s Favorecida.Colombia.<\/span><\/a><\/li>\n<li><strong><a href=\"\/colombia\/wp-content\/uploads\/sites\/8\/2016\/09\/marco_normativo-anexo_iii_esa.pdf\" target=\"_blank\" rel=\"noopener\"><span style=\"color: #0000ff;\">Anexo III: <\/span><\/a><\/strong><a href=\"\/colombia\/wp-content\/uploads\/sites\/8\/2016\/09\/marco_normativo-anexo_iii_esa.pdf\" target=\"_blank\" rel=\"noopener\"><span style=\"color: #0000ff;\">Excepciones al Trato de Naci\u00f3n m\u00e1s Favorecida.El Salvador.<\/span><\/a><\/li>\n<li><strong><a href=\"\/colombia\/wp-content\/uploads\/sites\/8\/2016\/09\/marco_normativo-anexo_iii_guatemala.pdf\" target=\"_blank\" rel=\"noopener\"><span style=\"color: #0000ff;\">Anexo III: <\/span><\/a><\/strong><a href=\"\/colombia\/wp-content\/uploads\/sites\/8\/2016\/09\/marco_normativo-anexo_iii_guatemala.pdf\" target=\"_blank\" rel=\"noopener\"><span style=\"color: #0000ff;\">Excepciones al Trato de Naci\u00f3n m\u00e1s Favorecida.Guatemala.<\/span><\/a><strong><a href=\"\/colombia\/wp-content\/uploads\/sites\/8\/2016\/09\/marco_normativo-anexo_iii_guatemala.pdf\" target=\"_blank\" rel=\"noopener\"><span style=\"color: #0000ff;\"><\/span><\/a><\/strong><\/li>\n<li><a href=\"\/colombia\/wp-content\/uploads\/sites\/8\/2016\/09\/marco_normativo-anexo_iii_honduras.pdf\" target=\"_blank\" rel=\"noopener\"><span style=\"color: #0000ff;\"><strong>Anexo III: <\/strong>Excepciones al Trato de Naci\u00f3n m\u00e1s Favorecida.Honduras.<\/span><\/a><\/li>\n<\/ul>\n<\/li>\n<\/ul>\n<\/li>\n<\/ul>\n","protected":false},"excerpt":{"rendered":"<p>Fecha de suscripci\u00f3n: 9 de agosto de 2007. Fecha de ratificaci\u00f3n: 21 de agosto de 2008. Fecha de publicaci\u00f3n: Decreto No. 699, publicado en el Diario Oficial No. 171, Tomo No. 380, de fecha 12 de septiembre de 2008. Fecha de entrada en vigencia: 01 de febrero de 2010. Programa de desgravaci\u00f3n Arancelaria correspondiente al [&hellip;]<\/p>\n","protected":false},"author":8,"featured_media":0,"parent":0,"menu_order":0,"comment_status":"closed","ping_status":"open","template":"page-treaty","meta":{"footnotes":""},"class_list":["post-15","page","type-page","status-publish","hentry"],"_links":{"self":[{"href":"https:\/\/infotrade.economia.gob.sv\/colombia\/wp-json\/wp\/v2\/pages\/15","targetHints":{"allow":["GET"]}}],"collection":[{"href":"https:\/\/infotrade.economia.gob.sv\/colombia\/wp-json\/wp\/v2\/pages"}],"about":[{"href":"https:\/\/infotrade.economia.gob.sv\/colombia\/wp-json\/wp\/v2\/types\/page"}],"author":[{"embeddable":true,"href":"https:\/\/infotrade.economia.gob.sv\/colombia\/wp-json\/wp\/v2\/users\/8"}],"replies":[{"embeddable":true,"href":"https:\/\/infotrade.economia.gob.sv\/colombia\/wp-json\/wp\/v2\/comments?post=15"}],"version-history":[{"count":4,"href":"https:\/\/infotrade.economia.gob.sv\/colombia\/wp-json\/wp\/v2\/pages\/15\/revisions"}],"predecessor-version":[{"id":118,"href":"https:\/\/infotrade.economia.gob.sv\/colombia\/wp-json\/wp\/v2\/pages\/15\/revisions\/118"}],"wp:attachment":[{"href":"https:\/\/infotrade.economia.gob.sv\/colombia\/wp-json\/wp\/v2\/media?parent=15"}],"curies":[{"name":"wp","href":"https:\/\/api.w.org\/{rel}","templated":true}]}}