{"id":96,"date":"2017-01-19T15:11:32","date_gmt":"2017-01-19T21:11:32","guid":{"rendered":"http:\/\/comext.minec.gob.sv\/colombia\/?page_id=96"},"modified":"2023-08-09T09:10:40","modified_gmt":"2023-08-09T15:10:40","slug":"decisiones","status":"publish","type":"page","link":"https:\/\/infotrade.economia.gob.sv\/colombia\/administracion-del-acuerdo\/decisiones\/","title":{"rendered":"Decisiones"},"content":{"rendered":"<div class=\"table-responsive\">\n<table class=\"table table-bordered table-striped table-hover\">\n<tbody>\n<tr>\n<td width=\"538\"><strong>Decisiones<\/strong><\/td>\n<\/tr>\n<tr>\n<td width=\"538\"><a href=\"\/colombia\/wp-content\/uploads\/sites\/8\/2018\/02\/01-Reglas-procedimientos-de-la-Comisi\u00f3n-Administradora.pdf\" target=\"_blank\" rel=\"noopener\">Decisi\u00f3n N\u00ba 1 Reglas y Procedimientos de la Comisi\u00f3n Administradora del TLC<\/a><\/td>\n<\/tr>\n<tr>\n<td width=\"538\"><a href=\"\/colombia\/wp-content\/uploads\/sites\/8\/2018\/02\/02-Establecimientos-de-fecha-programa-de-desgravaci\u00f3n.pdf\" target=\"_blank\" rel=\"noopener\">Decisi\u00f3n N\u00ba 2 Fecha para corte de desgravaci\u00f3n arancelaria<\/a><\/td>\n<\/tr>\n<tr>\n<td width=\"538\"><a href=\"\/colombia\/wp-content\/uploads\/sites\/8\/2018\/02\/03-Ratificaci\u00f3n-validez-certificado-de-origen.pdf\" target=\"_blank\" rel=\"noopener\">Decisi\u00f3n N\u00ba 3 Formato de certificado de origen e instructivo de llenado<\/a><\/td>\n<\/tr>\n<tr>\n<td width=\"538\"><a href=\"\/colombia\/wp-content\/uploads\/sites\/8\/2018\/02\/04-Aprobaci\u00f3n-reglamentaciones-uniformes.pdf\" target=\"_blank\" rel=\"noopener\">Decisi\u00f3n N\u00ba 4 Reglamentaciones Uniformes del Cap\u00edtulo 4 y Cap\u00edtulo 5 del TLC<\/a><\/td>\n<\/tr>\n<tr>\n<td width=\"538\"><a href=\"\/colombia\/wp-content\/uploads\/sites\/8\/2018\/02\/05-Creaci\u00f3n-de-Comit\u00e9-de-Contrataci\u00f3n-P\u00fablica-y-de-Comit\u00e9-de-Servicios.pdf\" target=\"_blank\" rel=\"noopener\">Decisi\u00f3n N\u00ba 5 Creaci\u00f3n del Comit\u00e9 de Compras P\u00fablicas y Comercio Transfronterizo de Servicios<\/a><\/td>\n<\/tr>\n<tr>\n<td width=\"538\"><a href=\"\/colombia\/wp-content\/uploads\/sites\/8\/2018\/02\/06-Aprobaci\u00f3n-REglamento-de-funcionamiento-de-Comit\u00e9s.pdf\" target=\"_blank\" rel=\"noopener\">Decisi\u00f3n N\u00ba 6 Reglamentos de Funcionamiento para Comit\u00e9s<\/a><\/td>\n<\/tr>\n<tr>\n<td width=\"538\"><a href=\"\/colombia\/wp-content\/uploads\/sites\/8\/2018\/02\/07-Aprobaci\u00f3n-de-Reglas-Modelo-Soluci\u00f3n-de-Controversias.pdf\" target=\"_blank\" rel=\"noopener\">Decisi\u00f3n N\u00ba 7 Reglas Modelo de Procedimiento del Cap\u00edtulo 18 Soluci\u00f3n de Controversias<\/a><\/td>\n<\/tr>\n<tr>\n<td width=\"538\"><a href=\"\/colombia\/wp-content\/uploads\/sites\/8\/2018\/02\/08-Aprobaci\u00f3n-C\u00f3digo-de-Conducta-Soluci\u00f3n-de-Controversias.pdf\" target=\"_blank\" rel=\"noopener\">Decisi\u00f3n N\u00ba 8 C\u00f3digo de Conducta del Cap\u00edtulo 18 Soluci\u00f3n de Controversias<\/a><\/td>\n<\/tr>\n<tr>\n<td width=\"538\"><a href=\"\/colombia\/wp-content\/uploads\/sites\/8\/2018\/02\/09-Lista-de-\u00e1rbitros.pdf\" target=\"_blank\" rel=\"noopener\">Decisi\u00f3n N\u00ba 9 Lista de \u00e1rbitros<\/a><\/td>\n<\/tr>\n<tr>\n<td width=\"538\"><a href=\"http:\/\/infotrade.economia.gob.sv\/wp-content\/uploads\/10-Adecuaciones-al-Anexo-de-Reglas-de-Origen.pdf\" target=\"_blank\" rel=\"noopener\">Decisi\u00f3n N\u00ba 10 Adecuaciones al Anexo 4.3 Reglas de Origen IV Enmienda al Sistema Armonizado (SA)<\/a><\/td>\n<\/tr>\n<tr>\n<td width=\"538\"><a href=\"\/colombia\/wp-content\/uploads\/sites\/8\/2018\/02\/11-Modificaci\u00f3n-Decisi\u00f3n-4-Reglamentaciones-Uniformes.pdf\" target=\"_blank\" rel=\"noopener\">Decisi\u00f3n N\u00ba 11 Modificaci\u00f3n de Reglamentaciones Uniformes<\/a><\/td>\n<\/tr>\n<tr>\n<td width=\"538\"><a href=\"\/colombia\/wp-content\/uploads\/sites\/8\/2018\/02\/12-Adopci\u00f3n-adecuaciones-Anexo-4.17-tratamiento-productos-Cap-50-al-63.pdf\" target=\"_blank\" rel=\"noopener\">Decisi\u00f3n N\u00ba 12 Adecuaci\u00f3n de reglas de origen para productos textiles a la IV Enmienda al Sistema Armonizado (SA) entre Honduras y Colombia<\/a><\/td>\n<\/tr>\n<tr>\n<td width=\"538\"><a href=\"http:\/\/infotrade.economia.gob.sv\/colombia\/wp-content\/uploads\/sites\/8\/2023\/08\/Decision-No-13-Mejora-en-acceso-a-mercados-Guatemala-y-Colombia-1.pdf\" target=\"_blank\" rel=\"noopener\">Decisi\u00f3n N\u00ba 13 Mejora en acceso a mercados entre Guatemala y Colombia<\/a><\/td>\n<\/tr>\n<tr>\n<td width=\"538\"><a href=\"\/colombia\/wp-content\/uploads\/sites\/8\/2018\/02\/12-Adopci\u00f3n-adecuaciones-Anexo-4.17-tratamiento-productos-Cap-50-al-63.pdf\" target=\"_blank\" rel=\"noopener\">Decisi\u00f3n N<\/a><a href=\"\/colombia\/wp-content\/uploads\/sites\/8\/2018\/02\/12-Adopci\u00f3n-adecuaciones-Anexo-4.17-tratamiento-productos-Cap-50-al-63.pdf\" target=\"_blank\" rel=\"noopener\">\u00ba<\/a><a href=\"http:\/\/infotrade.economia.gob.sv\/colombia\/wp-content\/uploads\/sites\/8\/2023\/08\/Decision-No.-14-Adecuacion-de-las-ROE-de-la-V-Enmienda-al-Sistema-Armonizado-y-su-Anexo-4.3.pdf\" target=\"_blank\" rel=\"noopener\"> 14 Adecuaci\u00f3n de reglas de origen a la V Enmienda al Sistema Armonizado (SA)<\/a><\/td>\n<\/tr>\n<tr>\n<td width=\"538\"><a href=\"http:\/\/infotrade.economia.gob.sv\/colombia\/wp-content\/uploads\/sites\/8\/2023\/08\/Decision-No.-15-Acceso-y-Origen-Colombia-El-Salvador.-260815.pdf\" target=\"_blank\" rel=\"noopener\">Decisi\u00f3n N\u00ba 15 Mejora en acceso a mercados y de origen entre El Salvador y Colombia<\/a><\/td>\n<\/tr>\n<tr>\n<td width=\"538\"><a href=\"http:\/\/infotrade.economia.gob.sv\/colombia\/wp-content\/uploads\/sites\/8\/2023\/08\/Decision-16-Mejora-en-acceso-a-mercados-Guatemala-y-Colombia.pdf\" target=\"_blank\" rel=\"noopener\">Decisi\u00f3n N\u00ba 16 Mejora en acceso a mercados entre Guatemala y Colombia<\/a><\/td>\n<\/tr>\n<tr>\n<td width=\"538\"><a href=\"http:\/\/infotrade.economia.gob.sv\/colombia\/wp-content\/uploads\/sites\/8\/2023\/08\/Decision-17-Mejora-en-acceso-a-mercados-entre-Guatemala-y-Colombia-1.pdf\" target=\"_blank\" rel=\"noopener\">Decisi\u00f3n N\u00ba 17 Mejora en acceso a mercados entre Guatemala y Colombia<\/a><\/td>\n<\/tr>\n<tr>\n<td width=\"538\"><a href=\"http:\/\/infotrade.economia.gob.sv\/colombia\/wp-content\/uploads\/sites\/8\/2023\/08\/Decision-No-18-Mejora-de-acceso-a-mercados-Colombia-y-El-Salvador.pdf\" target=\"_blank\" rel=\"noopener\">Decisi\u00f3n N\u00ba 18 Mejora en acceso a mercados entre El Salvador y Colombia<\/a><\/td>\n<\/tr>\n<\/tbody>\n<\/table>\n<\/div>\n","protected":false},"excerpt":{"rendered":"<p>Decisiones Decisi\u00f3n N\u00ba 1 Reglas y Procedimientos de la Comisi\u00f3n Administradora del TLC Decisi\u00f3n N\u00ba 2 Fecha para corte de desgravaci\u00f3n arancelaria Decisi\u00f3n N\u00ba 3 Formato de certificado de origen e instructivo de llenado Decisi\u00f3n N\u00ba 4 Reglamentaciones Uniformes del Cap\u00edtulo 4 y Cap\u00edtulo 5 del TLC Decisi\u00f3n N\u00ba 5 Creaci\u00f3n del Comit\u00e9 de Compras [&hellip;]<\/p>\n","protected":false},"author":14,"featured_media":0,"parent":13,"menu_order":0,"comment_status":"closed","ping_status":"closed","template":"page-treaty","meta":{"footnotes":""},"class_list":["post-96","page","type-page","status-publish","hentry"],"_links":{"self":[{"href":"https:\/\/infotrade.economia.gob.sv\/colombia\/wp-json\/wp\/v2\/pages\/96","targetHints":{"allow":["GET"]}}],"collection":[{"href":"https:\/\/infotrade.economia.gob.sv\/colombia\/wp-json\/wp\/v2\/pages"}],"about":[{"href":"https:\/\/infotrade.economia.gob.sv\/colombia\/wp-json\/wp\/v2\/types\/page"}],"author":[{"embeddable":true,"href":"https:\/\/infotrade.economia.gob.sv\/colombia\/wp-json\/wp\/v2\/users\/14"}],"replies":[{"embeddable":true,"href":"https:\/\/infotrade.economia.gob.sv\/colombia\/wp-json\/wp\/v2\/comments?post=96"}],"version-history":[{"count":10,"href":"https:\/\/infotrade.economia.gob.sv\/colombia\/wp-json\/wp\/v2\/pages\/96\/revisions"}],"predecessor-version":[{"id":186,"href":"https:\/\/infotrade.economia.gob.sv\/colombia\/wp-json\/wp\/v2\/pages\/96\/revisions\/186"}],"up":[{"embeddable":true,"href":"https:\/\/infotrade.economia.gob.sv\/colombia\/wp-json\/wp\/v2\/pages\/13"}],"wp:attachment":[{"href":"https:\/\/infotrade.economia.gob.sv\/colombia\/wp-json\/wp\/v2\/media?parent=96"}],"curies":[{"name":"wp","href":"https:\/\/api.w.org\/{rel}","templated":true}]}}