{"id":2,"date":"2017-11-21T14:11:00","date_gmt":"2017-11-21T20:11:00","guid":{"rendered":"http:\/\/comext.minec.gob.sv\/corea\/?page_id=2"},"modified":"2019-08-08T13:06:07","modified_gmt":"2019-08-08T19:06:07","slug":"informacion-general","status":"publish","type":"page","link":"https:\/\/infotrade.economia.gob.sv\/corea\/","title":{"rendered":"Informaci\u00f3n General"},"content":{"rendered":"<h2 style=\"text-align: center;\"><img loading=\"lazy\" decoding=\"async\" class=\"alignnone wp-image-31\" src=\"http:\/\/infotrade.economia.gob.sv\/corea\/wp-content\/uploads\/sites\/17\/2017\/11\/KOR-flag.jpg\" alt=\"\" width=\"115\" height=\"115\" srcset=\"https:\/\/infotrade.economia.gob.sv\/corea\/wp-content\/uploads\/sites\/17\/2017\/11\/KOR-flag.jpg 200w, https:\/\/infotrade.economia.gob.sv\/corea\/wp-content\/uploads\/sites\/17\/2017\/11\/KOR-flag-150x150.jpg 150w\" sizes=\"auto, (max-width: 115px) 100vw, 115px\" \/><\/h2>\n<h2 style=\"text-align: left;\"><span style=\"color: #0000ff;\">Antecedentes<\/span><\/h2>\n<ul>\n<li>La negociaci\u00f3n entre Centroam\u00e9rica y la Rep\u00fablica de Corea (Corea del Sur) toman impulso a partir de la reuni\u00f3n del Ministro de Econom\u00eda con el Embajador de Corea del Sur ante OMC en septiembre de 2014.<\/li>\n<li>Lanzamiento oficial de las negociaciones entre Corea del Sur y Centroam\u00e9rica (incluyendo Panam\u00e1) fue celebrado en la ciudad de Houston, Texas el 18 de junio de 2015.<\/li>\n<li>Se traz\u00f3 una rigurosa y ambiciosa hoja de ruta con el objetivo de concluir las negociaciones en el per\u00edodo de 1 a\u00f1o.<\/li>\n<li>La negociaci\u00f3n se desarroll\u00f3 en 7 rondas, la primera de ellas en septiembre de 2015 y la \u00faltima en octubre de 2016.<\/li>\n<li>El cierre de las negociaciones se celebr\u00f3 el 16 de noviembre de 2016 en la ciudad de Managua, Nicaragua<\/li>\n<li>Conclusi\u00f3n de la revisi\u00f3n legal y r\u00fabrica de los textos fue el 10 de marzo de 2017.<\/li>\n<li>El Tratado fue suscrito el 21 de febrero de 2018.<\/li>\n<li>El Salvador ratific\u00f3 el Tratado el 21 de junio de 2018.<\/li>\n<li>La Rep\u00fablica de Corea ratifici\u00f3 el Tratado el 2 de agosto de 2019<\/li>\n<li>Traducci\u00f3n oficial de los textos: El acuerdo estar\u00e1 disponible en Ingl\u00e9s, Espa\u00f1ol y Coreano.<\/li>\n<\/ul>\n<hr \/>\n<h2><span style=\"color: #0000ff;\">Importancia de Corea del Sur<\/span><\/h2>\n<ul>\n<li>Corea del Sur se encuentra entre los 3 principales socios comerciales de El Salvador en el continente asi\u00e1tico junto a China Taiw\u00e1n y Jap\u00f3n.<\/li>\n<li>Las exportaciones de El Salvador hacia Corea del Sur alcanzaron los $13.2 millones para el a\u00f1o 2017, lo cual represent\u00f3 un crecimiento aproximando del 25%, en relaci\u00f3n con el a\u00f1o 2016.<\/li>\n<li>Las empresas de Corea del Sur establecidas en El Salvador generan m\u00e1s de 7,500 empleos y acumulan inversiones por US$40.6millones.<\/li>\n<li>Se encuentra dentro de los diez principales proveedores de productos para El Salvador, especialmente en rubros como maquinaria, equipo, productos de alta tecnolog\u00eda e insumos para la industria.<\/li>\n<li>Es la novena econom\u00eda m\u00e1s importadora del mundo, concentra cerca del 2.7% de las importaciones a nivel global. Corea importa m\u00e1s de dos tercios de los alimentos y productos agr\u00edcolas que necesita.<\/li>\n<li>Tiene varios socios comerciales en com\u00fan con El Salvador: Estados Unidos, Uni\u00f3n Europea, M\u00e9xico, Chile, Colombia, Taiw\u00e1n y Ecuador.<\/li>\n<\/ul>\n","protected":false},"excerpt":{"rendered":"<p>Antecedentes La negociaci\u00f3n entre Centroam\u00e9rica y la Rep\u00fablica de Corea (Corea del Sur) toman impulso a partir de la reuni\u00f3n del Ministro de Econom\u00eda con el Embajador de Corea del Sur ante OMC en septiembre de 2014. Lanzamiento oficial de las negociaciones entre Corea del Sur y Centroam\u00e9rica (incluyendo Panam\u00e1) fue celebrado en la ciudad [&hellip;]<\/p>\n","protected":false},"author":19,"featured_media":0,"parent":0,"menu_order":0,"comment_status":"closed","ping_status":"open","template":"page-treaty","meta":{"footnotes":""},"class_list":["post-2","page","type-page","status-publish","hentry"],"_links":{"self":[{"href":"https:\/\/infotrade.economia.gob.sv\/corea\/wp-json\/wp\/v2\/pages\/2","targetHints":{"allow":["GET"]}}],"collection":[{"href":"https:\/\/infotrade.economia.gob.sv\/corea\/wp-json\/wp\/v2\/pages"}],"about":[{"href":"https:\/\/infotrade.economia.gob.sv\/corea\/wp-json\/wp\/v2\/types\/page"}],"author":[{"embeddable":true,"href":"https:\/\/infotrade.economia.gob.sv\/corea\/wp-json\/wp\/v2\/users\/19"}],"replies":[{"embeddable":true,"href":"https:\/\/infotrade.economia.gob.sv\/corea\/wp-json\/wp\/v2\/comments?post=2"}],"version-history":[{"count":12,"href":"https:\/\/infotrade.economia.gob.sv\/corea\/wp-json\/wp\/v2\/pages\/2\/revisions"}],"predecessor-version":[{"id":206,"href":"https:\/\/infotrade.economia.gob.sv\/corea\/wp-json\/wp\/v2\/pages\/2\/revisions\/206"}],"wp:attachment":[{"href":"https:\/\/infotrade.economia.gob.sv\/corea\/wp-json\/wp\/v2\/media?parent=2"}],"curies":[{"name":"wp","href":"https:\/\/api.w.org\/{rel}","templated":true}]}}