{"id":216,"date":"2020-01-03T10:35:14","date_gmt":"2020-01-03T16:35:14","guid":{"rendered":"http:\/\/infotrade.economia.gob.sv\/corea\/?page_id=216"},"modified":"2024-01-03T16:55:16","modified_gmt":"2024-01-03T22:55:16","slug":"programa-de-desgravacion-arancelaria","status":"publish","type":"page","link":"https:\/\/infotrade.economia.gob.sv\/corea\/administracion-del-acuerdo\/programa-de-desgravacion-arancelaria\/","title":{"rendered":"Programa de desgravaci\u00f3n arancelaria"},"content":{"rendered":"<div class=\"entry-content\">\n<p>Esta secci\u00f3n contiene el Programa de Desgravaci\u00f3n Arancelaria (PDA) del TLC con la Rep\u00fablica de Corea, aplicado por El Salvador en el a\u00f1o 2021 y 2022.<\/p>\n<p>En caso tenga consultas sobre el PDA, puede ponerse en contacto con la oficina responsable:<\/p>\n<p>DIRECCI\u00d3N DE ADMINISTRACI\u00d3N DE TRATADOS COMERCIALES<br \/>\nDirecci\u00f3n: Alameda Juan Pablo II y Calle Guadalupe Edificio C1-C2, Centro de Gobierno, San Salvador, El Salvador.<br \/>\nTel\u00e9fonos: (+503) 2590-5788 y (+503) 2590-5790<br \/>\nEmail: <a href=\"mailto:datco@minec.gob.sv\">datco@minec.gob.sv<\/a><\/p>\n<p>Para descargar el Programa de Desgravaci\u00f3n Arancelaria con Corea, haga click sobre \u201c<strong>Descargar<\/strong>\u201d<\/p>\n<h3><a href=\"http:\/\/infotrade.economia.gob.sv\/corea\/wp-content\/uploads\/sites\/17\/2021\/02\/PDA-2021-REPUBLICA-DE-COREA.pdf\" target=\"_blank\" rel=\"noopener\">Descargar PDA 2021<\/a><\/h3>\n<h3><a href=\"\/corea\/wp-content\/uploads\/sites\/17\/2022\/06\/PDA-Republica-de-Corea-2022.pdf\" target=\"_blank\" rel=\"noopener\">Descargar PDA 2022<\/a><\/h3>\n<h3><a href=\"http:\/\/infotrade.economia.gob.sv\/corea\/wp-content\/uploads\/sites\/17\/2023\/01\/PDA-Republica-de-Corea-2023.pdf\" target=\"_blank\" rel=\"noopener\">Descargar PDA 2023<\/a><\/h3>\n<h3><a href=\"http:\/\/infotrade.economia.gob.sv\/corea\/wp-content\/uploads\/sites\/17\/2024\/01\/PDA-Republica-de-Corea-2024.pdf\">Descargar PDA 2024<\/a><\/h3>\n<\/div>\n","protected":false},"excerpt":{"rendered":"<p>Esta secci\u00f3n contiene el Programa de Desgravaci\u00f3n Arancelaria (PDA) del TLC con la Rep\u00fablica de Corea, aplicado por El Salvador en el a\u00f1o 2021 y 2022. En caso tenga consultas sobre el PDA, puede ponerse en contacto con la oficina responsable: DIRECCI\u00d3N DE ADMINISTRACI\u00d3N DE TRATADOS COMERCIALES Direcci\u00f3n: Alameda Juan Pablo II y Calle Guadalupe [&hellip;]<\/p>\n","protected":false},"author":20,"featured_media":0,"parent":6,"menu_order":0,"comment_status":"closed","ping_status":"closed","template":"page-treaty","meta":{"footnotes":""},"class_list":["post-216","page","type-page","status-publish","hentry"],"_links":{"self":[{"href":"https:\/\/infotrade.economia.gob.sv\/corea\/wp-json\/wp\/v2\/pages\/216","targetHints":{"allow":["GET"]}}],"collection":[{"href":"https:\/\/infotrade.economia.gob.sv\/corea\/wp-json\/wp\/v2\/pages"}],"about":[{"href":"https:\/\/infotrade.economia.gob.sv\/corea\/wp-json\/wp\/v2\/types\/page"}],"author":[{"embeddable":true,"href":"https:\/\/infotrade.economia.gob.sv\/corea\/wp-json\/wp\/v2\/users\/20"}],"replies":[{"embeddable":true,"href":"https:\/\/infotrade.economia.gob.sv\/corea\/wp-json\/wp\/v2\/comments?post=216"}],"version-history":[{"count":8,"href":"https:\/\/infotrade.economia.gob.sv\/corea\/wp-json\/wp\/v2\/pages\/216\/revisions"}],"predecessor-version":[{"id":599,"href":"https:\/\/infotrade.economia.gob.sv\/corea\/wp-json\/wp\/v2\/pages\/216\/revisions\/599"}],"up":[{"embeddable":true,"href":"https:\/\/infotrade.economia.gob.sv\/corea\/wp-json\/wp\/v2\/pages\/6"}],"wp:attachment":[{"href":"https:\/\/infotrade.economia.gob.sv\/corea\/wp-json\/wp\/v2\/media?parent=216"}],"curies":[{"name":"wp","href":"https:\/\/api.w.org\/{rel}","templated":true}]}}