{"id":2,"date":"2015-07-01T16:24:23","date_gmt":"2015-07-01T22:24:23","guid":{"rendered":"http:\/\/www.minec.gob.sv\/comercioexterior\/cuba\/?page_id=2"},"modified":"2019-06-07T10:14:41","modified_gmt":"2019-06-07T16:14:41","slug":"pagina-ejemplo","status":"publish","type":"page","link":"https:\/\/infotrade.economia.gob.sv\/cuba\/pagina-ejemplo\/","title":{"rendered":"Informaci\u00f3n General"},"content":{"rendered":"<h1>Acuerdo de Alcance Parcial El Salvador \u2013 Cuba<\/h1>\n<p><a href=\"\/cuba\/wp-content\/uploads\/sites\/11\/2015\/03\/cu-lgflag.gif\"><img loading=\"lazy\" decoding=\"async\" class=\"wp-image-34\" src=\"\/cuba\/wp-content\/uploads\/sites\/11\/2015\/03\/cu-lgflag.gif\" alt=\"cu-lgflag\" width=\"200\" height=\"100\" \/><\/a><\/p>\n<p>Se suscribi\u00f3 en octubre de 2010 y entr\u00f3 en vigencia el 1\u00b0 de agosto del 2012.<\/p>\n<p>El Salvador otorga tratamiento arancelario preferencial a 758 productos cubanos; Mientras tanto, Cuba aplica aranceles preferenciales a 494 productos salvadore\u00f1os.<\/p>\n<p>Las exportaciones al mercado cubano se han incrementado de US$ 2.7 millones en 2012 a US$ 16.7 millones en 2018, lo que equivale a un incremento de 514.0%.<\/p>\n<p>Entre los principales productos exportados a Cuba se encuentran: manufacturas de concreto, cajas de cart\u00f3n, n\u00e9ctares de fruta, medicamentos y sueros intravenosos, tornillos y pernos, l\u00e1minas de pl\u00e1stico, entre otros.<\/p>\n<p>Por el lado de las importaciones procedentes de Cuba pasaron de US$ 0.3 millones en 2012 a US$0.4 millones en 2018, lo que equivale a un incremento de 36.5%.<\/p>\n<p>Entre los principales productos de importaci\u00f3n se encuentran: medicamentos, reactivos para diagn\u00f3stico, aparatos para la industria m\u00e9dica, insumos para el sector qu\u00edmico \u2013 farmac\u00e9utico, puros (tabaco) y bebidas alcoh\u00f3licas.<\/p>\n<p style=\"text-align: center;\"><img loading=\"lazy\" decoding=\"async\" class=\"alignnone  wp-image-56\" src=\"http:\/\/infotrade.economia.gob.sv\/cuba\/wp-content\/uploads\/sites\/12\/Expo-Cuba-2018.jpg\" alt=\"\" width=\"373\" height=\"197\" \/><\/p>\n<p style=\"text-align: center;\">Fuente: BCR.<\/p>\n<p>Con la profundizaci\u00f3n del Acuerdo efectuada en octubre de 2018, se incorporaron 111 productos salvadore\u00f1os y 104 productos cubanos al tratamiento arancelario preferencial. Entre los productos salvadore\u00f1os que se beneficiaron con dicha profundizaci\u00f3n se encuentran: preparaciones alimenticias; jugos y n\u00e9ctares; arroz; caf\u00e9 y cacao en grano tostados y sus preparaciones; ma\u00edz para la siembra y harina de ma\u00edz; cajas y diversos productos pl\u00e1sticos; cemento, herramientas agr\u00edcolas; sacos polipropilenos y productos a base de cereal insuflados, entre otros.<\/p>\n","protected":false},"excerpt":{"rendered":"<p>Acuerdo de Alcance Parcial El Salvador \u2013 Cuba Se suscribi\u00f3 en octubre de 2010 y entr\u00f3 en vigencia el 1\u00b0 de agosto del 2012. El Salvador otorga tratamiento arancelario preferencial a 758 productos cubanos; Mientras tanto, Cuba aplica aranceles preferenciales a 494 productos salvadore\u00f1os. Las exportaciones al mercado cubano se han incrementado de US$ 2.7 [&hellip;]<\/p>\n","protected":false},"author":11,"featured_media":0,"parent":0,"menu_order":0,"comment_status":"closed","ping_status":"open","template":"page-treaty","meta":{"footnotes":""},"class_list":["post-2","page","type-page","status-publish","hentry"],"_links":{"self":[{"href":"https:\/\/infotrade.economia.gob.sv\/cuba\/wp-json\/wp\/v2\/pages\/2","targetHints":{"allow":["GET"]}}],"collection":[{"href":"https:\/\/infotrade.economia.gob.sv\/cuba\/wp-json\/wp\/v2\/pages"}],"about":[{"href":"https:\/\/infotrade.economia.gob.sv\/cuba\/wp-json\/wp\/v2\/types\/page"}],"author":[{"embeddable":true,"href":"https:\/\/infotrade.economia.gob.sv\/cuba\/wp-json\/wp\/v2\/users\/11"}],"replies":[{"embeddable":true,"href":"https:\/\/infotrade.economia.gob.sv\/cuba\/wp-json\/wp\/v2\/comments?post=2"}],"version-history":[{"count":7,"href":"https:\/\/infotrade.economia.gob.sv\/cuba\/wp-json\/wp\/v2\/pages\/2\/revisions"}],"predecessor-version":[{"id":59,"href":"https:\/\/infotrade.economia.gob.sv\/cuba\/wp-json\/wp\/v2\/pages\/2\/revisions\/59"}],"wp:attachment":[{"href":"https:\/\/infotrade.economia.gob.sv\/cuba\/wp-json\/wp\/v2\/media?parent=2"}],"curies":[{"name":"wp","href":"https:\/\/api.w.org\/{rel}","templated":true}]}}