{"id":20,"date":"2016-09-29T00:49:27","date_gmt":"2016-09-29T06:49:27","guid":{"rendered":"http:\/\/comext.minec.gob.sv\/cuba\/?page_id=20"},"modified":"2017-12-01T13:34:49","modified_gmt":"2017-12-01T19:34:49","slug":"marco-normativo","status":"publish","type":"page","link":"https:\/\/infotrade.economia.gob.sv\/cuba\/","title":{"rendered":"Marco Normativo"},"content":{"rendered":"<div class=\"table-responsive\">\n<table class=\"table table-bordered table-striped table-hover\">\n<tbody>\n<tr>\n<td width=\"561\"><a href=\"\/cuba\/wp-content\/uploads\/sites\/12\/marco_normativo-aap-es-cuba-texto.pdf\" target=\"_blank\" rel=\"noopener\"><strong><span style=\"color: #0000ff;\">Acuerdo de Alcance Parcial entre la Rep\u00fablica de El Salvador y la Rep\u00fablica de Cuba<\/span><\/strong><\/a><\/td>\n<\/tr>\n<tr>\n<td><a href=\"\/cuba\/wp-content\/uploads\/sites\/12\/marco_normativo-aap-es-cuba-anexos.pdf\" target=\"_blank\" rel=\"noopener\"><strong><span style=\"color: #0000ff;\">Anexos. Acuerdo de Alcance Parcial entre la Rep\u00fablica de El Salvador y la Rep\u00fablica de Cuba<\/span><\/strong><\/a><\/td>\n<\/tr>\n<\/tbody>\n<\/table>\n<p>&nbsp;<\/p>\n<\/div>\n","protected":false},"excerpt":{"rendered":"<p>Acuerdo de Alcance Parcial entre la Rep\u00fablica de El Salvador y la Rep\u00fablica de Cuba Anexos. Acuerdo de Alcance Parcial entre la Rep\u00fablica de El Salvador y la Rep\u00fablica de Cuba &nbsp;<\/p>\n","protected":false},"author":13,"featured_media":0,"parent":0,"menu_order":0,"comment_status":"closed","ping_status":"closed","template":"page-treaty","meta":{"footnotes":""},"class_list":["post-20","page","type-page","status-publish","hentry"],"_links":{"self":[{"href":"https:\/\/infotrade.economia.gob.sv\/cuba\/wp-json\/wp\/v2\/pages\/20","targetHints":{"allow":["GET"]}}],"collection":[{"href":"https:\/\/infotrade.economia.gob.sv\/cuba\/wp-json\/wp\/v2\/pages"}],"about":[{"href":"https:\/\/infotrade.economia.gob.sv\/cuba\/wp-json\/wp\/v2\/types\/page"}],"author":[{"embeddable":true,"href":"https:\/\/infotrade.economia.gob.sv\/cuba\/wp-json\/wp\/v2\/users\/13"}],"replies":[{"embeddable":true,"href":"https:\/\/infotrade.economia.gob.sv\/cuba\/wp-json\/wp\/v2\/comments?post=20"}],"version-history":[{"count":5,"href":"https:\/\/infotrade.economia.gob.sv\/cuba\/wp-json\/wp\/v2\/pages\/20\/revisions"}],"predecessor-version":[{"id":45,"href":"https:\/\/infotrade.economia.gob.sv\/cuba\/wp-json\/wp\/v2\/pages\/20\/revisions\/45"}],"wp:attachment":[{"href":"https:\/\/infotrade.economia.gob.sv\/cuba\/wp-json\/wp\/v2\/media?parent=20"}],"curies":[{"name":"wp","href":"https:\/\/api.w.org\/{rel}","templated":true}]}}