{"id":74,"date":"2022-07-28T14:46:29","date_gmt":"2022-07-28T20:46:29","guid":{"rendered":"http:\/\/infotrade.economia.gob.sv\/cuba\/?page_id=74"},"modified":"2022-07-28T14:52:02","modified_gmt":"2022-07-28T20:52:02","slug":"documentos-de-origen","status":"publish","type":"page","link":"https:\/\/infotrade.economia.gob.sv\/cuba\/administracion-del-acuerdo\/documentos-de-origen\/","title":{"rendered":"Documentos de Origen"},"content":{"rendered":"<p>De acuerdo con lo establecido en el Art\u00edculo 13 del Cap\u00edtulo III \u201cCertificaci\u00f3n y Emisi\u00f3n de Certificados de Origen\u201d del Anexo 3 del texto del Acuerdo, el importador podr\u00e1 solicitar tratamiento arancelario preferencial presentando un certificado de origen, el cual debe ser certificado por la autoridad certificadora de la Parte exportador, el mismo previamente debe ser llenado, firmado y fechado por el exportador o el productor para cada exportaci\u00f3n de mercanc\u00edas, realizada a trav\u00e9s de una declaraci\u00f3n jurada.<\/p>\n<p>&nbsp;<\/p>\n<p>En caso de que el exportador no sea el productor el primero deber\u00e1 llenar, firmar y fechar el certificado de origen con fundamento en:<\/p>\n<ul>\n<li>Su conocimiento respecto de si la mercanc\u00eda es originaria; o<\/li>\n<li>La declaraci\u00f3n jurada proporcionada voluntariamente por el productor al exportador<\/li>\n<\/ul>\n\n\n<figure class=\"wp-block-table is-style-stripes\"><table><tbody><tr><td><strong>Documentos<\/strong><\/td><td><\/td><\/tr><tr><td>Certificado de origen AAP El Salvador -Cuba<\/td><td><a href=\"\/cuba\/wp-content\/uploads\/sites\/12\/Certificado-de-origen-Acuerdo-de-Alcance-Parcial-Cuba-El-Salvador..pdf\" target=\"_blank\" rel=\"noopener\">Descargar<\/a><\/td><\/tr><\/tbody><\/table><\/figure>\n","protected":false},"excerpt":{"rendered":"<p>De acuerdo con lo establecido en el Art\u00edculo 13 del Cap\u00edtulo III \u201cCertificaci\u00f3n y Emisi\u00f3n de Certificados de Origen\u201d del Anexo 3 del texto del Acuerdo, el importador podr\u00e1 solicitar tratamiento arancelario preferencial presentando un certificado de origen, el cual debe ser certificado por la autoridad certificadora de la Parte exportador, el mismo previamente debe [&hellip;]<\/p>\n","protected":false},"author":20,"featured_media":0,"parent":27,"menu_order":2,"comment_status":"closed","ping_status":"closed","template":"page-treaty","meta":{"footnotes":""},"class_list":["post-74","page","type-page","status-publish","hentry"],"_links":{"self":[{"href":"https:\/\/infotrade.economia.gob.sv\/cuba\/wp-json\/wp\/v2\/pages\/74","targetHints":{"allow":["GET"]}}],"collection":[{"href":"https:\/\/infotrade.economia.gob.sv\/cuba\/wp-json\/wp\/v2\/pages"}],"about":[{"href":"https:\/\/infotrade.economia.gob.sv\/cuba\/wp-json\/wp\/v2\/types\/page"}],"author":[{"embeddable":true,"href":"https:\/\/infotrade.economia.gob.sv\/cuba\/wp-json\/wp\/v2\/users\/20"}],"replies":[{"embeddable":true,"href":"https:\/\/infotrade.economia.gob.sv\/cuba\/wp-json\/wp\/v2\/comments?post=74"}],"version-history":[{"count":3,"href":"https:\/\/infotrade.economia.gob.sv\/cuba\/wp-json\/wp\/v2\/pages\/74\/revisions"}],"predecessor-version":[{"id":85,"href":"https:\/\/infotrade.economia.gob.sv\/cuba\/wp-json\/wp\/v2\/pages\/74\/revisions\/85"}],"up":[{"embeddable":true,"href":"https:\/\/infotrade.economia.gob.sv\/cuba\/wp-json\/wp\/v2\/pages\/27"}],"wp:attachment":[{"href":"https:\/\/infotrade.economia.gob.sv\/cuba\/wp-json\/wp\/v2\/media?parent=74"}],"curies":[{"name":"wp","href":"https:\/\/api.w.org\/{rel}","templated":true}]}}