{"id":11,"date":"2017-10-16T16:23:27","date_gmt":"2017-10-16T22:23:27","guid":{"rendered":"http:\/\/comext.minec.gob.sv\/ecuador\/?page_id=11"},"modified":"2017-12-01T13:35:16","modified_gmt":"2017-12-01T19:35:16","slug":"marco-normativo","status":"publish","type":"page","link":"https:\/\/infotrade.economia.gob.sv\/ecuador\/marco-normativo\/","title":{"rendered":"Marco Normativo"},"content":{"rendered":"<ul>\n<li><a href=\"http:\/\/infotrade.economia.gob.sv\/ecuador\/wp-content\/uploads\/sites\/15\/2017\/11\/26.01.2017-ACUERDO-DE-ALCANCE-PARCIAL-SALVADOR-ECUADOR-y-ANEXOS.pdf\" target=\"_blank\" rel=\"noopener\"><span style=\"color: #0000ff;\"><strong>Acuerdo de Alcance Parcial de Complementaci\u00f3n Econ\u00f3mica entre el Gobierno de la Rep\u00fablica de El Salvador y el Gobierno de la Rep\u00fablica de Ecuador<\/strong><\/span><\/a><\/li>\n<\/ul>\n","protected":false},"excerpt":{"rendered":"<p>Acuerdo de Alcance Parcial de Complementaci\u00f3n Econ\u00f3mica entre el Gobierno de la Rep\u00fablica de El Salvador y el Gobierno de la Rep\u00fablica de Ecuador<\/p>\n","protected":false},"author":12,"featured_media":0,"parent":0,"menu_order":0,"comment_status":"closed","ping_status":"closed","template":"page-treaty","meta":{"footnotes":""},"class_list":["post-11","page","type-page","status-publish","hentry"],"_links":{"self":[{"href":"https:\/\/infotrade.economia.gob.sv\/ecuador\/wp-json\/wp\/v2\/pages\/11","targetHints":{"allow":["GET"]}}],"collection":[{"href":"https:\/\/infotrade.economia.gob.sv\/ecuador\/wp-json\/wp\/v2\/pages"}],"about":[{"href":"https:\/\/infotrade.economia.gob.sv\/ecuador\/wp-json\/wp\/v2\/types\/page"}],"author":[{"embeddable":true,"href":"https:\/\/infotrade.economia.gob.sv\/ecuador\/wp-json\/wp\/v2\/users\/12"}],"replies":[{"embeddable":true,"href":"https:\/\/infotrade.economia.gob.sv\/ecuador\/wp-json\/wp\/v2\/comments?post=11"}],"version-history":[{"count":5,"href":"https:\/\/infotrade.economia.gob.sv\/ecuador\/wp-json\/wp\/v2\/pages\/11\/revisions"}],"predecessor-version":[{"id":60,"href":"https:\/\/infotrade.economia.gob.sv\/ecuador\/wp-json\/wp\/v2\/pages\/11\/revisions\/60"}],"wp:attachment":[{"href":"https:\/\/infotrade.economia.gob.sv\/ecuador\/wp-json\/wp\/v2\/media?parent=11"}],"curies":[{"name":"wp","href":"https:\/\/api.w.org\/{rel}","templated":true}]}}