{"id":2,"date":"2017-10-16T16:17:42","date_gmt":"2017-10-16T22:17:42","guid":{"rendered":"http:\/\/comext.minec.gob.sv\/ecuador\/?page_id=2"},"modified":"2017-12-07T10:54:00","modified_gmt":"2017-12-07T16:54:00","slug":"pagina-ejemplo","status":"publish","type":"page","link":"https:\/\/infotrade.economia.gob.sv\/ecuador\/","title":{"rendered":"Informaci\u00f3n General"},"content":{"rendered":"<h2><\/h2>\n<h2><img loading=\"lazy\" decoding=\"async\" class=\"aligncenter wp-image-57 size-thumbnail\" src=\"http:\/\/infotrade.economia.gob.sv\/ecuador\/wp-content\/uploads\/sites\/15\/2017\/11\/Bandera-06-ecuador-1-150x150.jpg\" alt=\"Ecuador\" width=\"150\" height=\"150\" srcset=\"https:\/\/infotrade.economia.gob.sv\/ecuador\/wp-content\/uploads\/sites\/15\/2017\/11\/Bandera-06-ecuador-1-150x150.jpg 150w, https:\/\/infotrade.economia.gob.sv\/ecuador\/wp-content\/uploads\/sites\/15\/2017\/11\/Bandera-06-ecuador-1.jpg 200w\" sizes=\"auto, (max-width: 150px) 100vw, 150px\" \/><\/h2>\n<h2><strong><span style=\"color: #0000ff;\">An<\/span><\/strong><strong><span style=\"color: #0000ff;\">tecedentes:<\/span> <\/strong><\/h2>\n<p>En el marco de las respectivas pol\u00edticas comerciales de los Gobiernos de El Salvador y Ecuador, los dos pa\u00edses iniciaron negociaciones para la suscripci\u00f3n de un Acuerdo de Alcance Parcial de Complementaci\u00f3n Econ\u00f3mica (AAP). En raz\u00f3n de lo anterior, el 9 de marzo de 2012, suscribieron en San Salvador el \u201cMarco General para la Negociaci\u00f3n de un Acuerdo de Alcance Parcial de Complementaci\u00f3n Econ\u00f3mica a Suscribirse entre la Rep\u00fablica del Ecuador y la Rep\u00fablica de El Salvador\u201d.<\/p>\n<p>En dicho instrumento se estableci\u00f3 que el objetivo de la negociaci\u00f3n ser\u00eda la de fortalecer las relaciones comerciales existentes entre las Partes a trav\u00e9s de la firma de un Acuerdo, el cual establezca preferencias arancelarias para los productos que califiquen como originarios de las Partes, y la eliminaci\u00f3n de restricciones no arancelarias en el comercio bilateral, sobre una base previsible, transparente y permanente.<\/p>\n<p><strong>El AAP comprende las siguientes disciplinas:<\/strong><\/p>\n<p>Acceso a Mercados; R\u00e9gimen de Origen, Procedimientos Aduaneros relacionados con el Origen de las Mercanc\u00edas y Facilitaci\u00f3n al Comercio; Medidas Sanitarias y Fitosanitarias; Obst\u00e1culos T\u00e9cnicos al Comercio; Defensa Comercial; Soluci\u00f3n de Controversias; y Cooperaci\u00f3n Comercial. Asimismo, comprende las normativas institucionales pertinentes.<\/p>\n<p>Dentro de los principales productos importados por El Salvador desde Ecuador se encuentran petr\u00f3leo crudo, atunes, electrodom\u00e9sticos, art\u00edculos de cer\u00e1mica para ba\u00f1o, medicamentos y otros productos de la pesca. Por su parte, El Salvador exporta a Ecuador productos de papel y cart\u00f3n, manufacturas de hierro y acero, productos de la confecci\u00f3n, escaleras de fibra de vidrio y manufacturas de amianto.<\/p>\n<hr \/>\n<h2><span style=\"color: #0000ff;\">Rondas de negociaci\u00f3n<\/span><\/h2>\n<ul>\n<li>En el proceso de negociaci\u00f3n llev\u00f3 a cabo en cuatro rondas:<\/li>\n<li>I Ronda de negociaci\u00f3n: 4 al 6 de julio de 2012, San Salvador.<\/li>\n<li>II Ronda de negociaci\u00f3n: 17 al 19 de octubre de 2012, Quito.<\/li>\n<li>III Ronda de negociaci\u00f3n: 11 al 15 de abril de 2016, Quito.<\/li>\n<li>IV Ronda de negociaci\u00f3n: 29 de agosto al 2 de septiembre de 2016, San Salvador.<\/li>\n<\/ul>\n<hr \/>\n<ul>\n<li>Durante la \u00faltima ronda de negociaciones se finaliz\u00f3 el proceso de revisi\u00f3n legal de los textos normativos y los Jefes Negociadores rubricaron los mismos, quedando pendiente acordar \u00fanicamente los anexos y ap\u00e9ndices de acceso a mercados y de reglas de origen.<\/li>\n<li>Con esta negociaci\u00f3n se est\u00e1n abriendo oportunidades de exportaci\u00f3n hacia Ecuador a 214 productos salvadore\u00f1os de los sectores textil y confecci\u00f3n, pl\u00e1sticos, confites, chocolates, snacks, jugos y n\u00e9ctares, az\u00facar, entre otros.<\/li>\n<li>Se est\u00e1 logrando acceso inmediato al mercado ecuatoriano para 161 productos salvadore\u00f1os, entre ellos: bolsas de papel, Calzado de pl\u00e1stico, n\u00e9ctares, snacks, medicamentos, productos de belleza, pl\u00e1sticos (tubos y vajillas), puertas y ventanas, muebles de madera y \u00fatiles escolares.<\/li>\n<\/ul>\n<hr \/>\n<p><strong>Dentro de los productos con acceso parcial se encuentran<\/strong>:<\/p>\n<ul>\n<li>Con 80% de descuento: Panader\u00eda, mezclas de jugos, accesorios pl\u00e1sticos, papel y cart\u00f3n, \u00fatiles escolares, utensilios de cocina, bisagras para veh\u00edculos y mochilas rociadoras<\/li>\n<li>Con 50% de descuento: Confites, pl\u00e1sticos (bolsas termoencogibles y envases), preparaciones de alimentos, papel higi\u00e9nico, placas y paneles de asbesto.<\/li>\n<li>Con 30% de descuento: Frijoles, hortalizas, adornos y manufacturas de madera.<\/li>\n<\/ul>\n<p>&nbsp;<\/p>\n<ul>\n<li>El Acuerdo contiene un componente de cooperaci\u00f3n, mediante el cual Ecuador brindar\u00e1 asistencia t\u00e9cnica en materia agr\u00edcola, particularmente en lo que se refiere a la investigaci\u00f3n agr\u00edcola en el cultivo de productos b\u00e1sicos, manejo de los recursos h\u00eddricos para uso agr\u00edcola y adem\u00e1s, compartir\u00e1n su experiencia sobre las estrategias para impulsar al sector de cacao.<\/li>\n<li>Asimismo, en el Acuerdo se deja abierta la posibilidad de que las Partes utilicen mecanismos alternativos para la canalizaci\u00f3n de pagos internacionales resultantes de las operaciones de comercio rec\u00edproco que se deriven de la aplicaci\u00f3n del AAP.<\/li>\n<li>A la entrada en vigor del acuerdo se espera facilitar que los importadores salvadore\u00f1os puedan importar insumos ecuatorianos para la fabricaci\u00f3n de calzado, n\u00e9ctares y manufacturas de aluminio. Tambi\u00e9n incluye beneficios arancelarios para la importaci\u00f3n de flores, hortalizas, productos de cacao, neum\u00e1ticos, muebles y productos de l\u00ednea blanca.<\/li>\n<\/ul>\n<hr \/>\n<h2><span style=\"color: #0000ff;\">Suscripci\u00f3n y entrada en vigor<\/span><\/h2>\n<ul>\n<li>El Acuerdo fue suscrito el 13 de febrero de 2017 en Quito.<\/li>\n<li>El Acuerdo entr\u00f3 en vigor el 16 de noviembre de 2017.<\/li>\n<\/ul>\n<p>&nbsp;<\/p>\n","protected":false},"excerpt":{"rendered":"<p>Antecedentes: En el marco de las respectivas pol\u00edticas comerciales de los Gobiernos de El Salvador y Ecuador, los dos pa\u00edses iniciaron negociaciones para la suscripci\u00f3n de un Acuerdo de Alcance Parcial de Complementaci\u00f3n Econ\u00f3mica (AAP). En raz\u00f3n de lo anterior, el 9 de marzo de 2012, suscribieron en San Salvador el \u201cMarco General para la [&hellip;]<\/p>\n","protected":false},"author":17,"featured_media":0,"parent":0,"menu_order":0,"comment_status":"closed","ping_status":"open","template":"page-treaty","meta":{"footnotes":""},"class_list":["post-2","page","type-page","status-publish","hentry"],"_links":{"self":[{"href":"https:\/\/infotrade.economia.gob.sv\/ecuador\/wp-json\/wp\/v2\/pages\/2","targetHints":{"allow":["GET"]}}],"collection":[{"href":"https:\/\/infotrade.economia.gob.sv\/ecuador\/wp-json\/wp\/v2\/pages"}],"about":[{"href":"https:\/\/infotrade.economia.gob.sv\/ecuador\/wp-json\/wp\/v2\/types\/page"}],"author":[{"embeddable":true,"href":"https:\/\/infotrade.economia.gob.sv\/ecuador\/wp-json\/wp\/v2\/users\/17"}],"replies":[{"embeddable":true,"href":"https:\/\/infotrade.economia.gob.sv\/ecuador\/wp-json\/wp\/v2\/comments?post=2"}],"version-history":[{"count":6,"href":"https:\/\/infotrade.economia.gob.sv\/ecuador\/wp-json\/wp\/v2\/pages\/2\/revisions"}],"predecessor-version":[{"id":62,"href":"https:\/\/infotrade.economia.gob.sv\/ecuador\/wp-json\/wp\/v2\/pages\/2\/revisions\/62"}],"wp:attachment":[{"href":"https:\/\/infotrade.economia.gob.sv\/ecuador\/wp-json\/wp\/v2\/media?parent=2"}],"curies":[{"name":"wp","href":"https:\/\/api.w.org\/{rel}","templated":true}]}}