{"id":28,"date":"2017-11-20T11:32:56","date_gmt":"2017-11-20T17:32:56","guid":{"rendered":"http:\/\/comext.minec.gob.sv\/ecuador\/?page_id=28"},"modified":"2024-01-03T16:46:15","modified_gmt":"2024-01-03T22:46:15","slug":"programa-de-desgravacion","status":"publish","type":"page","link":"https:\/\/infotrade.economia.gob.sv\/ecuador\/administracion-del-acuerdo\/programa-de-desgravacion\/","title":{"rendered":"Programa de Desgravaci\u00f3n"},"content":{"rendered":"<div class=\"entry-content\">\n<p>Esta secci\u00f3n contiene el Programa de Desgravaci\u00f3n Arancelaria (PDA) del Acuerdo de Alcance Parcial con Ecuador, aplicado por El Salvador para el a\u00f1o 2021 y 2022.<\/p>\n<p>En caso tenga consultas sobre el PDA, puede ponerse en contacto con la oficina responsable:<\/p>\n<p>DIRECCI\u00d3N DE ADMINISTRACI\u00d3N DE TRATADOS COMERCIALES Direcci\u00f3n: Alameda Juan Pablo II y Calle Guadalupe Edificio C1-C2, Centro de Gobierno, San Salvador, El Salvador. Tel\u00e9fonos: (+503) 2590-5788 y (+503) 2590-5790 Email: <a href=\"mailto:datco@minec.gob.sv\">datco@minec.gob.sv<\/a><\/p>\n<p>Para descargar el Programa de Desgravaci\u00f3n Arancelaria para Ecuador, haga click sobre \u201c<strong>Descargar<\/strong>\u201d<\/p>\n<h3><a href=\"http:\/\/infotrade.economia.gob.sv\/ecuador\/wp-content\/uploads\/sites\/15\/2021\/02\/PDA-2021-APP-ECUADOR.pdf\" target=\"_blank\" rel=\"noopener\">Descargar PDA 2021<\/a><\/h3>\n<h3><a href=\"\/ecuador\/wp-content\/uploads\/sites\/15\/2022\/06\/PDA-Ecuador-2022.pdf\" target=\"_blank\" rel=\"noopener\">Descargar PDA 2022<\/a><\/h3>\n<h3><a href=\"http:\/\/infotrade.economia.gob.sv\/ecuador\/wp-content\/uploads\/sites\/15\/2023\/01\/PDA-Ecuador-2023.pdf\" target=\"_blank\" rel=\"noopener\">Descargar PDA 2023<\/a><\/h3>\n<h3><a href=\"http:\/\/infotrade.economia.gob.sv\/ecuador\/wp-content\/uploads\/sites\/15\/2024\/01\/PDA-Ecuador-2024.pdf\">Descargar PDA 2024<\/a><\/h3>\n<\/div>\n","protected":false},"excerpt":{"rendered":"<p>Esta secci\u00f3n contiene el Programa de Desgravaci\u00f3n Arancelaria (PDA) del Acuerdo de Alcance Parcial con Ecuador, aplicado por El Salvador para el a\u00f1o 2021 y 2022. En caso tenga consultas sobre el PDA, puede ponerse en contacto con la oficina responsable: DIRECCI\u00d3N DE ADMINISTRACI\u00d3N DE TRATADOS COMERCIALES Direcci\u00f3n: Alameda Juan Pablo II y Calle Guadalupe [&hellip;]<\/p>\n","protected":false},"author":17,"featured_media":0,"parent":8,"menu_order":2,"comment_status":"closed","ping_status":"closed","template":"page-treaty","meta":{"footnotes":""},"class_list":["post-28","page","type-page","status-publish","hentry"],"_links":{"self":[{"href":"https:\/\/infotrade.economia.gob.sv\/ecuador\/wp-json\/wp\/v2\/pages\/28","targetHints":{"allow":["GET"]}}],"collection":[{"href":"https:\/\/infotrade.economia.gob.sv\/ecuador\/wp-json\/wp\/v2\/pages"}],"about":[{"href":"https:\/\/infotrade.economia.gob.sv\/ecuador\/wp-json\/wp\/v2\/types\/page"}],"author":[{"embeddable":true,"href":"https:\/\/infotrade.economia.gob.sv\/ecuador\/wp-json\/wp\/v2\/users\/17"}],"replies":[{"embeddable":true,"href":"https:\/\/infotrade.economia.gob.sv\/ecuador\/wp-json\/wp\/v2\/comments?post=28"}],"version-history":[{"count":15,"href":"https:\/\/infotrade.economia.gob.sv\/ecuador\/wp-json\/wp\/v2\/pages\/28\/revisions"}],"predecessor-version":[{"id":109,"href":"https:\/\/infotrade.economia.gob.sv\/ecuador\/wp-json\/wp\/v2\/pages\/28\/revisions\/109"}],"up":[{"embeddable":true,"href":"https:\/\/infotrade.economia.gob.sv\/ecuador\/wp-json\/wp\/v2\/pages\/8"}],"wp:attachment":[{"href":"https:\/\/infotrade.economia.gob.sv\/ecuador\/wp-json\/wp\/v2\/media?parent=28"}],"curies":[{"name":"wp","href":"https:\/\/api.w.org\/{rel}","templated":true}]}}