{"id":33,"date":"2017-11-20T11:51:53","date_gmt":"2017-11-20T17:51:53","guid":{"rendered":"http:\/\/comext.minec.gob.sv\/ecuador\/?page_id=33"},"modified":"2022-07-28T15:04:09","modified_gmt":"2022-07-28T21:04:09","slug":"decisiones","status":"publish","type":"page","link":"https:\/\/infotrade.economia.gob.sv\/ecuador\/administracion-del-acuerdo\/decisiones\/","title":{"rendered":"Decisiones"},"content":{"rendered":"<div class=\"table-responsive\">\n<table class=\"table table-bordered table-striped table-hover\">\n<tbody>\n<tr>\n<td width=\"561\"><a href=\"\/ecuador\/wp-content\/uploads\/sites\/15\/2017\/11\/DECISION-N-1-REGLAS-DE-PROCEDIMIENTO.pdf\" target=\"_blank\" rel=\"noopener\">Decisi\u00f3n No 1. Aprobaci\u00f3n de las Reglas de Procedimiento de la Comisi\u00f3n Administradora del Acuerdo<\/a><\/td>\n<\/tr>\n<tr>\n<td width=\"561\"><a href=\"http:\/\/infotrade.economia.gob.sv\/ecuador\/wp-content\/uploads\/sites\/15\/2017\/11\/DECISION-N-2-CERTIFICADO-DE-ORIGEN.pdf\" target=\"_blank\" rel=\"noopener\">Decisi\u00f3n No 2. Formato de Certificado de Origen y notificaci\u00f3n de las Autoridades Competentes o Entidades Habilitadas y firmas para la emisi\u00f3n y control de la expedici\u00f3n de los certificados de origen<\/a><\/td>\n<\/tr>\n<\/tbody>\n<\/table>\n<\/div>\n","protected":false},"excerpt":{"rendered":"<p>Decisi\u00f3n No 1. Aprobaci\u00f3n de las Reglas de Procedimiento de la Comisi\u00f3n Administradora del Acuerdo Decisi\u00f3n No 2. Formato de Certificado de Origen y notificaci\u00f3n de las Autoridades Competentes o Entidades Habilitadas y firmas para la emisi\u00f3n y control de la expedici\u00f3n de los certificados de origen<\/p>\n","protected":false},"author":14,"featured_media":0,"parent":8,"menu_order":1,"comment_status":"closed","ping_status":"closed","template":"page-treaty","meta":{"footnotes":""},"class_list":["post-33","page","type-page","status-publish","hentry"],"_links":{"self":[{"href":"https:\/\/infotrade.economia.gob.sv\/ecuador\/wp-json\/wp\/v2\/pages\/33","targetHints":{"allow":["GET"]}}],"collection":[{"href":"https:\/\/infotrade.economia.gob.sv\/ecuador\/wp-json\/wp\/v2\/pages"}],"about":[{"href":"https:\/\/infotrade.economia.gob.sv\/ecuador\/wp-json\/wp\/v2\/types\/page"}],"author":[{"embeddable":true,"href":"https:\/\/infotrade.economia.gob.sv\/ecuador\/wp-json\/wp\/v2\/users\/14"}],"replies":[{"embeddable":true,"href":"https:\/\/infotrade.economia.gob.sv\/ecuador\/wp-json\/wp\/v2\/comments?post=33"}],"version-history":[{"count":7,"href":"https:\/\/infotrade.economia.gob.sv\/ecuador\/wp-json\/wp\/v2\/pages\/33\/revisions"}],"predecessor-version":[{"id":48,"href":"https:\/\/infotrade.economia.gob.sv\/ecuador\/wp-json\/wp\/v2\/pages\/33\/revisions\/48"}],"up":[{"embeddable":true,"href":"https:\/\/infotrade.economia.gob.sv\/ecuador\/wp-json\/wp\/v2\/pages\/8"}],"wp:attachment":[{"href":"https:\/\/infotrade.economia.gob.sv\/ecuador\/wp-json\/wp\/v2\/media?parent=33"}],"curies":[{"name":"wp","href":"https:\/\/api.w.org\/{rel}","templated":true}]}}