{"id":92,"date":"2022-07-28T15:02:24","date_gmt":"2022-07-28T21:02:24","guid":{"rendered":"http:\/\/infotrade.economia.gob.sv\/ecuador\/?page_id=92"},"modified":"2022-07-28T15:04:32","modified_gmt":"2022-07-28T21:04:32","slug":"documentos-de-origen","status":"publish","type":"page","link":"https:\/\/infotrade.economia.gob.sv\/ecuador\/administracion-del-acuerdo\/documentos-de-origen\/","title":{"rendered":"Documentos de Origen"},"content":{"rendered":"<p>De acuerdo con el Art\u00edculo 15 de la Secci\u00f3n B \u201cProcedimientos de Origen\u201d del Anexo IV.1 del texto del Acuerdo, para que las mercanc\u00edas originarias puedan beneficiarse del tratamiento arancelario preferencial, \u00e9stas deber\u00e1n estar acompa\u00f1adas de un certificado de origen.<\/p>\n<p>&nbsp;<\/p>\n<p>El referido Certificado de Origen ser\u00e1 expedido por la autoridad competente de la Parte exportadora, en el caso de El Salvador es el Centro de Tr\u00e1mites de Importaciones y Exportaciones (CIEX) del Banco Central de Reserva, sobre la base de una Declaraci\u00f3n Jurada del productor o del exportador.<\/p>\n\n\n<figure class=\"wp-block-table is-style-stripes\"><table><tbody><tr><td><strong>Documentos<\/strong><\/td><td><\/td><\/tr><tr><td>Certificado de origen AAP Ecuador &#8211; El Salvador<\/td><td><a href=\"\/ecuador\/wp-content\/uploads\/sites\/15\/2022\/07\/Certificado-de-origen-Acuerdo-de-Alcance-Parcial-Ecuador-El-Salvador..pdf\" target=\"_blank\" rel=\"noopener\">Descargar<\/a><\/td><\/tr><tr><td>Instructivo de llenado TLC Ecuador &#8211; El Salvador<\/td><td><a href=\"\/ecuador\/wp-content\/uploads\/sites\/15\/2022\/07\/Instrucciones-Acuerdo-de-Alcance-Parcial-Ecuador-El-Salvador..pdf\" target=\"_blank\" rel=\"noopener\">Descargar<\/a><\/td><\/tr><\/tbody><\/table><\/figure>\n","protected":false},"excerpt":{"rendered":"<p>De acuerdo con el Art\u00edculo 15 de la Secci\u00f3n B \u201cProcedimientos de Origen\u201d del Anexo IV.1 del texto del Acuerdo, para que las mercanc\u00edas originarias puedan beneficiarse del tratamiento arancelario preferencial, \u00e9stas deber\u00e1n estar acompa\u00f1adas de un certificado de origen. &nbsp; El referido Certificado de Origen ser\u00e1 expedido por la autoridad competente de la Parte [&hellip;]<\/p>\n","protected":false},"author":20,"featured_media":0,"parent":8,"menu_order":3,"comment_status":"closed","ping_status":"closed","template":"page-treaty","meta":{"footnotes":""},"class_list":["post-92","page","type-page","status-publish","hentry"],"_links":{"self":[{"href":"https:\/\/infotrade.economia.gob.sv\/ecuador\/wp-json\/wp\/v2\/pages\/92","targetHints":{"allow":["GET"]}}],"collection":[{"href":"https:\/\/infotrade.economia.gob.sv\/ecuador\/wp-json\/wp\/v2\/pages"}],"about":[{"href":"https:\/\/infotrade.economia.gob.sv\/ecuador\/wp-json\/wp\/v2\/types\/page"}],"author":[{"embeddable":true,"href":"https:\/\/infotrade.economia.gob.sv\/ecuador\/wp-json\/wp\/v2\/users\/20"}],"replies":[{"embeddable":true,"href":"https:\/\/infotrade.economia.gob.sv\/ecuador\/wp-json\/wp\/v2\/comments?post=92"}],"version-history":[{"count":2,"href":"https:\/\/infotrade.economia.gob.sv\/ecuador\/wp-json\/wp\/v2\/pages\/92\/revisions"}],"predecessor-version":[{"id":96,"href":"https:\/\/infotrade.economia.gob.sv\/ecuador\/wp-json\/wp\/v2\/pages\/92\/revisions\/96"}],"up":[{"embeddable":true,"href":"https:\/\/infotrade.economia.gob.sv\/ecuador\/wp-json\/wp\/v2\/pages\/8"}],"wp:attachment":[{"href":"https:\/\/infotrade.economia.gob.sv\/ecuador\/wp-json\/wp\/v2\/media?parent=92"}],"curies":[{"name":"wp","href":"https:\/\/api.w.org\/{rel}","templated":true}]}}