{"id":14,"date":"2015-03-23T09:27:09","date_gmt":"2015-03-23T15:27:09","guid":{"rendered":"http:\/\/www.minec.gob.sv\/comercioexterior\/chile\/?page_id=14"},"modified":"2018-01-04T10:19:24","modified_gmt":"2018-01-04T16:19:24","slug":"marco-normativo","status":"publish","type":"page","link":"https:\/\/infotrade.economia.gob.sv\/mexico\/","title":{"rendered":"Marco Normativo"},"content":{"rendered":"<h2>Tratado de Libre Comercio entre los Estados Unidos Mexicanos y las Rep\u00fablicas de Costa Rica, El Salvador, Guatemala, El Salvador, Guatemala, Honduras y Nicaragua<\/h2>\n<ul>\n<li><span style=\"color: #000080;\"><a href=\"\/mexico\/wp-content\/uploads\/sites\/4\/Pr\u00e9ambulo-Mx.pdf\" target=\"_blank\" rel=\"noopener\"><strong><span style=\"color: #000080;\"><span style=\"color: #0000ff;\">Pre\u00e1mbulo<\/span><\/span><\/strong><\/a><\/span><\/li>\n<li><span style=\"color: #000080;\"><strong><a href=\"\/mexico\/wp-content\/uploads\/sites\/4\/cap.-1-disposiciones-iniciales-Mx-1.pdf\" target=\"_blank\" rel=\"noopener\"><span style=\"color: #000080;\"><span style=\"color: #0000ff;\">Cap\u00edtulo 1 <\/span><\/span><\/a><\/strong><a href=\"\/mexico\/wp-content\/uploads\/sites\/4\/cap.-1-disposiciones-iniciales-Mx-1.pdf\" target=\"_blank\" rel=\"noopener\"><span style=\"color: #000080;\"><span style=\"color: #0000ff;\">Disposiciones iniciales<\/span><\/span><\/a><\/span><\/li>\n<li><span style=\"color: #000080;\"><strong><a href=\"\/mexico\/wp-content\/uploads\/sites\/4\/cap.-2.-definiciones-generales-Mx.pdf\" target=\"_blank\" rel=\"noopener\"><span style=\"color: #000080;\"><span style=\"color: #0000ff;\">Cap\u00edtulo 2 <\/span><\/span><\/a><\/strong><a href=\"\/mexico\/wp-content\/uploads\/sites\/4\/cap.-2.-definiciones-generales-Mx.pdf\" target=\"_blank\" rel=\"noopener\"><span style=\"color: #000080;\"><span style=\"color: #0000ff;\">Definiciones Generales<\/span><\/span><\/a><\/span><\/li>\n<li><span style=\"color: #000080;\"><strong><a href=\"\/mexico\/wp-content\/uploads\/sites\/4\/cap.-3.-acceso-a-mercados.pdf\" target=\"_blank\" rel=\"noopener\"><span style=\"color: #000080;\"><span style=\"color: #0000ff;\">Cap\u00edtulo 3 <\/span><\/span><\/a><\/strong><a href=\"\/mexico\/wp-content\/uploads\/sites\/4\/cap.-3.-acceso-a-mercados.pdf\" target=\"_blank\" rel=\"noopener\"><span style=\"color: #000080;\"><span style=\"color: #0000ff;\">Trato nacional y acceso a mercados<\/span><\/span><\/a><\/span>\n<ul>\n<li><a href=\"\/mexico\/wp-content\/uploads\/sites\/4\/Anexo-3-4-PT-arancelario.pdf\" target=\"_blank\" rel=\"noopener\"><span style=\"color: #0000ff;\"><strong>Anexo 3.4 <\/strong><span style=\"color: #0000ff;\">(Programa de Tratamiento Arancelario)<\/span><\/span><\/a><\/li>\n<\/ul>\n<\/li>\n<li><span style=\"color: #000080;\"><strong><a href=\"\/mexico\/wp-content\/uploads\/sites\/4\/cap.-4.-reglas-de-origen.pdf\" target=\"_blank\" rel=\"noopener\"><span style=\"color: #000080;\"><span style=\"color: #0000ff;\">Cap\u00edtulo 4 <\/span><\/span><\/a><\/strong><a href=\"\/mexico\/wp-content\/uploads\/sites\/4\/cap.-4.-reglas-de-origen.pdf\" target=\"_blank\" rel=\"noopener\"><span style=\"color: #000080;\"><span style=\"color: #0000ff;\">Reglas de origen<\/span><\/span><\/a><\/span>\n<ul>\n<li><span style=\"color: #0000ff;\"><strong><a href=\"\/mexico\/wp-content\/uploads\/sites\/4\/anexo-4.3-reglas-de-origen-especificas.pdf\" target=\"_blank\" rel=\"noopener\"><span style=\"color: #0000ff;\">Anexo 4.3<\/span> <\/a><\/strong><\/span><a href=\"\/mexico\/wp-content\/uploads\/sites\/4\/anexo-4.3-reglas-de-origen-especificas.pdf\" target=\"_blank\" rel=\"noopener\"><span style=\"color: #0000ff;\">(Reglas de origen espec\u00edficas)<\/span><\/a><\/li>\n<\/ul>\n<\/li>\n<li><span style=\"color: #000080;\"><strong><a href=\"\/mexico\/wp-content\/uploads\/sites\/4\/cap.-5.-procedimientos-aduaneros.pdf\" target=\"_blank\" rel=\"noopener\"><span style=\"color: #000080;\"><span style=\"color: #0000ff;\">Cap\u00edtulo 5 <\/span><\/span><\/a><\/strong><a href=\"\/mexico\/wp-content\/uploads\/sites\/4\/cap.-5.-procedimientos-aduaneros.pdf\" target=\"_blank\" rel=\"noopener\"><span style=\"color: #000080;\"><span style=\"color: #0000ff;\">Procedimientos aduaneros<\/span><\/span><\/a><\/span><\/li>\n<li><span style=\"color: #000080;\"><strong><a href=\"\/mexico\/wp-content\/uploads\/sites\/4\/cap.-6.-facilitacion-del-comercio.pdf\" target=\"_blank\" rel=\"noopener\"><span style=\"color: #000080;\"><span style=\"color: #0000ff;\">Cap\u00edtulo 6 <\/span><\/span><\/a><\/strong><a href=\"\/mexico\/wp-content\/uploads\/sites\/4\/cap.-6.-facilitacion-del-comercio.pdf\" target=\"_blank\" rel=\"noopener\"><span style=\"color: #000080;\"><span style=\"color: #0000ff;\">Facilitaci\u00f3n del comercio<\/span><\/span><\/a><\/span><\/li>\n<li><span style=\"color: #000080;\"><strong><a href=\"\/mexico\/wp-content\/uploads\/sites\/4\/cap.-7.-defensa-comercial.pdf\" target=\"_blank\" rel=\"noopener\"><span style=\"color: #000080;\"><span style=\"color: #0000ff;\">Cap\u00edtulo 7 <\/span><\/span><\/a><\/strong><a href=\"\/mexico\/wp-content\/uploads\/sites\/4\/cap.-7.-defensa-comercial.pdf\" target=\"_blank\" rel=\"noopener\"><span style=\"color: #000080;\"><span style=\"color: #0000ff;\">Defensa comercial<\/span><\/span><\/a><\/span><\/li>\n<li><span style=\"color: #000080;\"><strong><a href=\"\/mexico\/wp-content\/uploads\/sites\/4\/cap.-8.-medidas-sanitarias-y-fitosanitarias.pdf\" target=\"_blank\" rel=\"noopener\"><span style=\"color: #000080;\"><span style=\"color: #0000ff;\">Cap\u00edtulo 8 <\/span><\/span><\/a><\/strong><a href=\"\/mexico\/wp-content\/uploads\/sites\/4\/cap.-8.-medidas-sanitarias-y-fitosanitarias.pdf\" target=\"_blank\" rel=\"noopener\"><span style=\"color: #000080;\"><span style=\"color: #0000ff;\">Medidas sanitarias y fitosanitarias<\/span><\/span><\/a><\/span><\/li>\n<li><span style=\"color: #000080;\"><strong><a href=\"\/mexico\/wp-content\/uploads\/sites\/4\/cap.-9.-obstculos-tcnicos-al-comercio.pdf\" target=\"_blank\" rel=\"noopener\"><span style=\"color: #000080;\"><span style=\"color: #0000ff;\">Cap\u00edtulo 9 <\/span><\/span><\/a><\/strong><a href=\"\/mexico\/wp-content\/uploads\/sites\/4\/cap.-9.-obstculos-tcnicos-al-comercio.pdf\" target=\"_blank\" rel=\"noopener\"><span style=\"color: #000080;\"><span style=\"color: #0000ff;\">Obst\u00e1culos t\u00e9cnicos al comercio<\/span><\/span><\/a><\/span><\/li>\n<li><span style=\"color: #000080;\"><strong><a href=\"\/mexico\/wp-content\/uploads\/sites\/4\/cap.-10.-contratacion-publica-1.pdf\" target=\"_blank\" rel=\"noopener\"><span style=\"color: #000080;\"><span style=\"color: #0000ff;\">Cap\u00edtulo 10 <\/span><\/span><\/a><\/strong><a href=\"\/mexico\/wp-content\/uploads\/sites\/4\/cap.-10.-contratacion-publica-1.pdf\" target=\"_blank\" rel=\"noopener\"><span style=\"color: #000080;\"><span style=\"color: #0000ff;\">Contrataci\u00f3n p\u00fablica<\/span><\/span><\/a><\/span><\/li>\n<li><span style=\"color: #000080;\"><strong><a href=\"\/mexico\/wp-content\/uploads\/sites\/4\/cap.-11.-inversion.pdf\" target=\"_blank\" rel=\"noopener\"><span style=\"color: #000080;\"><span style=\"color: #0000ff;\">Cap\u00edtulo 11 <\/span><\/span><\/a><\/strong><a href=\"\/mexico\/wp-content\/uploads\/sites\/4\/cap.-11.-inversion.pdf\" target=\"_blank\" rel=\"noopener\"><span style=\"color: #000080;\"><span style=\"color: #0000ff;\">Inversi\u00f3n<\/span><\/span><\/a><\/span><\/li>\n<li><span style=\"color: #000080;\"><strong><a href=\"\/mexico\/wp-content\/uploads\/sites\/4\/cap.-12.-comercio-transfronterizo-de-servicios-1.pdf\" target=\"_blank\" rel=\"noopener\"><span style=\"color: #000080;\"><span style=\"color: #0000ff;\">Cap\u00edtulo 12 <\/span><\/span><\/a><\/strong><a href=\"\/mexico\/wp-content\/uploads\/sites\/4\/cap.-12.-comercio-transfronterizo-de-servicios-1.pdf\" target=\"_blank\" rel=\"noopener\"><span style=\"color: #000080;\"><span style=\"color: #0000ff;\">Comercio transfronterizo de servicios<\/span><\/span><\/a><\/span><\/li>\n<li><span style=\"color: #000080;\"><strong><a href=\"\/mexico\/wp-content\/uploads\/sites\/4\/cap.-13.-telecomunicaciones-1.pdf\" target=\"_blank\" rel=\"noopener\"><span style=\"color: #000080;\"><span style=\"color: #0000ff;\">Cap\u00edtulo 13 <\/span><\/span><\/a><\/strong><a href=\"\/mexico\/wp-content\/uploads\/sites\/4\/cap.-13.-telecomunicaciones-1.pdf\" target=\"_blank\" rel=\"noopener\"><span style=\"color: #000080;\"><span style=\"color: #0000ff;\">Telecomunicaciones<\/span><\/span><\/a><\/span><\/li>\n<li><span style=\"color: #000080;\"><strong><a href=\"\/mexico\/wp-content\/uploads\/sites\/4\/cap.-14.-entrada-temporal-de-personas-de-negocios.pdf\" target=\"_blank\" rel=\"noopener\"><span style=\"color: #000080;\"><span style=\"color: #0000ff;\">Cap\u00edtulo 14 <\/span><\/span><\/a><\/strong><a href=\"\/mexico\/wp-content\/uploads\/sites\/4\/cap.-14.-entrada-temporal-de-personas-de-negocios.pdf\" target=\"_blank\" rel=\"noopener\"><span style=\"color: #000080;\"><span style=\"color: #0000ff;\">Entrada temporal de personas de negocios<\/span><\/span><\/a><\/span><\/li>\n<li><span style=\"color: #000080;\"><strong><a href=\"\/mexico\/wp-content\/uploads\/sites\/4\/cap.-15.comercio-electronico-1.pdf\" target=\"_blank\" rel=\"noopener\"><span style=\"color: #000080;\"><span style=\"color: #0000ff;\">Cap\u00edtulo 15 <\/span><\/span><\/a><\/strong><a href=\"\/mexico\/wp-content\/uploads\/sites\/4\/cap.-15.comercio-electronico-1.pdf\" target=\"_blank\" rel=\"noopener\"><span style=\"color: #000080;\"><span style=\"color: #0000ff;\">Comercio electr\u00f3nico<\/span><\/span><\/a><\/span><\/li>\n<li><span style=\"color: #000080;\"><strong><a href=\"\/mexico\/wp-content\/uploads\/sites\/4\/cap.-16.-propiedad-intelectual.pdf\" target=\"_blank\" rel=\"noopener\"><span style=\"color: #000080;\"><span style=\"color: #0000ff;\">Cap\u00edtulo 16 <\/span><\/span><\/a><\/strong><a href=\"\/mexico\/wp-content\/uploads\/sites\/4\/cap.-16.-propiedad-intelectual.pdf\" target=\"_blank\" rel=\"noopener\"><span style=\"color: #000080;\"><span style=\"color: #0000ff;\">Propiedad intelectual<\/span><\/span><\/a><\/span><\/li>\n<li><span style=\"color: #000080;\"><strong><a href=\"\/mexico\/wp-content\/uploads\/sites\/4\/cap-17-solucion-de-controversias.pdf\" target=\"_blank\" rel=\"noopener\"><span style=\"color: #000080;\"><span style=\"color: #0000ff;\">Cap\u00edtulo 17 <\/span><\/span><\/a><\/strong><a href=\"\/mexico\/wp-content\/uploads\/sites\/4\/cap-17-solucion-de-controversias.pdf\" target=\"_blank\" rel=\"noopener\"><span style=\"color: #000080;\"><span style=\"color: #0000ff;\">Soluci\u00f3n de controversias<\/span><\/span><\/a><\/span><\/li>\n<li><span style=\"color: #000080;\"><strong><a href=\"\/mexico\/wp-content\/uploads\/sites\/4\/cap.-18.-transparencia.pdf\" target=\"_blank\" rel=\"noopener\"><span style=\"color: #000080;\"><span style=\"color: #0000ff;\">Cap\u00edtulo 18 <\/span><\/span><\/a><\/strong><a href=\"\/mexico\/wp-content\/uploads\/sites\/4\/cap.-18.-transparencia.pdf\" target=\"_blank\" rel=\"noopener\"><span style=\"color: #000080;\"><span style=\"color: #0000ff;\">Transparencia<\/span><\/span><\/a><\/span><\/li>\n<li><span style=\"color: #000080;\"><strong><a href=\"\/mexico\/wp-content\/uploads\/sites\/4\/cap.-19.-administracion-del-tratado.pdf\" target=\"_blank\" rel=\"noopener\"><span style=\"color: #000080;\"><span style=\"color: #0000ff;\">Cap\u00edtulo 19 <\/span><\/span><\/a><\/strong><a href=\"\/mexico\/wp-content\/uploads\/sites\/4\/cap.-19.-administracion-del-tratado.pdf\" target=\"_blank\" rel=\"noopener\"><span style=\"color: #000080;\"><span style=\"color: #0000ff;\">Administraci\u00f3n del tratado<\/span><\/span><\/a><\/span><\/li>\n<li><strong><a href=\"\/mexico\/wp-content\/uploads\/sites\/4\/cap.-20.-excepciones.pdf\" target=\"_blank\" rel=\"noopener\"><span style=\"color: #000080;\"><span style=\"color: #0000ff;\">Cap\u00edtulo 20 <\/span><\/span><\/a><\/strong><a href=\"\/mexico\/wp-content\/uploads\/sites\/4\/cap.-20.-excepciones.pdf\" target=\"_blank\" rel=\"noopener\"><span style=\"color: #000080;\"><span style=\"color: #0000ff;\">Excepciones<\/span><\/span><\/a><\/li>\n<li><strong><a href=\"\/mexico\/wp-content\/uploads\/sites\/4\/cap.-21.-disposiciones-finales.pdf\" target=\"_blank\" rel=\"noopener\"><span style=\"color: #000080;\"><span style=\"color: #0000ff;\">Cap\u00edtulo 21 <\/span><\/span><\/a><\/strong><a href=\"\/mexico\/wp-content\/uploads\/sites\/4\/cap.-21.-disposiciones-finales.pdf\" target=\"_blank\" rel=\"noopener\"><span style=\"color: #000080;\"><span style=\"color: #0000ff;\">Disposiciones finales<\/span><\/span><\/a><\/li>\n<li><strong><a href=\"\/mexico\/wp-content\/uploads\/sites\/4\/xi-xii.-anexo-i-notas-explicativas.pdf\" target=\"_blank\" rel=\"noopener\"><span style=\"color: #000080;\"><span style=\"color: #0000ff;\">Anexo I <\/span><\/span><\/a><\/strong><a href=\"\/mexico\/wp-content\/uploads\/sites\/4\/xi-xii.-anexo-i-notas-explicativas.pdf\" target=\"_blank\" rel=\"noopener\"><span style=\"color: #000080;\"><span style=\"color: #0000ff;\">Notas expl\u00edcitas<\/span><\/span><\/a><\/li>\n<li><span style=\"color: #000080;\"><strong><a href=\"\/mexico\/wp-content\/uploads\/sites\/4\/xi-xii.-anexo-i-costa-rica.pdf\" target=\"_blank\" rel=\"noopener\"><span style=\"color: #000080;\"><span style=\"color: #0000ff;\">Anexo I <\/span><\/span><\/a><\/strong><a href=\"\/mexico\/wp-content\/uploads\/sites\/4\/xi-xii.-anexo-i-costa-rica.pdf\" target=\"_blank\" rel=\"noopener\"><span style=\"color: #000080;\"><span style=\"color: #0000ff;\">Costa Rica<\/span><\/span><\/a><\/span><\/li>\n<li><span style=\"color: #000080;\"><strong><a href=\"\/mexico\/wp-content\/uploads\/sites\/4\/xi-xii.-anexo-i-el-salvador.pdf\" target=\"_blank\" rel=\"noopener\"><span style=\"color: #000080;\"><span style=\"color: #0000ff;\">Anexo I <\/span><\/span><\/a><\/strong><a href=\"\/mexico\/wp-content\/uploads\/sites\/4\/xi-xii.-anexo-i-el-salvador.pdf\" target=\"_blank\" rel=\"noopener\"><span style=\"color: #000080;\"><span style=\"color: #0000ff;\">El Salvador<\/span><\/span><\/a><\/span><\/li>\n<li><span style=\"color: #000080;\"><strong><a href=\"\/mexico\/wp-content\/uploads\/sites\/4\/xi-xii.-anexo-i-guatemala.pdf\" target=\"_blank\" rel=\"noopener\"><span style=\"color: #000080;\"><span style=\"color: #0000ff;\">Anexo I <\/span><\/span><\/a><\/strong><a href=\"\/mexico\/wp-content\/uploads\/sites\/4\/xi-xii.-anexo-i-guatemala.pdf\" target=\"_blank\" rel=\"noopener\"><span style=\"color: #000080;\"><span style=\"color: #0000ff;\">Guatemala<\/span><\/span><\/a><\/span><\/li>\n<li><span style=\"color: #000080;\"><strong><a href=\"\/mexico\/wp-content\/uploads\/sites\/4\/xi-xii.-anexo-i-honduras.pdf\" target=\"_blank\" rel=\"noopener\"><span style=\"color: #000080;\"><span style=\"color: #0000ff;\">Anexo I <\/span><\/span><\/a><\/strong><a href=\"\/mexico\/wp-content\/uploads\/sites\/4\/xi-xii.-anexo-i-honduras.pdf\" target=\"_blank\" rel=\"noopener\"><span style=\"color: #000080;\"><span style=\"color: #0000ff;\">Honduras<\/span><\/span><\/a><\/span><\/li>\n<li><span style=\"color: #000080;\"><strong><a href=\"\/mexico\/wp-content\/uploads\/sites\/4\/xi-xii.-anexo-i-mexico.pdf\" target=\"_blank\" rel=\"noopener\"><span style=\"color: #000080;\"><span style=\"color: #0000ff;\">Anexo I <\/span><\/span><\/a><\/strong><a href=\"\/mexico\/wp-content\/uploads\/sites\/4\/xi-xii.-anexo-i-mexico.pdf\" target=\"_blank\" rel=\"noopener\"><span style=\"color: #000080;\"><span style=\"color: #0000ff;\">M\u00e9xico<\/span><\/span><\/a><\/span><\/li>\n<li><span style=\"color: #000080;\"><strong><a href=\"\/mexico\/wp-content\/uploads\/sites\/4\/xi-xii.-anexo-i-nicaragua.pdf\" target=\"_blank\" rel=\"noopener\"><span style=\"color: #000080;\"><span style=\"color: #0000ff;\">Anexo I <\/span><\/span><\/a><\/strong><a href=\"\/mexico\/wp-content\/uploads\/sites\/4\/xi-xii.-anexo-i-nicaragua.pdf\" target=\"_blank\" rel=\"noopener\"><span style=\"color: #000080;\"><span style=\"color: #0000ff;\">Nicaragua<\/span><\/span><\/a><\/span><\/li>\n<li><span style=\"color: #000080;\"><strong><a href=\"\/mexico\/wp-content\/uploads\/sites\/4\/xi-xii.-anexo-ii-notas-explicativas.pdf\" target=\"_blank\" rel=\"noopener\"><span style=\"color: #000080;\"><span style=\"color: #0000ff;\">Anexo II <\/span><\/span><\/a><\/strong><a href=\"\/mexico\/wp-content\/uploads\/sites\/4\/xi-xii.-anexo-ii-notas-explicativas.pdf\" target=\"_blank\" rel=\"noopener\"><span style=\"color: #000080;\"><span style=\"color: #0000ff;\">Notas explicativas<\/span><\/span><\/a><\/span><\/li>\n<li><span style=\"color: #000080;\"><strong><a href=\"\/mexico\/wp-content\/uploads\/sites\/4\/xi-xii.-anexo-ii-costa-rica.pdf\" target=\"_blank\" rel=\"noopener\"><span style=\"color: #000080;\"><span style=\"color: #0000ff;\">Anexo II <\/span><\/span><\/a><\/strong><a href=\"\/mexico\/wp-content\/uploads\/sites\/4\/xi-xii.-anexo-ii-costa-rica.pdf\" target=\"_blank\" rel=\"noopener\"><span style=\"color: #000080;\"><span style=\"color: #0000ff;\">Costa Rica<\/span><\/span><\/a><\/span><\/li>\n<li><span style=\"color: #000080;\"><strong><a href=\"\/mexico\/wp-content\/uploads\/sites\/4\/xi-xii.-anexo-ii-el-salvador.pdf\" target=\"_blank\" rel=\"noopener\"><span style=\"color: #000080;\"><span style=\"color: #0000ff;\">Anexo II <\/span><\/span><\/a><\/strong><a href=\"\/mexico\/wp-content\/uploads\/sites\/4\/xi-xii.-anexo-ii-el-salvador.pdf\" target=\"_blank\" rel=\"noopener\"><span style=\"color: #000080;\"><span style=\"color: #0000ff;\">El Salvador<\/span><\/span><\/a><\/span><\/li>\n<li><span style=\"color: #000080;\"><strong><a href=\"\/mexico\/wp-content\/uploads\/sites\/4\/xi-xii.-anexo-ii-guatemala.pdf\" target=\"_blank\" rel=\"noopener\"><span style=\"color: #000080;\"><span style=\"color: #0000ff;\">Anexo II <\/span><\/span><\/a><\/strong><a href=\"\/mexico\/wp-content\/uploads\/sites\/4\/xi-xii.-anexo-ii-guatemala.pdf\" target=\"_blank\" rel=\"noopener\"><span style=\"color: #000080;\"><span style=\"color: #0000ff;\">Guatemala<\/span><\/span><\/a><\/span><\/li>\n<li><span style=\"color: #000080;\"><strong><a href=\"\/mexico\/wp-content\/uploads\/sites\/4\/xi-xii.-anexo-ii-honduras.pdf\" target=\"_blank\" rel=\"noopener\"><span style=\"color: #000080;\"><span style=\"color: #0000ff;\">Anexo II <\/span><\/span><\/a><\/strong><a href=\"\/mexico\/wp-content\/uploads\/sites\/4\/xi-xii.-anexo-ii-honduras.pdf\" target=\"_blank\" rel=\"noopener\"><span style=\"color: #000080;\"><span style=\"color: #0000ff;\">Honduras<\/span><\/span><\/a><\/span><\/li>\n<li><span style=\"color: #000080;\"><strong><a href=\"\/mexico\/wp-content\/uploads\/sites\/4\/xi-xii.-anexo-ii-mexico.pdf\" target=\"_blank\" rel=\"noopener\"><span style=\"color: #000080;\"><span style=\"color: #0000ff;\">Anexo II <\/span><\/span><\/a><\/strong><a href=\"\/mexico\/wp-content\/uploads\/sites\/4\/xi-xii.-anexo-ii-mexico.pdf\" target=\"_blank\" rel=\"noopener\"><span style=\"color: #000080;\"><span style=\"color: #0000ff;\">M\u00e9xico<\/span><\/span><\/a><\/span><\/li>\n<li><span style=\"color: #0000ff;\"><strong><a href=\"\/mexico\/wp-content\/uploads\/sites\/4\/xi-xii.-anexo-ii-nicaragua.pdf\" target=\"_blank\" rel=\"noopener\">Anexo II <\/a><\/strong><a href=\"\/mexico\/wp-content\/uploads\/sites\/4\/xi-xii.-anexo-ii-nicaragua.pdf\" target=\"_blank\" rel=\"noopener\"><span style=\"color: #0000ff;\">Nicaragua<\/span><\/a><\/span><\/li>\n<li><span style=\"color: #000080;\"><strong><a href=\"\/mexico\/wp-content\/uploads\/sites\/4\/xi-xii.-anexo-iii-notas-explicativas.pdf\" target=\"_blank\" rel=\"noopener\"><span style=\"color: #000080;\"><span style=\"color: #0000ff;\">Anexo III <\/span><\/span><\/a><\/strong><a href=\"\/mexico\/wp-content\/uploads\/sites\/4\/xi-xii.-anexo-iii-notas-explicativas.pdf\" target=\"_blank\" rel=\"noopener\"><span style=\"color: #000080;\"><span style=\"color: #0000ff;\">Notas explicativas<\/span><\/span><\/a><\/span><\/li>\n<li><span style=\"color: #0000ff;\"><strong><a href=\"\/mexico\/wp-content\/uploads\/sites\/4\/xi-xii.-anexo-iii-costa-rica.pdf\" target=\"_blank\" rel=\"noopener\">Anexo III <\/a><\/strong><a href=\"\/mexico\/wp-content\/uploads\/sites\/4\/xi-xii.-anexo-iii-costa-rica.pdf\" target=\"_blank\" rel=\"noopener\"><span style=\"color: #0000ff;\">Costa Rica<\/span><\/a><\/span><\/li>\n<li><span style=\"color: #000080;\"><strong><a href=\"\/mexico\/wp-content\/uploads\/sites\/4\/xi-xii.-anexo-iii-el-salvador.pdf\" target=\"_blank\" rel=\"noopener\"><span style=\"color: #000080;\"><span style=\"color: #0000ff;\">Anexo III <\/span><\/span><\/a><\/strong><a href=\"\/mexico\/wp-content\/uploads\/sites\/4\/xi-xii.-anexo-iii-el-salvador.pdf\" target=\"_blank\" rel=\"noopener\"><span style=\"color: #000080;\"><span style=\"color: #0000ff;\">El Salvador<\/span><\/span><\/a><\/span><\/li>\n<li><span style=\"color: #000080;\"><strong><a href=\"\/mexico\/wp-content\/uploads\/sites\/4\/xi-xii.-anexo-iii-guatemala.pdf\" target=\"_blank\" rel=\"noopener\"><span style=\"color: #000080;\"><span style=\"color: #0000ff;\">Anexo III <\/span><\/span><\/a><\/strong><a href=\"\/mexico\/wp-content\/uploads\/sites\/4\/xi-xii.-anexo-iii-guatemala.pdf\" target=\"_blank\" rel=\"noopener\"><span style=\"color: #000080;\"><span style=\"color: #0000ff;\">Guatemala<\/span><\/span><\/a><\/span><\/li>\n<li><span style=\"color: #000080;\"><strong><a href=\"\/mexico\/wp-content\/uploads\/sites\/4\/xi-xii.-anexo-iii-honduras.pdf\" target=\"_blank\" rel=\"noopener\"><span style=\"color: #000080;\"><span style=\"color: #0000ff;\">Anexo III <\/span><\/span><\/a><\/strong><a href=\"\/mexico\/wp-content\/uploads\/sites\/4\/xi-xii.-anexo-iii-honduras.pdf\" target=\"_blank\" rel=\"noopener\"><span style=\"color: #000080;\"><span style=\"color: #0000ff;\">Honduras<\/span><\/span><\/a><\/span><\/li>\n<li><span style=\"color: #000080;\"><strong><a href=\"\/mexico\/wp-content\/uploads\/sites\/4\/xi-xii.-anexo-iii-mexico.pdf\" target=\"_blank\" rel=\"noopener\"><span style=\"color: #000080;\"><span style=\"color: #0000ff;\">Anexo III <\/span><\/span><\/a><\/strong><a href=\"\/mexico\/wp-content\/uploads\/sites\/4\/xi-xii.-anexo-iii-mexico.pdf\" target=\"_blank\" rel=\"noopener\"><span style=\"color: #000080;\"><span style=\"color: #0000ff;\">M\u00e9xico<\/span><\/span><\/a><\/span><\/li>\n<li><span style=\"color: #000080;\"><strong><a href=\"\/mexico\/wp-content\/uploads\/sites\/4\/xi-xii.-anexo-iii-nicaragua.pdf\" target=\"_blank\" rel=\"noopener\"><span style=\"color: #000080;\"><span style=\"color: #0000ff;\">Anexo III <\/span><\/span><\/a><\/strong><a href=\"\/mexico\/wp-content\/uploads\/sites\/4\/xi-xii.-anexo-iii-nicaragua.pdf\" target=\"_blank\" rel=\"noopener\"><span style=\"color: #000080;\"><span style=\"color: #0000ff;\">Nicaragua<\/span><\/span><\/a><\/span><\/li>\n<\/ul>\n","protected":false},"excerpt":{"rendered":"<p>Tratado de Libre Comercio entre los Estados Unidos Mexicanos y las Rep\u00fablicas de Costa Rica, El Salvador, Guatemala, El Salvador, Guatemala, Honduras y Nicaragua Pre\u00e1mbulo Cap\u00edtulo 1 Disposiciones iniciales Cap\u00edtulo 2 Definiciones Generales Cap\u00edtulo 3 Trato nacional y acceso a mercados Anexo 3.4 (Programa de Tratamiento Arancelario) Cap\u00edtulo 4 Reglas de origen Anexo 4.3 (Reglas [&hellip;]<\/p>\n","protected":false},"author":1,"featured_media":0,"parent":0,"menu_order":0,"comment_status":"closed","ping_status":"open","template":"page-treaty","meta":{"footnotes":""},"class_list":["post-14","page","type-page","status-publish","hentry"],"_links":{"self":[{"href":"https:\/\/infotrade.economia.gob.sv\/mexico\/wp-json\/wp\/v2\/pages\/14","targetHints":{"allow":["GET"]}}],"collection":[{"href":"https:\/\/infotrade.economia.gob.sv\/mexico\/wp-json\/wp\/v2\/pages"}],"about":[{"href":"https:\/\/infotrade.economia.gob.sv\/mexico\/wp-json\/wp\/v2\/types\/page"}],"author":[{"embeddable":true,"href":"https:\/\/infotrade.economia.gob.sv\/mexico\/wp-json\/wp\/v2\/users\/1"}],"replies":[{"embeddable":true,"href":"https:\/\/infotrade.economia.gob.sv\/mexico\/wp-json\/wp\/v2\/comments?post=14"}],"version-history":[{"count":30,"href":"https:\/\/infotrade.economia.gob.sv\/mexico\/wp-json\/wp\/v2\/pages\/14\/revisions"}],"predecessor-version":[{"id":381,"href":"https:\/\/infotrade.economia.gob.sv\/mexico\/wp-json\/wp\/v2\/pages\/14\/revisions\/381"}],"wp:attachment":[{"href":"https:\/\/infotrade.economia.gob.sv\/mexico\/wp-json\/wp\/v2\/media?parent=14"}],"curies":[{"name":"wp","href":"https:\/\/api.w.org\/{rel}","templated":true}]}}