{"id":288,"date":"2016-09-28T21:37:12","date_gmt":"2016-09-29T03:37:12","guid":{"rendered":"http:\/\/comext.minec.gob.sv\/mexico\/?page_id=288"},"modified":"2016-09-28T21:49:26","modified_gmt":"2016-09-29T03:49:26","slug":"guia-para-pymes","status":"publish","type":"page","link":"https:\/\/infotrade.economia.gob.sv\/mexico\/material-didactico\/guia-para-pymes\/","title":{"rendered":"Gu\u00eda para PYMES"},"content":{"rendered":"<div id=\"pl-288\"  class=\"panel-layout\" ><div id=\"pg-288-0\"  class=\"panel-grid panel-no-style\" ><div id=\"pgc-288-0-0\"  class=\"panel-grid-cell\" ><div id=\"panel-288-0-0-0\" class=\"so-panel widget widget_sow-image panel-first-child panel-last-child\" data-index=\"0\" ><div class=\"so-widget-sow-image so-widget-sow-image-default-17bc2272b535-288\">\n\n<div class=\"sow-image-container\">\n\t\t\t<a\n\t\t\thref=\"\/mexico\/wp-content\/uploads\/sites\/4\/Guia-TLC-CA-MEXICO.pdf\"\n\t\t\ttarget=\"_blank\" rel=\"noopener noreferrer\" \t\t>\n\t\t\t<img decoding=\"async\" src=\"https:\/\/infotrade.economia.gob.sv\/mexico\/wp-content\/uploads\/sites\/4\/Guia-TLC-CA-MEXICO-212x300.jpg\" width=\"212\" height=\"300\" srcset=\"https:\/\/infotrade.economia.gob.sv\/mexico\/wp-content\/uploads\/sites\/4\/Guia-TLC-CA-MEXICO-212x300.jpg 212w, https:\/\/infotrade.economia.gob.sv\/mexico\/wp-content\/uploads\/sites\/4\/Guia-TLC-CA-MEXICO-281x399.jpg 281w, https:\/\/infotrade.economia.gob.sv\/mexico\/wp-content\/uploads\/sites\/4\/Guia-TLC-CA-MEXICO.jpg 537w\" sizes=\"auto, (max-width: 212px) 100vw, 212px\" alt=\"\" loading=\"lazy\" \t\tclass=\"so-widget-image\"\/>\n\t<\/a><\/div>\n\n<\/div><\/div><\/div><div id=\"pgc-288-0-1\"  class=\"panel-grid-cell\" ><div id=\"panel-288-0-1-0\" class=\"so-panel widget widget_sow-editor panel-first-child\" data-index=\"1\" ><div class=\"so-widget-sow-editor so-widget-sow-editor-base\">\n<div class=\"siteorigin-widget-tinymce textwidget\">\n\t<h4>Gu\u00eda b\u00e1sica pra la utilizaci\u00f3n y aprovechamiento del Tratado de Libre Comercio entre los Estados Unidos Mexicanos y las rep\u00fablicas de Costa Rica, El Salvador, Guatemala, Honduras y Nicaragua<\/h4>\n<\/div>\n<\/div><\/div><div id=\"panel-288-0-1-1\" class=\"so-panel widget widget_sow-button panel-last-child\" data-index=\"2\" ><div class=\"so-widget-sow-button so-widget-sow-button-flat-6d4b43b0b8e9-288\"><div class=\"ow-button-base ow-button-align-left\">\n\t<a href=\"\/mexico\/wp-content\/uploads\/sites\/4\/Guia-TLC-CA-MEXICO.pdf\" class=\"ow-icon-placement-left ow-button-hover\" target=\"_blank\" rel=\"noopener noreferrer\" \t\t>\n\t\t<span>\n\t\t\t<span class=\"sow-icon-fontawesome sow-fas\" data-sow-icon=\"&#xf31e;\"\n\t\t ><\/span>\n\t\t\tMostrar\t\t<\/span>\n\t<\/a>\n<\/div>\n<\/div><\/div><\/div><\/div><\/div>","protected":false},"excerpt":{"rendered":"<p>Gu\u00eda b\u00e1sica pra la utilizaci\u00f3n y aprovechamiento del Tratado de Libre Comercio entre los Estados Unidos Mexicanos y las rep\u00fablicas de Costa Rica, El Salvador, Guatemala, Honduras y Nicaragua<\/p>\n","protected":false},"author":13,"featured_media":0,"parent":17,"menu_order":0,"comment_status":"closed","ping_status":"closed","template":"page-treaty","meta":{"footnotes":""},"class_list":["post-288","page","type-page","status-publish","hentry"],"_links":{"self":[{"href":"https:\/\/infotrade.economia.gob.sv\/mexico\/wp-json\/wp\/v2\/pages\/288","targetHints":{"allow":["GET"]}}],"collection":[{"href":"https:\/\/infotrade.economia.gob.sv\/mexico\/wp-json\/wp\/v2\/pages"}],"about":[{"href":"https:\/\/infotrade.economia.gob.sv\/mexico\/wp-json\/wp\/v2\/types\/page"}],"author":[{"embeddable":true,"href":"https:\/\/infotrade.economia.gob.sv\/mexico\/wp-json\/wp\/v2\/users\/13"}],"replies":[{"embeddable":true,"href":"https:\/\/infotrade.economia.gob.sv\/mexico\/wp-json\/wp\/v2\/comments?post=288"}],"version-history":[{"count":3,"href":"https:\/\/infotrade.economia.gob.sv\/mexico\/wp-json\/wp\/v2\/pages\/288\/revisions"}],"predecessor-version":[{"id":293,"href":"https:\/\/infotrade.economia.gob.sv\/mexico\/wp-json\/wp\/v2\/pages\/288\/revisions\/293"}],"up":[{"embeddable":true,"href":"https:\/\/infotrade.economia.gob.sv\/mexico\/wp-json\/wp\/v2\/pages\/17"}],"wp:attachment":[{"href":"https:\/\/infotrade.economia.gob.sv\/mexico\/wp-json\/wp\/v2\/media?parent=288"}],"curies":[{"name":"wp","href":"https:\/\/api.w.org\/{rel}","templated":true}]}}