{"id":295,"date":"2016-09-28T21:54:27","date_gmt":"2016-09-29T03:54:27","guid":{"rendered":"http:\/\/comext.minec.gob.sv\/mexico\/?page_id=295"},"modified":"2016-09-28T22:01:20","modified_gmt":"2016-09-29T04:01:20","slug":"videos-explicativos","status":"publish","type":"page","link":"https:\/\/infotrade.economia.gob.sv\/mexico\/material-didactico\/videos-explicativos\/","title":{"rendered":"Videos explicativos"},"content":{"rendered":"<div id=\"pl-295\"  class=\"panel-layout\" ><div id=\"pg-295-0\"  class=\"panel-grid panel-no-style\" ><div id=\"pgc-295-0-0\"  class=\"panel-grid-cell panel-grid-cell-empty\" ><\/div><div id=\"pgc-295-0-1\"  class=\"panel-grid-cell panel-grid-cell-mobile-last\" ><div id=\"panel-295-0-1-0\" class=\"so-panel widget widget_sow-editor panel-first-child panel-last-child\" data-index=\"0\" ><div class=\"so-widget-sow-editor so-widget-sow-editor-base\">\n<div class=\"siteorigin-widget-tinymce textwidget\">\n\t<ul class=\"list-unstyled list-videos\">\n<li><a href=\"https:\/\/youtu.be\/v8tXQ924V2w?list=PLcW0F-MHQjominysDKTbqyYpkJBb5NMhq\" target=\"_blank\">Acumulaci\u00f3n de origen<\/a><\/li>\n<li><a href=\"https:\/\/youtu.be\/ligENA6A9IE?list=PLcW0F-MHQjominysDKTbqyYpkJBb5NMhq\" target=\"_blank\">Capitulo Telecomunicaciones<\/a><\/li>\n<li><a href=\"https:\/\/youtu.be\/yL2rNl54kC0?list=PLcW0F-MHQjominysDKTbqyYpkJBb5NMhq\" target=\"_blank\">Facilitaci\u00f3n del comercio<\/a><\/li>\n<li><a href=\"https:\/\/youtu.be\/Dug4adWhwdo?list=PLcW0F-MHQjominysDKTbqyYpkJBb5NMhq\" target=\"_blank\">CIRI<\/a><\/li>\n<li><a href=\"https:\/\/youtu.be\/XZJtA7RyPpc?list=PLcW0F-MHQjominysDKTbqyYpkJBb5NMhq\" target=\"_blank\">Inversi\u00f3n<\/a><\/li>\n<\/ul>\n<\/div>\n<\/div><\/div><\/div><div id=\"pgc-295-0-2\"  class=\"panel-grid-cell panel-grid-cell-empty\" ><\/div><\/div><\/div>","protected":false},"excerpt":{"rendered":"<p>Acumulaci\u00f3n de origenCapitulo TelecomunicacionesFacilitaci\u00f3n del comercioCIRIInversi\u00f3n<\/p>\n","protected":false},"author":13,"featured_media":0,"parent":17,"menu_order":0,"comment_status":"closed","ping_status":"closed","template":"page-treaty","meta":{"footnotes":""},"class_list":["post-295","page","type-page","status-publish","hentry"],"_links":{"self":[{"href":"https:\/\/infotrade.economia.gob.sv\/mexico\/wp-json\/wp\/v2\/pages\/295","targetHints":{"allow":["GET"]}}],"collection":[{"href":"https:\/\/infotrade.economia.gob.sv\/mexico\/wp-json\/wp\/v2\/pages"}],"about":[{"href":"https:\/\/infotrade.economia.gob.sv\/mexico\/wp-json\/wp\/v2\/types\/page"}],"author":[{"embeddable":true,"href":"https:\/\/infotrade.economia.gob.sv\/mexico\/wp-json\/wp\/v2\/users\/13"}],"replies":[{"embeddable":true,"href":"https:\/\/infotrade.economia.gob.sv\/mexico\/wp-json\/wp\/v2\/comments?post=295"}],"version-history":[{"count":4,"href":"https:\/\/infotrade.economia.gob.sv\/mexico\/wp-json\/wp\/v2\/pages\/295\/revisions"}],"predecessor-version":[{"id":300,"href":"https:\/\/infotrade.economia.gob.sv\/mexico\/wp-json\/wp\/v2\/pages\/295\/revisions\/300"}],"up":[{"embeddable":true,"href":"https:\/\/infotrade.economia.gob.sv\/mexico\/wp-json\/wp\/v2\/pages\/17"}],"wp:attachment":[{"href":"https:\/\/infotrade.economia.gob.sv\/mexico\/wp-json\/wp\/v2\/media?parent=295"}],"curies":[{"name":"wp","href":"https:\/\/api.w.org\/{rel}","templated":true}]}}