{"id":304,"date":"2017-01-19T14:21:21","date_gmt":"2017-01-19T20:21:21","guid":{"rendered":"http:\/\/comext.minec.gob.sv\/mexico\/?page_id=304"},"modified":"2024-01-03T16:48:05","modified_gmt":"2024-01-03T22:48:05","slug":"programa-de-desgravacion-arancelaria","status":"publish","type":"page","link":"https:\/\/infotrade.economia.gob.sv\/mexico\/programa-de-desgravacion-arancelaria\/","title":{"rendered":"Programa de Desgravaci\u00f3n Arancelaria"},"content":{"rendered":"<p>Esta secci\u00f3n contiene el Programa de Desgravaci\u00f3n Arancelaria (PDA) del TLC \u00danico, aplicado por El Salvador durante el a\u00f1o 2021 y 2022.<\/p>\n<p>En caso tenga consultas sobre el PDA, puede ponerse en contacto con la oficina responsable:<\/p>\n<p>DIRECCI\u00d3N DE ADMINISTRACI\u00d3N DE TRATADOS COMERCIALES<br \/>Direcci\u00f3n: Alameda Juan Pablo II y Calle Guadalupe Edificio C1-C2, Centro de Gobierno, San Salvador, El Salvador.<br \/>Tel\u00e9fonos: (+503) 2590-5788 y (+503) 2590-5790<br \/>Email: <a href=\"mailto:datco@minec.gob.sv\">datco@minec.gob.sv<\/a><\/p>\n<p>Para descargar el Programa de Desgravaci\u00f3n Arancelaria M\u00e9xico, haga click sobre \u201c<strong>Descargar<\/strong>\u201d<\/p>\n<h3><a href=\"http:\/\/infotrade.economia.gob.sv\/mexico\/wp-content\/uploads\/sites\/4\/PDA-2021-TLC-MEXICO.pdf\" target=\"_blank\" rel=\"noopener\">Descargar PDA 2021<\/a><\/h3>\n<h3><a href=\"\/mexico\/wp-content\/uploads\/sites\/4\/PDA-Mexico-2022-1.pdf\" target=\"_blank\" rel=\"noopener\">Descargar PDA 2022<\/a><\/h3>\n<h3><a href=\"http:\/\/infotrade.economia.gob.sv\/mexico\/wp-content\/uploads\/sites\/4\/PDA-Mexico-2023.pdf\" target=\"_blank\" rel=\"noopener\">Descargar PDA 2023<\/a><\/h3>\n<h3><a href=\"http:\/\/infotrade.economia.gob.sv\/mexico\/wp-content\/uploads\/sites\/4\/PDA-Mexico-2024.pdf\">Descargar PDA 2024<\/a><\/h3>\n\n\n<p><\/p>\n","protected":false},"excerpt":{"rendered":"<p>Esta secci\u00f3n contiene el Programa de Desgravaci\u00f3n Arancelaria (PDA) del TLC \u00danico, aplicado por El Salvador durante el a\u00f1o 2021 y 2022. En caso tenga consultas sobre el PDA, puede ponerse en contacto con la oficina responsable: DIRECCI\u00d3N DE ADMINISTRACI\u00d3N DE TRATADOS COMERCIALESDirecci\u00f3n: Alameda Juan Pablo II y Calle Guadalupe Edificio C1-C2, Centro de Gobierno, [&hellip;]<\/p>\n","protected":false},"author":14,"featured_media":0,"parent":0,"menu_order":0,"comment_status":"closed","ping_status":"closed","template":"page-treaty","meta":{"footnotes":""},"class_list":["post-304","page","type-page","status-publish","hentry"],"_links":{"self":[{"href":"https:\/\/infotrade.economia.gob.sv\/mexico\/wp-json\/wp\/v2\/pages\/304","targetHints":{"allow":["GET"]}}],"collection":[{"href":"https:\/\/infotrade.economia.gob.sv\/mexico\/wp-json\/wp\/v2\/pages"}],"about":[{"href":"https:\/\/infotrade.economia.gob.sv\/mexico\/wp-json\/wp\/v2\/types\/page"}],"author":[{"embeddable":true,"href":"https:\/\/infotrade.economia.gob.sv\/mexico\/wp-json\/wp\/v2\/users\/14"}],"replies":[{"embeddable":true,"href":"https:\/\/infotrade.economia.gob.sv\/mexico\/wp-json\/wp\/v2\/comments?post=304"}],"version-history":[{"count":15,"href":"https:\/\/infotrade.economia.gob.sv\/mexico\/wp-json\/wp\/v2\/pages\/304\/revisions"}],"predecessor-version":[{"id":467,"href":"https:\/\/infotrade.economia.gob.sv\/mexico\/wp-json\/wp\/v2\/pages\/304\/revisions\/467"}],"wp:attachment":[{"href":"https:\/\/infotrade.economia.gob.sv\/mexico\/wp-json\/wp\/v2\/media?parent=304"}],"curies":[{"name":"wp","href":"https:\/\/api.w.org\/{rel}","templated":true}]}}