{"id":307,"date":"2017-01-19T14:21:38","date_gmt":"2017-01-19T20:21:38","guid":{"rendered":"http:\/\/comext.minec.gob.sv\/mexico\/?page_id=307"},"modified":"2022-07-28T08:00:08","modified_gmt":"2022-07-28T14:00:08","slug":"documentos-de-origen","status":"publish","type":"page","link":"https:\/\/infotrade.economia.gob.sv\/mexico\/documentos-de-origen\/","title":{"rendered":"Documentos de Origen"},"content":{"rendered":"\n<figure class=\"wp-block-table\"><table><tbody><tr><td>El Art\u00edculo 5.3 del Cap\u00edtulo 5 \u201cProcedimientos Aduaneros Relacionados con el Origen de las Mercanc\u00edas\u201d del texto del Tratado establece que el importador que solicite trato arancelario preferencial para una mercanc\u00eda deber\u00e1 presentar un certificado de origen. &nbsp; En el Art\u00edculo 5.2 del texto del Acuerdo, se dispone que el certificado de origen puede ser emitido por el exportador o el productor. Asimismo, en caso no sea el productor quien emita el certificado de origen el exportador debe de llenar y firmar el certificado con fundamento en: Su conocimiento de que la mercanc\u00eda califica como originaria; oUna declaraci\u00f3n de origen elaborada por el productor y proporcionada voluntariamente al exportador.<\/td><\/tr><\/tbody><\/table><\/figure>\n\n\n\n<figure class=\"wp-block-table is-style-stripes\"><table><tbody><tr><td><strong>Documentos<\/strong><\/td><td>&nbsp;<\/td><\/tr><tr><td>Certificado de origen TLC \u00danico M\u00e9xico-Centroam\u00e9rica<\/td><td><a href=\"http:\/\/infotrade.economia.gob.sv\/wp-content\/uploads\/certificado-origen-tlc-tlc-unico-mexico-centroamerica.pdf\" target=\"_blank\" rel=\"noreferrer noopener\">Descargar<\/a><\/td><\/tr><tr><td>Declaraci\u00f3n de origen TLC \u00danico M\u00e9xico-Centroam\u00e9rica<\/td><td><a href=\"http:\/\/infotrade.economia.gob.sv\/wp-content\/uploads\/declaracion-origen-tlc-unico-mexico-centroamerica.pdf\" target=\"_blank\" rel=\"noreferrer noopener\">Descargar<\/a><\/td><\/tr><\/tbody><\/table><\/figure>\n\n\n\n<p><\/p>\n","protected":false},"excerpt":{"rendered":"<p>El Art\u00edculo 5.3 del Cap\u00edtulo 5 \u201cProcedimientos Aduaneros Relacionados con el Origen de las Mercanc\u00edas\u201d del texto del Tratado establece que el importador que solicite trato arancelario preferencial para una mercanc\u00eda deber\u00e1 presentar un certificado de origen. &nbsp; En el Art\u00edculo 5.2 del texto del Acuerdo, se dispone que el certificado de origen puede ser [&hellip;]<\/p>\n","protected":false},"author":14,"featured_media":0,"parent":0,"menu_order":0,"comment_status":"closed","ping_status":"closed","template":"page-treaty","meta":{"footnotes":""},"class_list":["post-307","page","type-page","status-publish","hentry"],"_links":{"self":[{"href":"https:\/\/infotrade.economia.gob.sv\/mexico\/wp-json\/wp\/v2\/pages\/307","targetHints":{"allow":["GET"]}}],"collection":[{"href":"https:\/\/infotrade.economia.gob.sv\/mexico\/wp-json\/wp\/v2\/pages"}],"about":[{"href":"https:\/\/infotrade.economia.gob.sv\/mexico\/wp-json\/wp\/v2\/types\/page"}],"author":[{"embeddable":true,"href":"https:\/\/infotrade.economia.gob.sv\/mexico\/wp-json\/wp\/v2\/users\/14"}],"replies":[{"embeddable":true,"href":"https:\/\/infotrade.economia.gob.sv\/mexico\/wp-json\/wp\/v2\/comments?post=307"}],"version-history":[{"count":7,"href":"https:\/\/infotrade.economia.gob.sv\/mexico\/wp-json\/wp\/v2\/pages\/307\/revisions"}],"predecessor-version":[{"id":440,"href":"https:\/\/infotrade.economia.gob.sv\/mexico\/wp-json\/wp\/v2\/pages\/307\/revisions\/440"}],"wp:attachment":[{"href":"https:\/\/infotrade.economia.gob.sv\/mexico\/wp-json\/wp\/v2\/media?parent=307"}],"curies":[{"name":"wp","href":"https:\/\/api.w.org\/{rel}","templated":true}]}}