{"id":328,"date":"2017-11-24T13:55:45","date_gmt":"2017-11-24T19:55:45","guid":{"rendered":"http:\/\/infotrade.economia.gob.sv\/mexico\/?page_id=328"},"modified":"2024-01-03T11:37:23","modified_gmt":"2024-01-03T17:37:23","slug":"decisiones","status":"publish","type":"page","link":"https:\/\/infotrade.economia.gob.sv\/mexico\/decisiones\/","title":{"rendered":"Decisiones"},"content":{"rendered":"<div class=\"table-responsive\">\n<table class=\"table table-bordered table-striped table-hover\" style=\"height: 296px;\" width=\"576\">\n<tbody>\n<tr>\n<td width=\"561\"><a href=\"\/wp-content\/uploads\/sites\/4\/FTC_Dec01_s.pdf\" target=\"_blank\" rel=\"noopener\">Decisi\u00f3n No. 1 \u2013 Reglamento de Operaci\u00f3n del Anexo 3.16 y Formatos \u00danicos de Certificado y Declaraci\u00f3n de Origen<\/a><\/td>\n<\/tr>\n<tr>\n<td><a href=\"http:\/\/infotrade.economia.gob.sv\/mexico\/wp-content\/uploads\/sites\/4\/Decision-No.-2-Adopcion-por-la-Republica-de-Honduras-de-la-Decision-No.1-del-TLC-Mexico-CA-1.pdf\" target=\"_blank\" rel=\"noopener\">Decisi\u00f3n No. 2 \u2013 Adopci\u00f3n por la Rep\u00fablica de Honduras de la Decisi\u00f3n No. 1<\/a><\/td>\n<\/tr>\n<tr>\n<td><a href=\"http:\/\/infotrade.economia.gob.sv\/mexico\/wp-content\/uploads\/sites\/4\/Decision-No.-3-Adopcion-por-la-Republica-de-Costa-Rica-de-la-Decision-No.1-del-TLC-Mexico-CA.pdf\" target=\"_blank\" rel=\"noopener\">Decisi\u00f3n No. 3 \u2013 Adopci\u00f3n por la Rep\u00fablica de Costa Rica de la Decisi\u00f3n No. 1<\/a><\/td>\n<\/tr>\n<tr>\n<td><a href=\"http:\/\/infotrade.economia.gob.sv\/mexico\/wp-content\/uploads\/sites\/4\/Decision-No.-4-Adopcion-por-la-Republica-de-Guatemala-de-la-Decision-No.1-del-TLC-Mexico-CA.pdf\" target=\"_blank\" rel=\"noopener\">Decisi\u00f3n No. 4 \u2013 Adopci\u00f3n por la Rep\u00fablica de Guatemala de la Decisi\u00f3n No. 1<\/a><\/td>\n<\/tr>\n<tr>\n<td><a href=\"\/wp-content\/uploads\/sites\/4\/FTC_Dec05_s.pdf\" target=\"_blank\" rel=\"noopener\">Decisi\u00f3n No. 5 \u2013 Reglas Modelo de Procedimiento y C\u00f3digo de Conducta del Cap\u00edtulo XVII<\/a><\/td>\n<\/tr>\n<tr>\n<td><a href=\"\/wp-content\/uploads\/sites\/4\/FTC_Dec06_s.pdf\" target=\"_blank\" rel=\"noopener\">Decisi\u00f3n No. 6 \u2013 Reglas y Procedimientos de la Comisi\u00f3n Administradora<\/a><\/td>\n<\/tr>\n<tr>\n<td><a href=\"\/mexico\/wp-content\/uploads\/sites\/4\/FTC_Dec07_s.pdf\" target=\"_blank\" rel=\"noopener\">Decisi\u00f3n No. 7 \u2013 Establecimiento Comit\u00e9 Comercio Transfronterizo Servicios e Inversi\u00f3n<\/a><\/td>\n<\/tr>\n<tr>\n<td><a href=\"http:\/\/infotrade.economia.gob.sv\/mexico\/wp-content\/uploads\/sites\/4\/Decision-No-8_V-enmienda-Mexico.pdf\" target=\"_blank\" rel=\"noopener\">Decisi\u00f3n No. 8 \u2013 Reglas de Origen Espec\u00edficas &#8211; Adecuaci\u00f3n V Enmienda del Sistema Armonizado<\/a><\/td>\n<\/tr>\n<tr>\n<td><a href=\"\/wp-content\/uploads\/sites\/4\/FTC_Dec09_s.pdf\" target=\"_blank\" rel=\"noopener\">Decisi\u00f3n No. 9 \u2013 Reglamentaciones Uniformes del Tratado de Libre Comercio<\/a><\/td>\n<\/tr>\n<tr>\n<td width=\"561\"><a href=\"\/mexico\/wp-content\/uploads\/sites\/4\/FTC_Dec010_s.pdf\" target=\"_blank\" rel=\"noopener\">Decisi\u00f3n No. 10 \u2013 Lista indicativa panelistas nacionales<\/a><\/td>\n<\/tr>\n<tr>\n<td width=\"561\"><a href=\"\/mexico\/wp-content\/uploads\/sites\/4\/FTC_Dec011_s.pdf\" target=\"_blank\" rel=\"noopener\">Decisi\u00f3n No. 11 \u2013 Lista indicativa panelistas Estados no Parte<\/a><\/td>\n<\/tr>\n<\/tbody>\n<\/table>\n<\/div>\n","protected":false},"excerpt":{"rendered":"<p>Decisi\u00f3n No. 1 \u2013 Reglamento de Operaci\u00f3n del Anexo 3.16 y Formatos \u00danicos de Certificado y Declaraci\u00f3n de Origen Decisi\u00f3n No. 2 \u2013 Adopci\u00f3n por la Rep\u00fablica de Honduras de la Decisi\u00f3n No. 1 Decisi\u00f3n No. 3 \u2013 Adopci\u00f3n por la Rep\u00fablica de Costa Rica de la Decisi\u00f3n No. 1 Decisi\u00f3n No. 4 \u2013 Adopci\u00f3n [&hellip;]<\/p>\n","protected":false},"author":14,"featured_media":0,"parent":0,"menu_order":0,"comment_status":"closed","ping_status":"closed","template":"page-treaty","meta":{"footnotes":""},"class_list":["post-328","page","type-page","status-publish","hentry"],"_links":{"self":[{"href":"https:\/\/infotrade.economia.gob.sv\/mexico\/wp-json\/wp\/v2\/pages\/328","targetHints":{"allow":["GET"]}}],"collection":[{"href":"https:\/\/infotrade.economia.gob.sv\/mexico\/wp-json\/wp\/v2\/pages"}],"about":[{"href":"https:\/\/infotrade.economia.gob.sv\/mexico\/wp-json\/wp\/v2\/types\/page"}],"author":[{"embeddable":true,"href":"https:\/\/infotrade.economia.gob.sv\/mexico\/wp-json\/wp\/v2\/users\/14"}],"replies":[{"embeddable":true,"href":"https:\/\/infotrade.economia.gob.sv\/mexico\/wp-json\/wp\/v2\/comments?post=328"}],"version-history":[{"count":11,"href":"https:\/\/infotrade.economia.gob.sv\/mexico\/wp-json\/wp\/v2\/pages\/328\/revisions"}],"predecessor-version":[{"id":464,"href":"https:\/\/infotrade.economia.gob.sv\/mexico\/wp-json\/wp\/v2\/pages\/328\/revisions\/464"}],"wp:attachment":[{"href":"https:\/\/infotrade.economia.gob.sv\/mexico\/wp-json\/wp\/v2\/media?parent=328"}],"curies":[{"name":"wp","href":"https:\/\/api.w.org\/{rel}","templated":true}]}}