{"id":8,"date":"2015-03-23T09:26:36","date_gmt":"2015-03-23T15:26:36","guid":{"rendered":"http:\/\/www.minec.gob.sv\/comercioexterior\/chile\/?page_id=8"},"modified":"2019-05-29T08:47:44","modified_gmt":"2019-05-29T14:47:44","slug":"informacion-general","status":"publish","type":"page","link":"https:\/\/infotrade.economia.gob.sv\/mexico\/informacion-general\/","title":{"rendered":"Informaci\u00f3n General"},"content":{"rendered":"<div id=\"pl-8\" class=\"panel-layout\">\n<div id=\"pg-8-0\" class=\"panel-grid panel-no-style\">\n<div id=\"pgc-8-0-0\" class=\"panel-grid-cell\" data-weight=\"1\">\n<div id=\"panel-8-0-0-0\" class=\"so-panel widget widget_sow-editor panel-first-child panel-last-child\" data-index=\"0\" data-style=\"{&quot;background_image_attachment&quot;:false,&quot;background_display&quot;:&quot;tile&quot;}\">\n<div class=\"so-widget-sow-editor so-widget-sow-editor-base\">\n<div class=\"siteorigin-widget-tinymce textwidget\">\n<h1>Tratado de Libre Comercio Centroam\u00e9rica \u2013 M\u00e9xico<\/h1>\n<p><a href=\" \/mexico\/wp-content\/uploads\/sites\/4\/mx-lgflag.gif\"><img loading=\"lazy\" decoding=\"async\" class=\"wp-image-62\" src=\" \/mexico\/wp-content\/uploads\/sites\/4\/mx-lgflag.gif\" alt=\"mx-lgflag\" width=\"200\" height=\"114\" \/><\/a><\/p>\n<p>Hasta antes del 1 de septiembre de 2012, M\u00e9xico manten\u00eda tres acuerdos comerciales con los pa\u00edses centroamericanos; uno con Costa Rica, otro con Nicaragua y un tercero con los pa\u00edses del denominado Tri\u00e1ngulo Norte, conformado por Guatemala, Honduras y El Salvador. Sin embargo, a partir de la entrada en vigencia del Tratado \u00danico se cre\u00f3 un espacio econ\u00f3mico y jur\u00eddico ampliado que ha contribuido a facilitar el comercio, a fomentar la integraci\u00f3n regional y a reducir los costos de las transacciones comerciales.<\/p>\n<p>La decisi\u00f3n de iniciar este proceso de negociaci\u00f3n fue adoptada en el marco de la X Cumbre del Mecanismo de Di\u00e1logo y Concertaci\u00f3n de Tuxtla, realizada en Villahermosa, Tabasco, en 2008, con el prop\u00f3sito de converger y modernizar los acuerdos comerciales previos y adaptarlos a la nueva realidad productiva de la regi\u00f3n.<\/p>\n<p>Este Acuerdo promueve la integraci\u00f3n productiva y econ\u00f3mica entre Centroam\u00e9rica y M\u00e9xico, al permitir la acumulaci\u00f3n regional, la cual facilita la utilizaci\u00f3n de insumos y materiales originarios de los pa\u00edses miembros del Tratado para la producci\u00f3n de bienes finales de exportaci\u00f3n.<\/p>\n<p>El 96% de los productos originarios de M\u00e9xico ingresan libres de arancel a El Salvador, mientras que el 97% de los productos originarios de El Salvador ingresan sin arancel a M\u00e9xico. Los productos que a\u00fan se encuentran en desgravaci\u00f3n arancelaria quedar\u00e1n libres de arancel en ambas v\u00edas en el a\u00f1o 2021.<\/p>\n<p>A partir de la entrada en vigencia del TLC en septiembre de 2012, las exportaciones salvadore\u00f1as pasaron de US$ 83.4 millones a US$ 144 millones en el 2018 al mercado mexicano, reflejando un crecimiento 72.7% en dicho periodo.<\/p>\n<figure id=\"attachment_414\" aria-describedby=\"caption-attachment-414\" style=\"width: 430px\" class=\"wp-caption aligncenter\"><img loading=\"lazy\" decoding=\"async\" class=\"wp-image-414\" src=\"http:\/\/infotrade.economia.gob.sv\/mexico\/wp-content\/uploads\/sites\/4\/Exportaciones-2018-Mx.jpg\" alt=\"\" width=\"430\" height=\"263\" \/><figcaption id=\"caption-attachment-414\" class=\"wp-caption-text\">Fuente: Banco Central de Reserva<\/figcaption><\/figure>\n<p>Por el lado de las importaciones, estas se incrementaron desde US$743.9 millones a la entrada en vigor del Acuerdo hasta US$ 929.6 millones en el a\u00f1o 2018, reflejando un incremento del 25%.<\/p>\n<figure id=\"attachment_415\" aria-describedby=\"caption-attachment-415\" style=\"width: 477px\" class=\"wp-caption aligncenter\"><img loading=\"lazy\" decoding=\"async\" class=\"wp-image-415\" src=\"http:\/\/infotrade.economia.gob.sv\/mexico\/wp-content\/uploads\/sites\/4\/Importaciones-2018-Mx.jpg\" alt=\"\" width=\"477\" height=\"293\" \/><figcaption id=\"caption-attachment-415\" class=\"wp-caption-text\">Fuente: Banco Central de Reserva<\/figcaption><\/figure>\n<p>Entre de los principales productos salvadore\u00f1os que se exportan a M\u00e9xico se encuentran: conductores el\u00e9ctricos para veh\u00edculos, camisetas y ropa interior de algod\u00f3n, pel\u00edculas de polipropileno sin impresi\u00f3n y bolsas pl\u00e1sticas, medicina para uso humano, estuches de joyas de madera.<\/p>\n<p>Mientras tanto entre los principales productos importados desde M\u00e9xico destacan: televisores, medicamentos, alambre, autom\u00f3viles, electrodom\u00e9sticos, productos de cuidado personal, cosm\u00e9ticos, insumos para la industria de papel y cart\u00f3n, preparaciones alimenticias, aguacates, aceites y grasas lubricantes.<\/p>\n<p>En 2018, M\u00e9xico se constituy\u00f3 en sexto destino de las exportaciones salvadore\u00f1as, exportando el 2.4% del total. Por el lado de las importaciones, los productos provenientes de M\u00e9xico ocuparon el cuarto lugar representando el 7.9% del total.<\/p>\n<p>Para 2018, M\u00e9xico se constituye en el tercer pa\u00eds de origen de la Inversi\u00f3n Extranjera Directa en El Salvador, con un total de US$ 895 millones, representando el 9.2% de la Inversi\u00f3n Extranjera Directa total para dicho a\u00f1o. Las principales inversiones mexicanas en El Salvador se concentran principalmente en los sectores: financiero, telecomunicaciones, agroindustria y manufacturas diversas.<\/p>\n<figure id=\"attachment_416\" aria-describedby=\"caption-attachment-416\" style=\"width: 508px\" class=\"wp-caption aligncenter\"><img loading=\"lazy\" decoding=\"async\" class=\"wp-image-416\" src=\"http:\/\/infotrade.economia.gob.sv\/mexico\/wp-content\/uploads\/sites\/4\/IED-2018-Mx.jpg\" alt=\"\" width=\"508\" height=\"200\" \/><figcaption id=\"caption-attachment-416\" class=\"wp-caption-text\">Fuente: Banco Central de Reserva<\/figcaption><\/figure>\n<\/div>\n<\/div>\n<\/div>\n<\/div>\n<\/div>\n<\/div>\n","protected":false},"excerpt":{"rendered":"<p>Tratado de Libre Comercio Centroam\u00e9rica \u2013 M\u00e9xico Hasta antes del 1 de septiembre de 2012, M\u00e9xico manten\u00eda tres acuerdos comerciales con los pa\u00edses centroamericanos; uno con Costa Rica, otro con Nicaragua y un tercero con los pa\u00edses del denominado Tri\u00e1ngulo Norte, conformado por Guatemala, Honduras y El Salvador. Sin embargo, a partir de la entrada [&hellip;]<\/p>\n","protected":false},"author":1,"featured_media":0,"parent":0,"menu_order":0,"comment_status":"closed","ping_status":"open","template":"page-treaty","meta":{"footnotes":""},"class_list":["post-8","page","type-page","status-publish","hentry"],"_links":{"self":[{"href":"https:\/\/infotrade.economia.gob.sv\/mexico\/wp-json\/wp\/v2\/pages\/8","targetHints":{"allow":["GET"]}}],"collection":[{"href":"https:\/\/infotrade.economia.gob.sv\/mexico\/wp-json\/wp\/v2\/pages"}],"about":[{"href":"https:\/\/infotrade.economia.gob.sv\/mexico\/wp-json\/wp\/v2\/types\/page"}],"author":[{"embeddable":true,"href":"https:\/\/infotrade.economia.gob.sv\/mexico\/wp-json\/wp\/v2\/users\/1"}],"replies":[{"embeddable":true,"href":"https:\/\/infotrade.economia.gob.sv\/mexico\/wp-json\/wp\/v2\/comments?post=8"}],"version-history":[{"count":34,"href":"https:\/\/infotrade.economia.gob.sv\/mexico\/wp-json\/wp\/v2\/pages\/8\/revisions"}],"predecessor-version":[{"id":420,"href":"https:\/\/infotrade.economia.gob.sv\/mexico\/wp-json\/wp\/v2\/pages\/8\/revisions\/420"}],"wp:attachment":[{"href":"https:\/\/infotrade.economia.gob.sv\/mexico\/wp-json\/wp\/v2\/media?parent=8"}],"curies":[{"name":"wp","href":"https:\/\/api.w.org\/{rel}","templated":true}]}}