{"id":11,"date":"2015-03-23T09:26:36","date_gmt":"2015-03-23T15:26:36","guid":{"rendered":"http:\/\/www.minec.gob.sv\/comercioexterior\/chile\/?page_id=8"},"modified":"2017-01-18T10:47:25","modified_gmt":"2017-01-18T16:47:25","slug":"informacion-general","status":"publish","type":"page","link":"https:\/\/infotrade.economia.gob.sv\/panama\/informacion-general\/","title":{"rendered":"Informaci\u00f3n General"},"content":{"rendered":"<h1>Tratado de Libre Comercio Centroam\u00e9rica \u2013 Panam\u00e1<\/h1>\n<figure id=\"attachment_33\" aria-describedby=\"caption-attachment-33\" style=\"width: 184px\" class=\"wp-caption alignright pull-right right\"><a href=\"\/panama\/wp-content\/uploads\/sites\/10\/2015\/03\/pm-lgflag.gif\"><img loading=\"lazy\" decoding=\"async\" class=\"wp-image-33\" src=\"\/panama\/wp-content\/uploads\/sites\/10\/2015\/03\/pm-lgflag.gif\" alt=\"pm-lgflag\" width=\"184\" height=\"123\" \/><\/a><figcaption id=\"caption-attachment-33\" class=\"wp-caption-text\">Bandera<\/figcaption><\/figure>\n<p style=\"text-align: justify;\">A trav\u00e9s de los a\u00f1os la econom\u00eda paname\u00f1a y su sistema bancario han sido conocidos internacionalmente como uno de los m\u00e1s s\u00f3lidos del continente, un componente importante para esta solidez econ\u00f3mica, ha sido el estable crecimiento del PIB.<\/p>\n<p style=\"text-align: justify;\">Entre 2007 y 2013, la econom\u00eda paname\u00f1a creci\u00f3 a una tasa promedio anual del 8%, una de las m\u00e1s altas de Am\u00e9rica Latina.<\/p>\n<p style=\"text-align: justify;\">Este r\u00e1pido crecimiento se debi\u00f3 en gran medida a la expansi\u00f3n del consumo privado y la inversi\u00f3n p\u00fablica y privada, dirigida en particular a grandes proyectos de infraestructura. Los servicios dominan la estructura de la econom\u00eda paname\u00f1a, aportando el 70% del PIB y dos tercios del empleo.<\/p>\n<p style=\"text-align: justify;\">Seg\u00fan el ranking mundial de competitividad del Foro Econ\u00f3mico Mundial, Panam\u00e1 es \u0097despu\u00e9s de Chile\u0097 la econom\u00eda m\u00e1s competitiva, y consolida su posici\u00f3n como la m\u00e1xima de Am\u00e9rica Central. Aparte, seg\u00fan datos del Banco Mundial, Panam\u00e1 tiene el PIB per c\u00e1pita m\u00e1s alto de la regi\u00f3n centroamericana siendo aproximadamente de 16.993.82 para el 2013, superando el PIB per c\u00e1pita de pa\u00edses como M\u00e9xico, Venezuela, Brasil y Per\u00fa PPA.<\/p>\n<p style=\"text-align: justify;\">\u00a0Los Estados Unidos siguen siendo el principal interlocutor comercial de Panam\u00e1, participando con m\u00e1s del 20% de sus exportaciones e importaciones, aunque su importancia relativa ha disminuido. Otros interlocutores importantes son la Uni\u00f3n Europea, el Canad\u00e1, los pa\u00edses centroamericanos, M\u00e9xico, Colombia y China. En el periodo examinado, Panam\u00e1 capt\u00f3 crecientes flujos de IED, que representaron el 7,6% del PIB en 2012. Se espera que los acuerdos de comercio preferencial que ha concluido Panam\u00e1 en a\u00f1os recientes, contribuyan a diversificar su comercio exterior y a atraer m\u00e1s IED.<\/p>\n<p>&nbsp;<\/p>\n<h2><\/h2>\n","protected":false},"excerpt":{"rendered":"<p>Tratado de Libre Comercio Centroam\u00e9rica \u2013 Panam\u00e1 A trav\u00e9s de los a\u00f1os la econom\u00eda paname\u00f1a y su sistema bancario han sido conocidos internacionalmente como uno de los m\u00e1s s\u00f3lidos del continente, un componente importante para esta solidez econ\u00f3mica, ha sido el estable crecimiento del PIB. Entre 2007 y 2013, la econom\u00eda paname\u00f1a creci\u00f3 a una [&hellip;]<\/p>\n","protected":false},"author":10,"featured_media":0,"parent":0,"menu_order":0,"comment_status":"closed","ping_status":"open","template":"page-treaty","meta":{"footnotes":""},"class_list":["post-11","page","type-page","status-publish","hentry"],"_links":{"self":[{"href":"https:\/\/infotrade.economia.gob.sv\/panama\/wp-json\/wp\/v2\/pages\/11","targetHints":{"allow":["GET"]}}],"collection":[{"href":"https:\/\/infotrade.economia.gob.sv\/panama\/wp-json\/wp\/v2\/pages"}],"about":[{"href":"https:\/\/infotrade.economia.gob.sv\/panama\/wp-json\/wp\/v2\/types\/page"}],"author":[{"embeddable":true,"href":"https:\/\/infotrade.economia.gob.sv\/panama\/wp-json\/wp\/v2\/users\/10"}],"replies":[{"embeddable":true,"href":"https:\/\/infotrade.economia.gob.sv\/panama\/wp-json\/wp\/v2\/comments?post=11"}],"version-history":[{"count":5,"href":"https:\/\/infotrade.economia.gob.sv\/panama\/wp-json\/wp\/v2\/pages\/11\/revisions"}],"predecessor-version":[{"id":72,"href":"https:\/\/infotrade.economia.gob.sv\/panama\/wp-json\/wp\/v2\/pages\/11\/revisions\/72"}],"wp:attachment":[{"href":"https:\/\/infotrade.economia.gob.sv\/panama\/wp-json\/wp\/v2\/media?parent=11"}],"curies":[{"name":"wp","href":"https:\/\/api.w.org\/{rel}","templated":true}]}}