{"id":120,"date":"2022-07-28T11:10:58","date_gmt":"2022-07-28T17:10:58","guid":{"rendered":"http:\/\/infotrade.economia.gob.sv\/panama\/?page_id=120"},"modified":"2022-07-28T11:10:58","modified_gmt":"2022-07-28T17:10:58","slug":"documentos-de-origen-panama","status":"publish","type":"page","link":"https:\/\/infotrade.economia.gob.sv\/panama\/administracion-del-acuerdo\/documentos-de-origen-panama\/","title":{"rendered":"Documentos de Origen (Panam\u00e1)"},"content":{"rendered":"Seg\u00fan lo establecido en el Art\u00edculo 5.02 del Cap\u00edtulo 5 \u201cProcedimientos Aduaneros\u201d del texto del Tratado, el importador podr\u00e1 solicitar trato arancelario preferencial sobre la base de un certificado de origen, el cual ser\u00e1 llenado y firmado por el exportador. Asimismo, en caso de que el exportador no sea el productor de la mercanc\u00eda, el exportador puede llenar y firmar el referido certificado con fundamento en:\r\n<ul>\r\n \t<li>Su conocimiento sobre si la mercanc\u00eda califica como originaria;<\/li>\r\n \t<li>Su confianza razonable en la declaraci\u00f3n escrita del productor de que la mercanc\u00eda califica como originaria; o<\/li>\r\n<\/ul>\r\nUna declaraci\u00f3n de origen de la mercanc\u00eda. Adem\u00e1s, se requiere que la declaraci\u00f3n de origen que ampare la mercanc\u00eda objeto de la exportaci\u00f3n sea llenada y firmada por el productor de la mercanc\u00eda y proporcionada voluntariamente al exportador.\r\n\r\n\r\n<figure class=\"wp-block-table is-style-stripes\">\r\n<table>\r\n<tbody>\r\n<tr>\r\n<td><strong>Documentos<\/strong><\/td>\r\n<td><\/td>\r\n<\/tr>\r\n<tr>\r\n<td>Certificado de origen e instructivo de llenado TLC Panam\u00e1-Centroam\u00e9rica<\/td>\r\n<td><a href=\"\/panama\/wp-content\/uploads\/sites\/10\/2022\/07\/Certificado-de-origen-e-instructivo-de-llenado-TLC-CA-Panama.pdf\" target=\"_blank\" rel=\"noopener\">Descargar<\/a><\/td>\r\n<\/tr>\r\n<tr>\r\n<td>Declaraci\u00f3n de origen TLC Panam\u00e1-Centroam\u00e9rica<\/td>\r\n<td><a href=\"\/panama\/wp-content\/uploads\/sites\/10\/2022\/07\/Declaracion-de-origen-e-instructivo-de-llenado-TLC-CA-Panama.pdf\" target=\"_blank\" rel=\"noopener\">Descargar<\/a><\/td>\r\n<\/tr>\r\n<\/tbody>\r\n<\/table>\r\n<\/figure>","protected":false},"excerpt":{"rendered":"<p>Seg\u00fan lo establecido en el Art\u00edculo 5.02 del Cap\u00edtulo 5 \u201cProcedimientos Aduaneros\u201d del texto del Tratado, el importador podr\u00e1 solicitar trato arancelario preferencial sobre la base de un certificado de origen, el cual ser\u00e1 llenado y firmado por el exportador. Asimismo, en caso de que el exportador no sea el productor de la mercanc\u00eda, el [&hellip;]<\/p>\n","protected":false},"author":20,"featured_media":0,"parent":13,"menu_order":0,"comment_status":"closed","ping_status":"closed","template":"page-treaty","meta":{"footnotes":""},"class_list":["post-120","page","type-page","status-publish","hentry"],"_links":{"self":[{"href":"https:\/\/infotrade.economia.gob.sv\/panama\/wp-json\/wp\/v2\/pages\/120","targetHints":{"allow":["GET"]}}],"collection":[{"href":"https:\/\/infotrade.economia.gob.sv\/panama\/wp-json\/wp\/v2\/pages"}],"about":[{"href":"https:\/\/infotrade.economia.gob.sv\/panama\/wp-json\/wp\/v2\/types\/page"}],"author":[{"embeddable":true,"href":"https:\/\/infotrade.economia.gob.sv\/panama\/wp-json\/wp\/v2\/users\/20"}],"replies":[{"embeddable":true,"href":"https:\/\/infotrade.economia.gob.sv\/panama\/wp-json\/wp\/v2\/comments?post=120"}],"version-history":[{"count":1,"href":"https:\/\/infotrade.economia.gob.sv\/panama\/wp-json\/wp\/v2\/pages\/120\/revisions"}],"predecessor-version":[{"id":123,"href":"https:\/\/infotrade.economia.gob.sv\/panama\/wp-json\/wp\/v2\/pages\/120\/revisions\/123"}],"up":[{"embeddable":true,"href":"https:\/\/infotrade.economia.gob.sv\/panama\/wp-json\/wp\/v2\/pages\/13"}],"wp:attachment":[{"href":"https:\/\/infotrade.economia.gob.sv\/panama\/wp-json\/wp\/v2\/media?parent=120"}],"curies":[{"name":"wp","href":"https:\/\/api.w.org\/{rel}","templated":true}]}}