{"id":126,"date":"2022-07-28T11:13:30","date_gmt":"2022-07-28T17:13:30","guid":{"rendered":"http:\/\/infotrade.economia.gob.sv\/panama\/?page_id=126"},"modified":"2024-01-03T16:51:38","modified_gmt":"2024-01-03T22:51:38","slug":"programa-de-desgravacion","status":"publish","type":"page","link":"https:\/\/infotrade.economia.gob.sv\/panama\/administracion-del-acuerdo\/programa-de-desgravacion\/","title":{"rendered":"Programa de Desgravaci\u00f3n"},"content":{"rendered":"<p>Esta secci\u00f3n contiene el Programa de Desgravaci\u00f3n Arancelaria (PDA) del Tratado de Libre Comercio con Panam\u00e1, aplicado por El Salvador en el a\u00f1o 2021\u00a0 y 2022.<\/p>\n<p>En caso tenga consultas sobre el PDA, puede ponerse en contacto con la oficina responsable:<\/p>\n<p>DIRECCI\u00d3N DE ADMINISTRACI\u00d3N DE TRATADOS COMERCIALES<br \/>\nDirecci\u00f3n: Alameda Juan Pablo II y Calle Guadalupe Edificio C1-C2, Centro de Gobierno, San Salvador, El Salvador.<br \/>\nTel\u00e9fonos: (+503) 2590-5788 y (+503) 2590-5790<br \/>\nEmail: <a href=\"mailto:datco@minec.gob.sv\">datco@minec.gob.sv<\/a><\/p>\n<p>Para descargar el Programa de Desgravaci\u00f3n Arancelaria CAFTA, haga click sobre \u201c<strong>Descargar<\/strong><\/p>\n<h3><a href=\"http:\/\/infotrade.economia.gob.sv\/panama\/wp-content\/uploads\/sites\/10\/2021\/02\/PDA-2021-TLC-PANAMA.pdf\" target=\"_blank\" rel=\"noopener\">Descargar PDA 2021<\/a><\/h3>\n<h3><a href=\"http:\/\/infotrade.economia.gob.sv\/panama\/wp-content\/uploads\/sites\/10\/2022\/06\/PDA-Panama-2022.pdf\" target=\"_blank\" rel=\"noopener\">Descargar PDA 2022<\/a><\/h3>\n<h3><a href=\"http:\/\/infotrade.economia.gob.sv\/panama\/wp-content\/uploads\/sites\/10\/2023\/01\/PDA-Panama-2023.pdf\" target=\"_blank\" rel=\"noopener\">Descargar PDA 2023<\/a><\/h3>\n<h3><a href=\"http:\/\/infotrade.economia.gob.sv\/panama\/wp-content\/uploads\/sites\/10\/2024\/01\/PDA-Panama-2024.pdf\">Descargar PDA 2024<\/a><\/h3>\n","protected":false},"excerpt":{"rendered":"<p>Esta secci\u00f3n contiene el Programa de Desgravaci\u00f3n Arancelaria (PDA) del Tratado de Libre Comercio con Panam\u00e1, aplicado por El Salvador en el a\u00f1o 2021\u00a0 y 2022. En caso tenga consultas sobre el PDA, puede ponerse en contacto con la oficina responsable: DIRECCI\u00d3N DE ADMINISTRACI\u00d3N DE TRATADOS COMERCIALES Direcci\u00f3n: Alameda Juan Pablo II y Calle Guadalupe [&hellip;]<\/p>\n","protected":false},"author":20,"featured_media":0,"parent":13,"menu_order":0,"comment_status":"closed","ping_status":"closed","template":"page-treaty","meta":{"footnotes":""},"class_list":["post-126","page","type-page","status-publish","hentry"],"_links":{"self":[{"href":"https:\/\/infotrade.economia.gob.sv\/panama\/wp-json\/wp\/v2\/pages\/126","targetHints":{"allow":["GET"]}}],"collection":[{"href":"https:\/\/infotrade.economia.gob.sv\/panama\/wp-json\/wp\/v2\/pages"}],"about":[{"href":"https:\/\/infotrade.economia.gob.sv\/panama\/wp-json\/wp\/v2\/types\/page"}],"author":[{"embeddable":true,"href":"https:\/\/infotrade.economia.gob.sv\/panama\/wp-json\/wp\/v2\/users\/20"}],"replies":[{"embeddable":true,"href":"https:\/\/infotrade.economia.gob.sv\/panama\/wp-json\/wp\/v2\/comments?post=126"}],"version-history":[{"count":4,"href":"https:\/\/infotrade.economia.gob.sv\/panama\/wp-json\/wp\/v2\/pages\/126\/revisions"}],"predecessor-version":[{"id":169,"href":"https:\/\/infotrade.economia.gob.sv\/panama\/wp-json\/wp\/v2\/pages\/126\/revisions\/169"}],"up":[{"embeddable":true,"href":"https:\/\/infotrade.economia.gob.sv\/panama\/wp-json\/wp\/v2\/pages\/13"}],"wp:attachment":[{"href":"https:\/\/infotrade.economia.gob.sv\/panama\/wp-json\/wp\/v2\/media?parent=126"}],"curies":[{"name":"wp","href":"https:\/\/api.w.org\/{rel}","templated":true}]}}