{"id":138,"date":"2023-08-16T08:01:48","date_gmt":"2023-08-16T14:01:48","guid":{"rendered":"http:\/\/infotrade.economia.gob.sv\/panama\/?page_id=138"},"modified":"2023-08-16T08:15:25","modified_gmt":"2023-08-16T14:15:25","slug":"decisiones","status":"publish","type":"page","link":"https:\/\/infotrade.economia.gob.sv\/panama\/administracion-del-acuerdo\/decisiones\/","title":{"rendered":"Decisiones"},"content":{"rendered":"\n<div class=\"wp-block-file\"><a href=\"http:\/\/infotrade.economia.gob.sv\/panama\/wp-content\/uploads\/sites\/10\/2023\/08\/Decision-No-1-Reglas-y-Procedimiento-de-la-Comision-Administradora-2.pdf\">Decisi\u00f3n No.1 Reglas y Procedimiento de la Comisi\u00f3n Administradora<\/a><a href=\"http:\/\/infotrade.economia.gob.sv\/panama\/wp-content\/uploads\/sites\/10\/2023\/08\/Decision-No-1-Reglas-y-Procedimiento-de-la-Comision-Administradora-2.pdf\" class=\"wp-block-file__button\" download>Descarga<\/a><\/div>\n\n\n\n<div class=\"wp-block-file\"><a href=\"http:\/\/infotrade.economia.gob.sv\/panama\/wp-content\/uploads\/sites\/10\/2023\/08\/Decision-No-2-Secretariado-integrado-por-las-Secciones-Nacionales-y-de-los-Centros-de-Informacion-2.pdf\">Decisi\u00f3n No.2 Secretariado integrado por las Secciones Nacionales y de los Centros de Informaci\u00f3n<\/a><a href=\"http:\/\/infotrade.economia.gob.sv\/panama\/wp-content\/uploads\/sites\/10\/2023\/08\/Decision-No-2-Secretariado-integrado-por-las-Secciones-Nacionales-y-de-los-Centros-de-Informacion-2.pdf\" class=\"wp-block-file__button\" download>Descarga<\/a><\/div>\n\n\n\n<div class=\"wp-block-file\"><a href=\"http:\/\/infotrade.economia.gob.sv\/panama\/wp-content\/uploads\/sites\/10\/2023\/08\/Decision-No-3-Reglas-Modelo-de-Procedimiento-y-Codigo-de-Conducta-2.pdf\">Decisi\u00f3n No.3 Reglas Modelo de Procedimiento y C\u00f3digo de Conducta<\/a><a href=\"http:\/\/infotrade.economia.gob.sv\/panama\/wp-content\/uploads\/sites\/10\/2023\/08\/Decision-No-3-Reglas-Modelo-de-Procedimiento-y-Codigo-de-Conducta-2.pdf\" class=\"wp-block-file__button\" download>Descarga<\/a><\/div>\n\n\n\n<div class=\"wp-block-file\"><a href=\"http:\/\/infotrade.economia.gob.sv\/panama\/wp-content\/uploads\/sites\/10\/2023\/08\/Decision-No-4-Adhesion-de-Guatemala-a-las-Reglamentaciones-Uniformes-para-la-Interpretacion-Aplicacion-y-Administracion-de-los-Capitulos-3-4-y-5-2.pdf\">Decisi\u00f3n No.4 Adhesi\u00f3n de Guatemala a las Reglamentaciones Uniformes para la Interpretaci\u00f3n, Aplicaci\u00f3n y Administraci\u00f3n de los Cap\u00edtulos 3, 4 y 5, 2<\/a><a href=\"http:\/\/infotrade.economia.gob.sv\/panama\/wp-content\/uploads\/sites\/10\/2023\/08\/Decision-No-4-Adhesion-de-Guatemala-a-las-Reglamentaciones-Uniformes-para-la-Interpretacion-Aplicacion-y-Administracion-de-los-Capitulos-3-4-y-5-2.pdf\" class=\"wp-block-file__button\" download>Descarga<\/a><\/div>\n\n\n\n<div class=\"wp-block-file\"><a href=\"http:\/\/infotrade.economia.gob.sv\/panama\/wp-content\/uploads\/sites\/10\/2023\/08\/Decision-No-5-Aprobacion-de-la-Directriz-Sanitaria-y-Fitosanitaria-para-Facilitar-el-Comercio-de-Envios-y-Mercancias-entre-Costa-Rica-y-Panama-2.pdf\">Decisi\u00f3n No.5 Aprobaci\u00f3n de la Directriz Sanitaria y Fitosanitaria para Facilitar el Comercio de Env\u00edos y Mercancias entre Costa Rica y Panam\u00e1<\/a><a href=\"http:\/\/infotrade.economia.gob.sv\/panama\/wp-content\/uploads\/sites\/10\/2023\/08\/Decision-No-5-Aprobacion-de-la-Directriz-Sanitaria-y-Fitosanitaria-para-Facilitar-el-Comercio-de-Envios-y-Mercancias-entre-Costa-Rica-y-Panama-2.pdf\" class=\"wp-block-file__button\" download>Descarga<\/a><\/div>\n\n\n\n<div class=\"wp-block-file\"><a href=\"http:\/\/infotrade.economia.gob.sv\/panama\/wp-content\/uploads\/sites\/10\/2023\/08\/Decision-No-6-Aprobacion-de-la-aceleracion-del-Programa-de-desgravacion-para-la-subpartida-1602-2.pdf\">Decisi\u00f3n No.6 Aprobaci\u00f3n de la aceleraci\u00f3n del Programa de desgravaci\u00f3n arancelaria para la subpartida 1602.50<\/a><a href=\"http:\/\/infotrade.economia.gob.sv\/panama\/wp-content\/uploads\/sites\/10\/2023\/08\/Decision-No-6-Aprobacion-de-la-aceleracion-del-Programa-de-desgravacion-para-la-subpartida-1602-2.pdf\" class=\"wp-block-file__button\" download>Descarga<\/a><\/div>\n\n\n\n<div class=\"wp-block-file\"><a href=\"http:\/\/infotrade.economia.gob.sv\/panama\/wp-content\/uploads\/sites\/10\/2023\/08\/Decision-No7-Aprobacion-de-las-Reglas-y-Procedimientos-del-Comite-de-Servicios-Financieros-2.pdf\">Decisi\u00f3n No.7 Aprobaci\u00f3n de las Reglas y Procedimientos del Comit\u00e9 de Servicios Financieros<\/a><a href=\"http:\/\/infotrade.economia.gob.sv\/panama\/wp-content\/uploads\/sites\/10\/2023\/08\/Decision-No7-Aprobacion-de-las-Reglas-y-Procedimientos-del-Comite-de-Servicios-Financieros-2.pdf\" class=\"wp-block-file__button\" download>Descarga<\/a><\/div>\n\n\n\n<p><\/p>\n","protected":false},"excerpt":{"rendered":"","protected":false},"author":22,"featured_media":0,"parent":13,"menu_order":0,"comment_status":"closed","ping_status":"closed","template":"page-treaty","meta":{"footnotes":""},"class_list":["post-138","page","type-page","status-publish","hentry"],"_links":{"self":[{"href":"https:\/\/infotrade.economia.gob.sv\/panama\/wp-json\/wp\/v2\/pages\/138","targetHints":{"allow":["GET"]}}],"collection":[{"href":"https:\/\/infotrade.economia.gob.sv\/panama\/wp-json\/wp\/v2\/pages"}],"about":[{"href":"https:\/\/infotrade.economia.gob.sv\/panama\/wp-json\/wp\/v2\/types\/page"}],"author":[{"embeddable":true,"href":"https:\/\/infotrade.economia.gob.sv\/panama\/wp-json\/wp\/v2\/users\/22"}],"replies":[{"embeddable":true,"href":"https:\/\/infotrade.economia.gob.sv\/panama\/wp-json\/wp\/v2\/comments?post=138"}],"version-history":[{"count":5,"href":"https:\/\/infotrade.economia.gob.sv\/panama\/wp-json\/wp\/v2\/pages\/138\/revisions"}],"predecessor-version":[{"id":166,"href":"https:\/\/infotrade.economia.gob.sv\/panama\/wp-json\/wp\/v2\/pages\/138\/revisions\/166"}],"up":[{"embeddable":true,"href":"https:\/\/infotrade.economia.gob.sv\/panama\/wp-json\/wp\/v2\/pages\/13"}],"wp:attachment":[{"href":"https:\/\/infotrade.economia.gob.sv\/panama\/wp-json\/wp\/v2\/media?parent=138"}],"curies":[{"name":"wp","href":"https:\/\/api.w.org\/{rel}","templated":true}]}}