{"id":15,"date":"2015-03-23T09:27:09","date_gmt":"2015-03-23T15:27:09","guid":{"rendered":"http:\/\/www.minec.gob.sv\/comercioexterior\/chile\/?page_id=14"},"modified":"2017-12-04T10:44:02","modified_gmt":"2017-12-04T16:44:02","slug":"marco-normativo","status":"publish","type":"page","link":"https:\/\/infotrade.economia.gob.sv\/panama\/","title":{"rendered":"Marco Normativo"},"content":{"rendered":"<p><strong>Fecha de suscripci\u00f3n:<\/strong> 06 de marzo de 2002.<\/p>\n<p><strong>Fecha de ratificaci\u00f3n:<\/strong> Decreto Legislativo No. 1013, de fecha 03 de octubre de 2002.<\/p>\n<p><strong>Fecha de entrada en vigencia:<\/strong> 11 de abril de 2003.<\/p>\n<ul>\n<li><strong><span style=\"color: #0000ff;\"><a href=\"\/panama\/wp-content\/uploads\/sites\/10\/2016\/09\/marco_normativo-preambulo.pdf\" target=\"_blank\" rel=\"noopener\"><span style=\"color: #0000ff;\">Pre\u00e1mbulo.<\/span><\/a><\/span><\/strong><\/li>\n<li><span style=\"color: #0000ff;\"><strong><a href=\"\/panama\/wp-content\/uploads\/sites\/10\/2016\/09\/marco_normativo-cap01.pdf\" target=\"_blank\" rel=\"noopener\"><span style=\"color: #0000ff;\">Cap\u00edtulo 1: <\/span><\/a><\/strong><a href=\"\/panama\/wp-content\/uploads\/sites\/10\/2016\/09\/marco_normativo-cap01.pdf\" target=\"_blank\" rel=\"noopener\"><span style=\"color: #0000ff;\">Disposiciones Iniciales.<\/span><\/a><\/span><\/li>\n<li><span style=\"color: #0000ff;\"><strong><a href=\"\/panama\/wp-content\/uploads\/sites\/10\/2016\/09\/marco_normativo-cap02.pdf\" target=\"_blank\" rel=\"noopener\"><span style=\"color: #0000ff;\">Cap\u00edtulo 2: <\/span><\/a><\/strong><a href=\"\/panama\/wp-content\/uploads\/sites\/10\/2016\/09\/marco_normativo-cap02.pdf\" target=\"_blank\" rel=\"noopener\"><span style=\"color: #0000ff;\">Definiciones Generales.<\/span><\/a> <\/span><\/li>\n<li><span style=\"color: #0000ff;\"><strong><a href=\"\/panama\/wp-content\/uploads\/sites\/10\/2016\/09\/marco_normativo-cap03.pdf\" target=\"_blank\" rel=\"noopener\"><span style=\"color: #0000ff;\">Cap\u00edtulo 3: <\/span><\/a><\/strong><a href=\"\/panama\/wp-content\/uploads\/sites\/10\/2016\/09\/marco_normativo-cap03.pdf\" target=\"_blank\" rel=\"noopener\"><span style=\"color: #0000ff;\">Trato Nacional y Acceso de Mercanc\u00edas al Mercado.<\/span><\/a><\/span>\n<ul>\n<li><strong><a href=\"\/panama\/wp-content\/uploads\/sites\/10\/2016\/09\/marco_normativo-programa_desgravacion_anexo_es.pdf\" target=\"_blank\" rel=\"noopener\"><span style=\"color: #0000ff;\">Anexo <\/span><\/a><\/strong><a href=\"\/panama\/wp-content\/uploads\/sites\/10\/2016\/09\/marco_normativo-programa_desgravacion_anexo_es.pdf\" target=\"_blank\" rel=\"noopener\"><span style=\"color: #0000ff;\">Negociado de El Salvador. Programa de Desgravaci\u00f3n.<\/span><\/a><\/li>\n<li><strong><a href=\"\/panama\/wp-content\/uploads\/sites\/10\/2016\/09\/marco_normativo-programa_desgravacion_anexo_pana.pdf\" target=\"_blank\" rel=\"noopener\"><span style=\"color: #0000ff;\">Anexo <\/span><\/a><\/strong><a href=\"\/panama\/wp-content\/uploads\/sites\/10\/2016\/09\/marco_normativo-programa_desgravacion_anexo_pana.pdf\" target=\"_blank\" rel=\"noopener\"><span style=\"color: #0000ff;\">Negociado de Panam\u00e1. Programa de Desgravaci\u00f3n<\/span><\/a><\/li>\n<\/ul>\n<\/li>\n<li><strong><span style=\"color: #0000ff;\"><a href=\"\/panama\/wp-content\/uploads\/sites\/10\/2016\/09\/marco_normativo-cap04.pdf\" target=\"_blank\" rel=\"noopener\"><span style=\"color: #0000ff;\">Cap\u00edtulo 4: <\/span><\/a><\/span><\/strong><span style=\"color: #0000ff;\"><a href=\"\/panama\/wp-content\/uploads\/sites\/10\/2016\/09\/marco_normativo-cap04.pdf\" target=\"_blank\" rel=\"noopener\"><span style=\"color: #0000ff;\">Reglas de Origen.<\/span><\/a><\/span><\/li>\n<li><strong><span style=\"color: #0000ff;\"><a href=\"\/panama\/wp-content\/uploads\/sites\/10\/2016\/09\/marco_normativo-cap05.pdf\" target=\"_blank\" rel=\"noopener\"><span style=\"color: #0000ff;\">Cap\u00edtulo 5: <\/span><\/a><\/span><\/strong><span style=\"color: #0000ff;\"><a href=\"\/panama\/wp-content\/uploads\/sites\/10\/2016\/09\/marco_normativo-cap05.pdf\" target=\"_blank\" rel=\"noopener\"><span style=\"color: #0000ff;\">Procedimientos Aduaneros.<\/span><\/a><\/span><\/li>\n<li><strong><span style=\"color: #0000ff;\"><a href=\"\/panama\/wp-content\/uploads\/sites\/10\/2016\/09\/marco_normativo-cap06.pdf\" target=\"_blank\" rel=\"noopener\"><span style=\"color: #0000ff;\">Cap\u00edtulo 6: <\/span><\/a><\/span><\/strong><span style=\"color: #0000ff;\"><a href=\"\/panama\/wp-content\/uploads\/sites\/10\/2016\/09\/marco_normativo-cap06.pdf\" target=\"_blank\" rel=\"noopener\"><span style=\"color: #0000ff;\">Medidas de Salvaguardia.<\/span><\/a><\/span><\/li>\n<li><strong><span style=\"color: #0000ff;\"><a href=\"\/panama\/wp-content\/uploads\/sites\/10\/2016\/09\/marco_normativo-cap07.pdf\" target=\"_blank\" rel=\"noopener\"><span style=\"color: #0000ff;\">Cap\u00edtulo 7: <\/span><\/a><\/span><\/strong><span style=\"color: #0000ff;\"><a href=\"\/panama\/wp-content\/uploads\/sites\/10\/2016\/09\/marco_normativo-cap07.pdf\" target=\"_blank\" rel=\"noopener\"><span style=\"color: #0000ff;\">Pr\u00e1cticas Desleales de Comercio.<\/span><\/a><\/span><\/li>\n<li><strong><span style=\"color: #0000ff;\"><a href=\"\/panama\/wp-content\/uploads\/sites\/10\/2016\/09\/marco_normativo-cap08.pdf\" target=\"_blank\" rel=\"noopener\"><span style=\"color: #0000ff;\">Cap\u00edtulo 8: <\/span><\/a><\/span><\/strong><span style=\"color: #0000ff;\"><a href=\"\/panama\/wp-content\/uploads\/sites\/10\/2016\/09\/marco_normativo-cap08.pdf\" target=\"_blank\" rel=\"noopener\"><span style=\"color: #0000ff;\">Medidas Sanitarias y Fitosanitarias.<\/span><\/a><\/span><\/li>\n<li><strong><span style=\"color: #0000ff;\"><a href=\"\/panama\/wp-content\/uploads\/sites\/10\/2016\/09\/marco_normativo-cap09.pdf\" target=\"_blank\" rel=\"noopener\"><span style=\"color: #0000ff;\">Cap\u00edtulo 9: <\/span><\/a><\/span><\/strong><span style=\"color: #0000ff;\"><a href=\"\/panama\/wp-content\/uploads\/sites\/10\/2016\/09\/marco_normativo-cap09.pdf\" target=\"_blank\" rel=\"noopener\"><span style=\"color: #0000ff;\">Medidas Sanitarias de Normalizaci\u00f3n, Metrolog\u00eda y Procedimientos de Autorizaci\u00f3n<\/span><\/a><\/span><strong><span style=\"color: #0000ff;\"><a href=\"\/panama\/wp-content\/uploads\/sites\/10\/2016\/09\/marco_normativo-cap09.pdf\" target=\"_blank\" rel=\"noopener\"><span style=\"color: #0000ff;\">.<\/span><\/a><\/span><\/strong><\/li>\n<li><strong><span style=\"color: #0000ff;\"><a href=\"\/panama\/wp-content\/uploads\/sites\/10\/2016\/09\/marco_normativo-cap10.pdf\" target=\"_blank\" rel=\"noopener\"><span style=\"color: #0000ff;\">Cap\u00edtulo 10: <\/span><\/a><\/span><\/strong><span style=\"color: #0000ff;\"><a href=\"\/panama\/wp-content\/uploads\/sites\/10\/2016\/09\/marco_normativo-cap10.pdf\" target=\"_blank\" rel=\"noopener\"><span style=\"color: #0000ff;\">Inversi\u00f3n.<\/span><\/a><\/span><\/li>\n<li><strong><span style=\"color: #0000ff;\"><a href=\"\/panama\/wp-content\/uploads\/sites\/10\/2016\/09\/marco_normativo-cap11.pdf\" target=\"_blank\" rel=\"noopener\"><span style=\"color: #0000ff;\">Cap\u00edtulo 11: <\/span><\/a><\/span><\/strong><span style=\"color: #0000ff;\"><a href=\"\/panama\/wp-content\/uploads\/sites\/10\/2016\/09\/marco_normativo-cap11.pdf\" target=\"_blank\" rel=\"noopener\"><span style=\"color: #0000ff;\">Comercio Transfronterizo de Servicios.<\/span><\/a><\/span><\/li>\n<li><strong><span style=\"color: #0000ff;\"><a href=\"\/panama\/wp-content\/uploads\/sites\/10\/2016\/09\/marco_normativo-cap12.pdf\" target=\"_blank\" rel=\"noopener\"><span style=\"color: #0000ff;\">Cap\u00edtulo 12: <\/span><\/a><\/span><\/strong><span style=\"color: #0000ff;\"><a href=\"\/panama\/wp-content\/uploads\/sites\/10\/2016\/09\/marco_normativo-cap12.pdf\" target=\"_blank\" rel=\"noopener\"><span style=\"color: #0000ff;\">Servicios Financieros.<\/span><\/a><\/span><\/li>\n<li><strong><span style=\"color: #0000ff;\"><a href=\"\/panama\/wp-content\/uploads\/sites\/10\/2016\/09\/marco_normativo-cap13.pdf\" target=\"_blank\" rel=\"noopener\"><span style=\"color: #0000ff;\">Cap\u00edtulo 13: <\/span><\/a><\/span><\/strong><span style=\"color: #0000ff;\"><a href=\"\/panama\/wp-content\/uploads\/sites\/10\/2016\/09\/marco_normativo-cap13.pdf\" target=\"_blank\" rel=\"noopener\"><span style=\"color: #0000ff;\">Telecomunicaciones.<\/span><\/a><\/span><\/li>\n<li><strong><span style=\"color: #0000ff;\"><a href=\"\/panama\/wp-content\/uploads\/sites\/10\/2016\/09\/marco_normativo-cap14.pdf\" target=\"_blank\" rel=\"noopener\"><span style=\"color: #0000ff;\">Cap\u00edtulo 14: <\/span><\/a><\/span><\/strong><span style=\"color: #0000ff;\"><a href=\"\/panama\/wp-content\/uploads\/sites\/10\/2016\/09\/marco_normativo-cap14.pdf\" target=\"_blank\" rel=\"noopener\"><span style=\"color: #0000ff;\">Entrada Temporal de Personas de Negocios.<\/span><\/a><\/span><\/li>\n<li><strong><span style=\"color: #0000ff;\"><a href=\"\/panama\/wp-content\/uploads\/sites\/10\/2016\/09\/marco_normativo-cap15.pdf\" target=\"_blank\" rel=\"noopener\"><span style=\"color: #0000ff;\">Cap\u00edtulo 15: <\/span><\/a><\/span><\/strong><span style=\"color: #0000ff;\"><a href=\"\/panama\/wp-content\/uploads\/sites\/10\/2016\/09\/marco_normativo-cap15.pdf\" target=\"_blank\" rel=\"noopener\"><span style=\"color: #0000ff;\">Pol\u00edtica en Materia de Competencia, Monopolios y Empresas del Estado.<\/span><\/a><\/span><\/li>\n<li><strong><span style=\"color: #0000ff;\"><a href=\"\/panama\/wp-content\/uploads\/sites\/10\/2016\/09\/marco_normativo-cap16.pdf\" target=\"_blank\" rel=\"noopener\"><span style=\"color: #0000ff;\">Cap\u00edtulo 16: <\/span><\/a><\/span><\/strong><span style=\"color: #0000ff;\"><a href=\"\/panama\/wp-content\/uploads\/sites\/10\/2016\/09\/marco_normativo-cap16.pdf\" target=\"_blank\" rel=\"noopener\"><span style=\"color: #0000ff;\">Contrataci\u00f3n P\u00fablica.<\/span><\/a><\/span><\/li>\n<li><strong><span style=\"color: #0000ff;\"><a href=\"\/panama\/wp-content\/uploads\/sites\/10\/2016\/09\/marco_normativo-cap17.pdf\" target=\"_blank\" rel=\"noopener\"><span style=\"color: #0000ff;\">Cap\u00edtulo 17: <\/span><\/a><\/span><\/strong><span style=\"color: #0000ff;\"><a href=\"\/panama\/wp-content\/uploads\/sites\/10\/2016\/09\/marco_normativo-cap17.pdf\" target=\"_blank\" rel=\"noopener\"><span style=\"color: #0000ff;\">Propiedad Intelectual.<\/span><\/a><\/span><\/li>\n<li><strong><span style=\"color: #0000ff;\"><a href=\"\/panama\/wp-content\/uploads\/sites\/10\/2016\/09\/marco_normativo-cap18.pdf\" target=\"_blank\" rel=\"noopener\"><span style=\"color: #0000ff;\">Cap\u00edtulo 18: <\/span><\/a><\/span><\/strong><span style=\"color: #0000ff;\"><a href=\"\/panama\/wp-content\/uploads\/sites\/10\/2016\/09\/marco_normativo-cap18.pdf\" target=\"_blank\" rel=\"noopener\"><span style=\"color: #0000ff;\">Transparencia.<\/span><\/a><\/span><\/li>\n<li><strong><span style=\"color: #0000ff;\"><a href=\"\/panama\/wp-content\/uploads\/sites\/10\/2016\/09\/marco_normativo-cap19.pdf\" target=\"_blank\" rel=\"noopener\"><span style=\"color: #0000ff;\">Cap\u00edtulo 19: <\/span><\/a><\/span><\/strong><span style=\"color: #0000ff;\"><a href=\"\/panama\/wp-content\/uploads\/sites\/10\/2016\/09\/marco_normativo-cap19.pdf\" target=\"_blank\" rel=\"noopener\"><span style=\"color: #0000ff;\">Administraci\u00f3n del Tratado.<\/span><\/a><\/span><\/li>\n<li><strong><span style=\"color: #0000ff;\"><a href=\"\/panama\/wp-content\/uploads\/sites\/10\/2016\/09\/marco_normativo-cap20.pdf\" target=\"_blank\" rel=\"noopener\"><span style=\"color: #0000ff;\">Cap\u00edtulo 20: <\/span><\/a><\/span><\/strong><span style=\"color: #0000ff;\"><a href=\"\/panama\/wp-content\/uploads\/sites\/10\/2016\/09\/marco_normativo-cap20.pdf\" target=\"_blank\" rel=\"noopener\"><span style=\"color: #0000ff;\">Soluci\u00f3n de Controversias.<\/span><\/a><\/span><\/li>\n<li><strong><span style=\"color: #0000ff;\"><a href=\"\/panama\/wp-content\/uploads\/sites\/10\/2016\/09\/marco_normativo-cap21.pdf\" target=\"_blank\" rel=\"noopener\"><span style=\"color: #0000ff;\">Cap\u00edtulo 21: <\/span><\/a><\/span><\/strong><span style=\"color: #0000ff;\"><a href=\"\/panama\/wp-content\/uploads\/sites\/10\/2016\/09\/marco_normativo-cap21.pdf\" target=\"_blank\" rel=\"noopener\"><span style=\"color: #0000ff;\">Excepciones<\/span><\/a><\/span><span style=\"color: #0000ff;\"><a href=\"\/panama\/wp-content\/uploads\/sites\/10\/2016\/09\/marco_normativo-cap21.pdf\" target=\"_blank\" rel=\"noopener\">.<\/a><\/span><\/li>\n<li><strong><span style=\"color: #0000ff;\"><a href=\"\/panama\/wp-content\/uploads\/sites\/10\/2016\/09\/marco_normativo-cap22.pdf\" target=\"_blank\" rel=\"noopener\"><span style=\"color: #0000ff;\">Cap\u00edtulo 22: <\/span><\/a><\/span><\/strong><span style=\"color: #0000ff;\"><a href=\"\/panama\/wp-content\/uploads\/sites\/10\/2016\/09\/marco_normativo-cap22.pdf\" target=\"_blank\" rel=\"noopener\"><span style=\"color: #0000ff;\">Disposiciones Finales.<\/span><\/a><\/span>\n<ul>\n<li><strong><span style=\"color: #0000ff;\"><a href=\"\/panama\/wp-content\/uploads\/sites\/10\/2016\/09\/marco_normativo-protocolo_bilateral_panama-es.pdf\" target=\"_blank\" rel=\"noopener\"><span style=\"color: #0000ff;\">Protocolo Bilateral entre Panam\u00e1 y El Salvador.<\/span><\/a><\/span><\/strong><\/li>\n<li><strong><span style=\"color: #0000ff;\"><a href=\"\/panama\/wp-content\/uploads\/sites\/10\/2016\/09\/marco_normativo-panama_reglamentaciones_uniformes.pdf\" target=\"_blank\" rel=\"noopener\"><span style=\"color: #0000ff;\">Reglamentaciones Uniformes para la Interpretaci\u00f3n, Aplicaci\u00f3n y Administraci\u00f3n de los Cap\u00edtulos 3, 4 y 5 de este Tratado de Libre Comercio.<\/span><\/a><\/span><\/strong><\/li>\n<\/ul>\n<\/li>\n<\/ul>\n","protected":false},"excerpt":{"rendered":"<p>Fecha de suscripci\u00f3n: 06 de marzo de 2002. Fecha de ratificaci\u00f3n: Decreto Legislativo No. 1013, de fecha 03 de octubre de 2002. Fecha de entrada en vigencia: 11 de abril de 2003. Pre\u00e1mbulo. Cap\u00edtulo 1: Disposiciones Iniciales. Cap\u00edtulo 2: Definiciones Generales. Cap\u00edtulo 3: Trato Nacional y Acceso de Mercanc\u00edas al Mercado. Anexo Negociado de El [&hellip;]<\/p>\n","protected":false},"author":10,"featured_media":0,"parent":0,"menu_order":0,"comment_status":"closed","ping_status":"open","template":"page-treaty","meta":{"footnotes":""},"class_list":["post-15","page","type-page","status-publish","hentry"],"_links":{"self":[{"href":"https:\/\/infotrade.economia.gob.sv\/panama\/wp-json\/wp\/v2\/pages\/15","targetHints":{"allow":["GET"]}}],"collection":[{"href":"https:\/\/infotrade.economia.gob.sv\/panama\/wp-json\/wp\/v2\/pages"}],"about":[{"href":"https:\/\/infotrade.economia.gob.sv\/panama\/wp-json\/wp\/v2\/types\/page"}],"author":[{"embeddable":true,"href":"https:\/\/infotrade.economia.gob.sv\/panama\/wp-json\/wp\/v2\/users\/10"}],"replies":[{"embeddable":true,"href":"https:\/\/infotrade.economia.gob.sv\/panama\/wp-json\/wp\/v2\/comments?post=15"}],"version-history":[{"count":9,"href":"https:\/\/infotrade.economia.gob.sv\/panama\/wp-json\/wp\/v2\/pages\/15\/revisions"}],"predecessor-version":[{"id":83,"href":"https:\/\/infotrade.economia.gob.sv\/panama\/wp-json\/wp\/v2\/pages\/15\/revisions\/83"}],"wp:attachment":[{"href":"https:\/\/infotrade.economia.gob.sv\/panama\/wp-json\/wp\/v2\/media?parent=15"}],"curies":[{"name":"wp","href":"https:\/\/api.w.org\/{rel}","templated":true}]}}